{"id":715,"date":"2023-11-09T15:30:03","date_gmt":"2023-11-09T14:30:03","guid":{"rendered":"https:\/\/tones-syslerier.no\/?post_type=product&#038;p=715"},"modified":"2024-12-11T09:42:12","modified_gmt":"2024-12-11T08:42:12","slug":"st1005-stickers-pensjonist-mann","status":"publish","type":"product","link":"https:\/\/tones-syslerier.no\/index.php\/produkt\/st1005-stickers-pensjonist-mann\/","title":{"rendered":"ST1005 Stickers Pensjonist Mann"},"content":{"rendered":"<p>Tekster og motiv p\u00e5 matt 200g kartong, selvklebende p\u00e5 brett. Syrefritt. Pensjonist, fantastisk, favoritt, gratulerer, lykke, kos, ung, endelig, flotteste<\/p>\n<p>St\u00f8rrelse: 140x240mm<\/p>\n<p>&nbsp;<\/p>\n<p><img loading=\"lazy\" decoding=\"async\" class=\"alignnone size-medium wp-image-716\" src=\"https:\/\/tones-syslerier.no\/wp-content\/uploads\/2023\/11\/st1005-300x300.webp\" alt=\"\" width=\"300\" height=\"300\" srcset=\"https:\/\/tones-syslerier.no\/wp-content\/uploads\/2023\/11\/st1005-300x300.webp 300w, https:\/\/tones-syslerier.no\/wp-content\/uploads\/2023\/11\/st1005-150x150.webp 150w, https:\/\/tones-syslerier.no\/wp-content\/uploads\/2023\/11\/st1005-768x768.webp 768w, https:\/\/tones-syslerier.no\/wp-content\/uploads\/2023\/11\/st1005-324x324.webp 324w, https:\/\/tones-syslerier.no\/wp-content\/uploads\/2023\/11\/st1005-416x416.webp 416w, https:\/\/tones-syslerier.no\/wp-content\/uploads\/2023\/11\/st1005-100x100.webp 100w, https:\/\/tones-syslerier.no\/wp-content\/uploads\/2023\/11\/st1005.webp 1000w\" sizes=\"auto, (max-width: 300px) 100vw, 300px\" \/><\/p>\n","protected":false},"excerpt":{"rendered":"<p>Tekster og motiv p\u00e5 matt 200g kartong, selvklebende p\u00e5 brett. Syrefritt. Pensjonist, fantastisk, favoritt, gratulerer, lykke, kos, ung, endelig, flotteste St\u00f8rrelse: 140x240mm &nbsp;<\/p>\n","protected":false},"featured_media":716,"comment_status":"open","ping_status":"closed","template":"","meta":[],"product_brand":[],"product_cat":[35],"product_tag":[],"class_list":{"0":"post-715","1":"product","2":"type-product","3":"status-publish","4":"has-post-thumbnail","6":"product_cat-stickers","8":"first","9":"instock","10":"taxable","11":"shipping-taxable","12":"purchasable","13":"product-type-simple"},"_links":{"self":[{"href":"https:\/\/tones-syslerier.no\/index.php\/wp-json\/wp\/v2\/product\/715","targetHints":{"allow":["GET"]}}],"collection":[{"href":"https:\/\/tones-syslerier.no\/index.php\/wp-json\/wp\/v2\/product"}],"about":[{"href":"https:\/\/tones-syslerier.no\/index.php\/wp-json\/wp\/v2\/types\/product"}],"replies":[{"embeddable":true,"href":"https:\/\/tones-syslerier.no\/index.php\/wp-json\/wp\/v2\/comments?post=715"}],"wp:featuredmedia":[{"embeddable":true,"href":"https:\/\/tones-syslerier.no\/index.php\/wp-json\/wp\/v2\/media\/716"}],"wp:attachment":[{"href":"https:\/\/tones-syslerier.no\/index.php\/wp-json\/wp\/v2\/media?parent=715"}],"wp:term":[{"taxonomy":"product_brand","embeddable":true,"href":"https:\/\/tones-syslerier.no\/index.php\/wp-json\/wp\/v2\/product_brand?post=715"},{"taxonomy":"product_cat","embeddable":true,"href":"https:\/\/tones-syslerier.no\/index.php\/wp-json\/wp\/v2\/product_cat?post=715"},{"taxonomy":"product_tag","embeddable":true,"href":"https:\/\/tones-syslerier.no\/index.php\/wp-json\/wp\/v2\/product_tag?post=715"}],"curies":[{"name":"wp","href":"https:\/\/api.w.org\/{rel}","templated":true}]}}