{"id":6367,"date":"2026-04-24T14:49:25","date_gmt":"2026-04-24T12:49:25","guid":{"rendered":"https:\/\/tones-syslerier.no\/?post_type=product&#038;p=6367"},"modified":"2026-04-29T13:26:33","modified_gmt":"2026-04-29T11:26:33","slug":"vaessen-creative-cutting-and-embossing-dies-by-carla-creates-bloom-6pcs","status":"publish","type":"product","link":"https:\/\/tones-syslerier.no\/index.php\/produkt\/vaessen-creative-cutting-and-embossing-dies-by-carla-creates-bloom-6pcs\/","title":{"rendered":"Vaessen Creative \u2022 Cutting and Embossing Dies by Carla Creates Bloom 6pcs"},"content":{"rendered":"<p>Stansform laget av h\u00f8ykvalitetsst\u00e5l<br \/>\nPasser til papir, kartong, metallfolie, filt og mer<br \/>\nFra Bloom &amp; Zoom-kolleksjonen<\/p>\n<p>Disse skj\u00e6resjablonene fra Vaessen Creative lar deg skj\u00e6re eller prege individuelle blomster og en blomstereng av forskjellige materialer som papir, kartong, metallfolie, filt, stoff, tynt l\u00e6r og mer ved hjelp av en skj\u00e6re- og pregemaskin. Disse skj\u00e6resjablonene fra Bloom &amp; Zoom-kolleksjonen er designet av illustrat\u00f8r Carla Creates, kjent for sine muntre tegninger, kort og portretter laget med blyant, blekk og maling. Det flotte med skj\u00e6resjabloner er at de gir deg vakre design uten at du trenger \u00e5 tegne og skj\u00e6re dem selv. Bruk skj\u00e6resjablonene til papirprosjekter som kortlaging, journalf\u00f8ring, scrapbooking eller blandede mediekunstverk.<\/p>\n<p>Dette settet inneholder 6 skj\u00e6resjabloner. M\u00e5lene er:<\/p>\n<p>2,5 x 1,2 cm<br \/>\n0,4 x 3,4 cm<br \/>\n0,4 x 1,2 cm<br \/>\n4,8 x 6,6 cm<br \/>\n5,2 x 6,2 cm<br \/>\n5,2 x 15,4 cm<br \/>\nVaessen Creative skj\u00e6resjabloner er kompatible med skj\u00e6remaskiner fra de fleste store merker. De er lette, men likevel slitesterke, og motstandsdyktige mot rust og b\u00f8ying. Dette gj\u00f8r dem ideelle for langvarig, gjentatt bruk.<\/p>\n<p>Artikkelkode CAR0301<br \/>\nStrekkode 8716052254415<br \/>\nMerke Vaessen Creative<br \/>\nEmballasjem\u00e5l 12 x 22 cm<br \/>\nProduktm\u00e5l 10 x 15,5 cm<br \/>\nVolumdeler 6<br \/>\nProdukttype Stansede skj\u00e6resjabloner<br \/>\nTema V\u00e5r<br \/>\nMateriale Metall<br \/>\nKolleksjon Bloom &amp; Zoom<br \/>\nM\u00f8nster Blomster<br \/>\nScrapbooking, Kortlaging<\/p>\n<p><img loading=\"lazy\" decoding=\"async\" class=\"alignnone size-medium wp-image-6368\" src=\"https:\/\/tones-syslerier.no\/wp-content\/uploads\/2026\/04\/car0301_01_7d40-300x300.webp\" alt=\"\" width=\"300\" height=\"300\" srcset=\"https:\/\/tones-syslerier.no\/wp-content\/uploads\/2026\/04\/car0301_01_7d40-300x300.webp 300w, https:\/\/tones-syslerier.no\/wp-content\/uploads\/2026\/04\/car0301_01_7d40-1024x1024.webp 1024w, https:\/\/tones-syslerier.no\/wp-content\/uploads\/2026\/04\/car0301_01_7d40-150x150.webp 150w, https:\/\/tones-syslerier.no\/wp-content\/uploads\/2026\/04\/car0301_01_7d40-768x768.webp 768w, https:\/\/tones-syslerier.no\/wp-content\/uploads\/2026\/04\/car0301_01_7d40-324x324.webp 324w, https:\/\/tones-syslerier.no\/wp-content\/uploads\/2026\/04\/car0301_01_7d40-416x416.webp 416w, https:\/\/tones-syslerier.no\/wp-content\/uploads\/2026\/04\/car0301_01_7d40-100x100.webp 100w, https:\/\/tones-syslerier.no\/wp-content\/uploads\/2026\/04\/car0301_01_7d40.webp 1200w\" sizes=\"auto, (max-width: 300px) 100vw, 300px\" \/><\/p>\n<p><img loading=\"lazy\" decoding=\"async\" class=\"alignnone size-medium wp-image-6369\" src=\"https:\/\/tones-syslerier.no\/wp-content\/uploads\/2026\/04\/car0301_02_1e4a-300x300.webp\" alt=\"\" width=\"300\" height=\"300\" srcset=\"https:\/\/tones-syslerier.no\/wp-content\/uploads\/2026\/04\/car0301_02_1e4a-300x300.webp 300w, https:\/\/tones-syslerier.no\/wp-content\/uploads\/2026\/04\/car0301_02_1e4a-1024x1024.webp 1024w, https:\/\/tones-syslerier.no\/wp-content\/uploads\/2026\/04\/car0301_02_1e4a-150x150.webp 150w, https:\/\/tones-syslerier.no\/wp-content\/uploads\/2026\/04\/car0301_02_1e4a-768x768.webp 768w, https:\/\/tones-syslerier.no\/wp-content\/uploads\/2026\/04\/car0301_02_1e4a-1536x1536.webp 1536w, https:\/\/tones-syslerier.no\/wp-content\/uploads\/2026\/04\/car0301_02_1e4a-324x324.webp 324w, https:\/\/tones-syslerier.no\/wp-content\/uploads\/2026\/04\/car0301_02_1e4a-416x416.webp 416w, https:\/\/tones-syslerier.no\/wp-content\/uploads\/2026\/04\/car0301_02_1e4a-100x100.webp 100w, https:\/\/tones-syslerier.no\/wp-content\/uploads\/2026\/04\/car0301_02_1e4a.webp 1600w\" sizes=\"auto, (max-width: 300px) 100vw, 300px\" \/><\/p>\n<p><img loading=\"lazy\" decoding=\"async\" class=\"alignnone size-medium wp-image-6370\" src=\"https:\/\/tones-syslerier.no\/wp-content\/uploads\/2026\/04\/car0301_03_fa9a-300x300.webp\" alt=\"\" width=\"300\" height=\"300\" srcset=\"https:\/\/tones-syslerier.no\/wp-content\/uploads\/2026\/04\/car0301_03_fa9a-300x300.webp 300w, https:\/\/tones-syslerier.no\/wp-content\/uploads\/2026\/04\/car0301_03_fa9a-1024x1024.webp 1024w, https:\/\/tones-syslerier.no\/wp-content\/uploads\/2026\/04\/car0301_03_fa9a-150x150.webp 150w, https:\/\/tones-syslerier.no\/wp-content\/uploads\/2026\/04\/car0301_03_fa9a-768x768.webp 768w, https:\/\/tones-syslerier.no\/wp-content\/uploads\/2026\/04\/car0301_03_fa9a-1536x1536.webp 1536w, https:\/\/tones-syslerier.no\/wp-content\/uploads\/2026\/04\/car0301_03_fa9a-324x324.webp 324w, https:\/\/tones-syslerier.no\/wp-content\/uploads\/2026\/04\/car0301_03_fa9a-416x416.webp 416w, https:\/\/tones-syslerier.no\/wp-content\/uploads\/2026\/04\/car0301_03_fa9a-100x100.webp 100w, https:\/\/tones-syslerier.no\/wp-content\/uploads\/2026\/04\/car0301_03_fa9a.webp 1600w\" sizes=\"auto, (max-width: 300px) 100vw, 300px\" \/><\/p>\n<p><img loading=\"lazy\" decoding=\"async\" class=\"alignnone size-medium wp-image-6371\" src=\"https:\/\/tones-syslerier.no\/wp-content\/uploads\/2026\/04\/car0301_04_409d-300x300.webp\" alt=\"\" width=\"300\" height=\"300\" srcset=\"https:\/\/tones-syslerier.no\/wp-content\/uploads\/2026\/04\/car0301_04_409d-300x300.webp 300w, https:\/\/tones-syslerier.no\/wp-content\/uploads\/2026\/04\/car0301_04_409d-1024x1024.webp 1024w, https:\/\/tones-syslerier.no\/wp-content\/uploads\/2026\/04\/car0301_04_409d-150x150.webp 150w, https:\/\/tones-syslerier.no\/wp-content\/uploads\/2026\/04\/car0301_04_409d-768x768.webp 768w, https:\/\/tones-syslerier.no\/wp-content\/uploads\/2026\/04\/car0301_04_409d-1536x1536.webp 1536w, https:\/\/tones-syslerier.no\/wp-content\/uploads\/2026\/04\/car0301_04_409d-324x324.webp 324w, https:\/\/tones-syslerier.no\/wp-content\/uploads\/2026\/04\/car0301_04_409d-416x416.webp 416w, https:\/\/tones-syslerier.no\/wp-content\/uploads\/2026\/04\/car0301_04_409d-100x100.webp 100w, https:\/\/tones-syslerier.no\/wp-content\/uploads\/2026\/04\/car0301_04_409d.webp 1600w\" sizes=\"auto, (max-width: 300px) 100vw, 300px\" \/><\/p>\n<p><img loading=\"lazy\" decoding=\"async\" class=\"alignnone size-medium wp-image-6372\" src=\"https:\/\/tones-syslerier.no\/wp-content\/uploads\/2026\/04\/car0301_05_e0dc-300x300.webp\" alt=\"\" width=\"300\" height=\"300\" srcset=\"https:\/\/tones-syslerier.no\/wp-content\/uploads\/2026\/04\/car0301_05_e0dc-300x300.webp 300w, https:\/\/tones-syslerier.no\/wp-content\/uploads\/2026\/04\/car0301_05_e0dc-1024x1024.webp 1024w, https:\/\/tones-syslerier.no\/wp-content\/uploads\/2026\/04\/car0301_05_e0dc-150x150.webp 150w, https:\/\/tones-syslerier.no\/wp-content\/uploads\/2026\/04\/car0301_05_e0dc-768x768.webp 768w, https:\/\/tones-syslerier.no\/wp-content\/uploads\/2026\/04\/car0301_05_e0dc-1536x1536.webp 1536w, https:\/\/tones-syslerier.no\/wp-content\/uploads\/2026\/04\/car0301_05_e0dc-324x324.webp 324w, https:\/\/tones-syslerier.no\/wp-content\/uploads\/2026\/04\/car0301_05_e0dc-416x416.webp 416w, https:\/\/tones-syslerier.no\/wp-content\/uploads\/2026\/04\/car0301_05_e0dc-100x100.webp 100w, https:\/\/tones-syslerier.no\/wp-content\/uploads\/2026\/04\/car0301_05_e0dc.webp 1600w\" sizes=\"auto, (max-width: 300px) 100vw, 300px\" \/><\/p>\n<p><img loading=\"lazy\" decoding=\"async\" class=\"alignnone size-medium wp-image-6373\" src=\"https:\/\/tones-syslerier.no\/wp-content\/uploads\/2026\/04\/car0301_06_0f8f-300x300.webp\" alt=\"\" width=\"300\" height=\"300\" srcset=\"https:\/\/tones-syslerier.no\/wp-content\/uploads\/2026\/04\/car0301_06_0f8f-300x300.webp 300w, https:\/\/tones-syslerier.no\/wp-content\/uploads\/2026\/04\/car0301_06_0f8f-1024x1024.webp 1024w, https:\/\/tones-syslerier.no\/wp-content\/uploads\/2026\/04\/car0301_06_0f8f-150x150.webp 150w, https:\/\/tones-syslerier.no\/wp-content\/uploads\/2026\/04\/car0301_06_0f8f-768x768.webp 768w, https:\/\/tones-syslerier.no\/wp-content\/uploads\/2026\/04\/car0301_06_0f8f-1536x1536.webp 1536w, https:\/\/tones-syslerier.no\/wp-content\/uploads\/2026\/04\/car0301_06_0f8f-324x324.webp 324w, https:\/\/tones-syslerier.no\/wp-content\/uploads\/2026\/04\/car0301_06_0f8f-416x416.webp 416w, https:\/\/tones-syslerier.no\/wp-content\/uploads\/2026\/04\/car0301_06_0f8f-100x100.webp 100w, https:\/\/tones-syslerier.no\/wp-content\/uploads\/2026\/04\/car0301_06_0f8f.webp 1600w\" sizes=\"auto, (max-width: 300px) 100vw, 300px\" \/><\/p>\n","protected":false},"excerpt":{"rendered":"<p>Stansform laget av h\u00f8ykvalitetsst\u00e5l Passer til papir, kartong, metallfolie, filt og mer Fra Bloom &amp; Zoom-kolleksjonen Disse skj\u00e6resjablonene fra Vaessen Creative lar deg skj\u00e6re eller prege individuelle blomster og en blomstereng av forskjellige materialer som papir, kartong, metallfolie, filt, stoff, tynt l\u00e6r og mer ved hjelp av en skj\u00e6re- og pregemaskin. Disse skj\u00e6resjablonene fra Bloom [&hellip;]<\/p>\n","protected":false},"featured_media":6368,"comment_status":"open","ping_status":"closed","template":"","meta":[],"product_brand":[],"product_cat":[175,239],"product_tag":[],"class_list":{"0":"post-6367","1":"product","2":"type-product","3":"status-publish","4":"has-post-thumbnail","6":"product_cat-dies","7":"product_cat-vaessen-dies","9":"first","10":"instock","11":"taxable","12":"shipping-taxable","13":"purchasable","14":"product-type-simple"},"_links":{"self":[{"href":"https:\/\/tones-syslerier.no\/index.php\/wp-json\/wp\/v2\/product\/6367","targetHints":{"allow":["GET"]}}],"collection":[{"href":"https:\/\/tones-syslerier.no\/index.php\/wp-json\/wp\/v2\/product"}],"about":[{"href":"https:\/\/tones-syslerier.no\/index.php\/wp-json\/wp\/v2\/types\/product"}],"replies":[{"embeddable":true,"href":"https:\/\/tones-syslerier.no\/index.php\/wp-json\/wp\/v2\/comments?post=6367"}],"wp:featuredmedia":[{"embeddable":true,"href":"https:\/\/tones-syslerier.no\/index.php\/wp-json\/wp\/v2\/media\/6368"}],"wp:attachment":[{"href":"https:\/\/tones-syslerier.no\/index.php\/wp-json\/wp\/v2\/media?parent=6367"}],"wp:term":[{"taxonomy":"product_brand","embeddable":true,"href":"https:\/\/tones-syslerier.no\/index.php\/wp-json\/wp\/v2\/product_brand?post=6367"},{"taxonomy":"product_cat","embeddable":true,"href":"https:\/\/tones-syslerier.no\/index.php\/wp-json\/wp\/v2\/product_cat?post=6367"},{"taxonomy":"product_tag","embeddable":true,"href":"https:\/\/tones-syslerier.no\/index.php\/wp-json\/wp\/v2\/product_tag?post=6367"}],"curies":[{"name":"wp","href":"https:\/\/api.w.org\/{rel}","templated":true}]}}