{"id":6358,"date":"2026-04-24T14:28:52","date_gmt":"2026-04-24T12:28:52","guid":{"rendered":"https:\/\/tones-syslerier.no\/?post_type=product&#038;p=6358"},"modified":"2026-05-02T12:20:48","modified_gmt":"2026-05-02T10:20:48","slug":"studio-light-jenines-mindful-art-hot-foil-cutting-die-sending-you-love-romantic-frame","status":"publish","type":"product","link":"https:\/\/tones-syslerier.no\/index.php\/produkt\/studio-light-jenines-mindful-art-hot-foil-cutting-die-sending-you-love-romantic-frame\/","title":{"rendered":"Studio Light \u2022 Jenine&#8217;s Mindful Art Hot Foil Cutting Die Sending You Love Romantic Frame"},"content":{"rendered":"<p>Jenine&#8217;s Mindful Art Collection Hot Foil Cutting Die Romantic frame Sending You Love 103 x 146 x 1 mm 4 pieces nr.14<\/p>\n<p>Artikkelkode JMA-SYL-HFCD14<br \/>\nStrekkode 8713943158623<br \/>\nMerke Studio Light<br \/>\nProduktm\u00e5l 103x146x1mm<br \/>\nVolumdeler 4<br \/>\nProdukttype Stansede skj\u00e6resjabloner<br \/>\nTema Bryllup, Kj\u00e6rlighet, Morsdag, Valentinsdag<br \/>\nM\u00f8nsterrammer, Hjerter, Tekster<br \/>\nScrapbooking<\/p>\n<p>&nbsp;<\/p>\n<p><img loading=\"lazy\" decoding=\"async\" class=\"alignnone size-medium wp-image-6359\" src=\"https:\/\/tones-syslerier.no\/wp-content\/uploads\/2026\/04\/jma_syl_hfcd14_01_8bf8-300x300.webp\" alt=\"\" width=\"300\" height=\"300\" srcset=\"https:\/\/tones-syslerier.no\/wp-content\/uploads\/2026\/04\/jma_syl_hfcd14_01_8bf8-300x300.webp 300w, https:\/\/tones-syslerier.no\/wp-content\/uploads\/2026\/04\/jma_syl_hfcd14_01_8bf8-1024x1024.webp 1024w, https:\/\/tones-syslerier.no\/wp-content\/uploads\/2026\/04\/jma_syl_hfcd14_01_8bf8-150x150.webp 150w, https:\/\/tones-syslerier.no\/wp-content\/uploads\/2026\/04\/jma_syl_hfcd14_01_8bf8-768x768.webp 768w, https:\/\/tones-syslerier.no\/wp-content\/uploads\/2026\/04\/jma_syl_hfcd14_01_8bf8-324x324.webp 324w, https:\/\/tones-syslerier.no\/wp-content\/uploads\/2026\/04\/jma_syl_hfcd14_01_8bf8-416x416.webp 416w, https:\/\/tones-syslerier.no\/wp-content\/uploads\/2026\/04\/jma_syl_hfcd14_01_8bf8-100x100.webp 100w, https:\/\/tones-syslerier.no\/wp-content\/uploads\/2026\/04\/jma_syl_hfcd14_01_8bf8.webp 1200w\" sizes=\"auto, (max-width: 300px) 100vw, 300px\" \/><\/p>\n<p>&nbsp;<\/p>\n<p><img loading=\"lazy\" decoding=\"async\" class=\"alignnone size-medium wp-image-6360\" src=\"https:\/\/tones-syslerier.no\/wp-content\/uploads\/2026\/04\/jma_syl_hfcd14_02_d699-300x300.webp\" alt=\"\" width=\"300\" height=\"300\" srcset=\"https:\/\/tones-syslerier.no\/wp-content\/uploads\/2026\/04\/jma_syl_hfcd14_02_d699-300x300.webp 300w, https:\/\/tones-syslerier.no\/wp-content\/uploads\/2026\/04\/jma_syl_hfcd14_02_d699-1024x1024.webp 1024w, https:\/\/tones-syslerier.no\/wp-content\/uploads\/2026\/04\/jma_syl_hfcd14_02_d699-150x150.webp 150w, https:\/\/tones-syslerier.no\/wp-content\/uploads\/2026\/04\/jma_syl_hfcd14_02_d699-768x768.webp 768w, https:\/\/tones-syslerier.no\/wp-content\/uploads\/2026\/04\/jma_syl_hfcd14_02_d699-1536x1536.webp 1536w, https:\/\/tones-syslerier.no\/wp-content\/uploads\/2026\/04\/jma_syl_hfcd14_02_d699-324x324.webp 324w, https:\/\/tones-syslerier.no\/wp-content\/uploads\/2026\/04\/jma_syl_hfcd14_02_d699-416x416.webp 416w, https:\/\/tones-syslerier.no\/wp-content\/uploads\/2026\/04\/jma_syl_hfcd14_02_d699-100x100.webp 100w, https:\/\/tones-syslerier.no\/wp-content\/uploads\/2026\/04\/jma_syl_hfcd14_02_d699.webp 1600w\" sizes=\"auto, (max-width: 300px) 100vw, 300px\" \/><\/p>\n","protected":false},"excerpt":{"rendered":"<p>Jenine&#8217;s Mindful Art Collection Hot Foil Cutting Die Romantic frame Sending You Love 103 x 146 x 1 mm 4 pieces nr.14 Artikkelkode JMA-SYL-HFCD14 Strekkode 8713943158623 Merke Studio Light Produktm\u00e5l 103x146x1mm Volumdeler 4 Produkttype Stansede skj\u00e6resjabloner Tema Bryllup, Kj\u00e6rlighet, Morsdag, Valentinsdag M\u00f8nsterrammer, Hjerter, Tekster Scrapbooking &nbsp; &nbsp;<\/p>\n","protected":false},"featured_media":6359,"comment_status":"open","ping_status":"closed","template":"","meta":[],"product_brand":[],"product_cat":[175,91],"product_tag":[],"class_list":{"0":"post-6358","1":"product","2":"type-product","3":"status-publish","4":"has-post-thumbnail","6":"product_cat-dies","7":"product_cat-studio-light-dies","9":"first","10":"instock","11":"taxable","12":"shipping-taxable","13":"purchasable","14":"product-type-simple"},"_links":{"self":[{"href":"https:\/\/tones-syslerier.no\/index.php\/wp-json\/wp\/v2\/product\/6358","targetHints":{"allow":["GET"]}}],"collection":[{"href":"https:\/\/tones-syslerier.no\/index.php\/wp-json\/wp\/v2\/product"}],"about":[{"href":"https:\/\/tones-syslerier.no\/index.php\/wp-json\/wp\/v2\/types\/product"}],"replies":[{"embeddable":true,"href":"https:\/\/tones-syslerier.no\/index.php\/wp-json\/wp\/v2\/comments?post=6358"}],"wp:featuredmedia":[{"embeddable":true,"href":"https:\/\/tones-syslerier.no\/index.php\/wp-json\/wp\/v2\/media\/6359"}],"wp:attachment":[{"href":"https:\/\/tones-syslerier.no\/index.php\/wp-json\/wp\/v2\/media?parent=6358"}],"wp:term":[{"taxonomy":"product_brand","embeddable":true,"href":"https:\/\/tones-syslerier.no\/index.php\/wp-json\/wp\/v2\/product_brand?post=6358"},{"taxonomy":"product_cat","embeddable":true,"href":"https:\/\/tones-syslerier.no\/index.php\/wp-json\/wp\/v2\/product_cat?post=6358"},{"taxonomy":"product_tag","embeddable":true,"href":"https:\/\/tones-syslerier.no\/index.php\/wp-json\/wp\/v2\/product_tag?post=6358"}],"curies":[{"name":"wp","href":"https:\/\/api.w.org\/{rel}","templated":true}]}}