{"id":6345,"date":"2026-04-23T11:55:21","date_gmt":"2026-04-23T09:55:21","guid":{"rendered":"https:\/\/tones-syslerier.no\/?post_type=product&#038;p=6345"},"modified":"2026-04-23T11:55:22","modified_gmt":"2026-04-23T09:55:22","slug":"creative-craftlab-essentials-cutting-die-nested-circles-hearts","status":"publish","type":"product","link":"https:\/\/tones-syslerier.no\/index.php\/produkt\/creative-craftlab-essentials-cutting-die-nested-circles-hearts\/","title":{"rendered":"Creative Craftlab \u2022 Essentials Cutting Die Nested Circles Hearts"},"content":{"rendered":"<p>Laget av metall<br \/>\nPasser til alle stansemaskiner<br \/>\nF\u00e5s i mange former og st\u00f8rrelser<\/p>\n<p>Artikkelkode CCL-ES-CD1007<br \/>\nStrekkode 8713943160275<br \/>\nMerke Creative Craftlab<br \/>\nProduktm\u00e5l 14,2 x 14,2 x 0,1 cm<br \/>\nVolum 8 stk<br \/>\nProdukttype Stansemaljer<br \/>\nMateriale Metall<br \/>\nM\u00f8nster Sirkler, Hjerter<br \/>\nScrapbooking<\/p>\n<p><img loading=\"lazy\" decoding=\"async\" class=\"alignnone size-medium wp-image-6346\" src=\"https:\/\/tones-syslerier.no\/wp-content\/uploads\/2026\/04\/ccl_es_cd1007_01_f63b-1-300x300.webp\" alt=\"\" width=\"300\" height=\"300\" srcset=\"https:\/\/tones-syslerier.no\/wp-content\/uploads\/2026\/04\/ccl_es_cd1007_01_f63b-1-300x300.webp 300w, https:\/\/tones-syslerier.no\/wp-content\/uploads\/2026\/04\/ccl_es_cd1007_01_f63b-1-1024x1024.webp 1024w, https:\/\/tones-syslerier.no\/wp-content\/uploads\/2026\/04\/ccl_es_cd1007_01_f63b-1-150x150.webp 150w, https:\/\/tones-syslerier.no\/wp-content\/uploads\/2026\/04\/ccl_es_cd1007_01_f63b-1-768x768.webp 768w, https:\/\/tones-syslerier.no\/wp-content\/uploads\/2026\/04\/ccl_es_cd1007_01_f63b-1-1536x1536.webp 1536w, https:\/\/tones-syslerier.no\/wp-content\/uploads\/2026\/04\/ccl_es_cd1007_01_f63b-1-324x324.webp 324w, https:\/\/tones-syslerier.no\/wp-content\/uploads\/2026\/04\/ccl_es_cd1007_01_f63b-1-416x416.webp 416w, https:\/\/tones-syslerier.no\/wp-content\/uploads\/2026\/04\/ccl_es_cd1007_01_f63b-1-100x100.webp 100w, https:\/\/tones-syslerier.no\/wp-content\/uploads\/2026\/04\/ccl_es_cd1007_01_f63b-1.webp 1600w\" sizes=\"auto, (max-width: 300px) 100vw, 300px\" \/><\/p>\n<p>&nbsp;<\/p>\n<p><img loading=\"lazy\" decoding=\"async\" class=\"alignnone size-medium wp-image-6347\" src=\"https:\/\/tones-syslerier.no\/wp-content\/uploads\/2026\/04\/ccl_es_cd1007_02_1233-1-300x300.webp\" alt=\"\" width=\"300\" height=\"300\" srcset=\"https:\/\/tones-syslerier.no\/wp-content\/uploads\/2026\/04\/ccl_es_cd1007_02_1233-1-300x300.webp 300w, https:\/\/tones-syslerier.no\/wp-content\/uploads\/2026\/04\/ccl_es_cd1007_02_1233-1-1024x1024.webp 1024w, https:\/\/tones-syslerier.no\/wp-content\/uploads\/2026\/04\/ccl_es_cd1007_02_1233-1-150x150.webp 150w, https:\/\/tones-syslerier.no\/wp-content\/uploads\/2026\/04\/ccl_es_cd1007_02_1233-1-768x768.webp 768w, https:\/\/tones-syslerier.no\/wp-content\/uploads\/2026\/04\/ccl_es_cd1007_02_1233-1-1536x1536.webp 1536w, https:\/\/tones-syslerier.no\/wp-content\/uploads\/2026\/04\/ccl_es_cd1007_02_1233-1-324x324.webp 324w, https:\/\/tones-syslerier.no\/wp-content\/uploads\/2026\/04\/ccl_es_cd1007_02_1233-1-416x416.webp 416w, https:\/\/tones-syslerier.no\/wp-content\/uploads\/2026\/04\/ccl_es_cd1007_02_1233-1-100x100.webp 100w, https:\/\/tones-syslerier.no\/wp-content\/uploads\/2026\/04\/ccl_es_cd1007_02_1233-1.webp 1600w\" sizes=\"auto, (max-width: 300px) 100vw, 300px\" \/><\/p>\n","protected":false},"excerpt":{"rendered":"<p>Laget av metall Passer til alle stansemaskiner F\u00e5s i mange former og st\u00f8rrelser Artikkelkode CCL-ES-CD1007 Strekkode 8713943160275 Merke Creative Craftlab Produktm\u00e5l 14,2 x 14,2 x 0,1 cm Volum 8 stk Produkttype Stansemaljer Materiale Metall M\u00f8nster Sirkler, Hjerter Scrapbooking &nbsp;<\/p>\n","protected":false},"featured_media":6346,"comment_status":"open","ping_status":"closed","template":"","meta":[],"product_brand":[],"product_cat":[233,175],"product_tag":[],"class_list":{"0":"post-6345","1":"product","2":"type-product","3":"status-publish","4":"has-post-thumbnail","6":"product_cat-creative-craft-lab","7":"product_cat-dies","9":"first","10":"instock","11":"taxable","12":"shipping-taxable","13":"purchasable","14":"product-type-simple"},"_links":{"self":[{"href":"https:\/\/tones-syslerier.no\/index.php\/wp-json\/wp\/v2\/product\/6345","targetHints":{"allow":["GET"]}}],"collection":[{"href":"https:\/\/tones-syslerier.no\/index.php\/wp-json\/wp\/v2\/product"}],"about":[{"href":"https:\/\/tones-syslerier.no\/index.php\/wp-json\/wp\/v2\/types\/product"}],"replies":[{"embeddable":true,"href":"https:\/\/tones-syslerier.no\/index.php\/wp-json\/wp\/v2\/comments?post=6345"}],"wp:featuredmedia":[{"embeddable":true,"href":"https:\/\/tones-syslerier.no\/index.php\/wp-json\/wp\/v2\/media\/6346"}],"wp:attachment":[{"href":"https:\/\/tones-syslerier.no\/index.php\/wp-json\/wp\/v2\/media?parent=6345"}],"wp:term":[{"taxonomy":"product_brand","embeddable":true,"href":"https:\/\/tones-syslerier.no\/index.php\/wp-json\/wp\/v2\/product_brand?post=6345"},{"taxonomy":"product_cat","embeddable":true,"href":"https:\/\/tones-syslerier.no\/index.php\/wp-json\/wp\/v2\/product_cat?post=6345"},{"taxonomy":"product_tag","embeddable":true,"href":"https:\/\/tones-syslerier.no\/index.php\/wp-json\/wp\/v2\/product_tag?post=6345"}],"curies":[{"name":"wp","href":"https:\/\/api.w.org\/{rel}","templated":true}]}}