{"id":6342,"date":"2026-04-23T11:33:59","date_gmt":"2026-04-23T09:33:59","guid":{"rendered":"https:\/\/tones-syslerier.no\/?post_type=product&#038;p=6342"},"modified":"2026-04-23T11:33:59","modified_gmt":"2026-04-23T09:33:59","slug":"studio-light-essentials-cutting-die-classic-accolade","status":"publish","type":"product","link":"https:\/\/tones-syslerier.no\/index.php\/produkt\/studio-light-essentials-cutting-die-classic-accolade\/","title":{"rendered":"Studio Light \u2022 Essentials Cutting Die Classic Accolade"},"content":{"rendered":"<p>Laget av metall<br \/>\nPasser til alle stansemaskiner<br \/>\nF\u00e5s i mange former og st\u00f8rrelser<\/p>\n<p>Artikkelkode SL-ES-CD971<br \/>\nStrekkode 8713943158906<br \/>\nMerke Studio Light<br \/>\nProduktm\u00e5l 135x135x1mm<br \/>\nVolumdeler 6<br \/>\nProdukttype Stansede skj\u00e6reblader<br \/>\nM\u00f8nster Sirkler, Ramme<br \/>\nScrapbooking<\/p>\n<p><img loading=\"lazy\" decoding=\"async\" class=\"alignnone size-medium wp-image-6343\" src=\"https:\/\/tones-syslerier.no\/wp-content\/uploads\/2026\/04\/sl_es_cd971_01_b453-300x300.webp\" alt=\"\" width=\"300\" height=\"300\" srcset=\"https:\/\/tones-syslerier.no\/wp-content\/uploads\/2026\/04\/sl_es_cd971_01_b453-300x300.webp 300w, https:\/\/tones-syslerier.no\/wp-content\/uploads\/2026\/04\/sl_es_cd971_01_b453-1024x1024.webp 1024w, https:\/\/tones-syslerier.no\/wp-content\/uploads\/2026\/04\/sl_es_cd971_01_b453-150x150.webp 150w, https:\/\/tones-syslerier.no\/wp-content\/uploads\/2026\/04\/sl_es_cd971_01_b453-768x768.webp 768w, https:\/\/tones-syslerier.no\/wp-content\/uploads\/2026\/04\/sl_es_cd971_01_b453-324x324.webp 324w, https:\/\/tones-syslerier.no\/wp-content\/uploads\/2026\/04\/sl_es_cd971_01_b453-416x416.webp 416w, https:\/\/tones-syslerier.no\/wp-content\/uploads\/2026\/04\/sl_es_cd971_01_b453-100x100.webp 100w, https:\/\/tones-syslerier.no\/wp-content\/uploads\/2026\/04\/sl_es_cd971_01_b453.webp 1200w\" sizes=\"auto, (max-width: 300px) 100vw, 300px\" \/><\/p>\n<p><img loading=\"lazy\" decoding=\"async\" class=\"alignnone size-medium wp-image-6344\" src=\"https:\/\/tones-syslerier.no\/wp-content\/uploads\/2026\/04\/sl_es_cd971_02_3060-300x300.webp\" alt=\"\" width=\"300\" height=\"300\" srcset=\"https:\/\/tones-syslerier.no\/wp-content\/uploads\/2026\/04\/sl_es_cd971_02_3060-300x300.webp 300w, https:\/\/tones-syslerier.no\/wp-content\/uploads\/2026\/04\/sl_es_cd971_02_3060-1024x1024.webp 1024w, https:\/\/tones-syslerier.no\/wp-content\/uploads\/2026\/04\/sl_es_cd971_02_3060-150x150.webp 150w, https:\/\/tones-syslerier.no\/wp-content\/uploads\/2026\/04\/sl_es_cd971_02_3060-768x768.webp 768w, https:\/\/tones-syslerier.no\/wp-content\/uploads\/2026\/04\/sl_es_cd971_02_3060-1536x1536.webp 1536w, https:\/\/tones-syslerier.no\/wp-content\/uploads\/2026\/04\/sl_es_cd971_02_3060-324x324.webp 324w, https:\/\/tones-syslerier.no\/wp-content\/uploads\/2026\/04\/sl_es_cd971_02_3060-416x416.webp 416w, https:\/\/tones-syslerier.no\/wp-content\/uploads\/2026\/04\/sl_es_cd971_02_3060-100x100.webp 100w, https:\/\/tones-syslerier.no\/wp-content\/uploads\/2026\/04\/sl_es_cd971_02_3060.webp 1600w\" sizes=\"auto, (max-width: 300px) 100vw, 300px\" \/><\/p>\n","protected":false},"excerpt":{"rendered":"<p>Laget av metall Passer til alle stansemaskiner F\u00e5s i mange former og st\u00f8rrelser Artikkelkode SL-ES-CD971 Strekkode 8713943158906 Merke Studio Light Produktm\u00e5l 135x135x1mm Volumdeler 6 Produkttype Stansede skj\u00e6reblader M\u00f8nster Sirkler, Ramme Scrapbooking<\/p>\n","protected":false},"featured_media":6343,"comment_status":"open","ping_status":"closed","template":"","meta":[],"product_brand":[],"product_cat":[175,91],"product_tag":[],"class_list":{"0":"post-6342","1":"product","2":"type-product","3":"status-publish","4":"has-post-thumbnail","6":"product_cat-dies","7":"product_cat-studio-light-dies","9":"first","10":"instock","11":"taxable","12":"shipping-taxable","13":"purchasable","14":"product-type-simple"},"_links":{"self":[{"href":"https:\/\/tones-syslerier.no\/index.php\/wp-json\/wp\/v2\/product\/6342","targetHints":{"allow":["GET"]}}],"collection":[{"href":"https:\/\/tones-syslerier.no\/index.php\/wp-json\/wp\/v2\/product"}],"about":[{"href":"https:\/\/tones-syslerier.no\/index.php\/wp-json\/wp\/v2\/types\/product"}],"replies":[{"embeddable":true,"href":"https:\/\/tones-syslerier.no\/index.php\/wp-json\/wp\/v2\/comments?post=6342"}],"wp:featuredmedia":[{"embeddable":true,"href":"https:\/\/tones-syslerier.no\/index.php\/wp-json\/wp\/v2\/media\/6343"}],"wp:attachment":[{"href":"https:\/\/tones-syslerier.no\/index.php\/wp-json\/wp\/v2\/media?parent=6342"}],"wp:term":[{"taxonomy":"product_brand","embeddable":true,"href":"https:\/\/tones-syslerier.no\/index.php\/wp-json\/wp\/v2\/product_brand?post=6342"},{"taxonomy":"product_cat","embeddable":true,"href":"https:\/\/tones-syslerier.no\/index.php\/wp-json\/wp\/v2\/product_cat?post=6342"},{"taxonomy":"product_tag","embeddable":true,"href":"https:\/\/tones-syslerier.no\/index.php\/wp-json\/wp\/v2\/product_tag?post=6342"}],"curies":[{"name":"wp","href":"https:\/\/api.w.org\/{rel}","templated":true}]}}