{"id":6113,"date":"2026-03-18T14:13:54","date_gmt":"2026-03-18T13:13:54","guid":{"rendered":"https:\/\/tones-syslerier.no\/?post_type=product&#038;p=6113"},"modified":"2026-04-07T15:09:23","modified_gmt":"2026-04-07T13:09:23","slug":"tubegarn-4mm-sort","status":"publish","type":"product","link":"https:\/\/tones-syslerier.no\/index.php\/produkt\/tubegarn-4mm-sort\/","title":{"rendered":"Tubegarn 4mm Sort"},"content":{"rendered":"<p>Tubegarn i myk bomullstube. og med kjerne av nylon.<\/p>\n<p>Passer til \u00e5 hekle\/strikke interi\u00f8r som puter, kurver og matter osv.<\/p>\n<p>Kan vaskes p\u00e5 30 grader. Ikke stryk eller t\u00f8rketrommel.<\/p>\n<p>T\u00f8rkes flatt.<\/p>\n<p>68% bomull 32% nylon<\/p>\n<p>Tykkelse: 4mm. Vekt: 100g Lengde: 60m Pinnestr: 5mm Strikkefasthet: 13m = 10cm<\/p>\n<p>&nbsp;<\/p>\n<p><img loading=\"lazy\" decoding=\"async\" class=\"alignnone size-medium wp-image-6114\" src=\"https:\/\/tones-syslerier.no\/wp-content\/uploads\/2026\/03\/tb134-300x300.webp\" alt=\"\" width=\"300\" height=\"300\" srcset=\"https:\/\/tones-syslerier.no\/wp-content\/uploads\/2026\/03\/tb134-300x300.webp 300w, https:\/\/tones-syslerier.no\/wp-content\/uploads\/2026\/03\/tb134-150x150.webp 150w, https:\/\/tones-syslerier.no\/wp-content\/uploads\/2026\/03\/tb134-768x768.webp 768w, https:\/\/tones-syslerier.no\/wp-content\/uploads\/2026\/03\/tb134-324x324.webp 324w, https:\/\/tones-syslerier.no\/wp-content\/uploads\/2026\/03\/tb134-416x416.webp 416w, https:\/\/tones-syslerier.no\/wp-content\/uploads\/2026\/03\/tb134-100x100.webp 100w, https:\/\/tones-syslerier.no\/wp-content\/uploads\/2026\/03\/tb134.webp 1000w\" sizes=\"auto, (max-width: 300px) 100vw, 300px\" \/><\/p>\n<p>&nbsp;<\/p>\n<p><img loading=\"lazy\" decoding=\"async\" class=\"alignnone size-medium wp-image-6115\" src=\"https:\/\/tones-syslerier.no\/wp-content\/uploads\/2026\/03\/tb134_1-300x300.webp\" alt=\"\" width=\"300\" height=\"300\" srcset=\"https:\/\/tones-syslerier.no\/wp-content\/uploads\/2026\/03\/tb134_1-300x300.webp 300w, https:\/\/tones-syslerier.no\/wp-content\/uploads\/2026\/03\/tb134_1-150x150.webp 150w, https:\/\/tones-syslerier.no\/wp-content\/uploads\/2026\/03\/tb134_1-768x768.webp 768w, https:\/\/tones-syslerier.no\/wp-content\/uploads\/2026\/03\/tb134_1-324x324.webp 324w, https:\/\/tones-syslerier.no\/wp-content\/uploads\/2026\/03\/tb134_1-416x416.webp 416w, https:\/\/tones-syslerier.no\/wp-content\/uploads\/2026\/03\/tb134_1-100x100.webp 100w, https:\/\/tones-syslerier.no\/wp-content\/uploads\/2026\/03\/tb134_1.webp 1000w\" sizes=\"auto, (max-width: 300px) 100vw, 300px\" \/><\/p>\n<p>&nbsp;<\/p>\n<p>&nbsp;<\/p>\n<p>&nbsp;<\/p>\n<p>&nbsp;<\/p>\n<p>&nbsp;<\/p>\n<p>&nbsp;<\/p>\n<p>&nbsp;<\/p>\n<p>&nbsp;<\/p>\n","protected":false},"excerpt":{"rendered":"<p>Tubegarn i myk bomullstube. og med kjerne av nylon. Passer til \u00e5 hekle\/strikke interi\u00f8r som puter, kurver og matter osv. Kan vaskes p\u00e5 30 grader. Ikke stryk eller t\u00f8rketrommel. T\u00f8rkes flatt. 68% bomull 32% nylon Tykkelse: 4mm. Vekt: 100g Lengde: 60m Pinnestr: 5mm Strikkefasthet: 13m = 10cm &nbsp; &nbsp; &nbsp; &nbsp; &nbsp; &nbsp; &nbsp; &nbsp; [&hellip;]<\/p>\n","protected":false},"featured_media":6114,"comment_status":"open","ping_status":"closed","template":"","meta":[],"product_brand":[],"product_cat":[218,236],"product_tag":[],"class_list":{"0":"post-6113","1":"product","2":"type-product","3":"status-publish","4":"has-post-thumbnail","6":"product_cat-tones-veskemakeri","7":"product_cat-tubegarn","9":"first","10":"instock","11":"taxable","12":"shipping-taxable","13":"purchasable","14":"product-type-simple"},"_links":{"self":[{"href":"https:\/\/tones-syslerier.no\/index.php\/wp-json\/wp\/v2\/product\/6113","targetHints":{"allow":["GET"]}}],"collection":[{"href":"https:\/\/tones-syslerier.no\/index.php\/wp-json\/wp\/v2\/product"}],"about":[{"href":"https:\/\/tones-syslerier.no\/index.php\/wp-json\/wp\/v2\/types\/product"}],"replies":[{"embeddable":true,"href":"https:\/\/tones-syslerier.no\/index.php\/wp-json\/wp\/v2\/comments?post=6113"}],"wp:featuredmedia":[{"embeddable":true,"href":"https:\/\/tones-syslerier.no\/index.php\/wp-json\/wp\/v2\/media\/6114"}],"wp:attachment":[{"href":"https:\/\/tones-syslerier.no\/index.php\/wp-json\/wp\/v2\/media?parent=6113"}],"wp:term":[{"taxonomy":"product_brand","embeddable":true,"href":"https:\/\/tones-syslerier.no\/index.php\/wp-json\/wp\/v2\/product_brand?post=6113"},{"taxonomy":"product_cat","embeddable":true,"href":"https:\/\/tones-syslerier.no\/index.php\/wp-json\/wp\/v2\/product_cat?post=6113"},{"taxonomy":"product_tag","embeddable":true,"href":"https:\/\/tones-syslerier.no\/index.php\/wp-json\/wp\/v2\/product_tag?post=6113"}],"curies":[{"name":"wp","href":"https:\/\/api.w.org\/{rel}","templated":true}]}}