{"id":6096,"date":"2026-03-16T14:44:33","date_gmt":"2026-03-16T13:44:33","guid":{"rendered":"https:\/\/tones-syslerier.no\/?post_type=product&#038;p=6096"},"modified":"2026-04-04T15:33:27","modified_gmt":"2026-04-04T13:33:27","slug":"m477-stempel","status":"publish","type":"product","link":"https:\/\/tones-syslerier.no\/index.php\/produkt\/m477-stempel\/","title":{"rendered":"M477 Stempel"},"content":{"rendered":"<div>\n<div class=\"uc-product-view__product-content\">\n<div class=\"uc-product-view__product-content\">\n<div class=\"uc-product-view__product-teaser\">Clearstamps klar til bruk, ferdig oppklippet trenger kun akrylklosse som h\u00e5ndtak. Pensjonist, gratulerer, ung, kul, livet, fantastisk, offisielt, gammel, tilv\u00e6relsen, dame<\/div>\n<div><\/div>\n<div class=\"uc-product-view__product-content\">St\u00f8rrelse: 10,7x14cm<\/div>\n<\/div>\n<\/div>\n<\/div>\n<div><\/div>\n<div><\/div>\n<div><img loading=\"lazy\" decoding=\"async\" class=\"alignnone size-medium wp-image-6097\" src=\"https:\/\/tones-syslerier.no\/wp-content\/uploads\/2026\/03\/m477-300x300.webp\" alt=\"\" width=\"300\" height=\"300\" srcset=\"https:\/\/tones-syslerier.no\/wp-content\/uploads\/2026\/03\/m477-300x300.webp 300w, https:\/\/tones-syslerier.no\/wp-content\/uploads\/2026\/03\/m477-150x150.webp 150w, https:\/\/tones-syslerier.no\/wp-content\/uploads\/2026\/03\/m477-768x768.webp 768w, https:\/\/tones-syslerier.no\/wp-content\/uploads\/2026\/03\/m477-324x324.webp 324w, https:\/\/tones-syslerier.no\/wp-content\/uploads\/2026\/03\/m477-416x416.webp 416w, https:\/\/tones-syslerier.no\/wp-content\/uploads\/2026\/03\/m477-100x100.webp 100w, https:\/\/tones-syslerier.no\/wp-content\/uploads\/2026\/03\/m477.webp 1000w\" sizes=\"auto, (max-width: 300px) 100vw, 300px\" \/><\/div>\n<div><\/div>\n<div><\/div>\n<div><\/div>\n<div><\/div>\n<div><\/div>\n<div><\/div>\n<div><\/div>\n","protected":false},"excerpt":{"rendered":"<p>Clearstamps klar til bruk, ferdig oppklippet trenger kun akrylklosse som h\u00e5ndtak. Pensjonist, gratulerer, ung, kul, livet, fantastisk, offisielt, gammel, tilv\u00e6relsen, dame St\u00f8rrelse: 10,7x14cm<\/p>\n","protected":false},"featured_media":6097,"comment_status":"open","ping_status":"closed","template":"","meta":[],"product_brand":[],"product_cat":[33,176],"product_tag":[],"class_list":{"0":"post-6096","1":"product","2":"type-product","3":"status-publish","4":"has-post-thumbnail","6":"product_cat-stempel-kort-godt","7":"product_cat-stempel","9":"first","10":"outofstock","11":"taxable","12":"shipping-taxable","13":"purchasable","14":"product-type-simple"},"_links":{"self":[{"href":"https:\/\/tones-syslerier.no\/index.php\/wp-json\/wp\/v2\/product\/6096","targetHints":{"allow":["GET"]}}],"collection":[{"href":"https:\/\/tones-syslerier.no\/index.php\/wp-json\/wp\/v2\/product"}],"about":[{"href":"https:\/\/tones-syslerier.no\/index.php\/wp-json\/wp\/v2\/types\/product"}],"replies":[{"embeddable":true,"href":"https:\/\/tones-syslerier.no\/index.php\/wp-json\/wp\/v2\/comments?post=6096"}],"wp:featuredmedia":[{"embeddable":true,"href":"https:\/\/tones-syslerier.no\/index.php\/wp-json\/wp\/v2\/media\/6097"}],"wp:attachment":[{"href":"https:\/\/tones-syslerier.no\/index.php\/wp-json\/wp\/v2\/media?parent=6096"}],"wp:term":[{"taxonomy":"product_brand","embeddable":true,"href":"https:\/\/tones-syslerier.no\/index.php\/wp-json\/wp\/v2\/product_brand?post=6096"},{"taxonomy":"product_cat","embeddable":true,"href":"https:\/\/tones-syslerier.no\/index.php\/wp-json\/wp\/v2\/product_cat?post=6096"},{"taxonomy":"product_tag","embeddable":true,"href":"https:\/\/tones-syslerier.no\/index.php\/wp-json\/wp\/v2\/product_tag?post=6096"}],"curies":[{"name":"wp","href":"https:\/\/api.w.org\/{rel}","templated":true}]}}