{"id":5997,"date":"2026-02-27T13:46:26","date_gmt":"2026-02-27T12:46:26","guid":{"rendered":"https:\/\/tones-syslerier.no\/?post_type=product&#038;p=5997"},"modified":"2026-02-27T13:46:38","modified_gmt":"2026-02-27T12:46:38","slug":"studio-light-essentials-cutting-die-torn-edge-ovals","status":"publish","type":"product","link":"https:\/\/tones-syslerier.no\/index.php\/produkt\/studio-light-essentials-cutting-die-torn-edge-ovals\/","title":{"rendered":"Studio Light \u2022 Essentials Cutting Die Torn Edge Ovals"},"content":{"rendered":"<p>SL Cutting Die Torn edge ovals Essentials 105x148x1mm 6 PC nr.915<\/p>\n<p>Artikkelkode SL-ES-CD915<br \/>\nStrekkode 8713943155660<br \/>\nMerke Studio Light<br \/>\nProduktm\u00e5l 105x148x1mm<br \/>\nVolumdeler 6<br \/>\nProdukttype Stansede stanser<br \/>\nM\u00f8nsterformer<br \/>\nBruksm\u00e5te Blandede medier, Scrapbooking<\/p>\n<p><img loading=\"lazy\" decoding=\"async\" class=\"alignnone size-medium wp-image-5998\" src=\"https:\/\/tones-syslerier.no\/wp-content\/uploads\/2026\/02\/sl_es_cd915_01_bb39_1-300x300.webp\" alt=\"\" width=\"300\" height=\"300\" srcset=\"https:\/\/tones-syslerier.no\/wp-content\/uploads\/2026\/02\/sl_es_cd915_01_bb39_1-300x300.webp 300w, https:\/\/tones-syslerier.no\/wp-content\/uploads\/2026\/02\/sl_es_cd915_01_bb39_1-1024x1024.webp 1024w, https:\/\/tones-syslerier.no\/wp-content\/uploads\/2026\/02\/sl_es_cd915_01_bb39_1-150x150.webp 150w, https:\/\/tones-syslerier.no\/wp-content\/uploads\/2026\/02\/sl_es_cd915_01_bb39_1-768x768.webp 768w, https:\/\/tones-syslerier.no\/wp-content\/uploads\/2026\/02\/sl_es_cd915_01_bb39_1-1536x1536.webp 1536w, https:\/\/tones-syslerier.no\/wp-content\/uploads\/2026\/02\/sl_es_cd915_01_bb39_1-324x324.webp 324w, https:\/\/tones-syslerier.no\/wp-content\/uploads\/2026\/02\/sl_es_cd915_01_bb39_1-416x416.webp 416w, https:\/\/tones-syslerier.no\/wp-content\/uploads\/2026\/02\/sl_es_cd915_01_bb39_1-100x100.webp 100w, https:\/\/tones-syslerier.no\/wp-content\/uploads\/2026\/02\/sl_es_cd915_01_bb39_1.webp 1600w\" sizes=\"auto, (max-width: 300px) 100vw, 300px\" \/><\/p>\n<p><img loading=\"lazy\" decoding=\"async\" class=\"alignnone size-medium wp-image-5999\" src=\"https:\/\/tones-syslerier.no\/wp-content\/uploads\/2026\/02\/sl_es_cd915_02_842e_1-300x300.webp\" alt=\"\" width=\"300\" height=\"300\" srcset=\"https:\/\/tones-syslerier.no\/wp-content\/uploads\/2026\/02\/sl_es_cd915_02_842e_1-300x300.webp 300w, https:\/\/tones-syslerier.no\/wp-content\/uploads\/2026\/02\/sl_es_cd915_02_842e_1-1024x1024.webp 1024w, https:\/\/tones-syslerier.no\/wp-content\/uploads\/2026\/02\/sl_es_cd915_02_842e_1-150x150.webp 150w, https:\/\/tones-syslerier.no\/wp-content\/uploads\/2026\/02\/sl_es_cd915_02_842e_1-768x768.webp 768w, https:\/\/tones-syslerier.no\/wp-content\/uploads\/2026\/02\/sl_es_cd915_02_842e_1-1536x1536.webp 1536w, https:\/\/tones-syslerier.no\/wp-content\/uploads\/2026\/02\/sl_es_cd915_02_842e_1-324x324.webp 324w, https:\/\/tones-syslerier.no\/wp-content\/uploads\/2026\/02\/sl_es_cd915_02_842e_1-416x416.webp 416w, https:\/\/tones-syslerier.no\/wp-content\/uploads\/2026\/02\/sl_es_cd915_02_842e_1-100x100.webp 100w, https:\/\/tones-syslerier.no\/wp-content\/uploads\/2026\/02\/sl_es_cd915_02_842e_1.webp 1600w\" sizes=\"auto, (max-width: 300px) 100vw, 300px\" \/><\/p>\n<p><img loading=\"lazy\" decoding=\"async\" class=\"alignnone size-medium wp-image-6000\" src=\"https:\/\/tones-syslerier.no\/wp-content\/uploads\/2026\/02\/sl_es_cd915_03_44fe_1-300x300.webp\" alt=\"\" width=\"300\" height=\"300\" srcset=\"https:\/\/tones-syslerier.no\/wp-content\/uploads\/2026\/02\/sl_es_cd915_03_44fe_1-300x300.webp 300w, https:\/\/tones-syslerier.no\/wp-content\/uploads\/2026\/02\/sl_es_cd915_03_44fe_1-1024x1024.webp 1024w, https:\/\/tones-syslerier.no\/wp-content\/uploads\/2026\/02\/sl_es_cd915_03_44fe_1-150x150.webp 150w, https:\/\/tones-syslerier.no\/wp-content\/uploads\/2026\/02\/sl_es_cd915_03_44fe_1-768x768.webp 768w, https:\/\/tones-syslerier.no\/wp-content\/uploads\/2026\/02\/sl_es_cd915_03_44fe_1-1536x1536.webp 1536w, https:\/\/tones-syslerier.no\/wp-content\/uploads\/2026\/02\/sl_es_cd915_03_44fe_1-324x324.webp 324w, https:\/\/tones-syslerier.no\/wp-content\/uploads\/2026\/02\/sl_es_cd915_03_44fe_1-416x416.webp 416w, https:\/\/tones-syslerier.no\/wp-content\/uploads\/2026\/02\/sl_es_cd915_03_44fe_1-100x100.webp 100w, https:\/\/tones-syslerier.no\/wp-content\/uploads\/2026\/02\/sl_es_cd915_03_44fe_1.webp 1600w\" sizes=\"auto, (max-width: 300px) 100vw, 300px\" \/><\/p>\n<p><img loading=\"lazy\" decoding=\"async\" class=\"alignnone size-medium wp-image-6001\" src=\"https:\/\/tones-syslerier.no\/wp-content\/uploads\/2026\/02\/sl_es_cd915_04_5bda_1-300x300.webp\" alt=\"\" width=\"300\" height=\"300\" srcset=\"https:\/\/tones-syslerier.no\/wp-content\/uploads\/2026\/02\/sl_es_cd915_04_5bda_1-300x300.webp 300w, https:\/\/tones-syslerier.no\/wp-content\/uploads\/2026\/02\/sl_es_cd915_04_5bda_1-1024x1024.webp 1024w, https:\/\/tones-syslerier.no\/wp-content\/uploads\/2026\/02\/sl_es_cd915_04_5bda_1-150x150.webp 150w, https:\/\/tones-syslerier.no\/wp-content\/uploads\/2026\/02\/sl_es_cd915_04_5bda_1-768x768.webp 768w, https:\/\/tones-syslerier.no\/wp-content\/uploads\/2026\/02\/sl_es_cd915_04_5bda_1-1536x1536.webp 1536w, https:\/\/tones-syslerier.no\/wp-content\/uploads\/2026\/02\/sl_es_cd915_04_5bda_1-324x324.webp 324w, https:\/\/tones-syslerier.no\/wp-content\/uploads\/2026\/02\/sl_es_cd915_04_5bda_1-416x416.webp 416w, https:\/\/tones-syslerier.no\/wp-content\/uploads\/2026\/02\/sl_es_cd915_04_5bda_1-100x100.webp 100w, https:\/\/tones-syslerier.no\/wp-content\/uploads\/2026\/02\/sl_es_cd915_04_5bda_1.webp 1600w\" sizes=\"auto, (max-width: 300px) 100vw, 300px\" \/><\/p>\n","protected":false},"excerpt":{"rendered":"<p>SL Cutting Die Torn edge ovals Essentials 105x148x1mm 6 PC nr.915 Artikkelkode SL-ES-CD915 Strekkode 8713943155660 Merke Studio Light Produktm\u00e5l 105x148x1mm Volumdeler 6 Produkttype Stansede stanser M\u00f8nsterformer Bruksm\u00e5te Blandede medier, Scrapbooking<\/p>\n","protected":false},"featured_media":5998,"comment_status":"open","ping_status":"closed","template":"","meta":[],"product_brand":[],"product_cat":[175,91,59],"product_tag":[],"class_list":{"0":"post-5997","1":"product","2":"type-product","3":"status-publish","4":"has-post-thumbnail","6":"product_cat-dies","7":"product_cat-studio-light-dies","8":"product_cat-nyheter","10":"first","11":"instock","12":"taxable","13":"shipping-taxable","14":"purchasable","15":"product-type-simple"},"_links":{"self":[{"href":"https:\/\/tones-syslerier.no\/index.php\/wp-json\/wp\/v2\/product\/5997","targetHints":{"allow":["GET"]}}],"collection":[{"href":"https:\/\/tones-syslerier.no\/index.php\/wp-json\/wp\/v2\/product"}],"about":[{"href":"https:\/\/tones-syslerier.no\/index.php\/wp-json\/wp\/v2\/types\/product"}],"replies":[{"embeddable":true,"href":"https:\/\/tones-syslerier.no\/index.php\/wp-json\/wp\/v2\/comments?post=5997"}],"wp:featuredmedia":[{"embeddable":true,"href":"https:\/\/tones-syslerier.no\/index.php\/wp-json\/wp\/v2\/media\/5998"}],"wp:attachment":[{"href":"https:\/\/tones-syslerier.no\/index.php\/wp-json\/wp\/v2\/media?parent=5997"}],"wp:term":[{"taxonomy":"product_brand","embeddable":true,"href":"https:\/\/tones-syslerier.no\/index.php\/wp-json\/wp\/v2\/product_brand?post=5997"},{"taxonomy":"product_cat","embeddable":true,"href":"https:\/\/tones-syslerier.no\/index.php\/wp-json\/wp\/v2\/product_cat?post=5997"},{"taxonomy":"product_tag","embeddable":true,"href":"https:\/\/tones-syslerier.no\/index.php\/wp-json\/wp\/v2\/product_tag?post=5997"}],"curies":[{"name":"wp","href":"https:\/\/api.w.org\/{rel}","templated":true}]}}