{"id":5991,"date":"2026-02-27T13:40:56","date_gmt":"2026-02-27T12:40:56","guid":{"rendered":"https:\/\/tones-syslerier.no\/?post_type=product&#038;p=5991"},"modified":"2026-02-27T13:41:29","modified_gmt":"2026-02-27T12:41:29","slug":"5991","status":"publish","type":"product","link":"https:\/\/tones-syslerier.no\/index.php\/produkt\/5991\/","title":{"rendered":"Sizzix \u2022 A4 Stencil 1pcs Artful Layers by 49 &#038; Market"},"content":{"rendered":"<p>A4 Stencil<\/p>\n<p>Artful Layers A4-sjablongen fra 49 &amp; Market er en allsidig sjablong designet for bruk med Sizzix Stencil &amp; Stamp Tool (664896). Denne sjablongen lar deg enkelt lage vakre bakgrunner, teksturer og intrikate detaljer p\u00e5 kartong, lerret og mer. Med geometriske motiver, sprut og slitte kanter er den perfekt for kunstjournaling, scrapbooking, kortlaging, gaveetiketter og andre kreative prosjekter. Bruk blekk, maling, teksturpasta eller spray for \u00e5 bygge dybde, bevegelse og interesse i designene dine. Den gener\u00f8se A4-st\u00f8rrelsen gir full dekning for st\u00f8rre prosjekter, mens de intrikate m\u00f8nstrene gir profesjonelle detaljer med enhver applikasjon. Passer perfekt med Clear Stamps Set 10PK w\/10PK Framelits Die Set \u2013 Creative Combos (667058), slik at du kan kombinere sjablongering og stempling for uendelige kreative muligheter og lagdelte effekter.<\/p>\n<p>Artikkelkode 667057<br \/>\nStrekkode 630454293750<br \/>\nMerke Sizzix<br \/>\nBind 1<br \/>\nProdukttype Sjablong<br \/>\nM\u00f8nster Bakgrunn<br \/>\nBruksm\u00e5te Kunstjournaling, Scrapbooking, Kortlaging<br \/>\nDesigner 49 og Market<\/p>\n<p>&nbsp;<\/p>\n<p><img loading=\"lazy\" decoding=\"async\" class=\"alignnone size-medium wp-image-5992\" src=\"https:\/\/tones-syslerier.no\/wp-content\/uploads\/2026\/02\/667057_01_5614-300x300.webp\" alt=\"\" width=\"300\" height=\"300\" srcset=\"https:\/\/tones-syslerier.no\/wp-content\/uploads\/2026\/02\/667057_01_5614-300x300.webp 300w, https:\/\/tones-syslerier.no\/wp-content\/uploads\/2026\/02\/667057_01_5614-1024x1024.webp 1024w, https:\/\/tones-syslerier.no\/wp-content\/uploads\/2026\/02\/667057_01_5614-150x150.webp 150w, https:\/\/tones-syslerier.no\/wp-content\/uploads\/2026\/02\/667057_01_5614-768x768.webp 768w, https:\/\/tones-syslerier.no\/wp-content\/uploads\/2026\/02\/667057_01_5614-1536x1536.webp 1536w, https:\/\/tones-syslerier.no\/wp-content\/uploads\/2026\/02\/667057_01_5614-324x324.webp 324w, https:\/\/tones-syslerier.no\/wp-content\/uploads\/2026\/02\/667057_01_5614-416x416.webp 416w, https:\/\/tones-syslerier.no\/wp-content\/uploads\/2026\/02\/667057_01_5614-100x100.webp 100w, https:\/\/tones-syslerier.no\/wp-content\/uploads\/2026\/02\/667057_01_5614.webp 1600w\" sizes=\"auto, (max-width: 300px) 100vw, 300px\" \/><\/p>\n<p><img loading=\"lazy\" decoding=\"async\" class=\"alignnone size-medium wp-image-5993\" src=\"https:\/\/tones-syslerier.no\/wp-content\/uploads\/2026\/02\/667057_02_b608-300x300.webp\" alt=\"\" width=\"300\" height=\"300\" srcset=\"https:\/\/tones-syslerier.no\/wp-content\/uploads\/2026\/02\/667057_02_b608-300x300.webp 300w, https:\/\/tones-syslerier.no\/wp-content\/uploads\/2026\/02\/667057_02_b608-1024x1024.webp 1024w, https:\/\/tones-syslerier.no\/wp-content\/uploads\/2026\/02\/667057_02_b608-150x150.webp 150w, https:\/\/tones-syslerier.no\/wp-content\/uploads\/2026\/02\/667057_02_b608-768x768.webp 768w, https:\/\/tones-syslerier.no\/wp-content\/uploads\/2026\/02\/667057_02_b608-1536x1536.webp 1536w, https:\/\/tones-syslerier.no\/wp-content\/uploads\/2026\/02\/667057_02_b608-324x324.webp 324w, https:\/\/tones-syslerier.no\/wp-content\/uploads\/2026\/02\/667057_02_b608-416x416.webp 416w, https:\/\/tones-syslerier.no\/wp-content\/uploads\/2026\/02\/667057_02_b608-100x100.webp 100w, https:\/\/tones-syslerier.no\/wp-content\/uploads\/2026\/02\/667057_02_b608.webp 1600w\" sizes=\"auto, (max-width: 300px) 100vw, 300px\" \/><\/p>\n<p><img loading=\"lazy\" decoding=\"async\" class=\"alignnone size-medium wp-image-5994\" src=\"https:\/\/tones-syslerier.no\/wp-content\/uploads\/2026\/02\/667057_03_fc6d-300x300.webp\" alt=\"\" width=\"300\" height=\"300\" srcset=\"https:\/\/tones-syslerier.no\/wp-content\/uploads\/2026\/02\/667057_03_fc6d-300x300.webp 300w, https:\/\/tones-syslerier.no\/wp-content\/uploads\/2026\/02\/667057_03_fc6d-1024x1024.webp 1024w, https:\/\/tones-syslerier.no\/wp-content\/uploads\/2026\/02\/667057_03_fc6d-150x150.webp 150w, https:\/\/tones-syslerier.no\/wp-content\/uploads\/2026\/02\/667057_03_fc6d-768x768.webp 768w, https:\/\/tones-syslerier.no\/wp-content\/uploads\/2026\/02\/667057_03_fc6d-1536x1536.webp 1536w, https:\/\/tones-syslerier.no\/wp-content\/uploads\/2026\/02\/667057_03_fc6d-324x324.webp 324w, https:\/\/tones-syslerier.no\/wp-content\/uploads\/2026\/02\/667057_03_fc6d-416x416.webp 416w, https:\/\/tones-syslerier.no\/wp-content\/uploads\/2026\/02\/667057_03_fc6d-100x100.webp 100w, https:\/\/tones-syslerier.no\/wp-content\/uploads\/2026\/02\/667057_03_fc6d.webp 1600w\" sizes=\"auto, (max-width: 300px) 100vw, 300px\" \/><\/p>\n<p><img loading=\"lazy\" decoding=\"async\" class=\"alignnone size-medium wp-image-5995\" src=\"https:\/\/tones-syslerier.no\/wp-content\/uploads\/2026\/02\/667057_04_0584-300x300.webp\" alt=\"\" width=\"300\" height=\"300\" srcset=\"https:\/\/tones-syslerier.no\/wp-content\/uploads\/2026\/02\/667057_04_0584-300x300.webp 300w, https:\/\/tones-syslerier.no\/wp-content\/uploads\/2026\/02\/667057_04_0584-1024x1024.webp 1024w, https:\/\/tones-syslerier.no\/wp-content\/uploads\/2026\/02\/667057_04_0584-150x150.webp 150w, https:\/\/tones-syslerier.no\/wp-content\/uploads\/2026\/02\/667057_04_0584-768x768.webp 768w, https:\/\/tones-syslerier.no\/wp-content\/uploads\/2026\/02\/667057_04_0584-1536x1536.webp 1536w, https:\/\/tones-syslerier.no\/wp-content\/uploads\/2026\/02\/667057_04_0584-324x324.webp 324w, https:\/\/tones-syslerier.no\/wp-content\/uploads\/2026\/02\/667057_04_0584-416x416.webp 416w, https:\/\/tones-syslerier.no\/wp-content\/uploads\/2026\/02\/667057_04_0584-100x100.webp 100w, https:\/\/tones-syslerier.no\/wp-content\/uploads\/2026\/02\/667057_04_0584.webp 1600w\" sizes=\"auto, (max-width: 300px) 100vw, 300px\" \/><\/p>\n<p><img loading=\"lazy\" decoding=\"async\" class=\"alignnone size-medium wp-image-5996\" src=\"https:\/\/tones-syslerier.no\/wp-content\/uploads\/2026\/02\/667057_05_6e9c-300x300.webp\" alt=\"\" width=\"300\" height=\"300\" srcset=\"https:\/\/tones-syslerier.no\/wp-content\/uploads\/2026\/02\/667057_05_6e9c-300x300.webp 300w, https:\/\/tones-syslerier.no\/wp-content\/uploads\/2026\/02\/667057_05_6e9c-1024x1024.webp 1024w, https:\/\/tones-syslerier.no\/wp-content\/uploads\/2026\/02\/667057_05_6e9c-150x150.webp 150w, https:\/\/tones-syslerier.no\/wp-content\/uploads\/2026\/02\/667057_05_6e9c-768x768.webp 768w, https:\/\/tones-syslerier.no\/wp-content\/uploads\/2026\/02\/667057_05_6e9c-1536x1536.webp 1536w, https:\/\/tones-syslerier.no\/wp-content\/uploads\/2026\/02\/667057_05_6e9c-324x324.webp 324w, https:\/\/tones-syslerier.no\/wp-content\/uploads\/2026\/02\/667057_05_6e9c-416x416.webp 416w, https:\/\/tones-syslerier.no\/wp-content\/uploads\/2026\/02\/667057_05_6e9c-100x100.webp 100w, https:\/\/tones-syslerier.no\/wp-content\/uploads\/2026\/02\/667057_05_6e9c.webp 1600w\" sizes=\"auto, (max-width: 300px) 100vw, 300px\" \/><\/p>\n<p>&nbsp;<\/p>\n","protected":false},"excerpt":{"rendered":"<p>A4 Stencil Artful Layers A4-sjablongen fra 49 &amp; Market er en allsidig sjablong designet for bruk med Sizzix Stencil &amp; Stamp Tool (664896). Denne sjablongen lar deg enkelt lage vakre bakgrunner, teksturer og intrikate detaljer p\u00e5 kartong, lerret og mer. Med geometriske motiver, sprut og slitte kanter er den perfekt for kunstjournaling, scrapbooking, kortlaging, gaveetiketter [&hellip;]<\/p>\n","protected":false},"featured_media":5993,"comment_status":"open","ping_status":"closed","template":"","meta":[],"product_brand":[],"product_cat":[126,185],"product_tag":[],"class_list":{"0":"post-5991","1":"product","2":"type-product","3":"status-publish","4":"has-post-thumbnail","6":"product_cat-sizzix-stencil","7":"product_cat-stencil","9":"first","10":"instock","11":"taxable","12":"shipping-taxable","13":"purchasable","14":"product-type-simple"},"_links":{"self":[{"href":"https:\/\/tones-syslerier.no\/index.php\/wp-json\/wp\/v2\/product\/5991","targetHints":{"allow":["GET"]}}],"collection":[{"href":"https:\/\/tones-syslerier.no\/index.php\/wp-json\/wp\/v2\/product"}],"about":[{"href":"https:\/\/tones-syslerier.no\/index.php\/wp-json\/wp\/v2\/types\/product"}],"replies":[{"embeddable":true,"href":"https:\/\/tones-syslerier.no\/index.php\/wp-json\/wp\/v2\/comments?post=5991"}],"wp:featuredmedia":[{"embeddable":true,"href":"https:\/\/tones-syslerier.no\/index.php\/wp-json\/wp\/v2\/media\/5993"}],"wp:attachment":[{"href":"https:\/\/tones-syslerier.no\/index.php\/wp-json\/wp\/v2\/media?parent=5991"}],"wp:term":[{"taxonomy":"product_brand","embeddable":true,"href":"https:\/\/tones-syslerier.no\/index.php\/wp-json\/wp\/v2\/product_brand?post=5991"},{"taxonomy":"product_cat","embeddable":true,"href":"https:\/\/tones-syslerier.no\/index.php\/wp-json\/wp\/v2\/product_cat?post=5991"},{"taxonomy":"product_tag","embeddable":true,"href":"https:\/\/tones-syslerier.no\/index.php\/wp-json\/wp\/v2\/product_tag?post=5991"}],"curies":[{"name":"wp","href":"https:\/\/api.w.org\/{rel}","templated":true}]}}