{"id":5969,"date":"2026-02-27T12:54:58","date_gmt":"2026-02-27T11:54:58","guid":{"rendered":"https:\/\/tones-syslerier.no\/?post_type=product&#038;p=5969"},"modified":"2026-03-04T08:45:11","modified_gmt":"2026-03-04T07:45:11","slug":"sizzix-thinlits-die-set-20pcs-this-or-that-2-inch-numbers-by-49-and-market","status":"publish","type":"product","link":"https:\/\/tones-syslerier.no\/index.php\/produkt\/sizzix-thinlits-die-set-20pcs-this-or-that-2-inch-numbers-by-49-and-market\/","title":{"rendered":"Sizzix \u2022 Thinlits Die Set 20pcs This or That 2 inch Numbers by 49 and Market"},"content":{"rendered":"<p>Thinlits Die-sett<br \/>\n20 deler<\/p>\n<p>This or That Numbers Thinlits Die Set fra 49 and Market er et papirtynt stansesett designet for bruk med en Sizzix-stansemaskin. Dette 20-delers settet inkluderer hele serien med tall 0\u20139 i en dristig konturstil, ideelt for \u00e5 lage datoer, aldre, nedtellinger, jubileer og mer. Perfekt for kortlaging, scrapbooking, journalf\u00f8ring, festdekor og gj\u00f8r-det-selv-prosjekter, disse allsidige stansene skj\u00e6rer rene og detaljerte former fra kartong, m\u00f8nstret papir, vellum og andre tynne materialer. Med et moderne utseende passer tallene vakkert sammen med This or That Alphabet Thinlits Die Set (666951), noe som gir deg uendelige muligheter til \u00e5 tilpasse og legge lag p\u00e5 papirdesignene dine. Kompatibel med Sizzix Sidekick og andre Sizzix-maskiner.<\/p>\n<p>Artikkelkode 666952<br \/>\nStrekkode 630454292463<br \/>\nMerke Sizzix<br \/>\nVolumdeler 20<br \/>\nProdukttype Stansede maler<br \/>\nProduktlinje Thinlits<br \/>\nM\u00f8nsternummer<br \/>\nBruksomr\u00e5der Kunstjournaling, Scrapbooking, Kortlaging<br \/>\nDesigner 49 og Market<\/p>\n<p>&nbsp;<\/p>\n<p><img loading=\"lazy\" decoding=\"async\" class=\"alignnone size-medium wp-image-5970\" src=\"https:\/\/tones-syslerier.no\/wp-content\/uploads\/2026\/02\/666952_01_720e-300x300.webp\" alt=\"\" width=\"300\" height=\"300\" srcset=\"https:\/\/tones-syslerier.no\/wp-content\/uploads\/2026\/02\/666952_01_720e-300x300.webp 300w, https:\/\/tones-syslerier.no\/wp-content\/uploads\/2026\/02\/666952_01_720e-1024x1024.webp 1024w, https:\/\/tones-syslerier.no\/wp-content\/uploads\/2026\/02\/666952_01_720e-150x150.webp 150w, https:\/\/tones-syslerier.no\/wp-content\/uploads\/2026\/02\/666952_01_720e-768x768.webp 768w, https:\/\/tones-syslerier.no\/wp-content\/uploads\/2026\/02\/666952_01_720e-1536x1536.webp 1536w, https:\/\/tones-syslerier.no\/wp-content\/uploads\/2026\/02\/666952_01_720e-324x324.webp 324w, https:\/\/tones-syslerier.no\/wp-content\/uploads\/2026\/02\/666952_01_720e-416x416.webp 416w, https:\/\/tones-syslerier.no\/wp-content\/uploads\/2026\/02\/666952_01_720e-100x100.webp 100w, https:\/\/tones-syslerier.no\/wp-content\/uploads\/2026\/02\/666952_01_720e.webp 1600w\" sizes=\"auto, (max-width: 300px) 100vw, 300px\" \/><\/p>\n<p>&nbsp;<\/p>\n<p><img loading=\"lazy\" decoding=\"async\" class=\"alignnone size-medium wp-image-5971\" src=\"https:\/\/tones-syslerier.no\/wp-content\/uploads\/2026\/02\/666952_02_5329-300x300.webp\" alt=\"\" width=\"300\" height=\"300\" srcset=\"https:\/\/tones-syslerier.no\/wp-content\/uploads\/2026\/02\/666952_02_5329-300x300.webp 300w, https:\/\/tones-syslerier.no\/wp-content\/uploads\/2026\/02\/666952_02_5329-1024x1024.webp 1024w, https:\/\/tones-syslerier.no\/wp-content\/uploads\/2026\/02\/666952_02_5329-150x150.webp 150w, https:\/\/tones-syslerier.no\/wp-content\/uploads\/2026\/02\/666952_02_5329-768x768.webp 768w, https:\/\/tones-syslerier.no\/wp-content\/uploads\/2026\/02\/666952_02_5329-1536x1536.webp 1536w, https:\/\/tones-syslerier.no\/wp-content\/uploads\/2026\/02\/666952_02_5329-324x324.webp 324w, https:\/\/tones-syslerier.no\/wp-content\/uploads\/2026\/02\/666952_02_5329-416x416.webp 416w, https:\/\/tones-syslerier.no\/wp-content\/uploads\/2026\/02\/666952_02_5329-100x100.webp 100w, https:\/\/tones-syslerier.no\/wp-content\/uploads\/2026\/02\/666952_02_5329.webp 1600w\" sizes=\"auto, (max-width: 300px) 100vw, 300px\" \/><\/p>\n<p>&nbsp;<\/p>\n<p><img loading=\"lazy\" decoding=\"async\" class=\"alignnone size-medium wp-image-5972\" src=\"https:\/\/tones-syslerier.no\/wp-content\/uploads\/2026\/02\/666952_03_9f09-300x300.webp\" alt=\"\" width=\"300\" height=\"300\" srcset=\"https:\/\/tones-syslerier.no\/wp-content\/uploads\/2026\/02\/666952_03_9f09-300x300.webp 300w, https:\/\/tones-syslerier.no\/wp-content\/uploads\/2026\/02\/666952_03_9f09-1024x1024.webp 1024w, https:\/\/tones-syslerier.no\/wp-content\/uploads\/2026\/02\/666952_03_9f09-150x150.webp 150w, https:\/\/tones-syslerier.no\/wp-content\/uploads\/2026\/02\/666952_03_9f09-768x768.webp 768w, https:\/\/tones-syslerier.no\/wp-content\/uploads\/2026\/02\/666952_03_9f09-1536x1536.webp 1536w, https:\/\/tones-syslerier.no\/wp-content\/uploads\/2026\/02\/666952_03_9f09-324x324.webp 324w, https:\/\/tones-syslerier.no\/wp-content\/uploads\/2026\/02\/666952_03_9f09-416x416.webp 416w, https:\/\/tones-syslerier.no\/wp-content\/uploads\/2026\/02\/666952_03_9f09-100x100.webp 100w, https:\/\/tones-syslerier.no\/wp-content\/uploads\/2026\/02\/666952_03_9f09.webp 1600w\" sizes=\"auto, (max-width: 300px) 100vw, 300px\" \/><\/p>\n<p>&nbsp;<\/p>\n<p><img loading=\"lazy\" decoding=\"async\" class=\"alignnone size-medium wp-image-5973\" src=\"https:\/\/tones-syslerier.no\/wp-content\/uploads\/2026\/02\/666952_04_f26d-300x300.webp\" alt=\"\" width=\"300\" height=\"300\" srcset=\"https:\/\/tones-syslerier.no\/wp-content\/uploads\/2026\/02\/666952_04_f26d-300x300.webp 300w, https:\/\/tones-syslerier.no\/wp-content\/uploads\/2026\/02\/666952_04_f26d-1024x1024.webp 1024w, https:\/\/tones-syslerier.no\/wp-content\/uploads\/2026\/02\/666952_04_f26d-150x150.webp 150w, https:\/\/tones-syslerier.no\/wp-content\/uploads\/2026\/02\/666952_04_f26d-768x768.webp 768w, https:\/\/tones-syslerier.no\/wp-content\/uploads\/2026\/02\/666952_04_f26d-1536x1536.webp 1536w, https:\/\/tones-syslerier.no\/wp-content\/uploads\/2026\/02\/666952_04_f26d-324x324.webp 324w, https:\/\/tones-syslerier.no\/wp-content\/uploads\/2026\/02\/666952_04_f26d-416x416.webp 416w, https:\/\/tones-syslerier.no\/wp-content\/uploads\/2026\/02\/666952_04_f26d-100x100.webp 100w, https:\/\/tones-syslerier.no\/wp-content\/uploads\/2026\/02\/666952_04_f26d.webp 1600w\" sizes=\"auto, (max-width: 300px) 100vw, 300px\" \/><\/p>\n","protected":false},"excerpt":{"rendered":"<p>Thinlits Die-sett 20 deler This or That Numbers Thinlits Die Set fra 49 and Market er et papirtynt stansesett designet for bruk med en Sizzix-stansemaskin. Dette 20-delers settet inkluderer hele serien med tall 0\u20139 i en dristig konturstil, ideelt for \u00e5 lage datoer, aldre, nedtellinger, jubileer og mer. Perfekt for kortlaging, scrapbooking, journalf\u00f8ring, festdekor og [&hellip;]<\/p>\n","protected":false},"featured_media":5971,"comment_status":"open","ping_status":"closed","template":"","meta":[],"product_brand":[],"product_cat":[175,103],"product_tag":[],"class_list":{"0":"post-5969","1":"product","2":"type-product","3":"status-publish","4":"has-post-thumbnail","6":"product_cat-dies","7":"product_cat-sizzix-dies","9":"first","10":"instock","11":"taxable","12":"shipping-taxable","13":"purchasable","14":"product-type-simple"},"_links":{"self":[{"href":"https:\/\/tones-syslerier.no\/index.php\/wp-json\/wp\/v2\/product\/5969","targetHints":{"allow":["GET"]}}],"collection":[{"href":"https:\/\/tones-syslerier.no\/index.php\/wp-json\/wp\/v2\/product"}],"about":[{"href":"https:\/\/tones-syslerier.no\/index.php\/wp-json\/wp\/v2\/types\/product"}],"replies":[{"embeddable":true,"href":"https:\/\/tones-syslerier.no\/index.php\/wp-json\/wp\/v2\/comments?post=5969"}],"wp:featuredmedia":[{"embeddable":true,"href":"https:\/\/tones-syslerier.no\/index.php\/wp-json\/wp\/v2\/media\/5971"}],"wp:attachment":[{"href":"https:\/\/tones-syslerier.no\/index.php\/wp-json\/wp\/v2\/media?parent=5969"}],"wp:term":[{"taxonomy":"product_brand","embeddable":true,"href":"https:\/\/tones-syslerier.no\/index.php\/wp-json\/wp\/v2\/product_brand?post=5969"},{"taxonomy":"product_cat","embeddable":true,"href":"https:\/\/tones-syslerier.no\/index.php\/wp-json\/wp\/v2\/product_cat?post=5969"},{"taxonomy":"product_tag","embeddable":true,"href":"https:\/\/tones-syslerier.no\/index.php\/wp-json\/wp\/v2\/product_tag?post=5969"}],"curies":[{"name":"wp","href":"https:\/\/api.w.org\/{rel}","templated":true}]}}