{"id":5964,"date":"2026-02-27T12:49:07","date_gmt":"2026-02-27T11:49:07","guid":{"rendered":"https:\/\/tones-syslerier.no\/?post_type=product&#038;p=5964"},"modified":"2026-03-10T09:45:50","modified_gmt":"2026-03-10T08:45:50","slug":"sizzix-thinlits-die-set-4pcs-doily-duo-by-49-market","status":"publish","type":"product","link":"https:\/\/tones-syslerier.no\/index.php\/produkt\/sizzix-thinlits-die-set-4pcs-doily-duo-by-49-market\/","title":{"rendered":"Sizzix \u2022 Thinlits Die Set 4pcs Doily Duo by 49 &#038; Market"},"content":{"rendered":"<p>Thinlits Die-sett<br \/>\n4 deler<br \/>\nDoily Duo fra 49 &amp; Market<\/p>\n<p>Doily Duo Thinlits Die Set fra 49 &amp; Market er et papirtynt stansesett designet for bruk med en Sizzix Big Shot stansemaskin. Dette 4-delers settet inneholder to detaljerte dukdesign, perfekt for lagdeling, innramming eller tilf\u00f8ring av tekstur p\u00e5 kartong, m\u00f8nstret papir, vellum og andre tynne materialer. Ideelle for romantiske kort, vintage-inspirerte journaler, utklippsbokark, gavekort og blandede medieprosjekter, disse intrikate stansene gir sjarm, eleganse og raffinement til ethvert verk. De utsmykkede blondedesignene blander klassiske detaljer med en moderne kant, og tilbyr allsidige lagdelingsstykker som komplementerer et bredt spekter av stiler og \u00e5rstider. Disse papirtynne stansene kutter rent og presist, noe som gj\u00f8r dem perfekte for \u00e5 lage delikate, detaljerte aksenter som l\u00f8fter papirprosjektene dine og gir tidl\u00f8se, vakre resultater.<\/p>\n<p>Artikkelkode 667059<br \/>\nStrekkode 630454293774<br \/>\nMerke Sizzix<br \/>\nVolumdeler 4<br \/>\nProdukttype Stansede maler<br \/>\nProduktlinje Thinlits<br \/>\nM\u00f8nster Blomster, Sirkler<br \/>\nBruksomr\u00e5der Kunstjournaling, Scrapbooking, Kortlaging<br \/>\nDesigner 49 og Market<\/p>\n<p><img loading=\"lazy\" decoding=\"async\" class=\"alignnone size-medium wp-image-5965\" src=\"https:\/\/tones-syslerier.no\/wp-content\/uploads\/2026\/02\/667059_01_c9bc-300x300.webp\" alt=\"\" width=\"300\" height=\"300\" srcset=\"https:\/\/tones-syslerier.no\/wp-content\/uploads\/2026\/02\/667059_01_c9bc-300x300.webp 300w, https:\/\/tones-syslerier.no\/wp-content\/uploads\/2026\/02\/667059_01_c9bc-1024x1024.webp 1024w, https:\/\/tones-syslerier.no\/wp-content\/uploads\/2026\/02\/667059_01_c9bc-150x150.webp 150w, https:\/\/tones-syslerier.no\/wp-content\/uploads\/2026\/02\/667059_01_c9bc-768x768.webp 768w, https:\/\/tones-syslerier.no\/wp-content\/uploads\/2026\/02\/667059_01_c9bc-1536x1536.webp 1536w, https:\/\/tones-syslerier.no\/wp-content\/uploads\/2026\/02\/667059_01_c9bc-324x324.webp 324w, https:\/\/tones-syslerier.no\/wp-content\/uploads\/2026\/02\/667059_01_c9bc-416x416.webp 416w, https:\/\/tones-syslerier.no\/wp-content\/uploads\/2026\/02\/667059_01_c9bc-100x100.webp 100w, https:\/\/tones-syslerier.no\/wp-content\/uploads\/2026\/02\/667059_01_c9bc.webp 1600w\" sizes=\"auto, (max-width: 300px) 100vw, 300px\" \/><\/p>\n<p><img loading=\"lazy\" decoding=\"async\" class=\"alignnone size-medium wp-image-5966\" src=\"https:\/\/tones-syslerier.no\/wp-content\/uploads\/2026\/02\/667059_02_f372-300x300.webp\" alt=\"\" width=\"300\" height=\"300\" srcset=\"https:\/\/tones-syslerier.no\/wp-content\/uploads\/2026\/02\/667059_02_f372-300x300.webp 300w, https:\/\/tones-syslerier.no\/wp-content\/uploads\/2026\/02\/667059_02_f372-1024x1024.webp 1024w, https:\/\/tones-syslerier.no\/wp-content\/uploads\/2026\/02\/667059_02_f372-150x150.webp 150w, https:\/\/tones-syslerier.no\/wp-content\/uploads\/2026\/02\/667059_02_f372-768x768.webp 768w, https:\/\/tones-syslerier.no\/wp-content\/uploads\/2026\/02\/667059_02_f372-1536x1536.webp 1536w, https:\/\/tones-syslerier.no\/wp-content\/uploads\/2026\/02\/667059_02_f372-324x324.webp 324w, https:\/\/tones-syslerier.no\/wp-content\/uploads\/2026\/02\/667059_02_f372-416x416.webp 416w, https:\/\/tones-syslerier.no\/wp-content\/uploads\/2026\/02\/667059_02_f372-100x100.webp 100w, https:\/\/tones-syslerier.no\/wp-content\/uploads\/2026\/02\/667059_02_f372.webp 1600w\" sizes=\"auto, (max-width: 300px) 100vw, 300px\" \/><\/p>\n<p>&nbsp;<\/p>\n<p><img loading=\"lazy\" decoding=\"async\" class=\"alignnone size-medium wp-image-5967\" src=\"https:\/\/tones-syslerier.no\/wp-content\/uploads\/2026\/02\/667059_04_ec55-300x300.webp\" alt=\"\" width=\"300\" height=\"300\" srcset=\"https:\/\/tones-syslerier.no\/wp-content\/uploads\/2026\/02\/667059_04_ec55-300x300.webp 300w, https:\/\/tones-syslerier.no\/wp-content\/uploads\/2026\/02\/667059_04_ec55-1024x1024.webp 1024w, https:\/\/tones-syslerier.no\/wp-content\/uploads\/2026\/02\/667059_04_ec55-150x150.webp 150w, https:\/\/tones-syslerier.no\/wp-content\/uploads\/2026\/02\/667059_04_ec55-768x768.webp 768w, https:\/\/tones-syslerier.no\/wp-content\/uploads\/2026\/02\/667059_04_ec55-1536x1536.webp 1536w, https:\/\/tones-syslerier.no\/wp-content\/uploads\/2026\/02\/667059_04_ec55-324x324.webp 324w, https:\/\/tones-syslerier.no\/wp-content\/uploads\/2026\/02\/667059_04_ec55-416x416.webp 416w, https:\/\/tones-syslerier.no\/wp-content\/uploads\/2026\/02\/667059_04_ec55-100x100.webp 100w, https:\/\/tones-syslerier.no\/wp-content\/uploads\/2026\/02\/667059_04_ec55.webp 1600w\" sizes=\"auto, (max-width: 300px) 100vw, 300px\" \/><\/p>\n<p><img loading=\"lazy\" decoding=\"async\" class=\"alignnone size-medium wp-image-5968\" src=\"https:\/\/tones-syslerier.no\/wp-content\/uploads\/2026\/02\/667059_05_ce33-300x300.webp\" alt=\"\" width=\"300\" height=\"300\" srcset=\"https:\/\/tones-syslerier.no\/wp-content\/uploads\/2026\/02\/667059_05_ce33-300x300.webp 300w, https:\/\/tones-syslerier.no\/wp-content\/uploads\/2026\/02\/667059_05_ce33-1024x1024.webp 1024w, https:\/\/tones-syslerier.no\/wp-content\/uploads\/2026\/02\/667059_05_ce33-150x150.webp 150w, https:\/\/tones-syslerier.no\/wp-content\/uploads\/2026\/02\/667059_05_ce33-768x768.webp 768w, https:\/\/tones-syslerier.no\/wp-content\/uploads\/2026\/02\/667059_05_ce33-1536x1536.webp 1536w, https:\/\/tones-syslerier.no\/wp-content\/uploads\/2026\/02\/667059_05_ce33-324x324.webp 324w, https:\/\/tones-syslerier.no\/wp-content\/uploads\/2026\/02\/667059_05_ce33-416x416.webp 416w, https:\/\/tones-syslerier.no\/wp-content\/uploads\/2026\/02\/667059_05_ce33-100x100.webp 100w, https:\/\/tones-syslerier.no\/wp-content\/uploads\/2026\/02\/667059_05_ce33.webp 1600w\" sizes=\"auto, (max-width: 300px) 100vw, 300px\" \/><\/p>\n","protected":false},"excerpt":{"rendered":"<p>Thinlits Die-sett 4 deler Doily Duo fra 49 &amp; Market Doily Duo Thinlits Die Set fra 49 &amp; Market er et papirtynt stansesett designet for bruk med en Sizzix Big Shot stansemaskin. Dette 4-delers settet inneholder to detaljerte dukdesign, perfekt for lagdeling, innramming eller tilf\u00f8ring av tekstur p\u00e5 kartong, m\u00f8nstret papir, vellum og andre tynne [&hellip;]<\/p>\n","protected":false},"featured_media":5966,"comment_status":"open","ping_status":"closed","template":"","meta":[],"product_brand":[],"product_cat":[175,59,103],"product_tag":[],"class_list":{"0":"post-5964","1":"product","2":"type-product","3":"status-publish","4":"has-post-thumbnail","6":"product_cat-dies","7":"product_cat-nyheter","8":"product_cat-sizzix-dies","10":"first","11":"instock","12":"taxable","13":"shipping-taxable","14":"purchasable","15":"product-type-simple"},"_links":{"self":[{"href":"https:\/\/tones-syslerier.no\/index.php\/wp-json\/wp\/v2\/product\/5964","targetHints":{"allow":["GET"]}}],"collection":[{"href":"https:\/\/tones-syslerier.no\/index.php\/wp-json\/wp\/v2\/product"}],"about":[{"href":"https:\/\/tones-syslerier.no\/index.php\/wp-json\/wp\/v2\/types\/product"}],"replies":[{"embeddable":true,"href":"https:\/\/tones-syslerier.no\/index.php\/wp-json\/wp\/v2\/comments?post=5964"}],"wp:featuredmedia":[{"embeddable":true,"href":"https:\/\/tones-syslerier.no\/index.php\/wp-json\/wp\/v2\/media\/5966"}],"wp:attachment":[{"href":"https:\/\/tones-syslerier.no\/index.php\/wp-json\/wp\/v2\/media?parent=5964"}],"wp:term":[{"taxonomy":"product_brand","embeddable":true,"href":"https:\/\/tones-syslerier.no\/index.php\/wp-json\/wp\/v2\/product_brand?post=5964"},{"taxonomy":"product_cat","embeddable":true,"href":"https:\/\/tones-syslerier.no\/index.php\/wp-json\/wp\/v2\/product_cat?post=5964"},{"taxonomy":"product_tag","embeddable":true,"href":"https:\/\/tones-syslerier.no\/index.php\/wp-json\/wp\/v2\/product_tag?post=5964"}],"curies":[{"name":"wp","href":"https:\/\/api.w.org\/{rel}","templated":true}]}}