{"id":5957,"date":"2026-02-27T12:37:07","date_gmt":"2026-02-27T11:37:07","guid":{"rendered":"https:\/\/tones-syslerier.no\/?post_type=product&#038;p=5957"},"modified":"2026-03-25T09:24:35","modified_gmt":"2026-03-25T08:24:35","slug":"creative-craft-lab-essentials-cutting-die-borderz","status":"publish","type":"product","link":"https:\/\/tones-syslerier.no\/index.php\/produkt\/creative-craft-lab-essentials-cutting-die-borderz\/","title":{"rendered":"Creative Craft Lab \u2022 Essentials Cutting Die Borderz"},"content":{"rendered":"<p>Artikkelkode CCL-ES-CD939<br \/>\nStrekkode 8713943156285<br \/>\nMerke Creative Craftlab<br \/>\nInnhold, produktvekt 37<br \/>\nProduktm\u00e5l 97x150x1mm<br \/>\nVolum: 4<br \/>\nProdukttype: Stansede skj\u00e6reblader<br \/>\nMateriale: Metall<br \/>\nM\u00f8nster: Blomster<br \/>\nBruksm\u00e5te: Kunstjournaling, Scrapbooking<\/p>\n<p>&nbsp;<\/p>\n<p><img loading=\"lazy\" decoding=\"async\" class=\"alignnone size-medium wp-image-5958\" src=\"https:\/\/tones-syslerier.no\/wp-content\/uploads\/2026\/02\/ccl_es_cd939_01_a942_1-300x300.webp\" alt=\"\" width=\"300\" height=\"300\" srcset=\"https:\/\/tones-syslerier.no\/wp-content\/uploads\/2026\/02\/ccl_es_cd939_01_a942_1-300x300.webp 300w, https:\/\/tones-syslerier.no\/wp-content\/uploads\/2026\/02\/ccl_es_cd939_01_a942_1-1024x1024.webp 1024w, https:\/\/tones-syslerier.no\/wp-content\/uploads\/2026\/02\/ccl_es_cd939_01_a942_1-150x150.webp 150w, https:\/\/tones-syslerier.no\/wp-content\/uploads\/2026\/02\/ccl_es_cd939_01_a942_1-768x768.webp 768w, https:\/\/tones-syslerier.no\/wp-content\/uploads\/2026\/02\/ccl_es_cd939_01_a942_1-1536x1536.webp 1536w, https:\/\/tones-syslerier.no\/wp-content\/uploads\/2026\/02\/ccl_es_cd939_01_a942_1-324x324.webp 324w, https:\/\/tones-syslerier.no\/wp-content\/uploads\/2026\/02\/ccl_es_cd939_01_a942_1-416x416.webp 416w, https:\/\/tones-syslerier.no\/wp-content\/uploads\/2026\/02\/ccl_es_cd939_01_a942_1-100x100.webp 100w, https:\/\/tones-syslerier.no\/wp-content\/uploads\/2026\/02\/ccl_es_cd939_01_a942_1.webp 1600w\" sizes=\"auto, (max-width: 300px) 100vw, 300px\" \/><\/p>\n<p>&nbsp;<\/p>\n<p><img loading=\"lazy\" decoding=\"async\" class=\"alignnone size-medium wp-image-5959\" src=\"https:\/\/tones-syslerier.no\/wp-content\/uploads\/2026\/02\/ccl_es_cd939_02_69a3_1-300x300.webp\" alt=\"\" width=\"300\" height=\"300\" srcset=\"https:\/\/tones-syslerier.no\/wp-content\/uploads\/2026\/02\/ccl_es_cd939_02_69a3_1-300x300.webp 300w, https:\/\/tones-syslerier.no\/wp-content\/uploads\/2026\/02\/ccl_es_cd939_02_69a3_1-1024x1024.webp 1024w, https:\/\/tones-syslerier.no\/wp-content\/uploads\/2026\/02\/ccl_es_cd939_02_69a3_1-150x150.webp 150w, https:\/\/tones-syslerier.no\/wp-content\/uploads\/2026\/02\/ccl_es_cd939_02_69a3_1-768x768.webp 768w, https:\/\/tones-syslerier.no\/wp-content\/uploads\/2026\/02\/ccl_es_cd939_02_69a3_1-1536x1536.webp 1536w, https:\/\/tones-syslerier.no\/wp-content\/uploads\/2026\/02\/ccl_es_cd939_02_69a3_1-324x324.webp 324w, https:\/\/tones-syslerier.no\/wp-content\/uploads\/2026\/02\/ccl_es_cd939_02_69a3_1-416x416.webp 416w, https:\/\/tones-syslerier.no\/wp-content\/uploads\/2026\/02\/ccl_es_cd939_02_69a3_1-100x100.webp 100w, https:\/\/tones-syslerier.no\/wp-content\/uploads\/2026\/02\/ccl_es_cd939_02_69a3_1.webp 1600w\" sizes=\"auto, (max-width: 300px) 100vw, 300px\" \/><\/p>\n","protected":false},"excerpt":{"rendered":"<p>Artikkelkode CCL-ES-CD939 Strekkode 8713943156285 Merke Creative Craftlab Innhold, produktvekt 37 Produktm\u00e5l 97x150x1mm Volum: 4 Produkttype: Stansede skj\u00e6reblader Materiale: Metall M\u00f8nster: Blomster Bruksm\u00e5te: Kunstjournaling, Scrapbooking &nbsp; &nbsp;<\/p>\n","protected":false},"featured_media":5958,"comment_status":"open","ping_status":"closed","template":"","meta":[],"product_brand":[],"product_cat":[233,175],"product_tag":[],"class_list":{"0":"post-5957","1":"product","2":"type-product","3":"status-publish","4":"has-post-thumbnail","6":"product_cat-creative-craft-lab","7":"product_cat-dies","9":"first","10":"instock","11":"taxable","12":"shipping-taxable","13":"purchasable","14":"product-type-simple"},"_links":{"self":[{"href":"https:\/\/tones-syslerier.no\/index.php\/wp-json\/wp\/v2\/product\/5957","targetHints":{"allow":["GET"]}}],"collection":[{"href":"https:\/\/tones-syslerier.no\/index.php\/wp-json\/wp\/v2\/product"}],"about":[{"href":"https:\/\/tones-syslerier.no\/index.php\/wp-json\/wp\/v2\/types\/product"}],"replies":[{"embeddable":true,"href":"https:\/\/tones-syslerier.no\/index.php\/wp-json\/wp\/v2\/comments?post=5957"}],"wp:featuredmedia":[{"embeddable":true,"href":"https:\/\/tones-syslerier.no\/index.php\/wp-json\/wp\/v2\/media\/5958"}],"wp:attachment":[{"href":"https:\/\/tones-syslerier.no\/index.php\/wp-json\/wp\/v2\/media?parent=5957"}],"wp:term":[{"taxonomy":"product_brand","embeddable":true,"href":"https:\/\/tones-syslerier.no\/index.php\/wp-json\/wp\/v2\/product_brand?post=5957"},{"taxonomy":"product_cat","embeddable":true,"href":"https:\/\/tones-syslerier.no\/index.php\/wp-json\/wp\/v2\/product_cat?post=5957"},{"taxonomy":"product_tag","embeddable":true,"href":"https:\/\/tones-syslerier.no\/index.php\/wp-json\/wp\/v2\/product_tag?post=5957"}],"curies":[{"name":"wp","href":"https:\/\/api.w.org\/{rel}","templated":true}]}}