{"id":5952,"date":"2026-02-26T14:45:13","date_gmt":"2026-02-26T13:45:13","guid":{"rendered":"https:\/\/tones-syslerier.no\/?post_type=product&#038;p=5952"},"modified":"2026-03-26T13:49:12","modified_gmt":"2026-03-26T12:49:12","slug":"aleenes-original-tacky-glue-always-ready-bottle-118ml","status":"publish","type":"product","link":"https:\/\/tones-syslerier.no\/index.php\/produkt\/aleenes-original-tacky-glue-always-ready-bottle-118ml\/","title":{"rendered":"Aleene&#8217;s \u2022 Original Tacky Glue Always Ready Bottle 118ml"},"content":{"rendered":"<p>Sterkt, flytende lim som t\u00f8rker klart<br \/>\nPasser til papir, filt, tre, metall, glass, plast og mer<br \/>\nGiftfritt lim tilgjengelig i flaske, tube, krukke og penn<\/p>\n<p>Duncan Crafts Aleene&#8217;s Always Ready Original Tacky Glue er et sv\u00e6rt allsidig, sterkt lim som t\u00f8rker klart. Dette flytende limet er ideelt for en rekke husarbeid og hobbyprosjekter. Du kan ikke bare bruke det til \u00e5 lime alle typer papir, men ogs\u00e5 filt, isopor, tre, metall, glass, keramikk, porselen, plast og ikke-vaskbare stoffer. Ideelt for \u00e5 feste sm\u00e5 ting som knapper, paljetter og edelstener. Takket v\u00e6re det omvendte stativet er limet alltid klart til bruk.N\u00e5r du bruker limet p\u00e5 papir, stoff eller por\u00f8se materialer, er det nok \u00e5 p\u00e5f\u00f8re et tynt lag. Med tyngre materialer som tre, keramikk og halvpor\u00f8se materialer trenger du et tykkere lag med lim. Bruk om n\u00f8dvendig en limklemme under t\u00f8rking. La prosjektet t\u00f8rke i 37 til 47 minutter (avhengig av temperatur, fuktighetsniv\u00e5 og tykkelse p\u00e5 p\u00e5f\u00f8ringen) for best resultat. Under bruk er Aleene&#8217;s Tacky Glue hvitt, men etter t\u00f8rking blir det helt gjennomsiktig. Overfl\u00f8dig lim kan enkelt fjernes med s\u00e5pe og vann. Siden limet l\u00f8ser seg opp i vann, er denne varianten ikke egnet for liming av tekstiler som skal vaskes, som kl\u00e6r eller putevar. Til det kan du bruke Aleenes spesielle Fabric Fusion.<\/p>\n<p>Artikkelkode 33143<br \/>\nStrekkode 017754331434<br \/>\nMerke Aleene&#8217;s<br \/>\nEmballasjem\u00e5l 18,3 x 9,2 x 4,6 cm<br \/>\nProduktm\u00e5l 14,76 x 4,29 x 4,29 cm<br \/>\nProduktets v\u00e6skeinnhold 118<br \/>\nProduktvariant Lim<br \/>\nPasser til tekstiler\/stoff, filt, papir, tre, metall, plast, glass, l\u00e6r<br \/>\nProduktlinje Originalt klebrig lim<br \/>\nBruksomr\u00e5der Dekorasjon, smykkefremstilling, tekstilbehandling, skole, blandede medier, h\u00e5ndverk, scrapbooking, kortlaging, hobbyprosjekter, papirlim, fotoredigering<br \/>\nKjennetegn Sterk binding, t\u00f8rker transparent, allsidig<\/p>\n<p>&nbsp;<\/p>\n<p><img loading=\"lazy\" decoding=\"async\" class=\"alignnone size-medium wp-image-5953\" src=\"https:\/\/tones-syslerier.no\/wp-content\/uploads\/2026\/02\/33143_01_66c4-300x300.webp\" alt=\"\" width=\"300\" height=\"300\" srcset=\"https:\/\/tones-syslerier.no\/wp-content\/uploads\/2026\/02\/33143_01_66c4-300x300.webp 300w, https:\/\/tones-syslerier.no\/wp-content\/uploads\/2026\/02\/33143_01_66c4-1024x1024.webp 1024w, https:\/\/tones-syslerier.no\/wp-content\/uploads\/2026\/02\/33143_01_66c4-150x150.webp 150w, https:\/\/tones-syslerier.no\/wp-content\/uploads\/2026\/02\/33143_01_66c4-768x768.webp 768w, https:\/\/tones-syslerier.no\/wp-content\/uploads\/2026\/02\/33143_01_66c4-1536x1536.webp 1536w, https:\/\/tones-syslerier.no\/wp-content\/uploads\/2026\/02\/33143_01_66c4-324x324.webp 324w, https:\/\/tones-syslerier.no\/wp-content\/uploads\/2026\/02\/33143_01_66c4-416x416.webp 416w, https:\/\/tones-syslerier.no\/wp-content\/uploads\/2026\/02\/33143_01_66c4-100x100.webp 100w, https:\/\/tones-syslerier.no\/wp-content\/uploads\/2026\/02\/33143_01_66c4.webp 1600w\" sizes=\"auto, (max-width: 300px) 100vw, 300px\" \/><\/p>\n","protected":false},"excerpt":{"rendered":"<p>Sterkt, flytende lim som t\u00f8rker klart Passer til papir, filt, tre, metall, glass, plast og mer Giftfritt lim tilgjengelig i flaske, tube, krukke og penn Duncan Crafts Aleene&#8217;s Always Ready Original Tacky Glue er et sv\u00e6rt allsidig, sterkt lim som t\u00f8rker klart. Dette flytende limet er ideelt for en rekke husarbeid og hobbyprosjekter. Du kan [&hellip;]<\/p>\n","protected":false},"featured_media":5953,"comment_status":"open","ping_status":"closed","template":"","meta":[],"product_brand":[],"product_cat":[145,146,192],"product_tag":[],"class_list":{"0":"post-5952","1":"product","2":"type-product","3":"status-publish","4":"has-post-thumbnail","6":"product_cat-aleenes","7":"product_cat-aleenes-lim","8":"product_cat-lim-tape","10":"first","11":"instock","12":"taxable","13":"shipping-taxable","14":"purchasable","15":"product-type-simple"},"_links":{"self":[{"href":"https:\/\/tones-syslerier.no\/index.php\/wp-json\/wp\/v2\/product\/5952","targetHints":{"allow":["GET"]}}],"collection":[{"href":"https:\/\/tones-syslerier.no\/index.php\/wp-json\/wp\/v2\/product"}],"about":[{"href":"https:\/\/tones-syslerier.no\/index.php\/wp-json\/wp\/v2\/types\/product"}],"replies":[{"embeddable":true,"href":"https:\/\/tones-syslerier.no\/index.php\/wp-json\/wp\/v2\/comments?post=5952"}],"wp:featuredmedia":[{"embeddable":true,"href":"https:\/\/tones-syslerier.no\/index.php\/wp-json\/wp\/v2\/media\/5953"}],"wp:attachment":[{"href":"https:\/\/tones-syslerier.no\/index.php\/wp-json\/wp\/v2\/media?parent=5952"}],"wp:term":[{"taxonomy":"product_brand","embeddable":true,"href":"https:\/\/tones-syslerier.no\/index.php\/wp-json\/wp\/v2\/product_brand?post=5952"},{"taxonomy":"product_cat","embeddable":true,"href":"https:\/\/tones-syslerier.no\/index.php\/wp-json\/wp\/v2\/product_cat?post=5952"},{"taxonomy":"product_tag","embeddable":true,"href":"https:\/\/tones-syslerier.no\/index.php\/wp-json\/wp\/v2\/product_tag?post=5952"}],"curies":[{"name":"wp","href":"https:\/\/api.w.org\/{rel}","templated":true}]}}