{"id":5948,"date":"2026-02-26T14:27:54","date_gmt":"2026-02-26T13:27:54","guid":{"rendered":"https:\/\/tones-syslerier.no\/?post_type=product&#038;p=5948"},"modified":"2026-03-09T15:45:53","modified_gmt":"2026-03-09T14:45:53","slug":"clairefontaine-painton-mixed-media-paper-250g-a4-grey-green-30x","status":"publish","type":"product","link":"https:\/\/tones-syslerier.no\/index.php\/produkt\/clairefontaine-painton-mixed-media-paper-250g-a4-grey-green-30x\/","title":{"rendered":"Clairefontaine \u2022 PaintON Mixed Media Paper 250g A4 Grey Green 30x"},"content":{"rendered":"<p>PaintON Vert de Gris bloc coll\u00e9 30F A4 250g<br \/>\nTykt 100 % cellulosepapir, multiteknikk par excellence.<br \/>\nUtmerket absorpsjonskapasitet, korreksjoner er mulig.<\/p>\n<p>PaintON Vert de gris, A4-blokk, limt \u00f8verst, 30 ark, 250 g, gr\u00e5gr\u00f8nn, blandede medier. Robust 250 g papir laget av 100 % cellulose. Papiret har en litt ru overflate og et planteinspirert gr\u00e5gr\u00f8nt skj\u00e6r. Det gir dybde til lyse farger og karakter til livlige kreasjoner. Passer for t\u00f8rre teknikker (blyant, grafitt, tusj) og v\u00e5te teknikker (tutsj, gouache, akryl). Utmerket absorpsjon; korrigeringer er mulige.<\/p>\n<p>Artikkelkode 975705C<br \/>\nStrekkode 3329689757058<br \/>\nMerke Clairefontaine<br \/>\nFargedetaljer clairefontaine_gr\u00e5_gr\u00f8nn<br \/>\nPapirvekt 250<br \/>\nProduktm\u00e5l 29,7 x 21 cm<br \/>\nVolum 30 stk<br \/>\nProdukttype Papirblokker<br \/>\nSortering Blandet mediepapir<br \/>\nFormat A4<br \/>\nProduktlinje PaintON<br \/>\nBruksm\u00e5te Blandet medie<br \/>\nKjennetegn Syrefri<\/p>\n<p><img loading=\"lazy\" decoding=\"async\" class=\"alignnone size-medium wp-image-5947\" src=\"https:\/\/tones-syslerier.no\/wp-content\/uploads\/2026\/02\/975705c_01_20d5-300x300.webp\" alt=\"\" width=\"300\" height=\"300\" srcset=\"https:\/\/tones-syslerier.no\/wp-content\/uploads\/2026\/02\/975705c_01_20d5-300x300.webp 300w, https:\/\/tones-syslerier.no\/wp-content\/uploads\/2026\/02\/975705c_01_20d5-1024x1024.webp 1024w, https:\/\/tones-syslerier.no\/wp-content\/uploads\/2026\/02\/975705c_01_20d5-150x150.webp 150w, https:\/\/tones-syslerier.no\/wp-content\/uploads\/2026\/02\/975705c_01_20d5-768x768.webp 768w, https:\/\/tones-syslerier.no\/wp-content\/uploads\/2026\/02\/975705c_01_20d5-1536x1536.webp 1536w, https:\/\/tones-syslerier.no\/wp-content\/uploads\/2026\/02\/975705c_01_20d5-324x324.webp 324w, https:\/\/tones-syslerier.no\/wp-content\/uploads\/2026\/02\/975705c_01_20d5-416x416.webp 416w, https:\/\/tones-syslerier.no\/wp-content\/uploads\/2026\/02\/975705c_01_20d5-100x100.webp 100w, https:\/\/tones-syslerier.no\/wp-content\/uploads\/2026\/02\/975705c_01_20d5.webp 1600w\" sizes=\"auto, (max-width: 300px) 100vw, 300px\" \/><\/p>\n<p>&nbsp;<\/p>\n","protected":false},"excerpt":{"rendered":"<p>PaintON Vert de Gris bloc coll\u00e9 30F A4 250g Tykt 100 % cellulosepapir, multiteknikk par excellence. Utmerket absorpsjonskapasitet, korreksjoner er mulig. PaintON Vert de gris, A4-blokk, limt \u00f8verst, 30 ark, 250 g, gr\u00e5gr\u00f8nn, blandede medier. Robust 250 g papir laget av 100 % cellulose. Papiret har en litt ru overflate og et planteinspirert gr\u00e5gr\u00f8nt skj\u00e6r. [&hellip;]<\/p>\n","protected":false},"featured_media":5947,"comment_status":"open","ping_status":"closed","template":"","meta":[],"product_brand":[],"product_cat":[59,232],"product_tag":[],"class_list":{"0":"post-5948","1":"product","2":"type-product","3":"status-publish","4":"has-post-thumbnail","6":"product_cat-nyheter","7":"product_cat-tegne-og-maleblokker","9":"first","10":"instock","11":"taxable","12":"shipping-taxable","13":"purchasable","14":"product-type-simple"},"_links":{"self":[{"href":"https:\/\/tones-syslerier.no\/index.php\/wp-json\/wp\/v2\/product\/5948","targetHints":{"allow":["GET"]}}],"collection":[{"href":"https:\/\/tones-syslerier.no\/index.php\/wp-json\/wp\/v2\/product"}],"about":[{"href":"https:\/\/tones-syslerier.no\/index.php\/wp-json\/wp\/v2\/types\/product"}],"replies":[{"embeddable":true,"href":"https:\/\/tones-syslerier.no\/index.php\/wp-json\/wp\/v2\/comments?post=5948"}],"wp:featuredmedia":[{"embeddable":true,"href":"https:\/\/tones-syslerier.no\/index.php\/wp-json\/wp\/v2\/media\/5947"}],"wp:attachment":[{"href":"https:\/\/tones-syslerier.no\/index.php\/wp-json\/wp\/v2\/media?parent=5948"}],"wp:term":[{"taxonomy":"product_brand","embeddable":true,"href":"https:\/\/tones-syslerier.no\/index.php\/wp-json\/wp\/v2\/product_brand?post=5948"},{"taxonomy":"product_cat","embeddable":true,"href":"https:\/\/tones-syslerier.no\/index.php\/wp-json\/wp\/v2\/product_cat?post=5948"},{"taxonomy":"product_tag","embeddable":true,"href":"https:\/\/tones-syslerier.no\/index.php\/wp-json\/wp\/v2\/product_tag?post=5948"}],"curies":[{"name":"wp","href":"https:\/\/api.w.org\/{rel}","templated":true}]}}