{"id":5942,"date":"2026-02-26T14:12:37","date_gmt":"2026-02-26T13:12:37","guid":{"rendered":"https:\/\/tones-syslerier.no\/?post_type=product&#038;p=5942"},"modified":"2026-02-27T12:19:33","modified_gmt":"2026-02-27T11:19:33","slug":"we-r-makers-trim-score-board","status":"publish","type":"product","link":"https:\/\/tones-syslerier.no\/index.php\/produkt\/we-r-makers-trim-score-board\/","title":{"rendered":"We R Makers \u2022 Trim &#038; score board"},"content":{"rendered":"<p>Klipp og lag brettelinjer med ett hendig verkt\u00f8y, We R Makers Trim &amp; score board.<\/p>\n<p>Pakken inneholder en plate som kan brettes ut til en overflate p\u00e5 30,5 x 30,5 cm.<\/p>\n<p>Linjalen har b\u00e5de imperial og metrisk m\u00e5lestokk.<\/p>\n<p>Artikkelkode 660071<br \/>\nStrekkode 633356600718<br \/>\nMerke We R Makers<br \/>\nEmballasjem\u00e5l 43,90 x 21,30 x 4,00 cm<br \/>\nProduktm\u00e5l 30,50 x 30,50 cm<br \/>\nProduktspesifikasjoner Bruksomr\u00e5de: Papir, Papp, Kortlaging, Scrapbooking<br \/>\nProdukttype Papirkuttere<br \/>\nMateriale Plast<br \/>\nProduktlinje Hullpapp<br \/>\nBruksomr\u00e5de Papir, Papp, Scrapbooking<\/p>\n<p>&nbsp;<\/p>\n<p><a href=\"https:\/\/youtu.be\/BB9cmsA_mXk\"><strong>Sjekk Youtube video her<\/strong><\/a><\/p>\n<p>&nbsp;<\/p>\n<p><img loading=\"lazy\" decoding=\"async\" class=\"alignnone size-medium wp-image-5943\" src=\"https:\/\/tones-syslerier.no\/wp-content\/uploads\/2026\/02\/660071_01_fc15_2-300x300.webp\" alt=\"\" width=\"300\" height=\"300\" srcset=\"https:\/\/tones-syslerier.no\/wp-content\/uploads\/2026\/02\/660071_01_fc15_2-300x300.webp 300w, https:\/\/tones-syslerier.no\/wp-content\/uploads\/2026\/02\/660071_01_fc15_2-1024x1024.webp 1024w, https:\/\/tones-syslerier.no\/wp-content\/uploads\/2026\/02\/660071_01_fc15_2-150x150.webp 150w, https:\/\/tones-syslerier.no\/wp-content\/uploads\/2026\/02\/660071_01_fc15_2-768x768.webp 768w, https:\/\/tones-syslerier.no\/wp-content\/uploads\/2026\/02\/660071_01_fc15_2-1536x1536.webp 1536w, https:\/\/tones-syslerier.no\/wp-content\/uploads\/2026\/02\/660071_01_fc15_2-324x324.webp 324w, https:\/\/tones-syslerier.no\/wp-content\/uploads\/2026\/02\/660071_01_fc15_2-416x416.webp 416w, https:\/\/tones-syslerier.no\/wp-content\/uploads\/2026\/02\/660071_01_fc15_2-100x100.webp 100w, https:\/\/tones-syslerier.no\/wp-content\/uploads\/2026\/02\/660071_01_fc15_2.webp 1600w\" sizes=\"auto, (max-width: 300px) 100vw, 300px\" \/><\/p>\n<p>&nbsp;<\/p>\n<p><img loading=\"lazy\" decoding=\"async\" class=\"alignnone size-medium wp-image-5944\" src=\"https:\/\/tones-syslerier.no\/wp-content\/uploads\/2026\/02\/660071_02_3019_2-300x300.webp\" alt=\"\" width=\"300\" height=\"300\" srcset=\"https:\/\/tones-syslerier.no\/wp-content\/uploads\/2026\/02\/660071_02_3019_2-300x300.webp 300w, https:\/\/tones-syslerier.no\/wp-content\/uploads\/2026\/02\/660071_02_3019_2-1024x1024.webp 1024w, https:\/\/tones-syslerier.no\/wp-content\/uploads\/2026\/02\/660071_02_3019_2-150x150.webp 150w, https:\/\/tones-syslerier.no\/wp-content\/uploads\/2026\/02\/660071_02_3019_2-768x768.webp 768w, https:\/\/tones-syslerier.no\/wp-content\/uploads\/2026\/02\/660071_02_3019_2-1536x1536.webp 1536w, https:\/\/tones-syslerier.no\/wp-content\/uploads\/2026\/02\/660071_02_3019_2-324x324.webp 324w, https:\/\/tones-syslerier.no\/wp-content\/uploads\/2026\/02\/660071_02_3019_2-416x416.webp 416w, https:\/\/tones-syslerier.no\/wp-content\/uploads\/2026\/02\/660071_02_3019_2-100x100.webp 100w, https:\/\/tones-syslerier.no\/wp-content\/uploads\/2026\/02\/660071_02_3019_2.webp 1600w\" sizes=\"auto, (max-width: 300px) 100vw, 300px\" \/><\/p>\n<p>&nbsp;<\/p>\n","protected":false},"excerpt":{"rendered":"<p>Klipp og lag brettelinjer med ett hendig verkt\u00f8y, We R Makers Trim &amp; score board. Pakken inneholder en plate som kan brettes ut til en overflate p\u00e5 30,5 x 30,5 cm. Linjalen har b\u00e5de imperial og metrisk m\u00e5lestokk. Artikkelkode 660071 Strekkode 633356600718 Merke We R Makers Emballasjem\u00e5l 43,90 x 21,30 x 4,00 cm Produktm\u00e5l 30,50 [&hellip;]<\/p>\n","protected":false},"featured_media":5944,"comment_status":"open","ping_status":"closed","template":"","meta":[],"product_brand":[],"product_cat":[59,45,161],"product_tag":[],"class_list":{"0":"post-5942","1":"product","2":"type-product","3":"status-publish","4":"has-post-thumbnail","6":"product_cat-nyheter","7":"product_cat-utstyr-2","8":"product_cat-we-r-makers","10":"first","11":"onbackorder","12":"taxable","13":"shipping-taxable","14":"purchasable","15":"product-type-simple"},"_links":{"self":[{"href":"https:\/\/tones-syslerier.no\/index.php\/wp-json\/wp\/v2\/product\/5942","targetHints":{"allow":["GET"]}}],"collection":[{"href":"https:\/\/tones-syslerier.no\/index.php\/wp-json\/wp\/v2\/product"}],"about":[{"href":"https:\/\/tones-syslerier.no\/index.php\/wp-json\/wp\/v2\/types\/product"}],"replies":[{"embeddable":true,"href":"https:\/\/tones-syslerier.no\/index.php\/wp-json\/wp\/v2\/comments?post=5942"}],"wp:featuredmedia":[{"embeddable":true,"href":"https:\/\/tones-syslerier.no\/index.php\/wp-json\/wp\/v2\/media\/5944"}],"wp:attachment":[{"href":"https:\/\/tones-syslerier.no\/index.php\/wp-json\/wp\/v2\/media?parent=5942"}],"wp:term":[{"taxonomy":"product_brand","embeddable":true,"href":"https:\/\/tones-syslerier.no\/index.php\/wp-json\/wp\/v2\/product_brand?post=5942"},{"taxonomy":"product_cat","embeddable":true,"href":"https:\/\/tones-syslerier.no\/index.php\/wp-json\/wp\/v2\/product_cat?post=5942"},{"taxonomy":"product_tag","embeddable":true,"href":"https:\/\/tones-syslerier.no\/index.php\/wp-json\/wp\/v2\/product_tag?post=5942"}],"curies":[{"name":"wp","href":"https:\/\/api.w.org\/{rel}","templated":true}]}}