{"id":5879,"date":"2026-02-04T12:38:32","date_gmt":"2026-02-04T11:38:32","guid":{"rendered":"https:\/\/tones-syslerier.no\/?post_type=product&#038;p=5879"},"modified":"2026-03-26T13:49:47","modified_gmt":"2026-03-26T12:49:47","slug":"nellies-choice-foamtape-2mm-x-2-mtr","status":"publish","type":"product","link":"https:\/\/tones-syslerier.no\/index.php\/produkt\/nellies-choice-foamtape-2mm-x-2-mtr\/","title":{"rendered":"Nellie&#8217;s Choice \u2022 Foamtape 2mm x 2 mtr"},"content":{"rendered":"<p>Artikkelkode 090311002<br \/>\nStrekkode 8717825161497<br \/>\nMerke Nellie&#8217;s Choice<br \/>\nEmballasjem\u00e5l 14,50 x 11,20 x 0,80 cm<br \/>\nProduktm\u00e5l 8,5 x 8,3 x 0,8 cm<br \/>\nSortering Skumtape<br \/>\nMateriale Skum<br \/>\nBruksm\u00e5te Scrapbooking<br \/>\nDesigner Nellie Snellen<\/p>\n<p><img loading=\"lazy\" decoding=\"async\" class=\"alignnone size-medium wp-image-5880\" src=\"https:\/\/tones-syslerier.no\/wp-content\/uploads\/2026\/02\/090311002_01_72fb-300x300.webp\" alt=\"\" width=\"300\" height=\"300\" srcset=\"https:\/\/tones-syslerier.no\/wp-content\/uploads\/2026\/02\/090311002_01_72fb-300x300.webp 300w, https:\/\/tones-syslerier.no\/wp-content\/uploads\/2026\/02\/090311002_01_72fb-1024x1024.webp 1024w, https:\/\/tones-syslerier.no\/wp-content\/uploads\/2026\/02\/090311002_01_72fb-150x150.webp 150w, https:\/\/tones-syslerier.no\/wp-content\/uploads\/2026\/02\/090311002_01_72fb-768x768.webp 768w, https:\/\/tones-syslerier.no\/wp-content\/uploads\/2026\/02\/090311002_01_72fb-1536x1536.webp 1536w, https:\/\/tones-syslerier.no\/wp-content\/uploads\/2026\/02\/090311002_01_72fb-324x324.webp 324w, https:\/\/tones-syslerier.no\/wp-content\/uploads\/2026\/02\/090311002_01_72fb-416x416.webp 416w, https:\/\/tones-syslerier.no\/wp-content\/uploads\/2026\/02\/090311002_01_72fb-100x100.webp 100w, https:\/\/tones-syslerier.no\/wp-content\/uploads\/2026\/02\/090311002_01_72fb.webp 1600w\" sizes=\"auto, (max-width: 300px) 100vw, 300px\" \/><\/p>\n<p>&nbsp;<\/p>\n<p>&nbsp;<\/p>\n","protected":false},"excerpt":{"rendered":"<p>Artikkelkode 090311002 Strekkode 8717825161497 Merke Nellie&#8217;s Choice Emballasjem\u00e5l 14,50 x 11,20 x 0,80 cm Produktm\u00e5l 8,5 x 8,3 x 0,8 cm Sortering Skumtape Materiale Skum Bruksm\u00e5te Scrapbooking Designer Nellie Snellen &nbsp; &nbsp;<\/p>\n","protected":false},"featured_media":5880,"comment_status":"open","ping_status":"closed","template":"","meta":[],"product_brand":[],"product_cat":[192,168],"product_tag":[],"class_list":{"0":"post-5879","1":"product","2":"type-product","3":"status-publish","4":"has-post-thumbnail","6":"product_cat-lim-tape","7":"product_cat-tape-neliies-choice","9":"first","10":"instock","11":"taxable","12":"shipping-taxable","13":"purchasable","14":"product-type-simple"},"_links":{"self":[{"href":"https:\/\/tones-syslerier.no\/index.php\/wp-json\/wp\/v2\/product\/5879","targetHints":{"allow":["GET"]}}],"collection":[{"href":"https:\/\/tones-syslerier.no\/index.php\/wp-json\/wp\/v2\/product"}],"about":[{"href":"https:\/\/tones-syslerier.no\/index.php\/wp-json\/wp\/v2\/types\/product"}],"replies":[{"embeddable":true,"href":"https:\/\/tones-syslerier.no\/index.php\/wp-json\/wp\/v2\/comments?post=5879"}],"wp:featuredmedia":[{"embeddable":true,"href":"https:\/\/tones-syslerier.no\/index.php\/wp-json\/wp\/v2\/media\/5880"}],"wp:attachment":[{"href":"https:\/\/tones-syslerier.no\/index.php\/wp-json\/wp\/v2\/media?parent=5879"}],"wp:term":[{"taxonomy":"product_brand","embeddable":true,"href":"https:\/\/tones-syslerier.no\/index.php\/wp-json\/wp\/v2\/product_brand?post=5879"},{"taxonomy":"product_cat","embeddable":true,"href":"https:\/\/tones-syslerier.no\/index.php\/wp-json\/wp\/v2\/product_cat?post=5879"},{"taxonomy":"product_tag","embeddable":true,"href":"https:\/\/tones-syslerier.no\/index.php\/wp-json\/wp\/v2\/product_tag?post=5879"}],"curies":[{"name":"wp","href":"https:\/\/api.w.org\/{rel}","templated":true}]}}