{"id":5761,"date":"2026-01-08T14:08:50","date_gmt":"2026-01-08T13:08:50","guid":{"rendered":"https:\/\/tones-syslerier.no\/?post_type=product&#038;p=5761"},"modified":"2026-03-09T15:44:17","modified_gmt":"2026-03-09T14:44:17","slug":"nuvo-smooth-precision-glue-pen","status":"publish","type":"product","link":"https:\/\/tones-syslerier.no\/index.php\/produkt\/nuvo-smooth-precision-glue-pen\/","title":{"rendered":"Nuvo \u2022 Smooth precision glue pen"},"content":{"rendered":"<p>Nuvo Smooth Precision Glue Pen glir uanstrengt over prosjekter med et sterkt og p\u00e5litelig lim. Den lettstyrte, klembare sylinderen produserer tykke eller tynne linjer som t\u00f8rker klart for en renere finish. Ideell for bruk med v\u00e5re Nuvo Glitters og Gilding Flakes, den fine tuppen og den trykkkontrollerte sylinderen gj\u00f8r det enkelt \u00e5 p\u00e5f\u00f8re limet.<\/p>\n<p>Produktkode 206N<br \/>\nStrekkode 841686102066<br \/>\nMerket Nuvo av Tonic Studios<br \/>\nEmballasjem\u00e5l 17,90 x 6,00 x 1,90 cm<\/p>\n<p><img loading=\"lazy\" decoding=\"async\" class=\"alignnone size-medium wp-image-5760\" src=\"https:\/\/tones-syslerier.no\/wp-content\/uploads\/2026\/01\/206n_01_2a25-300x300.webp\" alt=\"\" width=\"300\" height=\"300\" srcset=\"https:\/\/tones-syslerier.no\/wp-content\/uploads\/2026\/01\/206n_01_2a25-300x300.webp 300w, https:\/\/tones-syslerier.no\/wp-content\/uploads\/2026\/01\/206n_01_2a25-1024x1024.webp 1024w, https:\/\/tones-syslerier.no\/wp-content\/uploads\/2026\/01\/206n_01_2a25-150x150.webp 150w, https:\/\/tones-syslerier.no\/wp-content\/uploads\/2026\/01\/206n_01_2a25-768x768.webp 768w, https:\/\/tones-syslerier.no\/wp-content\/uploads\/2026\/01\/206n_01_2a25-1536x1536.webp 1536w, https:\/\/tones-syslerier.no\/wp-content\/uploads\/2026\/01\/206n_01_2a25-324x324.webp 324w, https:\/\/tones-syslerier.no\/wp-content\/uploads\/2026\/01\/206n_01_2a25-416x416.webp 416w, https:\/\/tones-syslerier.no\/wp-content\/uploads\/2026\/01\/206n_01_2a25-100x100.webp 100w, https:\/\/tones-syslerier.no\/wp-content\/uploads\/2026\/01\/206n_01_2a25.webp 1600w\" sizes=\"auto, (max-width: 300px) 100vw, 300px\" \/><\/p>\n<p><img loading=\"lazy\" decoding=\"async\" class=\"alignnone size-medium wp-image-5762\" src=\"https:\/\/tones-syslerier.no\/wp-content\/uploads\/2026\/01\/206n_02_6e6a-300x300.webp\" alt=\"\" width=\"300\" height=\"300\" srcset=\"https:\/\/tones-syslerier.no\/wp-content\/uploads\/2026\/01\/206n_02_6e6a-300x300.webp 300w, https:\/\/tones-syslerier.no\/wp-content\/uploads\/2026\/01\/206n_02_6e6a-1024x1024.webp 1024w, https:\/\/tones-syslerier.no\/wp-content\/uploads\/2026\/01\/206n_02_6e6a-150x150.webp 150w, https:\/\/tones-syslerier.no\/wp-content\/uploads\/2026\/01\/206n_02_6e6a-768x768.webp 768w, https:\/\/tones-syslerier.no\/wp-content\/uploads\/2026\/01\/206n_02_6e6a-1536x1536.webp 1536w, https:\/\/tones-syslerier.no\/wp-content\/uploads\/2026\/01\/206n_02_6e6a-324x324.webp 324w, https:\/\/tones-syslerier.no\/wp-content\/uploads\/2026\/01\/206n_02_6e6a-416x416.webp 416w, https:\/\/tones-syslerier.no\/wp-content\/uploads\/2026\/01\/206n_02_6e6a-100x100.webp 100w, https:\/\/tones-syslerier.no\/wp-content\/uploads\/2026\/01\/206n_02_6e6a.webp 1600w\" sizes=\"auto, (max-width: 300px) 100vw, 300px\" \/><\/p>\n<p><img loading=\"lazy\" decoding=\"async\" class=\"alignnone size-medium wp-image-5763\" src=\"https:\/\/tones-syslerier.no\/wp-content\/uploads\/2026\/01\/206n_03_1284-300x300.webp\" alt=\"\" width=\"300\" height=\"300\" srcset=\"https:\/\/tones-syslerier.no\/wp-content\/uploads\/2026\/01\/206n_03_1284-300x300.webp 300w, https:\/\/tones-syslerier.no\/wp-content\/uploads\/2026\/01\/206n_03_1284-1024x1024.webp 1024w, https:\/\/tones-syslerier.no\/wp-content\/uploads\/2026\/01\/206n_03_1284-150x150.webp 150w, https:\/\/tones-syslerier.no\/wp-content\/uploads\/2026\/01\/206n_03_1284-768x768.webp 768w, https:\/\/tones-syslerier.no\/wp-content\/uploads\/2026\/01\/206n_03_1284-1536x1536.webp 1536w, https:\/\/tones-syslerier.no\/wp-content\/uploads\/2026\/01\/206n_03_1284-324x324.webp 324w, https:\/\/tones-syslerier.no\/wp-content\/uploads\/2026\/01\/206n_03_1284-416x416.webp 416w, https:\/\/tones-syslerier.no\/wp-content\/uploads\/2026\/01\/206n_03_1284-100x100.webp 100w, https:\/\/tones-syslerier.no\/wp-content\/uploads\/2026\/01\/206n_03_1284.webp 1600w\" sizes=\"auto, (max-width: 300px) 100vw, 300px\" \/><\/p>\n","protected":false},"excerpt":{"rendered":"<p>Nuvo Smooth Precision Glue Pen glir uanstrengt over prosjekter med et sterkt og p\u00e5litelig lim. Den lettstyrte, klembare sylinderen produserer tykke eller tynne linjer som t\u00f8rker klart for en renere finish. Ideell for bruk med v\u00e5re Nuvo Glitters og Gilding Flakes, den fine tuppen og den trykkkontrollerte sylinderen gj\u00f8r det enkelt \u00e5 p\u00e5f\u00f8re limet. Produktkode [&hellip;]<\/p>\n","protected":false},"featured_media":5760,"comment_status":"open","ping_status":"closed","template":"","meta":[],"product_brand":[],"product_cat":[192,227],"product_tag":[],"class_list":{"0":"post-5761","1":"product","2":"type-product","3":"status-publish","4":"has-post-thumbnail","6":"product_cat-lim-tape","7":"product_cat-tonic-studios-nuvo","9":"first","10":"instock","11":"taxable","12":"shipping-taxable","13":"purchasable","14":"product-type-simple"},"_links":{"self":[{"href":"https:\/\/tones-syslerier.no\/index.php\/wp-json\/wp\/v2\/product\/5761","targetHints":{"allow":["GET"]}}],"collection":[{"href":"https:\/\/tones-syslerier.no\/index.php\/wp-json\/wp\/v2\/product"}],"about":[{"href":"https:\/\/tones-syslerier.no\/index.php\/wp-json\/wp\/v2\/types\/product"}],"replies":[{"embeddable":true,"href":"https:\/\/tones-syslerier.no\/index.php\/wp-json\/wp\/v2\/comments?post=5761"}],"wp:featuredmedia":[{"embeddable":true,"href":"https:\/\/tones-syslerier.no\/index.php\/wp-json\/wp\/v2\/media\/5760"}],"wp:attachment":[{"href":"https:\/\/tones-syslerier.no\/index.php\/wp-json\/wp\/v2\/media?parent=5761"}],"wp:term":[{"taxonomy":"product_brand","embeddable":true,"href":"https:\/\/tones-syslerier.no\/index.php\/wp-json\/wp\/v2\/product_brand?post=5761"},{"taxonomy":"product_cat","embeddable":true,"href":"https:\/\/tones-syslerier.no\/index.php\/wp-json\/wp\/v2\/product_cat?post=5761"},{"taxonomy":"product_tag","embeddable":true,"href":"https:\/\/tones-syslerier.no\/index.php\/wp-json\/wp\/v2\/product_tag?post=5761"}],"curies":[{"name":"wp","href":"https:\/\/api.w.org\/{rel}","templated":true}]}}