{"id":5743,"date":"2026-01-08T13:30:47","date_gmt":"2026-01-08T12:30:47","guid":{"rendered":"https:\/\/tones-syslerier.no\/?post_type=product&#038;p=5743"},"modified":"2026-01-08T13:30:47","modified_gmt":"2026-01-08T12:30:47","slug":"nellies-choice-powerboss-a4-magnetic-plates-for-powerboss","status":"publish","type":"product","link":"https:\/\/tones-syslerier.no\/index.php\/produkt\/nellies-choice-powerboss-a4-magnetic-plates-for-powerboss\/","title":{"rendered":"Nellie&#8217;s Choice \u2022 PowerBoss A4 Magnetic Plates for PowerBoss"},"content":{"rendered":"<p>Artikkelkode MPPB001<br \/>\nStrekkode 8719743091597<br \/>\nMerke Nellie&#8217;s Choice<br \/>\nProduktm\u00e5l 215 x 320 x 0,7 mm<br \/>\nProdukttype Tilbeh\u00f8r<br \/>\nSortering Skj\u00e6reputer<br \/>\nMateriale Plast<\/p>\n<p>&nbsp;<\/p>\n<p><img loading=\"lazy\" decoding=\"async\" class=\"alignnone size-medium wp-image-5744\" src=\"https:\/\/tones-syslerier.no\/wp-content\/uploads\/2026\/01\/mppb001_01_26e6-300x300.webp\" alt=\"\" width=\"300\" height=\"300\" srcset=\"https:\/\/tones-syslerier.no\/wp-content\/uploads\/2026\/01\/mppb001_01_26e6-300x300.webp 300w, https:\/\/tones-syslerier.no\/wp-content\/uploads\/2026\/01\/mppb001_01_26e6-1024x1024.webp 1024w, https:\/\/tones-syslerier.no\/wp-content\/uploads\/2026\/01\/mppb001_01_26e6-150x150.webp 150w, https:\/\/tones-syslerier.no\/wp-content\/uploads\/2026\/01\/mppb001_01_26e6-768x768.webp 768w, https:\/\/tones-syslerier.no\/wp-content\/uploads\/2026\/01\/mppb001_01_26e6-1536x1536.webp 1536w, https:\/\/tones-syslerier.no\/wp-content\/uploads\/2026\/01\/mppb001_01_26e6-324x324.webp 324w, https:\/\/tones-syslerier.no\/wp-content\/uploads\/2026\/01\/mppb001_01_26e6-416x416.webp 416w, https:\/\/tones-syslerier.no\/wp-content\/uploads\/2026\/01\/mppb001_01_26e6-100x100.webp 100w, https:\/\/tones-syslerier.no\/wp-content\/uploads\/2026\/01\/mppb001_01_26e6.webp 1600w\" sizes=\"auto, (max-width: 300px) 100vw, 300px\" \/><\/p>\n","protected":false},"excerpt":{"rendered":"<p>Artikkelkode MPPB001 Strekkode 8719743091597 Merke Nellie&#8217;s Choice Produktm\u00e5l 215 x 320 x 0,7 mm Produkttype Tilbeh\u00f8r Sortering Skj\u00e6reputer Materiale Plast &nbsp;<\/p>\n","protected":false},"featured_media":5744,"comment_status":"open","ping_status":"closed","template":"","meta":[],"product_brand":[],"product_cat":[45,89],"product_tag":[],"class_list":{"0":"post-5743","1":"product","2":"type-product","3":"status-publish","4":"has-post-thumbnail","6":"product_cat-utstyr-2","7":"product_cat-nellies-choice-utstyr","9":"first","10":"instock","11":"taxable","12":"shipping-taxable","13":"purchasable","14":"product-type-simple"},"_links":{"self":[{"href":"https:\/\/tones-syslerier.no\/index.php\/wp-json\/wp\/v2\/product\/5743","targetHints":{"allow":["GET"]}}],"collection":[{"href":"https:\/\/tones-syslerier.no\/index.php\/wp-json\/wp\/v2\/product"}],"about":[{"href":"https:\/\/tones-syslerier.no\/index.php\/wp-json\/wp\/v2\/types\/product"}],"replies":[{"embeddable":true,"href":"https:\/\/tones-syslerier.no\/index.php\/wp-json\/wp\/v2\/comments?post=5743"}],"wp:featuredmedia":[{"embeddable":true,"href":"https:\/\/tones-syslerier.no\/index.php\/wp-json\/wp\/v2\/media\/5744"}],"wp:attachment":[{"href":"https:\/\/tones-syslerier.no\/index.php\/wp-json\/wp\/v2\/media?parent=5743"}],"wp:term":[{"taxonomy":"product_brand","embeddable":true,"href":"https:\/\/tones-syslerier.no\/index.php\/wp-json\/wp\/v2\/product_brand?post=5743"},{"taxonomy":"product_cat","embeddable":true,"href":"https:\/\/tones-syslerier.no\/index.php\/wp-json\/wp\/v2\/product_cat?post=5743"},{"taxonomy":"product_tag","embeddable":true,"href":"https:\/\/tones-syslerier.no\/index.php\/wp-json\/wp\/v2\/product_tag?post=5743"}],"curies":[{"name":"wp","href":"https:\/\/api.w.org\/{rel}","templated":true}]}}