{"id":5741,"date":"2026-01-08T13:23:14","date_gmt":"2026-01-08T12:23:14","guid":{"rendered":"https:\/\/tones-syslerier.no\/?post_type=product&#038;p=5741"},"modified":"2026-01-08T13:23:14","modified_gmt":"2026-01-08T12:23:14","slug":"sizzix-sidekick-accessory-cutting-pads-1-pair","status":"publish","type":"product","link":"https:\/\/tones-syslerier.no\/index.php\/produkt\/sizzix-sidekick-accessory-cutting-pads-1-pair\/","title":{"rendered":"Sizzix \u2022 Sidekick Accessory Cutting Pads 1 Pair"},"content":{"rendered":"<p>Dette paret med akvamarinbl\u00e5 skj\u00e6reputer er spesialdesignet for bruk i sidekick-maskinen. Disse gjennomsiktige skj\u00e6reputene er laget av h\u00f8ykvalitets polykarbonatplast, og gj\u00f8r det enkelt \u00e5 skj\u00e6re ut kjemisk etsede, papirtynne Sizzix-former (thinlits, frame its og triplets) i sidekick-maskinen. Bare legg formen og materialet som skal skj\u00e6res mellom skj\u00e6reputene og rull dem gjennom maskinen. Hver skj\u00e6repute m\u00e5ler 4 7\/8 tommer x 2 1\/2 tommer x 1\/8 tommer og varer i tusenvis av kutt. Alle Sizzix-skj\u00e6reputer er ment \u00e5 brukes p\u00e5 begge sider. N\u00e5r begge sider av skj\u00e6reputene er slitt, er det p\u00e5 tide \u00e5 bytte ut skj\u00e6reputene.<\/p>\n<p>Artikkelkode 661769<br \/>\nStrekkode 630454239093<br \/>\nMerke Sizzix<br \/>\nEmballasjem\u00e5l 14 x 11 x 9 cm<br \/>\nProduktm\u00e5l 12,4 x 6,4 x 0,3 cm<br \/>\nVolum Antall stk. 2<br \/>\nProdukttype Tilbeh\u00f8r<\/p>\n<p><img loading=\"lazy\" decoding=\"async\" class=\"alignnone size-medium wp-image-5742\" src=\"https:\/\/tones-syslerier.no\/wp-content\/uploads\/2026\/01\/661769_01_d079-300x300.webp\" alt=\"\" width=\"300\" height=\"300\" srcset=\"https:\/\/tones-syslerier.no\/wp-content\/uploads\/2026\/01\/661769_01_d079-300x300.webp 300w, https:\/\/tones-syslerier.no\/wp-content\/uploads\/2026\/01\/661769_01_d079-1024x1024.webp 1024w, https:\/\/tones-syslerier.no\/wp-content\/uploads\/2026\/01\/661769_01_d079-150x150.webp 150w, https:\/\/tones-syslerier.no\/wp-content\/uploads\/2026\/01\/661769_01_d079-768x768.webp 768w, https:\/\/tones-syslerier.no\/wp-content\/uploads\/2026\/01\/661769_01_d079-1536x1536.webp 1536w, https:\/\/tones-syslerier.no\/wp-content\/uploads\/2026\/01\/661769_01_d079-324x324.webp 324w, https:\/\/tones-syslerier.no\/wp-content\/uploads\/2026\/01\/661769_01_d079-416x416.webp 416w, https:\/\/tones-syslerier.no\/wp-content\/uploads\/2026\/01\/661769_01_d079-100x100.webp 100w, https:\/\/tones-syslerier.no\/wp-content\/uploads\/2026\/01\/661769_01_d079.webp 1600w\" sizes=\"auto, (max-width: 300px) 100vw, 300px\" \/><\/p>\n","protected":false},"excerpt":{"rendered":"<p>Dette paret med akvamarinbl\u00e5 skj\u00e6reputer er spesialdesignet for bruk i sidekick-maskinen. Disse gjennomsiktige skj\u00e6reputene er laget av h\u00f8ykvalitets polykarbonatplast, og gj\u00f8r det enkelt \u00e5 skj\u00e6re ut kjemisk etsede, papirtynne Sizzix-former (thinlits, frame its og triplets) i sidekick-maskinen. Bare legg formen og materialet som skal skj\u00e6res mellom skj\u00e6reputene og rull dem gjennom maskinen. Hver skj\u00e6repute m\u00e5ler [&hellip;]<\/p>\n","protected":false},"featured_media":5742,"comment_status":"open","ping_status":"closed","template":"","meta":[],"product_brand":[],"product_cat":[173,45],"product_tag":[],"class_list":{"0":"post-5741","1":"product","2":"type-product","3":"status-publish","4":"has-post-thumbnail","6":"product_cat-sizzix-utstyr","7":"product_cat-utstyr-2","9":"first","10":"instock","11":"taxable","12":"shipping-taxable","13":"purchasable","14":"product-type-simple"},"_links":{"self":[{"href":"https:\/\/tones-syslerier.no\/index.php\/wp-json\/wp\/v2\/product\/5741","targetHints":{"allow":["GET"]}}],"collection":[{"href":"https:\/\/tones-syslerier.no\/index.php\/wp-json\/wp\/v2\/product"}],"about":[{"href":"https:\/\/tones-syslerier.no\/index.php\/wp-json\/wp\/v2\/types\/product"}],"replies":[{"embeddable":true,"href":"https:\/\/tones-syslerier.no\/index.php\/wp-json\/wp\/v2\/comments?post=5741"}],"wp:featuredmedia":[{"embeddable":true,"href":"https:\/\/tones-syslerier.no\/index.php\/wp-json\/wp\/v2\/media\/5742"}],"wp:attachment":[{"href":"https:\/\/tones-syslerier.no\/index.php\/wp-json\/wp\/v2\/media?parent=5741"}],"wp:term":[{"taxonomy":"product_brand","embeddable":true,"href":"https:\/\/tones-syslerier.no\/index.php\/wp-json\/wp\/v2\/product_brand?post=5741"},{"taxonomy":"product_cat","embeddable":true,"href":"https:\/\/tones-syslerier.no\/index.php\/wp-json\/wp\/v2\/product_cat?post=5741"},{"taxonomy":"product_tag","embeddable":true,"href":"https:\/\/tones-syslerier.no\/index.php\/wp-json\/wp\/v2\/product_tag?post=5741"}],"curies":[{"name":"wp","href":"https:\/\/api.w.org\/{rel}","templated":true}]}}