{"id":5735,"date":"2026-01-08T13:15:53","date_gmt":"2026-01-08T12:15:53","guid":{"rendered":"https:\/\/tones-syslerier.no\/?post_type=product&#038;p=5735"},"modified":"2026-04-15T12:21:22","modified_gmt":"2026-04-15T10:21:22","slug":"creative-expressions-taylor-made-journals-wallpaper-paper-pad","status":"publish","type":"product","link":"https:\/\/tones-syslerier.no\/index.php\/produkt\/creative-expressions-taylor-made-journals-wallpaper-paper-pad\/","title":{"rendered":"Creative Expressions \u2022 Taylor Made Journals Wallpaper Paper Pad"},"content":{"rendered":"<p>Tapetpapirblokken p\u00e5 20 x 20 cm er full av 24 nydelige dobbeltsidige m\u00f8nstrede ark. Det finnes et fantastisk utvalg av design inspirert av naturen p\u00e5 de 24 arkene, som passer perfekt til Lornas kolleksjon. Laget i Storbritannia. 150 g\/m\u00b2. 20 x 20 cm blokk.<\/p>\n<p>Artikkelkode CEPP0041<br \/>\nStrekkode 5055305991664<br \/>\nMerke Creative Expressions<br \/>\nBind 1<br \/>\nProdukttype Papirblokker<br \/>\nM\u00f8nsterbakgrunn, Blomster<br \/>\nDesigner Taylor Made Journals<br \/>\nFlere farger<\/p>\n<p><img loading=\"lazy\" decoding=\"async\" class=\"alignnone size-medium wp-image-5736\" src=\"https:\/\/tones-syslerier.no\/wp-content\/uploads\/2026\/01\/cepp0041_01_d7df-300x300.webp\" alt=\"\" width=\"300\" height=\"300\" srcset=\"https:\/\/tones-syslerier.no\/wp-content\/uploads\/2026\/01\/cepp0041_01_d7df-300x300.webp 300w, https:\/\/tones-syslerier.no\/wp-content\/uploads\/2026\/01\/cepp0041_01_d7df-1024x1024.webp 1024w, https:\/\/tones-syslerier.no\/wp-content\/uploads\/2026\/01\/cepp0041_01_d7df-150x150.webp 150w, https:\/\/tones-syslerier.no\/wp-content\/uploads\/2026\/01\/cepp0041_01_d7df-768x768.webp 768w, https:\/\/tones-syslerier.no\/wp-content\/uploads\/2026\/01\/cepp0041_01_d7df-1536x1536.webp 1536w, https:\/\/tones-syslerier.no\/wp-content\/uploads\/2026\/01\/cepp0041_01_d7df-324x324.webp 324w, https:\/\/tones-syslerier.no\/wp-content\/uploads\/2026\/01\/cepp0041_01_d7df-416x416.webp 416w, https:\/\/tones-syslerier.no\/wp-content\/uploads\/2026\/01\/cepp0041_01_d7df-100x100.webp 100w, https:\/\/tones-syslerier.no\/wp-content\/uploads\/2026\/01\/cepp0041_01_d7df.webp 1600w\" sizes=\"auto, (max-width: 300px) 100vw, 300px\" \/><\/p>\n<p><img loading=\"lazy\" decoding=\"async\" class=\"alignnone size-medium wp-image-5737\" src=\"https:\/\/tones-syslerier.no\/wp-content\/uploads\/2026\/01\/cepp0041_02_02a0-300x300.webp\" alt=\"\" width=\"300\" height=\"300\" srcset=\"https:\/\/tones-syslerier.no\/wp-content\/uploads\/2026\/01\/cepp0041_02_02a0-300x300.webp 300w, https:\/\/tones-syslerier.no\/wp-content\/uploads\/2026\/01\/cepp0041_02_02a0-1024x1024.webp 1024w, https:\/\/tones-syslerier.no\/wp-content\/uploads\/2026\/01\/cepp0041_02_02a0-150x150.webp 150w, https:\/\/tones-syslerier.no\/wp-content\/uploads\/2026\/01\/cepp0041_02_02a0-768x768.webp 768w, https:\/\/tones-syslerier.no\/wp-content\/uploads\/2026\/01\/cepp0041_02_02a0-1536x1536.webp 1536w, https:\/\/tones-syslerier.no\/wp-content\/uploads\/2026\/01\/cepp0041_02_02a0-324x324.webp 324w, https:\/\/tones-syslerier.no\/wp-content\/uploads\/2026\/01\/cepp0041_02_02a0-416x416.webp 416w, https:\/\/tones-syslerier.no\/wp-content\/uploads\/2026\/01\/cepp0041_02_02a0-100x100.webp 100w, https:\/\/tones-syslerier.no\/wp-content\/uploads\/2026\/01\/cepp0041_02_02a0.webp 1600w\" sizes=\"auto, (max-width: 300px) 100vw, 300px\" \/><\/p>\n<p><img loading=\"lazy\" decoding=\"async\" class=\"alignnone size-medium wp-image-5738\" src=\"https:\/\/tones-syslerier.no\/wp-content\/uploads\/2026\/01\/cepp0041_03_4e2c-300x300.webp\" alt=\"\" width=\"300\" height=\"300\" srcset=\"https:\/\/tones-syslerier.no\/wp-content\/uploads\/2026\/01\/cepp0041_03_4e2c-300x300.webp 300w, https:\/\/tones-syslerier.no\/wp-content\/uploads\/2026\/01\/cepp0041_03_4e2c-1024x1024.webp 1024w, https:\/\/tones-syslerier.no\/wp-content\/uploads\/2026\/01\/cepp0041_03_4e2c-150x150.webp 150w, https:\/\/tones-syslerier.no\/wp-content\/uploads\/2026\/01\/cepp0041_03_4e2c-768x768.webp 768w, https:\/\/tones-syslerier.no\/wp-content\/uploads\/2026\/01\/cepp0041_03_4e2c-1536x1536.webp 1536w, https:\/\/tones-syslerier.no\/wp-content\/uploads\/2026\/01\/cepp0041_03_4e2c-324x324.webp 324w, https:\/\/tones-syslerier.no\/wp-content\/uploads\/2026\/01\/cepp0041_03_4e2c-416x416.webp 416w, https:\/\/tones-syslerier.no\/wp-content\/uploads\/2026\/01\/cepp0041_03_4e2c-100x100.webp 100w, https:\/\/tones-syslerier.no\/wp-content\/uploads\/2026\/01\/cepp0041_03_4e2c.webp 1600w\" sizes=\"auto, (max-width: 300px) 100vw, 300px\" \/><\/p>\n<p><img loading=\"lazy\" decoding=\"async\" class=\"alignnone size-medium wp-image-5739\" src=\"https:\/\/tones-syslerier.no\/wp-content\/uploads\/2026\/01\/cepp0041_04_abab-300x300.webp\" alt=\"\" width=\"300\" height=\"300\" srcset=\"https:\/\/tones-syslerier.no\/wp-content\/uploads\/2026\/01\/cepp0041_04_abab-300x300.webp 300w, https:\/\/tones-syslerier.no\/wp-content\/uploads\/2026\/01\/cepp0041_04_abab-1024x1024.webp 1024w, https:\/\/tones-syslerier.no\/wp-content\/uploads\/2026\/01\/cepp0041_04_abab-150x150.webp 150w, https:\/\/tones-syslerier.no\/wp-content\/uploads\/2026\/01\/cepp0041_04_abab-768x768.webp 768w, https:\/\/tones-syslerier.no\/wp-content\/uploads\/2026\/01\/cepp0041_04_abab-1536x1536.webp 1536w, https:\/\/tones-syslerier.no\/wp-content\/uploads\/2026\/01\/cepp0041_04_abab-324x324.webp 324w, https:\/\/tones-syslerier.no\/wp-content\/uploads\/2026\/01\/cepp0041_04_abab-416x416.webp 416w, https:\/\/tones-syslerier.no\/wp-content\/uploads\/2026\/01\/cepp0041_04_abab-100x100.webp 100w, https:\/\/tones-syslerier.no\/wp-content\/uploads\/2026\/01\/cepp0041_04_abab.webp 1600w\" sizes=\"auto, (max-width: 300px) 100vw, 300px\" \/><\/p>\n<p><img loading=\"lazy\" decoding=\"async\" class=\"alignnone size-medium wp-image-5740\" src=\"https:\/\/tones-syslerier.no\/wp-content\/uploads\/2026\/01\/cepp0041_05_9728-300x300.webp\" alt=\"\" width=\"300\" height=\"300\" srcset=\"https:\/\/tones-syslerier.no\/wp-content\/uploads\/2026\/01\/cepp0041_05_9728-300x300.webp 300w, https:\/\/tones-syslerier.no\/wp-content\/uploads\/2026\/01\/cepp0041_05_9728-1024x1024.webp 1024w, https:\/\/tones-syslerier.no\/wp-content\/uploads\/2026\/01\/cepp0041_05_9728-150x150.webp 150w, https:\/\/tones-syslerier.no\/wp-content\/uploads\/2026\/01\/cepp0041_05_9728-768x768.webp 768w, https:\/\/tones-syslerier.no\/wp-content\/uploads\/2026\/01\/cepp0041_05_9728-1536x1536.webp 1536w, https:\/\/tones-syslerier.no\/wp-content\/uploads\/2026\/01\/cepp0041_05_9728-324x324.webp 324w, https:\/\/tones-syslerier.no\/wp-content\/uploads\/2026\/01\/cepp0041_05_9728-416x416.webp 416w, https:\/\/tones-syslerier.no\/wp-content\/uploads\/2026\/01\/cepp0041_05_9728-100x100.webp 100w, https:\/\/tones-syslerier.no\/wp-content\/uploads\/2026\/01\/cepp0041_05_9728.webp 1600w\" sizes=\"auto, (max-width: 300px) 100vw, 300px\" \/><\/p>\n","protected":false},"excerpt":{"rendered":"<p>Tapetpapirblokken p\u00e5 20 x 20 cm er full av 24 nydelige dobbeltsidige m\u00f8nstrede ark. Det finnes et fantastisk utvalg av design inspirert av naturen p\u00e5 de 24 arkene, som passer perfekt til Lornas kolleksjon. Laget i Storbritannia. 150 g\/m\u00b2. 20 x 20 cm blokk. Artikkelkode CEPP0041 Strekkode 5055305991664 Merke Creative Expressions Bind 1 Produkttype Papirblokker [&hellip;]<\/p>\n","protected":false},"featured_media":5736,"comment_status":"open","ping_status":"closed","template":"","meta":[],"product_brand":[],"product_cat":[226,181],"product_tag":[],"class_list":{"0":"post-5735","1":"product","2":"type-product","3":"status-publish","4":"has-post-thumbnail","6":"product_cat-creatiuve-expressions","7":"product_cat-papirprodukter","9":"first","10":"instock","11":"taxable","12":"shipping-taxable","13":"purchasable","14":"product-type-simple"},"_links":{"self":[{"href":"https:\/\/tones-syslerier.no\/index.php\/wp-json\/wp\/v2\/product\/5735","targetHints":{"allow":["GET"]}}],"collection":[{"href":"https:\/\/tones-syslerier.no\/index.php\/wp-json\/wp\/v2\/product"}],"about":[{"href":"https:\/\/tones-syslerier.no\/index.php\/wp-json\/wp\/v2\/types\/product"}],"replies":[{"embeddable":true,"href":"https:\/\/tones-syslerier.no\/index.php\/wp-json\/wp\/v2\/comments?post=5735"}],"wp:featuredmedia":[{"embeddable":true,"href":"https:\/\/tones-syslerier.no\/index.php\/wp-json\/wp\/v2\/media\/5736"}],"wp:attachment":[{"href":"https:\/\/tones-syslerier.no\/index.php\/wp-json\/wp\/v2\/media?parent=5735"}],"wp:term":[{"taxonomy":"product_brand","embeddable":true,"href":"https:\/\/tones-syslerier.no\/index.php\/wp-json\/wp\/v2\/product_brand?post=5735"},{"taxonomy":"product_cat","embeddable":true,"href":"https:\/\/tones-syslerier.no\/index.php\/wp-json\/wp\/v2\/product_cat?post=5735"},{"taxonomy":"product_tag","embeddable":true,"href":"https:\/\/tones-syslerier.no\/index.php\/wp-json\/wp\/v2\/product_tag?post=5735"}],"curies":[{"name":"wp","href":"https:\/\/api.w.org\/{rel}","templated":true}]}}