{"id":5733,"date":"2026-01-08T13:07:52","date_gmt":"2026-01-08T12:07:52","guid":{"rendered":"https:\/\/tones-syslerier.no\/?post_type=product&#038;p=5733"},"modified":"2026-02-27T13:58:25","modified_gmt":"2026-02-27T12:58:25","slug":"creative-expressions-layered-flowers-collection-craft-die-daisy","status":"publish","type":"product","link":"https:\/\/tones-syslerier.no\/index.php\/produkt\/creative-expressions-layered-flowers-collection-craft-die-daisy\/","title":{"rendered":"Creative Expressions \u2022 Layered Flowers Collection Craft Die Daisy"},"content":{"rendered":"<p>Artikkelkode CED25052<br \/>\nStrekkode 5055305977675<br \/>\nMerke Creative Expressions<br \/>\nM\u00e5l 3,6 x 3,6 cm &#8211; 1,0 x 0,6 cm<br \/>\nVolum: 13<br \/>\nProdukttype Stansede skj\u00e6resjapper<br \/>\nTema: Takk, V\u00e5r, Morsdag, Kondolanser, Sommer<br \/>\nMateriale: Metall<br \/>\nM\u00f8nster: Tusenfryd<\/p>\n<p><img loading=\"lazy\" decoding=\"async\" class=\"alignnone size-medium wp-image-5734\" src=\"https:\/\/tones-syslerier.no\/wp-content\/uploads\/2026\/01\/ced25052_01_9c10-300x300.webp\" alt=\"\" width=\"300\" height=\"300\" srcset=\"https:\/\/tones-syslerier.no\/wp-content\/uploads\/2026\/01\/ced25052_01_9c10-300x300.webp 300w, https:\/\/tones-syslerier.no\/wp-content\/uploads\/2026\/01\/ced25052_01_9c10-1024x1024.webp 1024w, https:\/\/tones-syslerier.no\/wp-content\/uploads\/2026\/01\/ced25052_01_9c10-150x150.webp 150w, https:\/\/tones-syslerier.no\/wp-content\/uploads\/2026\/01\/ced25052_01_9c10-768x768.webp 768w, https:\/\/tones-syslerier.no\/wp-content\/uploads\/2026\/01\/ced25052_01_9c10-1536x1536.webp 1536w, https:\/\/tones-syslerier.no\/wp-content\/uploads\/2026\/01\/ced25052_01_9c10-324x324.webp 324w, https:\/\/tones-syslerier.no\/wp-content\/uploads\/2026\/01\/ced25052_01_9c10-416x416.webp 416w, https:\/\/tones-syslerier.no\/wp-content\/uploads\/2026\/01\/ced25052_01_9c10-100x100.webp 100w, https:\/\/tones-syslerier.no\/wp-content\/uploads\/2026\/01\/ced25052_01_9c10.webp 1600w\" sizes=\"auto, (max-width: 300px) 100vw, 300px\" \/><\/p>\n","protected":false},"excerpt":{"rendered":"<p>Artikkelkode CED25052 Strekkode 5055305977675 Merke Creative Expressions M\u00e5l 3,6 x 3,6 cm &#8211; 1,0 x 0,6 cm Volum: 13 Produkttype Stansede skj\u00e6resjapper Tema: Takk, V\u00e5r, Morsdag, Kondolanser, Sommer Materiale: Metall M\u00f8nster: Tusenfryd<\/p>\n","protected":false},"featured_media":5734,"comment_status":"open","ping_status":"closed","template":"","meta":[],"product_brand":[],"product_cat":[175,144],"product_tag":[],"class_list":{"0":"post-5733","1":"product","2":"type-product","3":"status-publish","4":"has-post-thumbnail","6":"product_cat-dies","7":"product_cat-creative-expressions-dies","9":"first","10":"instock","11":"taxable","12":"shipping-taxable","13":"purchasable","14":"product-type-simple"},"_links":{"self":[{"href":"https:\/\/tones-syslerier.no\/index.php\/wp-json\/wp\/v2\/product\/5733","targetHints":{"allow":["GET"]}}],"collection":[{"href":"https:\/\/tones-syslerier.no\/index.php\/wp-json\/wp\/v2\/product"}],"about":[{"href":"https:\/\/tones-syslerier.no\/index.php\/wp-json\/wp\/v2\/types\/product"}],"replies":[{"embeddable":true,"href":"https:\/\/tones-syslerier.no\/index.php\/wp-json\/wp\/v2\/comments?post=5733"}],"wp:featuredmedia":[{"embeddable":true,"href":"https:\/\/tones-syslerier.no\/index.php\/wp-json\/wp\/v2\/media\/5734"}],"wp:attachment":[{"href":"https:\/\/tones-syslerier.no\/index.php\/wp-json\/wp\/v2\/media?parent=5733"}],"wp:term":[{"taxonomy":"product_brand","embeddable":true,"href":"https:\/\/tones-syslerier.no\/index.php\/wp-json\/wp\/v2\/product_brand?post=5733"},{"taxonomy":"product_cat","embeddable":true,"href":"https:\/\/tones-syslerier.no\/index.php\/wp-json\/wp\/v2\/product_cat?post=5733"},{"taxonomy":"product_tag","embeddable":true,"href":"https:\/\/tones-syslerier.no\/index.php\/wp-json\/wp\/v2\/product_tag?post=5733"}],"curies":[{"name":"wp","href":"https:\/\/api.w.org\/{rel}","templated":true}]}}