{"id":5719,"date":"2026-01-07T09:48:54","date_gmt":"2026-01-07T08:48:54","guid":{"rendered":"https:\/\/tones-syslerier.no\/?post_type=product&#038;p=5719"},"modified":"2026-04-16T10:15:41","modified_gmt":"2026-04-16T08:15:41","slug":"klistre-bestevenn-10x15cm","status":"publish","type":"product","link":"https:\/\/tones-syslerier.no\/index.php\/produkt\/klistre-bestevenn-10x15cm\/","title":{"rendered":"Klistre Bestevenn 10x15cm"},"content":{"rendered":"<p>Klistremerker ark, 10x15cm.<\/p>\n<p>Kommer i 8 flotte farger<\/p>\n<p>Arkene er kuttet i striper over og under teksten, s\u00e5 snipper du bare over der du vil ordene skal stoppe.<\/p>\n<p>Velg mellom sort, hvit, bl\u00e5, rosa, orange, lilla, r\u00f8d og gr\u00f8nn<\/p>\n<p>&nbsp;<\/p>\n<p><img loading=\"lazy\" decoding=\"async\" class=\"alignnone size-medium wp-image-5718\" src=\"https:\/\/tones-syslerier.no\/wp-content\/uploads\/2026\/01\/6959002261f5c-300x300.avif\" alt=\"\" width=\"300\" height=\"300\" srcset=\"https:\/\/tones-syslerier.no\/wp-content\/uploads\/2026\/01\/6959002261f5c-300x300.avif 300w, https:\/\/tones-syslerier.no\/wp-content\/uploads\/2026\/01\/6959002261f5c-1024x1020.avif 1024w, https:\/\/tones-syslerier.no\/wp-content\/uploads\/2026\/01\/6959002261f5c-150x150.avif 150w, https:\/\/tones-syslerier.no\/wp-content\/uploads\/2026\/01\/6959002261f5c-768x765.avif 768w, https:\/\/tones-syslerier.no\/wp-content\/uploads\/2026\/01\/6959002261f5c-1536x1530.avif 1536w, https:\/\/tones-syslerier.no\/wp-content\/uploads\/2026\/01\/6959002261f5c-324x324.avif 324w, https:\/\/tones-syslerier.no\/wp-content\/uploads\/2026\/01\/6959002261f5c-416x414.avif 416w, https:\/\/tones-syslerier.no\/wp-content\/uploads\/2026\/01\/6959002261f5c-100x100.avif 100w, https:\/\/tones-syslerier.no\/wp-content\/uploads\/2026\/01\/6959002261f5c.avif 1802w\" sizes=\"auto, (max-width: 300px) 100vw, 300px\" \/><\/p>\n<p>&nbsp;<\/p>\n<p><img loading=\"lazy\" decoding=\"async\" class=\"alignnone size-medium wp-image-5720\" src=\"https:\/\/tones-syslerier.no\/wp-content\/uploads\/2026\/01\/6957e541840c5-300x212.avif\" alt=\"\" width=\"300\" height=\"212\" srcset=\"https:\/\/tones-syslerier.no\/wp-content\/uploads\/2026\/01\/6957e541840c5-300x212.avif 300w, https:\/\/tones-syslerier.no\/wp-content\/uploads\/2026\/01\/6957e541840c5-1024x723.avif 1024w, https:\/\/tones-syslerier.no\/wp-content\/uploads\/2026\/01\/6957e541840c5-768x542.avif 768w, https:\/\/tones-syslerier.no\/wp-content\/uploads\/2026\/01\/6957e541840c5-1536x1085.avif 1536w, https:\/\/tones-syslerier.no\/wp-content\/uploads\/2026\/01\/6957e541840c5-416x294.avif 416w, https:\/\/tones-syslerier.no\/wp-content\/uploads\/2026\/01\/6957e541840c5.avif 2048w\" sizes=\"auto, (max-width: 300px) 100vw, 300px\" \/><\/p>\n","protected":false},"excerpt":{"rendered":"<p>Klistremerker ark, 10x15cm. Kommer i 8 flotte farger Arkene er kuttet i striper over og under teksten, s\u00e5 snipper du bare over der du vil ordene skal stoppe. Velg mellom sort, hvit, bl\u00e5, rosa, orange, lilla, r\u00f8d og gr\u00f8nn &nbsp; &nbsp;<\/p>\n","protected":false},"featured_media":5718,"comment_status":"open","ping_status":"closed","template":"","meta":[],"product_brand":[],"product_cat":[225,195],"product_tag":[],"class_list":{"0":"post-5719","1":"product","2":"type-product","3":"status-publish","4":"has-post-thumbnail","6":"product_cat-klistremerker","7":"product_cat-stickers-flere-typer","9":"first","10":"instock","11":"taxable","12":"shipping-taxable","13":"purchasable","14":"product-type-variable"},"_links":{"self":[{"href":"https:\/\/tones-syslerier.no\/index.php\/wp-json\/wp\/v2\/product\/5719","targetHints":{"allow":["GET"]}}],"collection":[{"href":"https:\/\/tones-syslerier.no\/index.php\/wp-json\/wp\/v2\/product"}],"about":[{"href":"https:\/\/tones-syslerier.no\/index.php\/wp-json\/wp\/v2\/types\/product"}],"replies":[{"embeddable":true,"href":"https:\/\/tones-syslerier.no\/index.php\/wp-json\/wp\/v2\/comments?post=5719"}],"wp:featuredmedia":[{"embeddable":true,"href":"https:\/\/tones-syslerier.no\/index.php\/wp-json\/wp\/v2\/media\/5718"}],"wp:attachment":[{"href":"https:\/\/tones-syslerier.no\/index.php\/wp-json\/wp\/v2\/media?parent=5719"}],"wp:term":[{"taxonomy":"product_brand","embeddable":true,"href":"https:\/\/tones-syslerier.no\/index.php\/wp-json\/wp\/v2\/product_brand?post=5719"},{"taxonomy":"product_cat","embeddable":true,"href":"https:\/\/tones-syslerier.no\/index.php\/wp-json\/wp\/v2\/product_cat?post=5719"},{"taxonomy":"product_tag","embeddable":true,"href":"https:\/\/tones-syslerier.no\/index.php\/wp-json\/wp\/v2\/product_tag?post=5719"}],"curies":[{"name":"wp","href":"https:\/\/api.w.org\/{rel}","templated":true}]}}