{"id":5691,"date":"2025-12-11T09:29:59","date_gmt":"2025-12-11T08:29:59","guid":{"rendered":"https:\/\/tones-syslerier.no\/?post_type=product&#038;p=5691"},"modified":"2026-04-04T15:35:20","modified_gmt":"2026-04-04T13:35:20","slug":"gp225-speilkartong-matt-gull","status":"publish","type":"product","link":"https:\/\/tones-syslerier.no\/index.php\/produkt\/gp225-speilkartong-matt-gull\/","title":{"rendered":"GP225 Speilkartong matt gull"},"content":{"rendered":"<p>Speilkartong i A4 st\u00f8rrelse. Speil p\u00e5 ene siden og hvit papir p\u00e5 baksiden<\/p>\n<p>St\u00f8rrelse: A4 \/ 21&#215;29,7 cm<\/p>\n<p>&nbsp;<\/p>\n<p><img loading=\"lazy\" decoding=\"async\" class=\"alignnone size-medium wp-image-5692\" src=\"https:\/\/tones-syslerier.no\/wp-content\/uploads\/2025\/12\/gp225-300x300.webp\" alt=\"\" width=\"300\" height=\"300\" srcset=\"https:\/\/tones-syslerier.no\/wp-content\/uploads\/2025\/12\/gp225-300x300.webp 300w, https:\/\/tones-syslerier.no\/wp-content\/uploads\/2025\/12\/gp225-150x150.webp 150w, https:\/\/tones-syslerier.no\/wp-content\/uploads\/2025\/12\/gp225-324x324.webp 324w, https:\/\/tones-syslerier.no\/wp-content\/uploads\/2025\/12\/gp225-100x100.webp 100w, https:\/\/tones-syslerier.no\/wp-content\/uploads\/2025\/12\/gp225.webp 400w\" sizes=\"auto, (max-width: 300px) 100vw, 300px\" \/><\/p>\n<p>&nbsp;<\/p>\n<p>&nbsp;<\/p>\n","protected":false},"excerpt":{"rendered":"<p>Speilkartong i A4 st\u00f8rrelse. Speil p\u00e5 ene siden og hvit papir p\u00e5 baksiden St\u00f8rrelse: A4 \/ 21&#215;29,7 cm &nbsp; &nbsp; &nbsp;<\/p>\n","protected":false},"featured_media":5692,"comment_status":"open","ping_status":"closed","template":"","meta":[],"product_brand":[],"product_cat":[181,81],"product_tag":[],"class_list":{"0":"post-5691","1":"product","2":"type-product","3":"status-publish","4":"has-post-thumbnail","6":"product_cat-papirprodukter","7":"product_cat-speilkartong","9":"first","10":"instock","11":"taxable","12":"shipping-taxable","13":"purchasable","14":"product-type-simple"},"_links":{"self":[{"href":"https:\/\/tones-syslerier.no\/index.php\/wp-json\/wp\/v2\/product\/5691","targetHints":{"allow":["GET"]}}],"collection":[{"href":"https:\/\/tones-syslerier.no\/index.php\/wp-json\/wp\/v2\/product"}],"about":[{"href":"https:\/\/tones-syslerier.no\/index.php\/wp-json\/wp\/v2\/types\/product"}],"replies":[{"embeddable":true,"href":"https:\/\/tones-syslerier.no\/index.php\/wp-json\/wp\/v2\/comments?post=5691"}],"wp:featuredmedia":[{"embeddable":true,"href":"https:\/\/tones-syslerier.no\/index.php\/wp-json\/wp\/v2\/media\/5692"}],"wp:attachment":[{"href":"https:\/\/tones-syslerier.no\/index.php\/wp-json\/wp\/v2\/media?parent=5691"}],"wp:term":[{"taxonomy":"product_brand","embeddable":true,"href":"https:\/\/tones-syslerier.no\/index.php\/wp-json\/wp\/v2\/product_brand?post=5691"},{"taxonomy":"product_cat","embeddable":true,"href":"https:\/\/tones-syslerier.no\/index.php\/wp-json\/wp\/v2\/product_cat?post=5691"},{"taxonomy":"product_tag","embeddable":true,"href":"https:\/\/tones-syslerier.no\/index.php\/wp-json\/wp\/v2\/product_tag?post=5691"}],"curies":[{"name":"wp","href":"https:\/\/api.w.org\/{rel}","templated":true}]}}