{"id":5656,"date":"2025-11-07T09:45:31","date_gmt":"2025-11-07T08:45:31","guid":{"rendered":"https:\/\/tones-syslerier.no\/?post_type=product&#038;p=5656"},"modified":"2026-01-09T13:02:30","modified_gmt":"2026-01-09T12:02:30","slug":"nellies-choice-3d-embossing-folder-background-christmas-star-5-9x5-9","status":"publish","type":"product","link":"https:\/\/tones-syslerier.no\/index.php\/produkt\/nellies-choice-3d-embossing-folder-background-christmas-star-5-9x5-9\/","title":{"rendered":"Nellie&#8217;s Choice \u2022 3D Embossing Folder Background Christmas Star 5.9&#215;5.9&#8243;"},"content":{"rendered":"<p>3D-effekt med julestjernemotiv<br \/>\nSt\u00f8rrelse 15 x 15 cm (5,9 x 5,9 tommer)<br \/>\nPasser til papir, kartong og papp<\/p>\n<p>Lag 3D-design p\u00e5 kortene og andre papirarbeidsprodukter med pregemappen fra Nellie&#8217;s Choice (tidligere Nellie Snellen). Denne spesielle 3D-pregemappen til jul er laget for \u00e5 prege unike bakgrunner p\u00e5 forskjellige typer papir, med et julestjernemotiv. Preging gir en hevet finish p\u00e5 papirh\u00e5ndverksdesignene dine. Mappen er perfekt for alle typer prosjekter, fra julekort, gratulasjonskort og bursdagskort til invitasjoner og dekorative detaljer i utklippsb\u00f8kene dine. Nellie&#8217;s Choices pregemapper kan brukes i de fleste stanse- og pregemaskiner.<\/p>\n<p>Nellie&#8217;s Choice 3D-pregemappen er enkel \u00e5 bruke og passer for b\u00e5de nybegynnere og avanserte h\u00e5ndverkere. Plasser h\u00e5ndverksmaterialet ditt i mappen og kj\u00f8r det gjennom stanse- eller pregemaskinen for pregem\u00f8nsteret. Materialet av h\u00f8y kvalitet sikrer langvarige og konsistente resultater. Pregemappen m\u00e5ler 15 x 15 cm (5,9 x 5,9 tommer).<\/p>\n<p>Artikkelkode EF3D097<br \/>\nStrekkode 8716052248650<br \/>\nMerke Nellie&#8217;s Choice<br \/>\nEmballasjem\u00e5l 21 x 16,5 cm<br \/>\nProduktm\u00e5l 15 x 15 cm<br \/>\nProdukttype Pregemappe<br \/>\nTema Jul<br \/>\nKolleksjon Skandinavisk Jul<br \/>\nM\u00f8nster Blomster, Juledekorasjon<br \/>\nPreging, Scrapbooking<br \/>\nKarakteristisk preging<br \/>\nFarge Gjennomsiktig<\/p>\n<p><img loading=\"lazy\" decoding=\"async\" class=\"alignnone size-medium wp-image-5657\" src=\"https:\/\/tones-syslerier.no\/wp-content\/uploads\/2025\/11\/ef3d097_01_c3fc-300x300.webp\" alt=\"\" width=\"300\" height=\"300\" srcset=\"https:\/\/tones-syslerier.no\/wp-content\/uploads\/2025\/11\/ef3d097_01_c3fc-300x300.webp 300w, https:\/\/tones-syslerier.no\/wp-content\/uploads\/2025\/11\/ef3d097_01_c3fc-1024x1024.webp 1024w, https:\/\/tones-syslerier.no\/wp-content\/uploads\/2025\/11\/ef3d097_01_c3fc-150x150.webp 150w, https:\/\/tones-syslerier.no\/wp-content\/uploads\/2025\/11\/ef3d097_01_c3fc-768x768.webp 768w, https:\/\/tones-syslerier.no\/wp-content\/uploads\/2025\/11\/ef3d097_01_c3fc-1536x1536.webp 1536w, https:\/\/tones-syslerier.no\/wp-content\/uploads\/2025\/11\/ef3d097_01_c3fc-324x324.webp 324w, https:\/\/tones-syslerier.no\/wp-content\/uploads\/2025\/11\/ef3d097_01_c3fc-416x416.webp 416w, https:\/\/tones-syslerier.no\/wp-content\/uploads\/2025\/11\/ef3d097_01_c3fc-100x100.webp 100w, https:\/\/tones-syslerier.no\/wp-content\/uploads\/2025\/11\/ef3d097_01_c3fc.webp 1600w\" sizes=\"auto, (max-width: 300px) 100vw, 300px\" \/><\/p>\n<p><img loading=\"lazy\" decoding=\"async\" class=\"alignnone size-medium wp-image-5658\" src=\"https:\/\/tones-syslerier.no\/wp-content\/uploads\/2025\/11\/ef3d097_02_f070-300x300.webp\" alt=\"\" width=\"300\" height=\"300\" srcset=\"https:\/\/tones-syslerier.no\/wp-content\/uploads\/2025\/11\/ef3d097_02_f070-300x300.webp 300w, https:\/\/tones-syslerier.no\/wp-content\/uploads\/2025\/11\/ef3d097_02_f070-1024x1024.webp 1024w, https:\/\/tones-syslerier.no\/wp-content\/uploads\/2025\/11\/ef3d097_02_f070-150x150.webp 150w, https:\/\/tones-syslerier.no\/wp-content\/uploads\/2025\/11\/ef3d097_02_f070-768x768.webp 768w, https:\/\/tones-syslerier.no\/wp-content\/uploads\/2025\/11\/ef3d097_02_f070-1536x1536.webp 1536w, https:\/\/tones-syslerier.no\/wp-content\/uploads\/2025\/11\/ef3d097_02_f070-324x324.webp 324w, https:\/\/tones-syslerier.no\/wp-content\/uploads\/2025\/11\/ef3d097_02_f070-416x416.webp 416w, https:\/\/tones-syslerier.no\/wp-content\/uploads\/2025\/11\/ef3d097_02_f070-100x100.webp 100w, https:\/\/tones-syslerier.no\/wp-content\/uploads\/2025\/11\/ef3d097_02_f070.webp 1600w\" sizes=\"auto, (max-width: 300px) 100vw, 300px\" \/><\/p>\n<p><img loading=\"lazy\" decoding=\"async\" class=\"alignnone size-medium wp-image-5659\" src=\"https:\/\/tones-syslerier.no\/wp-content\/uploads\/2025\/11\/ef3d097_03_17be-300x300.webp\" alt=\"\" width=\"300\" height=\"300\" srcset=\"https:\/\/tones-syslerier.no\/wp-content\/uploads\/2025\/11\/ef3d097_03_17be-300x300.webp 300w, https:\/\/tones-syslerier.no\/wp-content\/uploads\/2025\/11\/ef3d097_03_17be-1024x1024.webp 1024w, https:\/\/tones-syslerier.no\/wp-content\/uploads\/2025\/11\/ef3d097_03_17be-150x150.webp 150w, https:\/\/tones-syslerier.no\/wp-content\/uploads\/2025\/11\/ef3d097_03_17be-768x768.webp 768w, https:\/\/tones-syslerier.no\/wp-content\/uploads\/2025\/11\/ef3d097_03_17be-1536x1536.webp 1536w, https:\/\/tones-syslerier.no\/wp-content\/uploads\/2025\/11\/ef3d097_03_17be-324x324.webp 324w, https:\/\/tones-syslerier.no\/wp-content\/uploads\/2025\/11\/ef3d097_03_17be-416x416.webp 416w, https:\/\/tones-syslerier.no\/wp-content\/uploads\/2025\/11\/ef3d097_03_17be-100x100.webp 100w, https:\/\/tones-syslerier.no\/wp-content\/uploads\/2025\/11\/ef3d097_03_17be.webp 1600w\" sizes=\"auto, (max-width: 300px) 100vw, 300px\" \/><\/p>\n<p>&nbsp;<\/p>\n<p><img loading=\"lazy\" decoding=\"async\" class=\"alignnone size-medium wp-image-5660\" src=\"https:\/\/tones-syslerier.no\/wp-content\/uploads\/2025\/11\/ef3d097_04_e3cd-300x300.webp\" alt=\"\" width=\"300\" height=\"300\" srcset=\"https:\/\/tones-syslerier.no\/wp-content\/uploads\/2025\/11\/ef3d097_04_e3cd-300x300.webp 300w, https:\/\/tones-syslerier.no\/wp-content\/uploads\/2025\/11\/ef3d097_04_e3cd-1024x1024.webp 1024w, https:\/\/tones-syslerier.no\/wp-content\/uploads\/2025\/11\/ef3d097_04_e3cd-150x150.webp 150w, https:\/\/tones-syslerier.no\/wp-content\/uploads\/2025\/11\/ef3d097_04_e3cd-768x768.webp 768w, https:\/\/tones-syslerier.no\/wp-content\/uploads\/2025\/11\/ef3d097_04_e3cd-1536x1536.webp 1536w, https:\/\/tones-syslerier.no\/wp-content\/uploads\/2025\/11\/ef3d097_04_e3cd-324x324.webp 324w, https:\/\/tones-syslerier.no\/wp-content\/uploads\/2025\/11\/ef3d097_04_e3cd-416x416.webp 416w, https:\/\/tones-syslerier.no\/wp-content\/uploads\/2025\/11\/ef3d097_04_e3cd-100x100.webp 100w, https:\/\/tones-syslerier.no\/wp-content\/uploads\/2025\/11\/ef3d097_04_e3cd.webp 1600w\" sizes=\"auto, (max-width: 300px) 100vw, 300px\" \/><\/p>\n<p>&nbsp;<\/p>\n<p><img loading=\"lazy\" decoding=\"async\" class=\"alignnone size-medium wp-image-5661\" src=\"https:\/\/tones-syslerier.no\/wp-content\/uploads\/2025\/11\/ef3d097_05_eecf-300x300.webp\" alt=\"\" width=\"300\" height=\"300\" srcset=\"https:\/\/tones-syslerier.no\/wp-content\/uploads\/2025\/11\/ef3d097_05_eecf-300x300.webp 300w, https:\/\/tones-syslerier.no\/wp-content\/uploads\/2025\/11\/ef3d097_05_eecf-1024x1024.webp 1024w, https:\/\/tones-syslerier.no\/wp-content\/uploads\/2025\/11\/ef3d097_05_eecf-150x150.webp 150w, https:\/\/tones-syslerier.no\/wp-content\/uploads\/2025\/11\/ef3d097_05_eecf-768x768.webp 768w, https:\/\/tones-syslerier.no\/wp-content\/uploads\/2025\/11\/ef3d097_05_eecf-1536x1536.webp 1536w, https:\/\/tones-syslerier.no\/wp-content\/uploads\/2025\/11\/ef3d097_05_eecf-324x324.webp 324w, https:\/\/tones-syslerier.no\/wp-content\/uploads\/2025\/11\/ef3d097_05_eecf-416x416.webp 416w, https:\/\/tones-syslerier.no\/wp-content\/uploads\/2025\/11\/ef3d097_05_eecf-100x100.webp 100w, https:\/\/tones-syslerier.no\/wp-content\/uploads\/2025\/11\/ef3d097_05_eecf.webp 1600w\" sizes=\"auto, (max-width: 300px) 100vw, 300px\" \/><\/p>\n","protected":false},"excerpt":{"rendered":"<p>3D-effekt med julestjernemotiv St\u00f8rrelse 15 x 15 cm (5,9 x 5,9 tommer) Passer til papir, kartong og papp Lag 3D-design p\u00e5 kortene og andre papirarbeidsprodukter med pregemappen fra Nellie&#8217;s Choice (tidligere Nellie Snellen). Denne spesielle 3D-pregemappen til jul er laget for \u00e5 prege unike bakgrunner p\u00e5 forskjellige typer papir, med et julestjernemotiv. Preging gir en [&hellip;]<\/p>\n","protected":false},"featured_media":5661,"comment_status":"open","ping_status":"closed","template":"","meta":[],"product_brand":[],"product_cat":[182,86],"product_tag":[],"class_list":{"0":"post-5656","1":"product","2":"type-product","3":"status-publish","4":"has-post-thumbnail","6":"product_cat-embossing","7":"product_cat-nellies-choice-embossing","9":"first","10":"instock","11":"taxable","12":"shipping-taxable","13":"purchasable","14":"product-type-simple"},"_links":{"self":[{"href":"https:\/\/tones-syslerier.no\/index.php\/wp-json\/wp\/v2\/product\/5656","targetHints":{"allow":["GET"]}}],"collection":[{"href":"https:\/\/tones-syslerier.no\/index.php\/wp-json\/wp\/v2\/product"}],"about":[{"href":"https:\/\/tones-syslerier.no\/index.php\/wp-json\/wp\/v2\/types\/product"}],"replies":[{"embeddable":true,"href":"https:\/\/tones-syslerier.no\/index.php\/wp-json\/wp\/v2\/comments?post=5656"}],"wp:featuredmedia":[{"embeddable":true,"href":"https:\/\/tones-syslerier.no\/index.php\/wp-json\/wp\/v2\/media\/5661"}],"wp:attachment":[{"href":"https:\/\/tones-syslerier.no\/index.php\/wp-json\/wp\/v2\/media?parent=5656"}],"wp:term":[{"taxonomy":"product_brand","embeddable":true,"href":"https:\/\/tones-syslerier.no\/index.php\/wp-json\/wp\/v2\/product_brand?post=5656"},{"taxonomy":"product_cat","embeddable":true,"href":"https:\/\/tones-syslerier.no\/index.php\/wp-json\/wp\/v2\/product_cat?post=5656"},{"taxonomy":"product_tag","embeddable":true,"href":"https:\/\/tones-syslerier.no\/index.php\/wp-json\/wp\/v2\/product_tag?post=5656"}],"curies":[{"name":"wp","href":"https:\/\/api.w.org\/{rel}","templated":true}]}}