{"id":5515,"date":"2025-09-14T10:56:11","date_gmt":"2025-09-14T08:56:11","guid":{"rendered":"https:\/\/tones-syslerier.no\/?post_type=product&#038;p=5515"},"modified":"2025-09-14T10:57:22","modified_gmt":"2025-09-14T08:57:22","slug":"armband-tb5","status":"publish","type":"product","link":"https:\/\/tones-syslerier.no\/index.php\/produkt\/armband-tb5\/","title":{"rendered":"Armb\u00e5nd TB5"},"content":{"rendered":"<p>Fasettslipt Jade<br class=\"html-br\" \/>Sm\u00e5 gullforgylt perler 18K<br class=\"html-br\" \/>Vannfaste+ Nikkelfritt 19cm p\u00e5 tr\u00e5d<\/p>\n<p>&nbsp;<\/p>\n<p><img loading=\"lazy\" decoding=\"async\" class=\"alignnone size-medium wp-image-5516\" src=\"https:\/\/tones-syslerier.no\/wp-content\/uploads\/2025\/09\/TB5-300x283.jpg\" alt=\"\" width=\"300\" height=\"283\" srcset=\"https:\/\/tones-syslerier.no\/wp-content\/uploads\/2025\/09\/TB5-300x283.jpg 300w, https:\/\/tones-syslerier.no\/wp-content\/uploads\/2025\/09\/TB5-1024x967.jpg 1024w, https:\/\/tones-syslerier.no\/wp-content\/uploads\/2025\/09\/TB5-768x725.jpg 768w, https:\/\/tones-syslerier.no\/wp-content\/uploads\/2025\/09\/TB5-1536x1450.jpg 1536w, https:\/\/tones-syslerier.no\/wp-content\/uploads\/2025\/09\/TB5-416x393.jpg 416w, https:\/\/tones-syslerier.no\/wp-content\/uploads\/2025\/09\/TB5.jpg 2048w\" sizes=\"auto, (max-width: 300px) 100vw, 300px\" \/><\/p>\n<p>&nbsp;<\/p>\n<p>&nbsp;<\/p>\n<p>&nbsp;<\/p>\n<p>&nbsp;<\/p>\n<p>&nbsp;<\/p>\n","protected":false},"excerpt":{"rendered":"<p>Fasettslipt JadeSm\u00e5 gullforgylt perler 18KVannfaste+ Nikkelfritt 19cm p\u00e5 tr\u00e5d &nbsp; &nbsp; &nbsp; &nbsp; &nbsp; &nbsp;<\/p>\n","protected":false},"featured_media":5516,"comment_status":"open","ping_status":"closed","template":"","meta":[],"product_brand":[],"product_cat":[217],"product_tag":[],"class_list":{"0":"post-5515","1":"product","2":"type-product","3":"status-publish","4":"has-post-thumbnail","6":"product_cat-tones-bijouteri","8":"first","9":"instock","10":"taxable","11":"shipping-taxable","12":"purchasable","13":"product-type-simple"},"_links":{"self":[{"href":"https:\/\/tones-syslerier.no\/index.php\/wp-json\/wp\/v2\/product\/5515","targetHints":{"allow":["GET"]}}],"collection":[{"href":"https:\/\/tones-syslerier.no\/index.php\/wp-json\/wp\/v2\/product"}],"about":[{"href":"https:\/\/tones-syslerier.no\/index.php\/wp-json\/wp\/v2\/types\/product"}],"replies":[{"embeddable":true,"href":"https:\/\/tones-syslerier.no\/index.php\/wp-json\/wp\/v2\/comments?post=5515"}],"wp:featuredmedia":[{"embeddable":true,"href":"https:\/\/tones-syslerier.no\/index.php\/wp-json\/wp\/v2\/media\/5516"}],"wp:attachment":[{"href":"https:\/\/tones-syslerier.no\/index.php\/wp-json\/wp\/v2\/media?parent=5515"}],"wp:term":[{"taxonomy":"product_brand","embeddable":true,"href":"https:\/\/tones-syslerier.no\/index.php\/wp-json\/wp\/v2\/product_brand?post=5515"},{"taxonomy":"product_cat","embeddable":true,"href":"https:\/\/tones-syslerier.no\/index.php\/wp-json\/wp\/v2\/product_cat?post=5515"},{"taxonomy":"product_tag","embeddable":true,"href":"https:\/\/tones-syslerier.no\/index.php\/wp-json\/wp\/v2\/product_tag?post=5515"}],"curies":[{"name":"wp","href":"https:\/\/api.w.org\/{rel}","templated":true}]}}