{"id":5434,"date":"2025-08-16T15:39:08","date_gmt":"2025-08-16T13:39:08","guid":{"rendered":"https:\/\/tones-syslerier.no\/?post_type=product&#038;p=5434"},"modified":"2025-12-28T13:46:39","modified_gmt":"2025-12-28T12:46:39","slug":"gel-press-gel-printing-plate-rectangle-3x5","status":"publish","type":"product","link":"https:\/\/tones-syslerier.no\/index.php\/produkt\/gel-press-gel-printing-plate-rectangle-3x5\/","title":{"rendered":"Gel Press \u2022 Gel Printing Plate Rectangle 3&#215;5&#8243;"},"content":{"rendered":"<p>Lag unike blokktrykk p\u00e5 kartong, hobbypapir eller stoff med denne Gel Press-trykkplaten. Start med \u00e5 p\u00e5f\u00f8re litt maling p\u00e5 trykkplaten, og fordel den deretter utover med en b\u00f8rste eller pensel. Lag m\u00f8nstre i malingen ved hjelp av sjablonger, stempler, pensler, spatler eller en teksturkam. N\u00e5r du har oppn\u00e5dd \u00f8nsket resultat, plasserer du papiret eller stoffet p\u00e5 gel-trykkplaten og trykker det godt ned, slik at malingen fester seg til materialet. N\u00e5r du l\u00f8fter papiret eller stoffet av trykkplaten, er kunstverket ditt ferdig.<\/p>\n<p>Lag vakre bakgrunner for brevpapir, plakater, etiketter og malerier, lag ditt eget design for putevar eller vesker, eller bruk trykkene til scrapbooking, kortlaging, art journaling, mixed media eller bullet journaling. La kreativiteten l\u00f8pe l\u00f8psk med denne trykkteknikken og bland m\u00f8nstre og farger i flere lag p\u00e5 trykkplaten, eller skriv ut forskjellige lag direkte p\u00e5 materialet ditt, ett om gangen. Denne rektangul\u00e6re trykkplaten er 7,5 x 12,5 cm. Etter bruk kan den enkelt rengj\u00f8res med s\u00e5pe og vann.<\/p>\n<p>Artikkelkode GEL10808<br \/>\nStrekkode 811100016910<br \/>\nMerke Gel Press<br \/>\nEmballasjem\u00e5l 16,81 x 9,83 x 1,42 cm<br \/>\nProduktm\u00e5l 7,62 x 12,7 cm<br \/>\nProdukttype Geltrykk<br \/>\nSortering Geltrykkplater<br \/>\nMateriale Silikon<br \/>\nFormat 7,62 x 12,70 cm<br \/>\nP\u00e5f\u00f8ring Blekk, Perfekt for sjablongering, Blandet media<\/p>\n<p><img loading=\"lazy\" decoding=\"async\" class=\"alignnone size-medium wp-image-5435\" src=\"https:\/\/tones-syslerier.no\/wp-content\/uploads\/2025\/08\/gel10808_01_3622_1-300x300.webp\" alt=\"\" width=\"300\" height=\"300\" srcset=\"https:\/\/tones-syslerier.no\/wp-content\/uploads\/2025\/08\/gel10808_01_3622_1-300x300.webp 300w, https:\/\/tones-syslerier.no\/wp-content\/uploads\/2025\/08\/gel10808_01_3622_1-1024x1024.webp 1024w, https:\/\/tones-syslerier.no\/wp-content\/uploads\/2025\/08\/gel10808_01_3622_1-150x150.webp 150w, https:\/\/tones-syslerier.no\/wp-content\/uploads\/2025\/08\/gel10808_01_3622_1-768x768.webp 768w, https:\/\/tones-syslerier.no\/wp-content\/uploads\/2025\/08\/gel10808_01_3622_1-1536x1536.webp 1536w, https:\/\/tones-syslerier.no\/wp-content\/uploads\/2025\/08\/gel10808_01_3622_1-324x324.webp 324w, https:\/\/tones-syslerier.no\/wp-content\/uploads\/2025\/08\/gel10808_01_3622_1-416x416.webp 416w, https:\/\/tones-syslerier.no\/wp-content\/uploads\/2025\/08\/gel10808_01_3622_1-100x100.webp 100w, https:\/\/tones-syslerier.no\/wp-content\/uploads\/2025\/08\/gel10808_01_3622_1.webp 1600w\" sizes=\"auto, (max-width: 300px) 100vw, 300px\" \/><\/p>\n<p><img loading=\"lazy\" decoding=\"async\" class=\"alignnone size-medium wp-image-5436\" src=\"https:\/\/tones-syslerier.no\/wp-content\/uploads\/2025\/08\/gel10808_02_be90_1-300x300.webp\" alt=\"\" width=\"300\" height=\"300\" srcset=\"https:\/\/tones-syslerier.no\/wp-content\/uploads\/2025\/08\/gel10808_02_be90_1-300x300.webp 300w, https:\/\/tones-syslerier.no\/wp-content\/uploads\/2025\/08\/gel10808_02_be90_1-1024x1024.webp 1024w, https:\/\/tones-syslerier.no\/wp-content\/uploads\/2025\/08\/gel10808_02_be90_1-150x150.webp 150w, https:\/\/tones-syslerier.no\/wp-content\/uploads\/2025\/08\/gel10808_02_be90_1-768x768.webp 768w, https:\/\/tones-syslerier.no\/wp-content\/uploads\/2025\/08\/gel10808_02_be90_1-1536x1536.webp 1536w, https:\/\/tones-syslerier.no\/wp-content\/uploads\/2025\/08\/gel10808_02_be90_1-324x324.webp 324w, https:\/\/tones-syslerier.no\/wp-content\/uploads\/2025\/08\/gel10808_02_be90_1-416x416.webp 416w, https:\/\/tones-syslerier.no\/wp-content\/uploads\/2025\/08\/gel10808_02_be90_1-100x100.webp 100w, https:\/\/tones-syslerier.no\/wp-content\/uploads\/2025\/08\/gel10808_02_be90_1.webp 1600w\" sizes=\"auto, (max-width: 300px) 100vw, 300px\" \/><\/p>\n<p><img loading=\"lazy\" decoding=\"async\" class=\"alignnone size-medium wp-image-5437\" src=\"https:\/\/tones-syslerier.no\/wp-content\/uploads\/2025\/08\/gel10808_05_e1fb_1-300x300.webp\" alt=\"\" width=\"300\" height=\"300\" srcset=\"https:\/\/tones-syslerier.no\/wp-content\/uploads\/2025\/08\/gel10808_05_e1fb_1-300x300.webp 300w, https:\/\/tones-syslerier.no\/wp-content\/uploads\/2025\/08\/gel10808_05_e1fb_1-1024x1024.webp 1024w, https:\/\/tones-syslerier.no\/wp-content\/uploads\/2025\/08\/gel10808_05_e1fb_1-150x150.webp 150w, https:\/\/tones-syslerier.no\/wp-content\/uploads\/2025\/08\/gel10808_05_e1fb_1-768x768.webp 768w, https:\/\/tones-syslerier.no\/wp-content\/uploads\/2025\/08\/gel10808_05_e1fb_1-1536x1536.webp 1536w, https:\/\/tones-syslerier.no\/wp-content\/uploads\/2025\/08\/gel10808_05_e1fb_1-324x324.webp 324w, https:\/\/tones-syslerier.no\/wp-content\/uploads\/2025\/08\/gel10808_05_e1fb_1-416x416.webp 416w, https:\/\/tones-syslerier.no\/wp-content\/uploads\/2025\/08\/gel10808_05_e1fb_1-100x100.webp 100w, https:\/\/tones-syslerier.no\/wp-content\/uploads\/2025\/08\/gel10808_05_e1fb_1.webp 1600w\" sizes=\"auto, (max-width: 300px) 100vw, 300px\" \/><\/p>\n<p><img loading=\"lazy\" decoding=\"async\" class=\"alignnone size-medium wp-image-5438\" src=\"https:\/\/tones-syslerier.no\/wp-content\/uploads\/2025\/08\/gel10808_06_ad16_1-300x300.webp\" alt=\"\" width=\"300\" height=\"300\" srcset=\"https:\/\/tones-syslerier.no\/wp-content\/uploads\/2025\/08\/gel10808_06_ad16_1-300x300.webp 300w, https:\/\/tones-syslerier.no\/wp-content\/uploads\/2025\/08\/gel10808_06_ad16_1-1024x1024.webp 1024w, https:\/\/tones-syslerier.no\/wp-content\/uploads\/2025\/08\/gel10808_06_ad16_1-150x150.webp 150w, https:\/\/tones-syslerier.no\/wp-content\/uploads\/2025\/08\/gel10808_06_ad16_1-768x768.webp 768w, https:\/\/tones-syslerier.no\/wp-content\/uploads\/2025\/08\/gel10808_06_ad16_1-1536x1536.webp 1536w, https:\/\/tones-syslerier.no\/wp-content\/uploads\/2025\/08\/gel10808_06_ad16_1-324x324.webp 324w, https:\/\/tones-syslerier.no\/wp-content\/uploads\/2025\/08\/gel10808_06_ad16_1-416x416.webp 416w, https:\/\/tones-syslerier.no\/wp-content\/uploads\/2025\/08\/gel10808_06_ad16_1-100x100.webp 100w, https:\/\/tones-syslerier.no\/wp-content\/uploads\/2025\/08\/gel10808_06_ad16_1.webp 1600w\" sizes=\"auto, (max-width: 300px) 100vw, 300px\" \/><\/p>\n<p><img loading=\"lazy\" decoding=\"async\" class=\"alignnone size-medium wp-image-5439\" src=\"https:\/\/tones-syslerier.no\/wp-content\/uploads\/2025\/08\/gel10808_08_f1fa_1-300x300.webp\" alt=\"\" width=\"300\" height=\"300\" srcset=\"https:\/\/tones-syslerier.no\/wp-content\/uploads\/2025\/08\/gel10808_08_f1fa_1-300x300.webp 300w, https:\/\/tones-syslerier.no\/wp-content\/uploads\/2025\/08\/gel10808_08_f1fa_1-1024x1024.webp 1024w, https:\/\/tones-syslerier.no\/wp-content\/uploads\/2025\/08\/gel10808_08_f1fa_1-150x150.webp 150w, https:\/\/tones-syslerier.no\/wp-content\/uploads\/2025\/08\/gel10808_08_f1fa_1-768x768.webp 768w, https:\/\/tones-syslerier.no\/wp-content\/uploads\/2025\/08\/gel10808_08_f1fa_1-1536x1536.webp 1536w, https:\/\/tones-syslerier.no\/wp-content\/uploads\/2025\/08\/gel10808_08_f1fa_1-324x324.webp 324w, https:\/\/tones-syslerier.no\/wp-content\/uploads\/2025\/08\/gel10808_08_f1fa_1-416x416.webp 416w, https:\/\/tones-syslerier.no\/wp-content\/uploads\/2025\/08\/gel10808_08_f1fa_1-100x100.webp 100w, https:\/\/tones-syslerier.no\/wp-content\/uploads\/2025\/08\/gel10808_08_f1fa_1.webp 1600w\" sizes=\"auto, (max-width: 300px) 100vw, 300px\" \/><\/p>\n","protected":false},"excerpt":{"rendered":"<p>Lag unike blokktrykk p\u00e5 kartong, hobbypapir eller stoff med denne Gel Press-trykkplaten. Start med \u00e5 p\u00e5f\u00f8re litt maling p\u00e5 trykkplaten, og fordel den deretter utover med en b\u00f8rste eller pensel. Lag m\u00f8nstre i malingen ved hjelp av sjablonger, stempler, pensler, spatler eller en teksturkam. N\u00e5r du har oppn\u00e5dd \u00f8nsket resultat, plasserer du papiret eller stoffet [&hellip;]<\/p>\n","protected":false},"featured_media":5435,"comment_status":"open","ping_status":"closed","template":"","meta":[],"product_brand":[],"product_cat":[203,200],"product_tag":[],"class_list":{"0":"post-5434","1":"product","2":"type-product","3":"status-publish","4":"has-post-thumbnail","6":"product_cat-gel-printing","7":"product_cat-maling-og-tibehor","9":"first","10":"instock","11":"taxable","12":"shipping-taxable","13":"purchasable","14":"product-type-simple"},"_links":{"self":[{"href":"https:\/\/tones-syslerier.no\/index.php\/wp-json\/wp\/v2\/product\/5434","targetHints":{"allow":["GET"]}}],"collection":[{"href":"https:\/\/tones-syslerier.no\/index.php\/wp-json\/wp\/v2\/product"}],"about":[{"href":"https:\/\/tones-syslerier.no\/index.php\/wp-json\/wp\/v2\/types\/product"}],"replies":[{"embeddable":true,"href":"https:\/\/tones-syslerier.no\/index.php\/wp-json\/wp\/v2\/comments?post=5434"}],"wp:featuredmedia":[{"embeddable":true,"href":"https:\/\/tones-syslerier.no\/index.php\/wp-json\/wp\/v2\/media\/5435"}],"wp:attachment":[{"href":"https:\/\/tones-syslerier.no\/index.php\/wp-json\/wp\/v2\/media?parent=5434"}],"wp:term":[{"taxonomy":"product_brand","embeddable":true,"href":"https:\/\/tones-syslerier.no\/index.php\/wp-json\/wp\/v2\/product_brand?post=5434"},{"taxonomy":"product_cat","embeddable":true,"href":"https:\/\/tones-syslerier.no\/index.php\/wp-json\/wp\/v2\/product_cat?post=5434"},{"taxonomy":"product_tag","embeddable":true,"href":"https:\/\/tones-syslerier.no\/index.php\/wp-json\/wp\/v2\/product_tag?post=5434"}],"curies":[{"name":"wp","href":"https:\/\/api.w.org\/{rel}","templated":true}]}}