{"id":5432,"date":"2025-08-16T15:29:48","date_gmt":"2025-08-16T13:29:48","guid":{"rendered":"https:\/\/tones-syslerier.no\/?post_type=product&#038;p=5432"},"modified":"2026-01-09T09:47:31","modified_gmt":"2026-01-09T08:47:31","slug":"crealies-create-a-box-mini-dies-advent-box-with-numbers","status":"publish","type":"product","link":"https:\/\/tones-syslerier.no\/index.php\/produkt\/crealies-create-a-box-mini-dies-advent-box-with-numbers\/","title":{"rendered":"Crealies \u2022 Create A Box Mini dies Advent box with numbers"},"content":{"rendered":"<p>Artikkelkode CCABM18<br \/>\nStrekkode 8720143085390<br \/>\nMerke Crealies<br \/>\nFerdige m\u00e5l: 10 x 40 x 40 mm<br \/>\nProdukttype Stansede skj\u00e6resjabloner<br \/>\nTema Jul<br \/>\nMateriale Metall<br \/>\nM\u00f8nsternummer, Juledekorasjon<br \/>\nApplikasjonspapir, Scrapbooking<\/p>\n<p><img loading=\"lazy\" decoding=\"async\" class=\"alignnone size-medium wp-image-5433\" src=\"https:\/\/tones-syslerier.no\/wp-content\/uploads\/2025\/08\/ccabm18_01_dd94-300x300.webp\" alt=\"\" width=\"300\" height=\"300\" srcset=\"https:\/\/tones-syslerier.no\/wp-content\/uploads\/2025\/08\/ccabm18_01_dd94-300x300.webp 300w, https:\/\/tones-syslerier.no\/wp-content\/uploads\/2025\/08\/ccabm18_01_dd94-1024x1024.webp 1024w, https:\/\/tones-syslerier.no\/wp-content\/uploads\/2025\/08\/ccabm18_01_dd94-150x150.webp 150w, https:\/\/tones-syslerier.no\/wp-content\/uploads\/2025\/08\/ccabm18_01_dd94-768x768.webp 768w, https:\/\/tones-syslerier.no\/wp-content\/uploads\/2025\/08\/ccabm18_01_dd94-1536x1536.webp 1536w, https:\/\/tones-syslerier.no\/wp-content\/uploads\/2025\/08\/ccabm18_01_dd94-324x324.webp 324w, https:\/\/tones-syslerier.no\/wp-content\/uploads\/2025\/08\/ccabm18_01_dd94-416x416.webp 416w, https:\/\/tones-syslerier.no\/wp-content\/uploads\/2025\/08\/ccabm18_01_dd94-100x100.webp 100w, https:\/\/tones-syslerier.no\/wp-content\/uploads\/2025\/08\/ccabm18_01_dd94.webp 1600w\" sizes=\"auto, (max-width: 300px) 100vw, 300px\" \/><\/p>\n","protected":false},"excerpt":{"rendered":"<p>Artikkelkode CCABM18 Strekkode 8720143085390 Merke Crealies Ferdige m\u00e5l: 10 x 40 x 40 mm Produkttype Stansede skj\u00e6resjabloner Tema Jul Materiale Metall M\u00f8nsternummer, Juledekorasjon Applikasjonspapir, Scrapbooking<\/p>\n","protected":false},"featured_media":5433,"comment_status":"open","ping_status":"closed","template":"","meta":[],"product_brand":[],"product_cat":[175,143],"product_tag":[],"class_list":{"0":"post-5432","1":"product","2":"type-product","3":"status-publish","4":"has-post-thumbnail","6":"product_cat-dies","7":"product_cat-crealies-dies","9":"first","10":"instock","11":"taxable","12":"shipping-taxable","13":"purchasable","14":"product-type-simple"},"_links":{"self":[{"href":"https:\/\/tones-syslerier.no\/index.php\/wp-json\/wp\/v2\/product\/5432","targetHints":{"allow":["GET"]}}],"collection":[{"href":"https:\/\/tones-syslerier.no\/index.php\/wp-json\/wp\/v2\/product"}],"about":[{"href":"https:\/\/tones-syslerier.no\/index.php\/wp-json\/wp\/v2\/types\/product"}],"replies":[{"embeddable":true,"href":"https:\/\/tones-syslerier.no\/index.php\/wp-json\/wp\/v2\/comments?post=5432"}],"wp:featuredmedia":[{"embeddable":true,"href":"https:\/\/tones-syslerier.no\/index.php\/wp-json\/wp\/v2\/media\/5433"}],"wp:attachment":[{"href":"https:\/\/tones-syslerier.no\/index.php\/wp-json\/wp\/v2\/media?parent=5432"}],"wp:term":[{"taxonomy":"product_brand","embeddable":true,"href":"https:\/\/tones-syslerier.no\/index.php\/wp-json\/wp\/v2\/product_brand?post=5432"},{"taxonomy":"product_cat","embeddable":true,"href":"https:\/\/tones-syslerier.no\/index.php\/wp-json\/wp\/v2\/product_cat?post=5432"},{"taxonomy":"product_tag","embeddable":true,"href":"https:\/\/tones-syslerier.no\/index.php\/wp-json\/wp\/v2\/product_tag?post=5432"}],"curies":[{"name":"wp","href":"https:\/\/api.w.org\/{rel}","templated":true}]}}