{"id":5420,"date":"2025-08-16T15:05:52","date_gmt":"2025-08-16T13:05:52","guid":{"rendered":"https:\/\/tones-syslerier.no\/?post_type=product&#038;p=5420"},"modified":"2026-01-22T11:52:46","modified_gmt":"2026-01-22T10:52:46","slug":"crealies-on-the-edge-cutting-dies-dripping-honey-frosting","status":"publish","type":"product","link":"https:\/\/tones-syslerier.no\/index.php\/produkt\/crealies-on-the-edge-cutting-dies-dripping-honey-frosting\/","title":{"rendered":"Crealies \u2022 On the Edge Cutting Dies Dripping Honey &#038; Frosting"},"content":{"rendered":"<p>Artikkelkode CLOTE64<br \/>\nStrekkode 8720143089206<br \/>\nMerke Crealies<br \/>\nProduktm\u00e5l 14,5 cm<br \/>\nProdukttype Stansede skj\u00e6reblader<br \/>\nMateriale Metall<br \/>\nProduktlinje<br \/>\nM\u00f8nsterprikker<br \/>\nBruksm\u00e5te Papir, Papp, Kunstjournaling, Scrapbooking<\/p>\n<p>&nbsp;<\/p>\n<p><img loading=\"lazy\" decoding=\"async\" class=\"alignnone size-medium wp-image-5421\" src=\"https:\/\/tones-syslerier.no\/wp-content\/uploads\/2025\/08\/clote64_01_f7cf-300x300.webp\" alt=\"\" width=\"300\" height=\"300\" srcset=\"https:\/\/tones-syslerier.no\/wp-content\/uploads\/2025\/08\/clote64_01_f7cf-300x300.webp 300w, https:\/\/tones-syslerier.no\/wp-content\/uploads\/2025\/08\/clote64_01_f7cf-1024x1024.webp 1024w, https:\/\/tones-syslerier.no\/wp-content\/uploads\/2025\/08\/clote64_01_f7cf-150x150.webp 150w, https:\/\/tones-syslerier.no\/wp-content\/uploads\/2025\/08\/clote64_01_f7cf-768x768.webp 768w, https:\/\/tones-syslerier.no\/wp-content\/uploads\/2025\/08\/clote64_01_f7cf-1536x1536.webp 1536w, https:\/\/tones-syslerier.no\/wp-content\/uploads\/2025\/08\/clote64_01_f7cf-324x324.webp 324w, https:\/\/tones-syslerier.no\/wp-content\/uploads\/2025\/08\/clote64_01_f7cf-416x416.webp 416w, https:\/\/tones-syslerier.no\/wp-content\/uploads\/2025\/08\/clote64_01_f7cf-100x100.webp 100w, https:\/\/tones-syslerier.no\/wp-content\/uploads\/2025\/08\/clote64_01_f7cf.webp 1600w\" sizes=\"auto, (max-width: 300px) 100vw, 300px\" \/><\/p>\n<p>&nbsp;<\/p>\n<p><img loading=\"lazy\" decoding=\"async\" class=\"alignnone size-medium wp-image-5422\" src=\"https:\/\/tones-syslerier.no\/wp-content\/uploads\/2025\/08\/clote64_02_424c-300x300.webp\" alt=\"\" width=\"300\" height=\"300\" srcset=\"https:\/\/tones-syslerier.no\/wp-content\/uploads\/2025\/08\/clote64_02_424c-300x300.webp 300w, https:\/\/tones-syslerier.no\/wp-content\/uploads\/2025\/08\/clote64_02_424c-1024x1024.webp 1024w, https:\/\/tones-syslerier.no\/wp-content\/uploads\/2025\/08\/clote64_02_424c-150x150.webp 150w, https:\/\/tones-syslerier.no\/wp-content\/uploads\/2025\/08\/clote64_02_424c-768x768.webp 768w, https:\/\/tones-syslerier.no\/wp-content\/uploads\/2025\/08\/clote64_02_424c-1536x1536.webp 1536w, https:\/\/tones-syslerier.no\/wp-content\/uploads\/2025\/08\/clote64_02_424c-324x324.webp 324w, https:\/\/tones-syslerier.no\/wp-content\/uploads\/2025\/08\/clote64_02_424c-416x416.webp 416w, https:\/\/tones-syslerier.no\/wp-content\/uploads\/2025\/08\/clote64_02_424c-100x100.webp 100w, https:\/\/tones-syslerier.no\/wp-content\/uploads\/2025\/08\/clote64_02_424c.webp 1600w\" sizes=\"auto, (max-width: 300px) 100vw, 300px\" \/><\/p>\n","protected":false},"excerpt":{"rendered":"<p>Artikkelkode CLOTE64 Strekkode 8720143089206 Merke Crealies Produktm\u00e5l 14,5 cm Produkttype Stansede skj\u00e6reblader Materiale Metall Produktlinje M\u00f8nsterprikker Bruksm\u00e5te Papir, Papp, Kunstjournaling, Scrapbooking &nbsp; &nbsp;<\/p>\n","protected":false},"featured_media":5421,"comment_status":"open","ping_status":"closed","template":"","meta":[],"product_brand":[],"product_cat":[175,143],"product_tag":[],"class_list":{"0":"post-5420","1":"product","2":"type-product","3":"status-publish","4":"has-post-thumbnail","6":"product_cat-dies","7":"product_cat-crealies-dies","9":"first","10":"instock","11":"taxable","12":"shipping-taxable","13":"purchasable","14":"product-type-simple"},"_links":{"self":[{"href":"https:\/\/tones-syslerier.no\/index.php\/wp-json\/wp\/v2\/product\/5420","targetHints":{"allow":["GET"]}}],"collection":[{"href":"https:\/\/tones-syslerier.no\/index.php\/wp-json\/wp\/v2\/product"}],"about":[{"href":"https:\/\/tones-syslerier.no\/index.php\/wp-json\/wp\/v2\/types\/product"}],"replies":[{"embeddable":true,"href":"https:\/\/tones-syslerier.no\/index.php\/wp-json\/wp\/v2\/comments?post=5420"}],"wp:featuredmedia":[{"embeddable":true,"href":"https:\/\/tones-syslerier.no\/index.php\/wp-json\/wp\/v2\/media\/5421"}],"wp:attachment":[{"href":"https:\/\/tones-syslerier.no\/index.php\/wp-json\/wp\/v2\/media?parent=5420"}],"wp:term":[{"taxonomy":"product_brand","embeddable":true,"href":"https:\/\/tones-syslerier.no\/index.php\/wp-json\/wp\/v2\/product_brand?post=5420"},{"taxonomy":"product_cat","embeddable":true,"href":"https:\/\/tones-syslerier.no\/index.php\/wp-json\/wp\/v2\/product_cat?post=5420"},{"taxonomy":"product_tag","embeddable":true,"href":"https:\/\/tones-syslerier.no\/index.php\/wp-json\/wp\/v2\/product_tag?post=5420"}],"curies":[{"name":"wp","href":"https:\/\/api.w.org\/{rel}","templated":true}]}}