{"id":5391,"date":"2025-08-16T14:25:42","date_gmt":"2025-08-16T12:25:42","guid":{"rendered":"https:\/\/tones-syslerier.no\/?post_type=product&#038;p=5391"},"modified":"2025-12-21T18:46:28","modified_gmt":"2025-12-21T17:46:28","slug":"vaessen-creative-clear-stamps-reindeer-co-2-14pcs","status":"publish","type":"product","link":"https:\/\/tones-syslerier.no\/index.php\/produkt\/vaessen-creative-clear-stamps-reindeer-co-2-14pcs\/","title":{"rendered":"Vaessen Creative \u2022 Clear Stamps Reindeer &#038; Co 2 14pcs"},"content":{"rendered":"<p>14 klare stempler med reinsdyr<br \/>\nPasser til stemplingsplattformer og akrylblokker<br \/>\nLett \u00e5 rengj\u00f8re og bruke om igjen<\/p>\n<p>Stempel festlige julemotiver p\u00e5 kortene og utklippsboksidene dine med de klare stemplene fra Vaessen Creative. Disse stemplene er designet av illustrat\u00f8ren Carla Creates, kjent for sine muntre tegninger, kort og portretter laget med blyant, blekk og maling. Disse gjennomsiktige stemplene (ogs\u00e5 kjent som silikonstempler) er laget av fotopolymer av h\u00f8y kvalitet, noe som sikrer skarpe og detaljerte utskrifter \u2013 perfekt for alle dine papirhobbyprosjekter. Takket v\u00e6re det klare materialet kan du plassere stempelet akkurat der du vil ha det. Ideelt for julekortlaging, scrapbooking, journalf\u00f8ring og andre kreative prosjekter. De klare stemplene fungerer perfekt med en stemplingsplattform, akrylblokk eller Tack \u2018N Peel-ark (05TP001) og er kompatible med ulike typer blekk, for eksempel fargeblekk, pigmentblekk og vannbasert blekk.<\/p>\n<p>De klare stemplene er enkle \u00e5 rengj\u00f8re, slik at du kan bruke dem om og om igjen uten tap av kvalitet. Takket v\u00e6re den slitesterke fotopolymeren holder disse stemplene seg i utmerket stand selv etter hyppig bruk. Dette A6-settet inneholder 14 klare stempler med et reinsdyr og festlig dekorasjon.<\/p>\n<p>Tips! Rengj\u00f8r de klare stemplene dine med s\u00e5pe og en fuktig klut eller en spesiell stempelrens for \u00e5 opprettholde den skarpe trykkkvaliteten<\/p>\n<p>Artikkelkode CAR0110<br \/>\nStrekkode 8716052251902<br \/>\nMerke Vaessen Creative<br \/>\nVolum 14<br \/>\nProdukttype Klart stempel<br \/>\nTema Jul<br \/>\nKolleksjon Morsomme julekuler, Hjort og Kylling<br \/>\nM\u00f8nster juletr\u00e6r, Reinsdyr, Stjerner<br \/>\nDesigner Carla Creates<\/p>\n<p>&nbsp;<\/p>\n<p><img loading=\"lazy\" decoding=\"async\" class=\"alignnone size-medium wp-image-5392\" src=\"https:\/\/tones-syslerier.no\/wp-content\/uploads\/2025\/08\/car0110_01_e9ab-300x300.webp\" alt=\"\" width=\"300\" height=\"300\" srcset=\"https:\/\/tones-syslerier.no\/wp-content\/uploads\/2025\/08\/car0110_01_e9ab-300x300.webp 300w, https:\/\/tones-syslerier.no\/wp-content\/uploads\/2025\/08\/car0110_01_e9ab-1024x1024.webp 1024w, https:\/\/tones-syslerier.no\/wp-content\/uploads\/2025\/08\/car0110_01_e9ab-150x150.webp 150w, https:\/\/tones-syslerier.no\/wp-content\/uploads\/2025\/08\/car0110_01_e9ab-768x768.webp 768w, https:\/\/tones-syslerier.no\/wp-content\/uploads\/2025\/08\/car0110_01_e9ab-1536x1536.webp 1536w, https:\/\/tones-syslerier.no\/wp-content\/uploads\/2025\/08\/car0110_01_e9ab-324x324.webp 324w, https:\/\/tones-syslerier.no\/wp-content\/uploads\/2025\/08\/car0110_01_e9ab-416x416.webp 416w, https:\/\/tones-syslerier.no\/wp-content\/uploads\/2025\/08\/car0110_01_e9ab-100x100.webp 100w, https:\/\/tones-syslerier.no\/wp-content\/uploads\/2025\/08\/car0110_01_e9ab.webp 1600w\" sizes=\"auto, (max-width: 300px) 100vw, 300px\" \/><\/p>\n<p><img loading=\"lazy\" decoding=\"async\" class=\"alignnone size-medium wp-image-5393\" src=\"https:\/\/tones-syslerier.no\/wp-content\/uploads\/2025\/08\/car0110_02_ab9b-300x300.webp\" alt=\"\" width=\"300\" height=\"300\" srcset=\"https:\/\/tones-syslerier.no\/wp-content\/uploads\/2025\/08\/car0110_02_ab9b-300x300.webp 300w, https:\/\/tones-syslerier.no\/wp-content\/uploads\/2025\/08\/car0110_02_ab9b-1024x1024.webp 1024w, https:\/\/tones-syslerier.no\/wp-content\/uploads\/2025\/08\/car0110_02_ab9b-150x150.webp 150w, https:\/\/tones-syslerier.no\/wp-content\/uploads\/2025\/08\/car0110_02_ab9b-768x768.webp 768w, https:\/\/tones-syslerier.no\/wp-content\/uploads\/2025\/08\/car0110_02_ab9b-1536x1536.webp 1536w, https:\/\/tones-syslerier.no\/wp-content\/uploads\/2025\/08\/car0110_02_ab9b-324x324.webp 324w, https:\/\/tones-syslerier.no\/wp-content\/uploads\/2025\/08\/car0110_02_ab9b-416x416.webp 416w, https:\/\/tones-syslerier.no\/wp-content\/uploads\/2025\/08\/car0110_02_ab9b-100x100.webp 100w, https:\/\/tones-syslerier.no\/wp-content\/uploads\/2025\/08\/car0110_02_ab9b.webp 1600w\" sizes=\"auto, (max-width: 300px) 100vw, 300px\" \/><\/p>\n<p><img loading=\"lazy\" decoding=\"async\" class=\"alignnone size-medium wp-image-5394\" src=\"https:\/\/tones-syslerier.no\/wp-content\/uploads\/2025\/08\/car0110_03_47bc-300x300.webp\" alt=\"\" width=\"300\" height=\"300\" srcset=\"https:\/\/tones-syslerier.no\/wp-content\/uploads\/2025\/08\/car0110_03_47bc-300x300.webp 300w, https:\/\/tones-syslerier.no\/wp-content\/uploads\/2025\/08\/car0110_03_47bc-1024x1024.webp 1024w, https:\/\/tones-syslerier.no\/wp-content\/uploads\/2025\/08\/car0110_03_47bc-150x150.webp 150w, https:\/\/tones-syslerier.no\/wp-content\/uploads\/2025\/08\/car0110_03_47bc-768x768.webp 768w, https:\/\/tones-syslerier.no\/wp-content\/uploads\/2025\/08\/car0110_03_47bc-1536x1536.webp 1536w, https:\/\/tones-syslerier.no\/wp-content\/uploads\/2025\/08\/car0110_03_47bc-324x324.webp 324w, https:\/\/tones-syslerier.no\/wp-content\/uploads\/2025\/08\/car0110_03_47bc-416x416.webp 416w, https:\/\/tones-syslerier.no\/wp-content\/uploads\/2025\/08\/car0110_03_47bc-100x100.webp 100w, https:\/\/tones-syslerier.no\/wp-content\/uploads\/2025\/08\/car0110_03_47bc.webp 1600w\" sizes=\"auto, (max-width: 300px) 100vw, 300px\" \/><\/p>\n<p><img loading=\"lazy\" decoding=\"async\" class=\"alignnone size-medium wp-image-5395\" src=\"https:\/\/tones-syslerier.no\/wp-content\/uploads\/2025\/08\/car0110_04_b761-300x300.webp\" alt=\"\" width=\"300\" height=\"300\" srcset=\"https:\/\/tones-syslerier.no\/wp-content\/uploads\/2025\/08\/car0110_04_b761-300x300.webp 300w, https:\/\/tones-syslerier.no\/wp-content\/uploads\/2025\/08\/car0110_04_b761-1024x1024.webp 1024w, https:\/\/tones-syslerier.no\/wp-content\/uploads\/2025\/08\/car0110_04_b761-150x150.webp 150w, https:\/\/tones-syslerier.no\/wp-content\/uploads\/2025\/08\/car0110_04_b761-768x768.webp 768w, https:\/\/tones-syslerier.no\/wp-content\/uploads\/2025\/08\/car0110_04_b761-1536x1536.webp 1536w, https:\/\/tones-syslerier.no\/wp-content\/uploads\/2025\/08\/car0110_04_b761-324x324.webp 324w, https:\/\/tones-syslerier.no\/wp-content\/uploads\/2025\/08\/car0110_04_b761-416x416.webp 416w, https:\/\/tones-syslerier.no\/wp-content\/uploads\/2025\/08\/car0110_04_b761-100x100.webp 100w, https:\/\/tones-syslerier.no\/wp-content\/uploads\/2025\/08\/car0110_04_b761.webp 1600w\" sizes=\"auto, (max-width: 300px) 100vw, 300px\" \/><\/p>\n<p><img loading=\"lazy\" decoding=\"async\" class=\"alignnone size-medium wp-image-5396\" src=\"https:\/\/tones-syslerier.no\/wp-content\/uploads\/2025\/08\/car0110_05_20cb-300x300.webp\" alt=\"\" width=\"300\" height=\"300\" srcset=\"https:\/\/tones-syslerier.no\/wp-content\/uploads\/2025\/08\/car0110_05_20cb-300x300.webp 300w, https:\/\/tones-syslerier.no\/wp-content\/uploads\/2025\/08\/car0110_05_20cb-1024x1024.webp 1024w, https:\/\/tones-syslerier.no\/wp-content\/uploads\/2025\/08\/car0110_05_20cb-150x150.webp 150w, https:\/\/tones-syslerier.no\/wp-content\/uploads\/2025\/08\/car0110_05_20cb-768x768.webp 768w, https:\/\/tones-syslerier.no\/wp-content\/uploads\/2025\/08\/car0110_05_20cb-1536x1536.webp 1536w, https:\/\/tones-syslerier.no\/wp-content\/uploads\/2025\/08\/car0110_05_20cb-324x324.webp 324w, https:\/\/tones-syslerier.no\/wp-content\/uploads\/2025\/08\/car0110_05_20cb-416x416.webp 416w, https:\/\/tones-syslerier.no\/wp-content\/uploads\/2025\/08\/car0110_05_20cb-100x100.webp 100w, https:\/\/tones-syslerier.no\/wp-content\/uploads\/2025\/08\/car0110_05_20cb.webp 1600w\" sizes=\"auto, (max-width: 300px) 100vw, 300px\" \/><\/p>\n","protected":false},"excerpt":{"rendered":"<p>14 klare stempler med reinsdyr Passer til stemplingsplattformer og akrylblokker Lett \u00e5 rengj\u00f8re og bruke om igjen Stempel festlige julemotiver p\u00e5 kortene og utklippsboksidene dine med de klare stemplene fra Vaessen Creative. Disse stemplene er designet av illustrat\u00f8ren Carla Creates, kjent for sine muntre tegninger, kort og portretter laget med blyant, blekk og maling. Disse [&hellip;]<\/p>\n","protected":false},"featured_media":5392,"comment_status":"open","ping_status":"closed","template":"","meta":[],"product_brand":[],"product_cat":[176,216],"product_tag":[],"class_list":{"0":"post-5391","1":"product","2":"type-product","3":"status-publish","4":"has-post-thumbnail","6":"product_cat-stempel","7":"product_cat-vaessen-stempel","9":"first","10":"instock","11":"taxable","12":"shipping-taxable","13":"purchasable","14":"product-type-simple"},"_links":{"self":[{"href":"https:\/\/tones-syslerier.no\/index.php\/wp-json\/wp\/v2\/product\/5391","targetHints":{"allow":["GET"]}}],"collection":[{"href":"https:\/\/tones-syslerier.no\/index.php\/wp-json\/wp\/v2\/product"}],"about":[{"href":"https:\/\/tones-syslerier.no\/index.php\/wp-json\/wp\/v2\/types\/product"}],"replies":[{"embeddable":true,"href":"https:\/\/tones-syslerier.no\/index.php\/wp-json\/wp\/v2\/comments?post=5391"}],"wp:featuredmedia":[{"embeddable":true,"href":"https:\/\/tones-syslerier.no\/index.php\/wp-json\/wp\/v2\/media\/5392"}],"wp:attachment":[{"href":"https:\/\/tones-syslerier.no\/index.php\/wp-json\/wp\/v2\/media?parent=5391"}],"wp:term":[{"taxonomy":"product_brand","embeddable":true,"href":"https:\/\/tones-syslerier.no\/index.php\/wp-json\/wp\/v2\/product_brand?post=5391"},{"taxonomy":"product_cat","embeddable":true,"href":"https:\/\/tones-syslerier.no\/index.php\/wp-json\/wp\/v2\/product_cat?post=5391"},{"taxonomy":"product_tag","embeddable":true,"href":"https:\/\/tones-syslerier.no\/index.php\/wp-json\/wp\/v2\/product_tag?post=5391"}],"curies":[{"name":"wp","href":"https:\/\/api.w.org\/{rel}","templated":true}]}}