{"id":5381,"date":"2025-08-16T13:50:41","date_gmt":"2025-08-16T11:50:41","guid":{"rendered":"https:\/\/tones-syslerier.no\/?post_type=product&#038;p=5381"},"modified":"2025-12-09T13:24:20","modified_gmt":"2025-12-09T12:24:20","slug":"vaessen-creative-3d-embossing-folder-jingle-bells-5-9x5-9","status":"publish","type":"product","link":"https:\/\/tones-syslerier.no\/index.php\/produkt\/vaessen-creative-3d-embossing-folder-jingle-bells-5-9x5-9\/","title":{"rendered":"Vaessen Creative \u2022 3D Embossing Folder Jingle Bells 5.9&#215;5.9&#8243;"},"content":{"rendered":"<p>Med denne pregemappen fra Vaessen Creative kan du enkelt gi kortene, utklippsb\u00f8kene eller journalsidene dine en kreativ vri. Denne pregemappen er en del av Jolly Mail-kolleksjonen, Vaessen Creatives julekolleksjon for 2025. Denne pregemappen er perfekt som bakgrunn for alle slags prosjekter. Preging skaper en hevet relieffeffekt p\u00e5 papir og kartong, noe som gir ekstra dybde og tekstur til designene dine. Mappen er enkel \u00e5 rengj\u00f8re og kan brukes om og om igjen.<\/p>\n<p>Vaessen Creatives pregemapper er brukervennlige og passer for b\u00e5de nybegynnere og erfarne h\u00e5ndverkere. De gir rene, presise resultater og er ideelle for et bredt utvalg av kreative prosjekter. Bare legg papiret eller kartongen i mappen og kj\u00f8r den gjennom en stanse- eller pregemaskin \u2013 pregemappene fra Vaessen Creative er kompatible med de fleste skj\u00e6re- og pregemaskiner. Fremhev relieffet med blekk, maling eller fargeblyanter for en ekstra spesiell effekt. Perfekt for gratulasjonskort, bullet journals, blandede medier, scrapbooking og mer!<\/p>\n<p>Spesifikasjoner:<\/p>\n<p>Design: Jingle Bells<br \/>\nM\u00e5l: 13,5 x 13,5 cm<br \/>\nMateriale: Plast<\/p>\n<p>Artikkelkode 3625-0115<br \/>\nStrekkode 8716052252459<br \/>\nMerke Vaessen Creative<br \/>\nEmballasjem\u00e5l 21 x 16,5 cm<br \/>\nProduktm\u00e5l 15 x 15 cm<br \/>\nVolum: 1<br \/>\nProdukttype: Pregemappe<br \/>\nTema: Jul<br \/>\nMateriale: Plast<br \/>\nKolleksjon: Jolly Mail<br \/>\nM\u00f8nster: Julesitater, Tekster<br \/>\nApplikasjonspapir, Kunstjournaling, Blandet media, Scrapbooking<br \/>\nDesigner: Tanja Reulen<\/p>\n<p><img loading=\"lazy\" decoding=\"async\" class=\"alignnone size-medium wp-image-5382\" src=\"https:\/\/tones-syslerier.no\/wp-content\/uploads\/2025\/08\/3625_0115_01_ccaa-300x300.webp\" alt=\"\" width=\"300\" height=\"300\" srcset=\"https:\/\/tones-syslerier.no\/wp-content\/uploads\/2025\/08\/3625_0115_01_ccaa-300x300.webp 300w, https:\/\/tones-syslerier.no\/wp-content\/uploads\/2025\/08\/3625_0115_01_ccaa-1024x1024.webp 1024w, https:\/\/tones-syslerier.no\/wp-content\/uploads\/2025\/08\/3625_0115_01_ccaa-150x150.webp 150w, https:\/\/tones-syslerier.no\/wp-content\/uploads\/2025\/08\/3625_0115_01_ccaa-768x768.webp 768w, https:\/\/tones-syslerier.no\/wp-content\/uploads\/2025\/08\/3625_0115_01_ccaa-1536x1536.webp 1536w, https:\/\/tones-syslerier.no\/wp-content\/uploads\/2025\/08\/3625_0115_01_ccaa-324x324.webp 324w, https:\/\/tones-syslerier.no\/wp-content\/uploads\/2025\/08\/3625_0115_01_ccaa-416x416.webp 416w, https:\/\/tones-syslerier.no\/wp-content\/uploads\/2025\/08\/3625_0115_01_ccaa-100x100.webp 100w, https:\/\/tones-syslerier.no\/wp-content\/uploads\/2025\/08\/3625_0115_01_ccaa.webp 1600w\" sizes=\"auto, (max-width: 300px) 100vw, 300px\" \/><\/p>\n<p><img loading=\"lazy\" decoding=\"async\" class=\"alignnone size-medium wp-image-5383\" src=\"https:\/\/tones-syslerier.no\/wp-content\/uploads\/2025\/08\/3625_0115_02_c3ee-300x300.webp\" alt=\"\" width=\"300\" height=\"300\" srcset=\"https:\/\/tones-syslerier.no\/wp-content\/uploads\/2025\/08\/3625_0115_02_c3ee-300x300.webp 300w, https:\/\/tones-syslerier.no\/wp-content\/uploads\/2025\/08\/3625_0115_02_c3ee-1024x1024.webp 1024w, https:\/\/tones-syslerier.no\/wp-content\/uploads\/2025\/08\/3625_0115_02_c3ee-150x150.webp 150w, https:\/\/tones-syslerier.no\/wp-content\/uploads\/2025\/08\/3625_0115_02_c3ee-768x768.webp 768w, https:\/\/tones-syslerier.no\/wp-content\/uploads\/2025\/08\/3625_0115_02_c3ee-1536x1536.webp 1536w, https:\/\/tones-syslerier.no\/wp-content\/uploads\/2025\/08\/3625_0115_02_c3ee-324x324.webp 324w, https:\/\/tones-syslerier.no\/wp-content\/uploads\/2025\/08\/3625_0115_02_c3ee-416x416.webp 416w, https:\/\/tones-syslerier.no\/wp-content\/uploads\/2025\/08\/3625_0115_02_c3ee-100x100.webp 100w, https:\/\/tones-syslerier.no\/wp-content\/uploads\/2025\/08\/3625_0115_02_c3ee.webp 1600w\" sizes=\"auto, (max-width: 300px) 100vw, 300px\" \/><\/p>\n<p><img loading=\"lazy\" decoding=\"async\" class=\"alignnone size-medium wp-image-5384\" src=\"https:\/\/tones-syslerier.no\/wp-content\/uploads\/2025\/08\/3625_0115_03_629e-300x300.webp\" alt=\"\" width=\"300\" height=\"300\" srcset=\"https:\/\/tones-syslerier.no\/wp-content\/uploads\/2025\/08\/3625_0115_03_629e-300x300.webp 300w, https:\/\/tones-syslerier.no\/wp-content\/uploads\/2025\/08\/3625_0115_03_629e-1024x1024.webp 1024w, https:\/\/tones-syslerier.no\/wp-content\/uploads\/2025\/08\/3625_0115_03_629e-150x150.webp 150w, https:\/\/tones-syslerier.no\/wp-content\/uploads\/2025\/08\/3625_0115_03_629e-768x768.webp 768w, https:\/\/tones-syslerier.no\/wp-content\/uploads\/2025\/08\/3625_0115_03_629e-1536x1536.webp 1536w, https:\/\/tones-syslerier.no\/wp-content\/uploads\/2025\/08\/3625_0115_03_629e-324x324.webp 324w, https:\/\/tones-syslerier.no\/wp-content\/uploads\/2025\/08\/3625_0115_03_629e-416x416.webp 416w, https:\/\/tones-syslerier.no\/wp-content\/uploads\/2025\/08\/3625_0115_03_629e-100x100.webp 100w, https:\/\/tones-syslerier.no\/wp-content\/uploads\/2025\/08\/3625_0115_03_629e.webp 1600w\" sizes=\"auto, (max-width: 300px) 100vw, 300px\" \/><\/p>\n<p>&nbsp;<\/p>\n<p><img loading=\"lazy\" decoding=\"async\" class=\"alignnone size-medium wp-image-5385\" src=\"https:\/\/tones-syslerier.no\/wp-content\/uploads\/2025\/08\/3625_0115_04_2d6f-300x300.webp\" alt=\"\" width=\"300\" height=\"300\" srcset=\"https:\/\/tones-syslerier.no\/wp-content\/uploads\/2025\/08\/3625_0115_04_2d6f-300x300.webp 300w, https:\/\/tones-syslerier.no\/wp-content\/uploads\/2025\/08\/3625_0115_04_2d6f-1024x1024.webp 1024w, https:\/\/tones-syslerier.no\/wp-content\/uploads\/2025\/08\/3625_0115_04_2d6f-150x150.webp 150w, https:\/\/tones-syslerier.no\/wp-content\/uploads\/2025\/08\/3625_0115_04_2d6f-768x768.webp 768w, https:\/\/tones-syslerier.no\/wp-content\/uploads\/2025\/08\/3625_0115_04_2d6f-1536x1536.webp 1536w, https:\/\/tones-syslerier.no\/wp-content\/uploads\/2025\/08\/3625_0115_04_2d6f-324x324.webp 324w, https:\/\/tones-syslerier.no\/wp-content\/uploads\/2025\/08\/3625_0115_04_2d6f-416x416.webp 416w, https:\/\/tones-syslerier.no\/wp-content\/uploads\/2025\/08\/3625_0115_04_2d6f-100x100.webp 100w, https:\/\/tones-syslerier.no\/wp-content\/uploads\/2025\/08\/3625_0115_04_2d6f.webp 1600w\" sizes=\"auto, (max-width: 300px) 100vw, 300px\" \/><\/p>\n","protected":false},"excerpt":{"rendered":"<p>Med denne pregemappen fra Vaessen Creative kan du enkelt gi kortene, utklippsb\u00f8kene eller journalsidene dine en kreativ vri. Denne pregemappen er en del av Jolly Mail-kolleksjonen, Vaessen Creatives julekolleksjon for 2025. Denne pregemappen er perfekt som bakgrunn for alle slags prosjekter. Preging skaper en hevet relieffeffekt p\u00e5 papir og kartong, noe som gir ekstra dybde [&hellip;]<\/p>\n","protected":false},"featured_media":5382,"comment_status":"open","ping_status":"closed","template":"","meta":[],"product_brand":[],"product_cat":[182,198],"product_tag":[],"class_list":{"0":"post-5381","1":"product","2":"type-product","3":"status-publish","4":"has-post-thumbnail","6":"product_cat-embossing","7":"product_cat-vaessen-embossing","9":"first","10":"instock","11":"taxable","12":"shipping-taxable","13":"purchasable","14":"product-type-simple"},"_links":{"self":[{"href":"https:\/\/tones-syslerier.no\/index.php\/wp-json\/wp\/v2\/product\/5381","targetHints":{"allow":["GET"]}}],"collection":[{"href":"https:\/\/tones-syslerier.no\/index.php\/wp-json\/wp\/v2\/product"}],"about":[{"href":"https:\/\/tones-syslerier.no\/index.php\/wp-json\/wp\/v2\/types\/product"}],"replies":[{"embeddable":true,"href":"https:\/\/tones-syslerier.no\/index.php\/wp-json\/wp\/v2\/comments?post=5381"}],"wp:featuredmedia":[{"embeddable":true,"href":"https:\/\/tones-syslerier.no\/index.php\/wp-json\/wp\/v2\/media\/5382"}],"wp:attachment":[{"href":"https:\/\/tones-syslerier.no\/index.php\/wp-json\/wp\/v2\/media?parent=5381"}],"wp:term":[{"taxonomy":"product_brand","embeddable":true,"href":"https:\/\/tones-syslerier.no\/index.php\/wp-json\/wp\/v2\/product_brand?post=5381"},{"taxonomy":"product_cat","embeddable":true,"href":"https:\/\/tones-syslerier.no\/index.php\/wp-json\/wp\/v2\/product_cat?post=5381"},{"taxonomy":"product_tag","embeddable":true,"href":"https:\/\/tones-syslerier.no\/index.php\/wp-json\/wp\/v2\/product_tag?post=5381"}],"curies":[{"name":"wp","href":"https:\/\/api.w.org\/{rel}","templated":true}]}}