{"id":5363,"date":"2025-08-04T21:05:31","date_gmt":"2025-08-04T19:05:31","guid":{"rendered":"https:\/\/tones-syslerier.no\/?post_type=product&#038;p=5363"},"modified":"2026-01-09T13:30:16","modified_gmt":"2026-01-09T12:30:16","slug":"st134-stickers-bling-3mm-rosa","status":"publish","type":"product","link":"https:\/\/tones-syslerier.no\/index.php\/produkt\/st134-stickers-bling-3mm-rosa\/","title":{"rendered":"ST134 Stickers Bling 3mm Rosa"},"content":{"rendered":"<p>Runde bling, selvklebende p\u00e5 brett<\/p>\n<p>St\u00f8rrelse: 3mm Antall p\u00e5 ett brett: 667 stk<\/p>\n<p>&nbsp;<\/p>\n<p><img loading=\"lazy\" decoding=\"async\" class=\"alignnone size-medium wp-image-5364\" src=\"https:\/\/tones-syslerier.no\/wp-content\/uploads\/2025\/08\/st134-300x300.webp\" alt=\"\" width=\"300\" height=\"300\" srcset=\"https:\/\/tones-syslerier.no\/wp-content\/uploads\/2025\/08\/st134-300x300.webp 300w, https:\/\/tones-syslerier.no\/wp-content\/uploads\/2025\/08\/st134-150x150.webp 150w, https:\/\/tones-syslerier.no\/wp-content\/uploads\/2025\/08\/st134-768x768.webp 768w, https:\/\/tones-syslerier.no\/wp-content\/uploads\/2025\/08\/st134-324x324.webp 324w, https:\/\/tones-syslerier.no\/wp-content\/uploads\/2025\/08\/st134-416x416.webp 416w, https:\/\/tones-syslerier.no\/wp-content\/uploads\/2025\/08\/st134-100x100.webp 100w, https:\/\/tones-syslerier.no\/wp-content\/uploads\/2025\/08\/st134.webp 1000w\" sizes=\"auto, (max-width: 300px) 100vw, 300px\" \/><\/p>\n","protected":false},"excerpt":{"rendered":"<p>Runde bling, selvklebende p\u00e5 brett St\u00f8rrelse: 3mm Antall p\u00e5 ett brett: 667 stk &nbsp;<\/p>\n","protected":false},"featured_media":5364,"comment_status":"open","ping_status":"closed","template":"","meta":[],"product_brand":[],"product_cat":[195,82],"product_tag":[],"class_list":{"0":"post-5363","1":"product","2":"type-product","3":"status-publish","4":"has-post-thumbnail","6":"product_cat-stickers-flere-typer","7":"product_cat-stickers-bling","9":"first","10":"instock","11":"taxable","12":"shipping-taxable","13":"purchasable","14":"product-type-simple"},"_links":{"self":[{"href":"https:\/\/tones-syslerier.no\/index.php\/wp-json\/wp\/v2\/product\/5363","targetHints":{"allow":["GET"]}}],"collection":[{"href":"https:\/\/tones-syslerier.no\/index.php\/wp-json\/wp\/v2\/product"}],"about":[{"href":"https:\/\/tones-syslerier.no\/index.php\/wp-json\/wp\/v2\/types\/product"}],"replies":[{"embeddable":true,"href":"https:\/\/tones-syslerier.no\/index.php\/wp-json\/wp\/v2\/comments?post=5363"}],"wp:featuredmedia":[{"embeddable":true,"href":"https:\/\/tones-syslerier.no\/index.php\/wp-json\/wp\/v2\/media\/5364"}],"wp:attachment":[{"href":"https:\/\/tones-syslerier.no\/index.php\/wp-json\/wp\/v2\/media?parent=5363"}],"wp:term":[{"taxonomy":"product_brand","embeddable":true,"href":"https:\/\/tones-syslerier.no\/index.php\/wp-json\/wp\/v2\/product_brand?post=5363"},{"taxonomy":"product_cat","embeddable":true,"href":"https:\/\/tones-syslerier.no\/index.php\/wp-json\/wp\/v2\/product_cat?post=5363"},{"taxonomy":"product_tag","embeddable":true,"href":"https:\/\/tones-syslerier.no\/index.php\/wp-json\/wp\/v2\/product_tag?post=5363"}],"curies":[{"name":"wp","href":"https:\/\/api.w.org\/{rel}","templated":true}]}}