{"id":5313,"date":"2025-07-09T12:50:48","date_gmt":"2025-07-09T10:50:48","guid":{"rendered":"https:\/\/tones-syslerier.no\/?post_type=product&#038;p=5313"},"modified":"2025-12-21T18:47:00","modified_gmt":"2025-12-21T17:47:00","slug":"studio-light-grunge-collection-clear-stamp-music-sheet","status":"publish","type":"product","link":"https:\/\/tones-syslerier.no\/index.php\/produkt\/studio-light-grunge-collection-clear-stamp-music-sheet\/","title":{"rendered":"Studio Light \u2022 Grunge Collection Clear Stamp Music Sheet"},"content":{"rendered":"<p>Artikkelkode SL-GR-STAMP839<br \/>\nStrekkode 8713943160633<br \/>\nProduktm\u00e5l 19,36 x 7,2 x 0,3 cm<br \/>\nVolum 1<br \/>\nMerke Studio Light<br \/>\nProdukttype Klart stempel<br \/>\nMateriale Fotopolymer<br \/>\nM\u00f8nster Bakgrunn<br \/>\nBruksm\u00e5te: Kortlaging, Blandet media, Scrapbooking<\/p>\n<p><img loading=\"lazy\" decoding=\"async\" class=\"alignnone size-medium wp-image-5314\" src=\"https:\/\/tones-syslerier.no\/wp-content\/uploads\/2025\/07\/sl_gr_stamp839_01_f6ba-300x300.webp\" alt=\"\" width=\"300\" height=\"300\" srcset=\"https:\/\/tones-syslerier.no\/wp-content\/uploads\/2025\/07\/sl_gr_stamp839_01_f6ba-300x300.webp 300w, https:\/\/tones-syslerier.no\/wp-content\/uploads\/2025\/07\/sl_gr_stamp839_01_f6ba-1024x1024.webp 1024w, https:\/\/tones-syslerier.no\/wp-content\/uploads\/2025\/07\/sl_gr_stamp839_01_f6ba-150x150.webp 150w, https:\/\/tones-syslerier.no\/wp-content\/uploads\/2025\/07\/sl_gr_stamp839_01_f6ba-768x768.webp 768w, https:\/\/tones-syslerier.no\/wp-content\/uploads\/2025\/07\/sl_gr_stamp839_01_f6ba-1536x1536.webp 1536w, https:\/\/tones-syslerier.no\/wp-content\/uploads\/2025\/07\/sl_gr_stamp839_01_f6ba-324x324.webp 324w, https:\/\/tones-syslerier.no\/wp-content\/uploads\/2025\/07\/sl_gr_stamp839_01_f6ba-416x416.webp 416w, https:\/\/tones-syslerier.no\/wp-content\/uploads\/2025\/07\/sl_gr_stamp839_01_f6ba-100x100.webp 100w, https:\/\/tones-syslerier.no\/wp-content\/uploads\/2025\/07\/sl_gr_stamp839_01_f6ba.webp 1600w\" sizes=\"auto, (max-width: 300px) 100vw, 300px\" \/><\/p>\n<p>&nbsp;<\/p>\n<p><img loading=\"lazy\" decoding=\"async\" class=\"alignnone size-medium wp-image-5315\" src=\"https:\/\/tones-syslerier.no\/wp-content\/uploads\/2025\/07\/sl_gr_stamp839_02_d83a-300x300.webp\" alt=\"\" width=\"300\" height=\"300\" srcset=\"https:\/\/tones-syslerier.no\/wp-content\/uploads\/2025\/07\/sl_gr_stamp839_02_d83a-300x300.webp 300w, https:\/\/tones-syslerier.no\/wp-content\/uploads\/2025\/07\/sl_gr_stamp839_02_d83a-1024x1024.webp 1024w, https:\/\/tones-syslerier.no\/wp-content\/uploads\/2025\/07\/sl_gr_stamp839_02_d83a-150x150.webp 150w, https:\/\/tones-syslerier.no\/wp-content\/uploads\/2025\/07\/sl_gr_stamp839_02_d83a-768x768.webp 768w, https:\/\/tones-syslerier.no\/wp-content\/uploads\/2025\/07\/sl_gr_stamp839_02_d83a-1536x1536.webp 1536w, https:\/\/tones-syslerier.no\/wp-content\/uploads\/2025\/07\/sl_gr_stamp839_02_d83a-324x324.webp 324w, https:\/\/tones-syslerier.no\/wp-content\/uploads\/2025\/07\/sl_gr_stamp839_02_d83a-416x416.webp 416w, https:\/\/tones-syslerier.no\/wp-content\/uploads\/2025\/07\/sl_gr_stamp839_02_d83a-100x100.webp 100w, https:\/\/tones-syslerier.no\/wp-content\/uploads\/2025\/07\/sl_gr_stamp839_02_d83a.webp 1600w\" sizes=\"auto, (max-width: 300px) 100vw, 300px\" \/><\/p>\n<p>&nbsp;<\/p>\n<p><img loading=\"lazy\" decoding=\"async\" class=\"alignnone size-medium wp-image-5316\" src=\"https:\/\/tones-syslerier.no\/wp-content\/uploads\/2025\/07\/sl_gr_stamp839_03_a363-300x300.webp\" alt=\"\" width=\"300\" height=\"300\" srcset=\"https:\/\/tones-syslerier.no\/wp-content\/uploads\/2025\/07\/sl_gr_stamp839_03_a363-300x300.webp 300w, https:\/\/tones-syslerier.no\/wp-content\/uploads\/2025\/07\/sl_gr_stamp839_03_a363-1024x1024.webp 1024w, https:\/\/tones-syslerier.no\/wp-content\/uploads\/2025\/07\/sl_gr_stamp839_03_a363-150x150.webp 150w, https:\/\/tones-syslerier.no\/wp-content\/uploads\/2025\/07\/sl_gr_stamp839_03_a363-768x768.webp 768w, https:\/\/tones-syslerier.no\/wp-content\/uploads\/2025\/07\/sl_gr_stamp839_03_a363-1536x1536.webp 1536w, https:\/\/tones-syslerier.no\/wp-content\/uploads\/2025\/07\/sl_gr_stamp839_03_a363-324x324.webp 324w, https:\/\/tones-syslerier.no\/wp-content\/uploads\/2025\/07\/sl_gr_stamp839_03_a363-416x416.webp 416w, https:\/\/tones-syslerier.no\/wp-content\/uploads\/2025\/07\/sl_gr_stamp839_03_a363-100x100.webp 100w, https:\/\/tones-syslerier.no\/wp-content\/uploads\/2025\/07\/sl_gr_stamp839_03_a363.webp 1600w\" sizes=\"auto, (max-width: 300px) 100vw, 300px\" \/><\/p>\n","protected":false},"excerpt":{"rendered":"<p>Artikkelkode SL-GR-STAMP839 Strekkode 8713943160633 Produktm\u00e5l 19,36 x 7,2 x 0,3 cm Volum 1 Merke Studio Light Produkttype Klart stempel Materiale Fotopolymer M\u00f8nster Bakgrunn Bruksm\u00e5te: Kortlaging, Blandet media, Scrapbooking &nbsp; &nbsp;<\/p>\n","protected":false},"featured_media":5314,"comment_status":"open","ping_status":"closed","template":"","meta":[],"product_brand":[],"product_cat":[176,99],"product_tag":[],"class_list":{"0":"post-5313","1":"product","2":"type-product","3":"status-publish","4":"has-post-thumbnail","6":"product_cat-stempel","7":"product_cat-studio-light-stempel","9":"first","10":"instock","11":"taxable","12":"shipping-taxable","13":"purchasable","14":"product-type-simple"},"_links":{"self":[{"href":"https:\/\/tones-syslerier.no\/index.php\/wp-json\/wp\/v2\/product\/5313","targetHints":{"allow":["GET"]}}],"collection":[{"href":"https:\/\/tones-syslerier.no\/index.php\/wp-json\/wp\/v2\/product"}],"about":[{"href":"https:\/\/tones-syslerier.no\/index.php\/wp-json\/wp\/v2\/types\/product"}],"replies":[{"embeddable":true,"href":"https:\/\/tones-syslerier.no\/index.php\/wp-json\/wp\/v2\/comments?post=5313"}],"wp:featuredmedia":[{"embeddable":true,"href":"https:\/\/tones-syslerier.no\/index.php\/wp-json\/wp\/v2\/media\/5314"}],"wp:attachment":[{"href":"https:\/\/tones-syslerier.no\/index.php\/wp-json\/wp\/v2\/media?parent=5313"}],"wp:term":[{"taxonomy":"product_brand","embeddable":true,"href":"https:\/\/tones-syslerier.no\/index.php\/wp-json\/wp\/v2\/product_brand?post=5313"},{"taxonomy":"product_cat","embeddable":true,"href":"https:\/\/tones-syslerier.no\/index.php\/wp-json\/wp\/v2\/product_cat?post=5313"},{"taxonomy":"product_tag","embeddable":true,"href":"https:\/\/tones-syslerier.no\/index.php\/wp-json\/wp\/v2\/product_tag?post=5313"}],"curies":[{"name":"wp","href":"https:\/\/api.w.org\/{rel}","templated":true}]}}