{"id":5271,"date":"2025-06-04T13:08:15","date_gmt":"2025-06-04T11:08:15","guid":{"rendered":"https:\/\/tones-syslerier.no\/?post_type=product&#038;p=5271"},"modified":"2025-12-21T18:47:22","modified_gmt":"2025-12-21T17:47:22","slug":"studio-light-essentials-clear-stamp-wisteria","status":"publish","type":"product","link":"https:\/\/tones-syslerier.no\/index.php\/produkt\/studio-light-essentials-clear-stamp-wisteria\/","title":{"rendered":"Studio Light \u2022 Essentials Clear Stamp Wisteria"},"content":{"rendered":"<p>SL Klarstempel Wisteria Essentials 62x93x3mm 2 stk nr. 740<\/p>\n<p>Artikkelkode SL-ES-STAMP740<br \/>\nStrekkode 8713943154892<br \/>\nProduktm\u00e5l 62x93x3mm<br \/>\nVolum 2<br \/>\nMerke Studio Light<br \/>\nProdukttype Klart stempel<br \/>\nM\u00f8nster Blomster<br \/>\nBruksm\u00e5te Blekk, Papir, Perfekt for stempling, Scrapbooking, Kortlaging, Blandet media<\/p>\n<p>&nbsp;<\/p>\n<p><img loading=\"lazy\" decoding=\"async\" class=\"alignnone size-medium wp-image-5272\" src=\"https:\/\/tones-syslerier.no\/wp-content\/uploads\/2025\/06\/sl_es_stamp740_01_bece_1-300x300.webp\" alt=\"\" width=\"300\" height=\"300\" srcset=\"https:\/\/tones-syslerier.no\/wp-content\/uploads\/2025\/06\/sl_es_stamp740_01_bece_1-300x300.webp 300w, https:\/\/tones-syslerier.no\/wp-content\/uploads\/2025\/06\/sl_es_stamp740_01_bece_1-1024x1024.webp 1024w, https:\/\/tones-syslerier.no\/wp-content\/uploads\/2025\/06\/sl_es_stamp740_01_bece_1-150x150.webp 150w, https:\/\/tones-syslerier.no\/wp-content\/uploads\/2025\/06\/sl_es_stamp740_01_bece_1-768x768.webp 768w, https:\/\/tones-syslerier.no\/wp-content\/uploads\/2025\/06\/sl_es_stamp740_01_bece_1-1536x1536.webp 1536w, https:\/\/tones-syslerier.no\/wp-content\/uploads\/2025\/06\/sl_es_stamp740_01_bece_1-324x324.webp 324w, https:\/\/tones-syslerier.no\/wp-content\/uploads\/2025\/06\/sl_es_stamp740_01_bece_1-416x416.webp 416w, https:\/\/tones-syslerier.no\/wp-content\/uploads\/2025\/06\/sl_es_stamp740_01_bece_1-100x100.webp 100w, https:\/\/tones-syslerier.no\/wp-content\/uploads\/2025\/06\/sl_es_stamp740_01_bece_1.webp 1600w\" sizes=\"auto, (max-width: 300px) 100vw, 300px\" \/><\/p>\n<p>&nbsp;<\/p>\n<p><img loading=\"lazy\" decoding=\"async\" class=\"alignnone size-medium wp-image-5273\" src=\"https:\/\/tones-syslerier.no\/wp-content\/uploads\/2025\/06\/sl_es_stamp740_02_3be9_1-300x300.webp\" alt=\"\" width=\"300\" height=\"300\" srcset=\"https:\/\/tones-syslerier.no\/wp-content\/uploads\/2025\/06\/sl_es_stamp740_02_3be9_1-300x300.webp 300w, https:\/\/tones-syslerier.no\/wp-content\/uploads\/2025\/06\/sl_es_stamp740_02_3be9_1-1024x1024.webp 1024w, https:\/\/tones-syslerier.no\/wp-content\/uploads\/2025\/06\/sl_es_stamp740_02_3be9_1-150x150.webp 150w, https:\/\/tones-syslerier.no\/wp-content\/uploads\/2025\/06\/sl_es_stamp740_02_3be9_1-768x768.webp 768w, https:\/\/tones-syslerier.no\/wp-content\/uploads\/2025\/06\/sl_es_stamp740_02_3be9_1-1536x1536.webp 1536w, https:\/\/tones-syslerier.no\/wp-content\/uploads\/2025\/06\/sl_es_stamp740_02_3be9_1-324x324.webp 324w, https:\/\/tones-syslerier.no\/wp-content\/uploads\/2025\/06\/sl_es_stamp740_02_3be9_1-416x416.webp 416w, https:\/\/tones-syslerier.no\/wp-content\/uploads\/2025\/06\/sl_es_stamp740_02_3be9_1-100x100.webp 100w, https:\/\/tones-syslerier.no\/wp-content\/uploads\/2025\/06\/sl_es_stamp740_02_3be9_1.webp 1600w\" sizes=\"auto, (max-width: 300px) 100vw, 300px\" \/><\/p>\n<p>&nbsp;<\/p>\n<p><img loading=\"lazy\" decoding=\"async\" class=\"alignnone size-medium wp-image-5274\" src=\"https:\/\/tones-syslerier.no\/wp-content\/uploads\/2025\/06\/sl_es_stamp740_04_cdf0_1-300x300.webp\" alt=\"\" width=\"300\" height=\"300\" srcset=\"https:\/\/tones-syslerier.no\/wp-content\/uploads\/2025\/06\/sl_es_stamp740_04_cdf0_1-300x300.webp 300w, https:\/\/tones-syslerier.no\/wp-content\/uploads\/2025\/06\/sl_es_stamp740_04_cdf0_1-1024x1024.webp 1024w, https:\/\/tones-syslerier.no\/wp-content\/uploads\/2025\/06\/sl_es_stamp740_04_cdf0_1-150x150.webp 150w, https:\/\/tones-syslerier.no\/wp-content\/uploads\/2025\/06\/sl_es_stamp740_04_cdf0_1-768x768.webp 768w, https:\/\/tones-syslerier.no\/wp-content\/uploads\/2025\/06\/sl_es_stamp740_04_cdf0_1-1536x1536.webp 1536w, https:\/\/tones-syslerier.no\/wp-content\/uploads\/2025\/06\/sl_es_stamp740_04_cdf0_1-324x324.webp 324w, https:\/\/tones-syslerier.no\/wp-content\/uploads\/2025\/06\/sl_es_stamp740_04_cdf0_1-416x416.webp 416w, https:\/\/tones-syslerier.no\/wp-content\/uploads\/2025\/06\/sl_es_stamp740_04_cdf0_1-100x100.webp 100w, https:\/\/tones-syslerier.no\/wp-content\/uploads\/2025\/06\/sl_es_stamp740_04_cdf0_1.webp 1600w\" sizes=\"auto, (max-width: 300px) 100vw, 300px\" \/><\/p>\n","protected":false},"excerpt":{"rendered":"<p>SL Klarstempel Wisteria Essentials 62x93x3mm 2 stk nr. 740 Artikkelkode SL-ES-STAMP740 Strekkode 8713943154892 Produktm\u00e5l 62x93x3mm Volum 2 Merke Studio Light Produkttype Klart stempel M\u00f8nster Blomster Bruksm\u00e5te Blekk, Papir, Perfekt for stempling, Scrapbooking, Kortlaging, Blandet media &nbsp; &nbsp; &nbsp;<\/p>\n","protected":false},"featured_media":5272,"comment_status":"open","ping_status":"closed","template":"","meta":[],"product_brand":[],"product_cat":[176,99],"product_tag":[],"class_list":{"0":"post-5271","1":"product","2":"type-product","3":"status-publish","4":"has-post-thumbnail","6":"product_cat-stempel","7":"product_cat-studio-light-stempel","9":"first","10":"instock","11":"taxable","12":"shipping-taxable","13":"purchasable","14":"product-type-simple"},"_links":{"self":[{"href":"https:\/\/tones-syslerier.no\/index.php\/wp-json\/wp\/v2\/product\/5271","targetHints":{"allow":["GET"]}}],"collection":[{"href":"https:\/\/tones-syslerier.no\/index.php\/wp-json\/wp\/v2\/product"}],"about":[{"href":"https:\/\/tones-syslerier.no\/index.php\/wp-json\/wp\/v2\/types\/product"}],"replies":[{"embeddable":true,"href":"https:\/\/tones-syslerier.no\/index.php\/wp-json\/wp\/v2\/comments?post=5271"}],"wp:featuredmedia":[{"embeddable":true,"href":"https:\/\/tones-syslerier.no\/index.php\/wp-json\/wp\/v2\/media\/5272"}],"wp:attachment":[{"href":"https:\/\/tones-syslerier.no\/index.php\/wp-json\/wp\/v2\/media?parent=5271"}],"wp:term":[{"taxonomy":"product_brand","embeddable":true,"href":"https:\/\/tones-syslerier.no\/index.php\/wp-json\/wp\/v2\/product_brand?post=5271"},{"taxonomy":"product_cat","embeddable":true,"href":"https:\/\/tones-syslerier.no\/index.php\/wp-json\/wp\/v2\/product_cat?post=5271"},{"taxonomy":"product_tag","embeddable":true,"href":"https:\/\/tones-syslerier.no\/index.php\/wp-json\/wp\/v2\/product_tag?post=5271"}],"curies":[{"name":"wp","href":"https:\/\/api.w.org\/{rel}","templated":true}]}}