{"id":5186,"date":"2025-06-03T20:28:59","date_gmt":"2025-06-03T18:28:59","guid":{"rendered":"https:\/\/tones-syslerier.no\/?post_type=product&#038;p=5186"},"modified":"2025-12-21T11:36:18","modified_gmt":"2025-12-21T10:36:18","slug":"studio-light-essentials-mask-stencil-summer-beauty","status":"publish","type":"product","link":"https:\/\/tones-syslerier.no\/index.php\/produkt\/studio-light-essentials-mask-stencil-summer-beauty\/","title":{"rendered":"Studio Light \u2022 Essentials Mask Stencil Summer Beauty"},"content":{"rendered":"<p>Artikkelkode SL-ES-MASK364<br \/>\nStrekkode 8713943162712<br \/>\nProduktm\u00e5l 14,8 x 21 x 0,1 cm<br \/>\nVolum antall stk. 1<br \/>\nMerke Studio Light<br \/>\nProdukttype Sjablong<br \/>\nSortering Maskesjablong<br \/>\nTema V\u00e5r, Sommer<br \/>\nMateriale Plast<br \/>\nProduktlinje<br \/>\nM\u00f8nster Blomster, Skyer<br \/>\nBruksomr\u00e5de Scrapbooking, Kortlaging, Blandet media<\/p>\n<p>&nbsp;<\/p>\n<p><img loading=\"lazy\" decoding=\"async\" class=\"alignnone size-medium wp-image-5187\" src=\"https:\/\/tones-syslerier.no\/wp-content\/uploads\/2025\/06\/sl_es_mask364_01_e2bd-300x300.webp\" alt=\"\" width=\"300\" height=\"300\" srcset=\"https:\/\/tones-syslerier.no\/wp-content\/uploads\/2025\/06\/sl_es_mask364_01_e2bd-300x300.webp 300w, https:\/\/tones-syslerier.no\/wp-content\/uploads\/2025\/06\/sl_es_mask364_01_e2bd-1024x1024.webp 1024w, https:\/\/tones-syslerier.no\/wp-content\/uploads\/2025\/06\/sl_es_mask364_01_e2bd-150x150.webp 150w, https:\/\/tones-syslerier.no\/wp-content\/uploads\/2025\/06\/sl_es_mask364_01_e2bd-768x768.webp 768w, https:\/\/tones-syslerier.no\/wp-content\/uploads\/2025\/06\/sl_es_mask364_01_e2bd-1536x1536.webp 1536w, https:\/\/tones-syslerier.no\/wp-content\/uploads\/2025\/06\/sl_es_mask364_01_e2bd-324x324.webp 324w, https:\/\/tones-syslerier.no\/wp-content\/uploads\/2025\/06\/sl_es_mask364_01_e2bd-416x416.webp 416w, https:\/\/tones-syslerier.no\/wp-content\/uploads\/2025\/06\/sl_es_mask364_01_e2bd-100x100.webp 100w, https:\/\/tones-syslerier.no\/wp-content\/uploads\/2025\/06\/sl_es_mask364_01_e2bd.webp 1600w\" sizes=\"auto, (max-width: 300px) 100vw, 300px\" \/><\/p>\n<p>&nbsp;<\/p>\n<p><img loading=\"lazy\" decoding=\"async\" class=\"alignnone size-medium wp-image-5188\" src=\"https:\/\/tones-syslerier.no\/wp-content\/uploads\/2025\/06\/sl_es_mask364_02_a05f-300x300.webp\" alt=\"\" width=\"300\" height=\"300\" srcset=\"https:\/\/tones-syslerier.no\/wp-content\/uploads\/2025\/06\/sl_es_mask364_02_a05f-300x300.webp 300w, https:\/\/tones-syslerier.no\/wp-content\/uploads\/2025\/06\/sl_es_mask364_02_a05f-1024x1024.webp 1024w, https:\/\/tones-syslerier.no\/wp-content\/uploads\/2025\/06\/sl_es_mask364_02_a05f-150x150.webp 150w, https:\/\/tones-syslerier.no\/wp-content\/uploads\/2025\/06\/sl_es_mask364_02_a05f-768x768.webp 768w, https:\/\/tones-syslerier.no\/wp-content\/uploads\/2025\/06\/sl_es_mask364_02_a05f-1536x1536.webp 1536w, https:\/\/tones-syslerier.no\/wp-content\/uploads\/2025\/06\/sl_es_mask364_02_a05f-324x324.webp 324w, https:\/\/tones-syslerier.no\/wp-content\/uploads\/2025\/06\/sl_es_mask364_02_a05f-416x416.webp 416w, https:\/\/tones-syslerier.no\/wp-content\/uploads\/2025\/06\/sl_es_mask364_02_a05f-100x100.webp 100w, https:\/\/tones-syslerier.no\/wp-content\/uploads\/2025\/06\/sl_es_mask364_02_a05f.webp 1600w\" sizes=\"auto, (max-width: 300px) 100vw, 300px\" \/><\/p>\n<p>&nbsp;<\/p>\n<p><img loading=\"lazy\" decoding=\"async\" class=\"alignnone size-medium wp-image-5189\" src=\"https:\/\/tones-syslerier.no\/wp-content\/uploads\/2025\/06\/sl_es_mask364_03_0a12-300x300.webp\" alt=\"\" width=\"300\" height=\"300\" srcset=\"https:\/\/tones-syslerier.no\/wp-content\/uploads\/2025\/06\/sl_es_mask364_03_0a12-300x300.webp 300w, https:\/\/tones-syslerier.no\/wp-content\/uploads\/2025\/06\/sl_es_mask364_03_0a12-1024x1024.webp 1024w, https:\/\/tones-syslerier.no\/wp-content\/uploads\/2025\/06\/sl_es_mask364_03_0a12-150x150.webp 150w, https:\/\/tones-syslerier.no\/wp-content\/uploads\/2025\/06\/sl_es_mask364_03_0a12-768x768.webp 768w, https:\/\/tones-syslerier.no\/wp-content\/uploads\/2025\/06\/sl_es_mask364_03_0a12-1536x1536.webp 1536w, https:\/\/tones-syslerier.no\/wp-content\/uploads\/2025\/06\/sl_es_mask364_03_0a12-324x324.webp 324w, https:\/\/tones-syslerier.no\/wp-content\/uploads\/2025\/06\/sl_es_mask364_03_0a12-416x416.webp 416w, https:\/\/tones-syslerier.no\/wp-content\/uploads\/2025\/06\/sl_es_mask364_03_0a12-100x100.webp 100w, https:\/\/tones-syslerier.no\/wp-content\/uploads\/2025\/06\/sl_es_mask364_03_0a12.webp 1600w\" sizes=\"auto, (max-width: 300px) 100vw, 300px\" \/><\/p>\n<p>&nbsp;<\/p>\n<p>&nbsp;<\/p>\n<p>&nbsp;<\/p>\n<p>&nbsp;<\/p>\n<p>&nbsp;<\/p>\n<p>&nbsp;<\/p>\n","protected":false},"excerpt":{"rendered":"<p>Artikkelkode SL-ES-MASK364 Strekkode 8713943162712 Produktm\u00e5l 14,8 x 21 x 0,1 cm Volum antall stk. 1 Merke Studio Light Produkttype Sjablong Sortering Maskesjablong Tema V\u00e5r, Sommer Materiale Plast Produktlinje M\u00f8nster Blomster, Skyer Bruksomr\u00e5de Scrapbooking, Kortlaging, Blandet media &nbsp; &nbsp; &nbsp; &nbsp; &nbsp; &nbsp; &nbsp; &nbsp; &nbsp;<\/p>\n","protected":false},"featured_media":5187,"comment_status":"open","ping_status":"closed","template":"","meta":[],"product_brand":[],"product_cat":[185,100],"product_tag":[],"class_list":{"0":"post-5186","1":"product","2":"type-product","3":"status-publish","4":"has-post-thumbnail","6":"product_cat-stencil","7":"product_cat-studio-light-stencil","9":"first","10":"instock","11":"taxable","12":"shipping-taxable","13":"purchasable","14":"product-type-simple"},"_links":{"self":[{"href":"https:\/\/tones-syslerier.no\/index.php\/wp-json\/wp\/v2\/product\/5186","targetHints":{"allow":["GET"]}}],"collection":[{"href":"https:\/\/tones-syslerier.no\/index.php\/wp-json\/wp\/v2\/product"}],"about":[{"href":"https:\/\/tones-syslerier.no\/index.php\/wp-json\/wp\/v2\/types\/product"}],"replies":[{"embeddable":true,"href":"https:\/\/tones-syslerier.no\/index.php\/wp-json\/wp\/v2\/comments?post=5186"}],"wp:featuredmedia":[{"embeddable":true,"href":"https:\/\/tones-syslerier.no\/index.php\/wp-json\/wp\/v2\/media\/5187"}],"wp:attachment":[{"href":"https:\/\/tones-syslerier.no\/index.php\/wp-json\/wp\/v2\/media?parent=5186"}],"wp:term":[{"taxonomy":"product_brand","embeddable":true,"href":"https:\/\/tones-syslerier.no\/index.php\/wp-json\/wp\/v2\/product_brand?post=5186"},{"taxonomy":"product_cat","embeddable":true,"href":"https:\/\/tones-syslerier.no\/index.php\/wp-json\/wp\/v2\/product_cat?post=5186"},{"taxonomy":"product_tag","embeddable":true,"href":"https:\/\/tones-syslerier.no\/index.php\/wp-json\/wp\/v2\/product_tag?post=5186"}],"curies":[{"name":"wp","href":"https:\/\/api.w.org\/{rel}","templated":true}]}}