{"id":5182,"date":"2025-06-03T20:25:48","date_gmt":"2025-06-03T18:25:48","guid":{"rendered":"https:\/\/tones-syslerier.no\/?post_type=product&#038;p=5182"},"modified":"2026-02-12T10:09:55","modified_gmt":"2026-02-12T09:09:55","slug":"studio-light-grunge-collection-mask-stencil-diamond-pattern","status":"publish","type":"product","link":"https:\/\/tones-syslerier.no\/index.php\/produkt\/studio-light-grunge-collection-mask-stencil-diamond-pattern\/","title":{"rendered":"Studio Light \u2022 Grunge Collection Mask Stencil Diamond Pattern"},"content":{"rendered":"<p>Studio Light Mask Diamantm\u00f8nster Grunge Kolleksjon 105 x 210 x 1 mm nr. 337<\/p>\n<p>Artikkelkode SL-GR-MASK337<br \/>\nStrekkode 8713943160008<br \/>\nProduktm\u00e5l 105x210x1mm<br \/>\nMerke Studio Light<br \/>\nProdukttype Sjablong<br \/>\nSortering Maske sjablong<br \/>\nM\u00f8nster Bakgrunn, Rutete<br \/>\nBrujsomr\u00e5der, Scrapbooking, Kortlaging, Blandet media<\/p>\n<p>&nbsp;<\/p>\n<p><img loading=\"lazy\" decoding=\"async\" class=\"alignnone size-medium wp-image-5183\" src=\"https:\/\/tones-syslerier.no\/wp-content\/uploads\/2025\/06\/sl_gr_mask337_01_f7f2-300x300.webp\" alt=\"\" width=\"300\" height=\"300\" srcset=\"https:\/\/tones-syslerier.no\/wp-content\/uploads\/2025\/06\/sl_gr_mask337_01_f7f2-300x300.webp 300w, https:\/\/tones-syslerier.no\/wp-content\/uploads\/2025\/06\/sl_gr_mask337_01_f7f2-1024x1024.webp 1024w, https:\/\/tones-syslerier.no\/wp-content\/uploads\/2025\/06\/sl_gr_mask337_01_f7f2-150x150.webp 150w, https:\/\/tones-syslerier.no\/wp-content\/uploads\/2025\/06\/sl_gr_mask337_01_f7f2-768x768.webp 768w, https:\/\/tones-syslerier.no\/wp-content\/uploads\/2025\/06\/sl_gr_mask337_01_f7f2-1536x1536.webp 1536w, https:\/\/tones-syslerier.no\/wp-content\/uploads\/2025\/06\/sl_gr_mask337_01_f7f2-324x324.webp 324w, https:\/\/tones-syslerier.no\/wp-content\/uploads\/2025\/06\/sl_gr_mask337_01_f7f2-416x416.webp 416w, https:\/\/tones-syslerier.no\/wp-content\/uploads\/2025\/06\/sl_gr_mask337_01_f7f2-100x100.webp 100w, https:\/\/tones-syslerier.no\/wp-content\/uploads\/2025\/06\/sl_gr_mask337_01_f7f2.webp 1600w\" sizes=\"auto, (max-width: 300px) 100vw, 300px\" \/><\/p>\n<p>&nbsp;<\/p>\n<p><img loading=\"lazy\" decoding=\"async\" class=\"alignnone size-medium wp-image-5184\" src=\"https:\/\/tones-syslerier.no\/wp-content\/uploads\/2025\/06\/sl_gr_mask337_02_c5fd-300x300.webp\" alt=\"\" width=\"300\" height=\"300\" srcset=\"https:\/\/tones-syslerier.no\/wp-content\/uploads\/2025\/06\/sl_gr_mask337_02_c5fd-300x300.webp 300w, https:\/\/tones-syslerier.no\/wp-content\/uploads\/2025\/06\/sl_gr_mask337_02_c5fd-1024x1024.webp 1024w, https:\/\/tones-syslerier.no\/wp-content\/uploads\/2025\/06\/sl_gr_mask337_02_c5fd-150x150.webp 150w, https:\/\/tones-syslerier.no\/wp-content\/uploads\/2025\/06\/sl_gr_mask337_02_c5fd-768x768.webp 768w, https:\/\/tones-syslerier.no\/wp-content\/uploads\/2025\/06\/sl_gr_mask337_02_c5fd-1536x1536.webp 1536w, https:\/\/tones-syslerier.no\/wp-content\/uploads\/2025\/06\/sl_gr_mask337_02_c5fd-324x324.webp 324w, https:\/\/tones-syslerier.no\/wp-content\/uploads\/2025\/06\/sl_gr_mask337_02_c5fd-416x416.webp 416w, https:\/\/tones-syslerier.no\/wp-content\/uploads\/2025\/06\/sl_gr_mask337_02_c5fd-100x100.webp 100w, https:\/\/tones-syslerier.no\/wp-content\/uploads\/2025\/06\/sl_gr_mask337_02_c5fd.webp 1600w\" sizes=\"auto, (max-width: 300px) 100vw, 300px\" \/><\/p>\n<p>&nbsp;<\/p>\n<p><img loading=\"lazy\" decoding=\"async\" class=\"alignnone size-medium wp-image-5185\" src=\"https:\/\/tones-syslerier.no\/wp-content\/uploads\/2025\/06\/sl_gr_mask337_03_7a89-300x300.webp\" alt=\"\" width=\"300\" height=\"300\" srcset=\"https:\/\/tones-syslerier.no\/wp-content\/uploads\/2025\/06\/sl_gr_mask337_03_7a89-300x300.webp 300w, https:\/\/tones-syslerier.no\/wp-content\/uploads\/2025\/06\/sl_gr_mask337_03_7a89-1024x1024.webp 1024w, https:\/\/tones-syslerier.no\/wp-content\/uploads\/2025\/06\/sl_gr_mask337_03_7a89-150x150.webp 150w, https:\/\/tones-syslerier.no\/wp-content\/uploads\/2025\/06\/sl_gr_mask337_03_7a89-768x768.webp 768w, https:\/\/tones-syslerier.no\/wp-content\/uploads\/2025\/06\/sl_gr_mask337_03_7a89-1536x1536.webp 1536w, https:\/\/tones-syslerier.no\/wp-content\/uploads\/2025\/06\/sl_gr_mask337_03_7a89-324x324.webp 324w, https:\/\/tones-syslerier.no\/wp-content\/uploads\/2025\/06\/sl_gr_mask337_03_7a89-416x416.webp 416w, https:\/\/tones-syslerier.no\/wp-content\/uploads\/2025\/06\/sl_gr_mask337_03_7a89-100x100.webp 100w, https:\/\/tones-syslerier.no\/wp-content\/uploads\/2025\/06\/sl_gr_mask337_03_7a89.webp 1600w\" sizes=\"auto, (max-width: 300px) 100vw, 300px\" \/><\/p>\n","protected":false},"excerpt":{"rendered":"<p>Studio Light Mask Diamantm\u00f8nster Grunge Kolleksjon 105 x 210 x 1 mm nr. 337 Artikkelkode SL-GR-MASK337 Strekkode 8713943160008 Produktm\u00e5l 105x210x1mm Merke Studio Light Produkttype Sjablong Sortering Maske sjablong M\u00f8nster Bakgrunn, Rutete Brujsomr\u00e5der, Scrapbooking, Kortlaging, Blandet media &nbsp; &nbsp; &nbsp;<\/p>\n","protected":false},"featured_media":5183,"comment_status":"open","ping_status":"closed","template":"","meta":[],"product_brand":[],"product_cat":[185,100],"product_tag":[],"class_list":{"0":"post-5182","1":"product","2":"type-product","3":"status-publish","4":"has-post-thumbnail","6":"product_cat-stencil","7":"product_cat-studio-light-stencil","9":"first","10":"instock","11":"taxable","12":"shipping-taxable","13":"purchasable","14":"product-type-simple"},"_links":{"self":[{"href":"https:\/\/tones-syslerier.no\/index.php\/wp-json\/wp\/v2\/product\/5182","targetHints":{"allow":["GET"]}}],"collection":[{"href":"https:\/\/tones-syslerier.no\/index.php\/wp-json\/wp\/v2\/product"}],"about":[{"href":"https:\/\/tones-syslerier.no\/index.php\/wp-json\/wp\/v2\/types\/product"}],"replies":[{"embeddable":true,"href":"https:\/\/tones-syslerier.no\/index.php\/wp-json\/wp\/v2\/comments?post=5182"}],"wp:featuredmedia":[{"embeddable":true,"href":"https:\/\/tones-syslerier.no\/index.php\/wp-json\/wp\/v2\/media\/5183"}],"wp:attachment":[{"href":"https:\/\/tones-syslerier.no\/index.php\/wp-json\/wp\/v2\/media?parent=5182"}],"wp:term":[{"taxonomy":"product_brand","embeddable":true,"href":"https:\/\/tones-syslerier.no\/index.php\/wp-json\/wp\/v2\/product_brand?post=5182"},{"taxonomy":"product_cat","embeddable":true,"href":"https:\/\/tones-syslerier.no\/index.php\/wp-json\/wp\/v2\/product_cat?post=5182"},{"taxonomy":"product_tag","embeddable":true,"href":"https:\/\/tones-syslerier.no\/index.php\/wp-json\/wp\/v2\/product_tag?post=5182"}],"curies":[{"name":"wp","href":"https:\/\/api.w.org\/{rel}","templated":true}]}}