{"id":5174,"date":"2025-06-03T20:09:28","date_gmt":"2025-06-03T18:09:28","guid":{"rendered":"https:\/\/tones-syslerier.no\/?post_type=product&#038;p=5174"},"modified":"2025-07-31T13:02:27","modified_gmt":"2025-07-31T11:02:27","slug":"studio-light-art-by-marlene-mask-queen-of-hearts","status":"publish","type":"product","link":"https:\/\/tones-syslerier.no\/index.php\/produkt\/studio-light-art-by-marlene-mask-queen-of-hearts\/","title":{"rendered":"Studio Light \u2022 Art By Marlene Mask Queen of hearts"},"content":{"rendered":"<p>Artikkelkode ABM-25-MASK321<br \/>\nStrekkode 8713943158012<br \/>\nEmballasjem\u00e5l 210 x 270 mm<br \/>\nProduktm\u00e5l 203 x 203 mm<br \/>\nMerke Studio Light<br \/>\nProdukttype Sjablong<br \/>\nTema fest<br \/>\nMateriale Metall<br \/>\nM\u00f8nsterbakgrunn, Hjerter, Firkanter<br \/>\nBruksomr\u00e5der, Scrapbooking, Kortlaging, Blandet media<br \/>\nDesigner Marlene<\/p>\n<p>&nbsp;<\/p>\n<p><img loading=\"lazy\" decoding=\"async\" class=\"alignnone size-medium wp-image-5175\" src=\"https:\/\/tones-syslerier.no\/wp-content\/uploads\/2025\/06\/abm_25_mask321_01_2ff2_2-300x300.webp\" alt=\"\" width=\"300\" height=\"300\" srcset=\"https:\/\/tones-syslerier.no\/wp-content\/uploads\/2025\/06\/abm_25_mask321_01_2ff2_2-300x300.webp 300w, https:\/\/tones-syslerier.no\/wp-content\/uploads\/2025\/06\/abm_25_mask321_01_2ff2_2-1024x1024.webp 1024w, https:\/\/tones-syslerier.no\/wp-content\/uploads\/2025\/06\/abm_25_mask321_01_2ff2_2-150x150.webp 150w, https:\/\/tones-syslerier.no\/wp-content\/uploads\/2025\/06\/abm_25_mask321_01_2ff2_2-768x768.webp 768w, https:\/\/tones-syslerier.no\/wp-content\/uploads\/2025\/06\/abm_25_mask321_01_2ff2_2-1536x1536.webp 1536w, https:\/\/tones-syslerier.no\/wp-content\/uploads\/2025\/06\/abm_25_mask321_01_2ff2_2-324x324.webp 324w, https:\/\/tones-syslerier.no\/wp-content\/uploads\/2025\/06\/abm_25_mask321_01_2ff2_2-416x416.webp 416w, https:\/\/tones-syslerier.no\/wp-content\/uploads\/2025\/06\/abm_25_mask321_01_2ff2_2-100x100.webp 100w, https:\/\/tones-syslerier.no\/wp-content\/uploads\/2025\/06\/abm_25_mask321_01_2ff2_2.webp 1600w\" sizes=\"auto, (max-width: 300px) 100vw, 300px\" \/><\/p>\n<p>&nbsp;<\/p>\n<p><img loading=\"lazy\" decoding=\"async\" class=\"alignnone size-medium wp-image-5176\" src=\"https:\/\/tones-syslerier.no\/wp-content\/uploads\/2025\/06\/abm_25_mask321_02_9238_1-300x300.webp\" alt=\"\" width=\"300\" height=\"300\" srcset=\"https:\/\/tones-syslerier.no\/wp-content\/uploads\/2025\/06\/abm_25_mask321_02_9238_1-300x300.webp 300w, https:\/\/tones-syslerier.no\/wp-content\/uploads\/2025\/06\/abm_25_mask321_02_9238_1-1024x1024.webp 1024w, https:\/\/tones-syslerier.no\/wp-content\/uploads\/2025\/06\/abm_25_mask321_02_9238_1-150x150.webp 150w, https:\/\/tones-syslerier.no\/wp-content\/uploads\/2025\/06\/abm_25_mask321_02_9238_1-768x768.webp 768w, https:\/\/tones-syslerier.no\/wp-content\/uploads\/2025\/06\/abm_25_mask321_02_9238_1-1536x1536.webp 1536w, https:\/\/tones-syslerier.no\/wp-content\/uploads\/2025\/06\/abm_25_mask321_02_9238_1-324x324.webp 324w, https:\/\/tones-syslerier.no\/wp-content\/uploads\/2025\/06\/abm_25_mask321_02_9238_1-416x416.webp 416w, https:\/\/tones-syslerier.no\/wp-content\/uploads\/2025\/06\/abm_25_mask321_02_9238_1-100x100.webp 100w, https:\/\/tones-syslerier.no\/wp-content\/uploads\/2025\/06\/abm_25_mask321_02_9238_1.webp 1600w\" sizes=\"auto, (max-width: 300px) 100vw, 300px\" \/><\/p>\n<p>&nbsp;<\/p>\n<p><img loading=\"lazy\" decoding=\"async\" class=\"alignnone size-medium wp-image-5177\" src=\"https:\/\/tones-syslerier.no\/wp-content\/uploads\/2025\/06\/abm_25_mask321_03_6064_1-300x300.webp\" alt=\"\" width=\"300\" height=\"300\" srcset=\"https:\/\/tones-syslerier.no\/wp-content\/uploads\/2025\/06\/abm_25_mask321_03_6064_1-300x300.webp 300w, https:\/\/tones-syslerier.no\/wp-content\/uploads\/2025\/06\/abm_25_mask321_03_6064_1-1024x1024.webp 1024w, https:\/\/tones-syslerier.no\/wp-content\/uploads\/2025\/06\/abm_25_mask321_03_6064_1-150x150.webp 150w, https:\/\/tones-syslerier.no\/wp-content\/uploads\/2025\/06\/abm_25_mask321_03_6064_1-768x768.webp 768w, https:\/\/tones-syslerier.no\/wp-content\/uploads\/2025\/06\/abm_25_mask321_03_6064_1-1536x1536.webp 1536w, https:\/\/tones-syslerier.no\/wp-content\/uploads\/2025\/06\/abm_25_mask321_03_6064_1-324x324.webp 324w, https:\/\/tones-syslerier.no\/wp-content\/uploads\/2025\/06\/abm_25_mask321_03_6064_1-416x416.webp 416w, https:\/\/tones-syslerier.no\/wp-content\/uploads\/2025\/06\/abm_25_mask321_03_6064_1-100x100.webp 100w, https:\/\/tones-syslerier.no\/wp-content\/uploads\/2025\/06\/abm_25_mask321_03_6064_1.webp 1600w\" sizes=\"auto, (max-width: 300px) 100vw, 300px\" \/><\/p>\n","protected":false},"excerpt":{"rendered":"<p>Artikkelkode ABM-25-MASK321 Strekkode 8713943158012 Emballasjem\u00e5l 210 x 270 mm Produktm\u00e5l 203 x 203 mm Merke Studio Light Produkttype Sjablong Tema fest Materiale Metall M\u00f8nsterbakgrunn, Hjerter, Firkanter Bruksomr\u00e5der, Scrapbooking, Kortlaging, Blandet media Designer Marlene &nbsp; &nbsp; &nbsp;<\/p>\n","protected":false},"featured_media":5175,"comment_status":"open","ping_status":"closed","template":"","meta":[],"product_brand":[],"product_cat":[185,100],"product_tag":[],"class_list":{"0":"post-5174","1":"product","2":"type-product","3":"status-publish","4":"has-post-thumbnail","6":"product_cat-stencil","7":"product_cat-studio-light-stencil","9":"first","10":"instock","11":"taxable","12":"shipping-taxable","13":"purchasable","14":"product-type-simple"},"_links":{"self":[{"href":"https:\/\/tones-syslerier.no\/index.php\/wp-json\/wp\/v2\/product\/5174","targetHints":{"allow":["GET"]}}],"collection":[{"href":"https:\/\/tones-syslerier.no\/index.php\/wp-json\/wp\/v2\/product"}],"about":[{"href":"https:\/\/tones-syslerier.no\/index.php\/wp-json\/wp\/v2\/types\/product"}],"replies":[{"embeddable":true,"href":"https:\/\/tones-syslerier.no\/index.php\/wp-json\/wp\/v2\/comments?post=5174"}],"wp:featuredmedia":[{"embeddable":true,"href":"https:\/\/tones-syslerier.no\/index.php\/wp-json\/wp\/v2\/media\/5175"}],"wp:attachment":[{"href":"https:\/\/tones-syslerier.no\/index.php\/wp-json\/wp\/v2\/media?parent=5174"}],"wp:term":[{"taxonomy":"product_brand","embeddable":true,"href":"https:\/\/tones-syslerier.no\/index.php\/wp-json\/wp\/v2\/product_brand?post=5174"},{"taxonomy":"product_cat","embeddable":true,"href":"https:\/\/tones-syslerier.no\/index.php\/wp-json\/wp\/v2\/product_cat?post=5174"},{"taxonomy":"product_tag","embeddable":true,"href":"https:\/\/tones-syslerier.no\/index.php\/wp-json\/wp\/v2\/product_tag?post=5174"}],"curies":[{"name":"wp","href":"https:\/\/api.w.org\/{rel}","templated":true}]}}