{"id":4939,"date":"2025-05-20T13:28:24","date_gmt":"2025-05-20T11:28:24","guid":{"rendered":"https:\/\/tones-syslerier.no\/?post_type=product&#038;p=4939"},"modified":"2025-06-03T20:39:56","modified_gmt":"2025-06-03T18:39:56","slug":"karabinring-o26-mm-gull","status":"publish","type":"product","link":"https:\/\/tones-syslerier.no\/index.php\/produkt\/karabinring-o26-mm-gull\/","title":{"rendered":"Karabinring \u00d826 mm Gull 2 stk"},"content":{"rendered":"<p>Karabinkrok i metall.<\/p>\n<p>Brukes til vesker. dusker og n\u00f8kkelringer.<\/p>\n<p>Nikkelfri<\/p>\n<p>Antall: 2 stk. Utvendig m\u00e5l: \u00d826mm<\/p>\n<p>&nbsp;<\/p>\n<p><img loading=\"lazy\" decoding=\"async\" class=\"alignnone size-medium wp-image-4940\" src=\"https:\/\/tones-syslerier.no\/wp-content\/uploads\/2025\/05\/ac4044-300x300.webp\" alt=\"\" width=\"300\" height=\"300\" srcset=\"https:\/\/tones-syslerier.no\/wp-content\/uploads\/2025\/05\/ac4044-300x300.webp 300w, https:\/\/tones-syslerier.no\/wp-content\/uploads\/2025\/05\/ac4044-150x150.webp 150w, https:\/\/tones-syslerier.no\/wp-content\/uploads\/2025\/05\/ac4044-768x768.webp 768w, https:\/\/tones-syslerier.no\/wp-content\/uploads\/2025\/05\/ac4044-324x324.webp 324w, https:\/\/tones-syslerier.no\/wp-content\/uploads\/2025\/05\/ac4044-416x416.webp 416w, https:\/\/tones-syslerier.no\/wp-content\/uploads\/2025\/05\/ac4044-100x100.webp 100w, https:\/\/tones-syslerier.no\/wp-content\/uploads\/2025\/05\/ac4044.webp 1000w\" sizes=\"auto, (max-width: 300px) 100vw, 300px\" \/><\/p>\n","protected":false},"excerpt":{"rendered":"<p>Karabinkrok i metall. Brukes til vesker. dusker og n\u00f8kkelringer. Nikkelfri Antall: 2 stk. Utvendig m\u00e5l: \u00d826mm &nbsp;<\/p>\n","protected":false},"featured_media":4940,"comment_status":"open","ping_status":"closed","template":"","meta":[],"product_brand":[],"product_cat":[205,207],"product_tag":[],"class_list":{"0":"post-4939","1":"product","2":"type-product","3":"status-publish","4":"has-post-thumbnail","6":"product_cat-hobby","7":"product_cat-ringer-til-vesker-belter-etc","9":"first","10":"instock","11":"taxable","12":"shipping-taxable","13":"purchasable","14":"product-type-simple"},"_links":{"self":[{"href":"https:\/\/tones-syslerier.no\/index.php\/wp-json\/wp\/v2\/product\/4939","targetHints":{"allow":["GET"]}}],"collection":[{"href":"https:\/\/tones-syslerier.no\/index.php\/wp-json\/wp\/v2\/product"}],"about":[{"href":"https:\/\/tones-syslerier.no\/index.php\/wp-json\/wp\/v2\/types\/product"}],"replies":[{"embeddable":true,"href":"https:\/\/tones-syslerier.no\/index.php\/wp-json\/wp\/v2\/comments?post=4939"}],"wp:featuredmedia":[{"embeddable":true,"href":"https:\/\/tones-syslerier.no\/index.php\/wp-json\/wp\/v2\/media\/4940"}],"wp:attachment":[{"href":"https:\/\/tones-syslerier.no\/index.php\/wp-json\/wp\/v2\/media?parent=4939"}],"wp:term":[{"taxonomy":"product_brand","embeddable":true,"href":"https:\/\/tones-syslerier.no\/index.php\/wp-json\/wp\/v2\/product_brand?post=4939"},{"taxonomy":"product_cat","embeddable":true,"href":"https:\/\/tones-syslerier.no\/index.php\/wp-json\/wp\/v2\/product_cat?post=4939"},{"taxonomy":"product_tag","embeddable":true,"href":"https:\/\/tones-syslerier.no\/index.php\/wp-json\/wp\/v2\/product_tag?post=4939"}],"curies":[{"name":"wp","href":"https:\/\/api.w.org\/{rel}","templated":true}]}}