{"id":4885,"date":"2025-04-24T20:37:42","date_gmt":"2025-04-24T18:37:42","guid":{"rendered":"https:\/\/tones-syslerier.no\/?post_type=product&#038;p=4885"},"modified":"2025-12-21T11:42:05","modified_gmt":"2025-12-21T10:42:05","slug":"nellies-choice-stencil-spring-flowers","status":"publish","type":"product","link":"https:\/\/tones-syslerier.no\/index.php\/produkt\/nellies-choice-stencil-spring-flowers\/","title":{"rendered":"Nellie&#8217;s Choice \u2022 Stencil Spring Flowers"},"content":{"rendered":"<p>Produktkode MMS4K-060<br \/>\nStrekkode 8716052246755<br \/>\nEmballasjem\u00e5l 19 x 16,50 cm<br \/>\nProduktm\u00e5l 15 x 15 cm<br \/>\nMerkevare Nellie&#8217;s Choice<br \/>\nProdukttype Stencil<br \/>\nTema p\u00e5ske<br \/>\nMateriale Plast<\/p>\n<p><img loading=\"lazy\" decoding=\"async\" class=\"alignnone size-medium wp-image-4886\" src=\"https:\/\/tones-syslerier.no\/wp-content\/uploads\/2025\/04\/mms4k_060_01_bb5c-300x300.webp\" alt=\"\" width=\"300\" height=\"300\" srcset=\"https:\/\/tones-syslerier.no\/wp-content\/uploads\/2025\/04\/mms4k_060_01_bb5c-300x300.webp 300w, https:\/\/tones-syslerier.no\/wp-content\/uploads\/2025\/04\/mms4k_060_01_bb5c-1024x1024.webp 1024w, https:\/\/tones-syslerier.no\/wp-content\/uploads\/2025\/04\/mms4k_060_01_bb5c-150x150.webp 150w, https:\/\/tones-syslerier.no\/wp-content\/uploads\/2025\/04\/mms4k_060_01_bb5c-768x768.webp 768w, https:\/\/tones-syslerier.no\/wp-content\/uploads\/2025\/04\/mms4k_060_01_bb5c-1536x1536.webp 1536w, https:\/\/tones-syslerier.no\/wp-content\/uploads\/2025\/04\/mms4k_060_01_bb5c-324x324.webp 324w, https:\/\/tones-syslerier.no\/wp-content\/uploads\/2025\/04\/mms4k_060_01_bb5c-416x416.webp 416w, https:\/\/tones-syslerier.no\/wp-content\/uploads\/2025\/04\/mms4k_060_01_bb5c-100x100.webp 100w, https:\/\/tones-syslerier.no\/wp-content\/uploads\/2025\/04\/mms4k_060_01_bb5c.webp 1600w\" sizes=\"auto, (max-width: 300px) 100vw, 300px\" \/><\/p>\n<p>&nbsp;<\/p>\n<p><img loading=\"lazy\" decoding=\"async\" class=\"alignnone size-medium wp-image-4887\" src=\"https:\/\/tones-syslerier.no\/wp-content\/uploads\/2025\/04\/mms4k_060_02_b591-300x300.webp\" alt=\"\" width=\"300\" height=\"300\" srcset=\"https:\/\/tones-syslerier.no\/wp-content\/uploads\/2025\/04\/mms4k_060_02_b591-300x300.webp 300w, https:\/\/tones-syslerier.no\/wp-content\/uploads\/2025\/04\/mms4k_060_02_b591-1024x1024.webp 1024w, https:\/\/tones-syslerier.no\/wp-content\/uploads\/2025\/04\/mms4k_060_02_b591-150x150.webp 150w, https:\/\/tones-syslerier.no\/wp-content\/uploads\/2025\/04\/mms4k_060_02_b591-768x768.webp 768w, https:\/\/tones-syslerier.no\/wp-content\/uploads\/2025\/04\/mms4k_060_02_b591-1536x1536.webp 1536w, https:\/\/tones-syslerier.no\/wp-content\/uploads\/2025\/04\/mms4k_060_02_b591-324x324.webp 324w, https:\/\/tones-syslerier.no\/wp-content\/uploads\/2025\/04\/mms4k_060_02_b591-416x416.webp 416w, https:\/\/tones-syslerier.no\/wp-content\/uploads\/2025\/04\/mms4k_060_02_b591-100x100.webp 100w, https:\/\/tones-syslerier.no\/wp-content\/uploads\/2025\/04\/mms4k_060_02_b591.webp 1600w\" sizes=\"auto, (max-width: 300px) 100vw, 300px\" \/><\/p>\n<p>&nbsp;<\/p>\n<p><img loading=\"lazy\" decoding=\"async\" class=\"alignnone size-medium wp-image-4888\" src=\"https:\/\/tones-syslerier.no\/wp-content\/uploads\/2025\/04\/mms4k_060_03_a742_1-300x300.webp\" alt=\"\" width=\"300\" height=\"300\" srcset=\"https:\/\/tones-syslerier.no\/wp-content\/uploads\/2025\/04\/mms4k_060_03_a742_1-300x300.webp 300w, https:\/\/tones-syslerier.no\/wp-content\/uploads\/2025\/04\/mms4k_060_03_a742_1-1024x1024.webp 1024w, https:\/\/tones-syslerier.no\/wp-content\/uploads\/2025\/04\/mms4k_060_03_a742_1-150x150.webp 150w, https:\/\/tones-syslerier.no\/wp-content\/uploads\/2025\/04\/mms4k_060_03_a742_1-768x768.webp 768w, https:\/\/tones-syslerier.no\/wp-content\/uploads\/2025\/04\/mms4k_060_03_a742_1-1536x1536.webp 1536w, https:\/\/tones-syslerier.no\/wp-content\/uploads\/2025\/04\/mms4k_060_03_a742_1-324x324.webp 324w, https:\/\/tones-syslerier.no\/wp-content\/uploads\/2025\/04\/mms4k_060_03_a742_1-416x416.webp 416w, https:\/\/tones-syslerier.no\/wp-content\/uploads\/2025\/04\/mms4k_060_03_a742_1-100x100.webp 100w, https:\/\/tones-syslerier.no\/wp-content\/uploads\/2025\/04\/mms4k_060_03_a742_1.webp 1600w\" sizes=\"auto, (max-width: 300px) 100vw, 300px\" \/><\/p>\n","protected":false},"excerpt":{"rendered":"<p>Produktkode MMS4K-060 Strekkode 8716052246755 Emballasjem\u00e5l 19 x 16,50 cm Produktm\u00e5l 15 x 15 cm Merkevare Nellie&#8217;s Choice Produkttype Stencil Tema p\u00e5ske Materiale Plast &nbsp; &nbsp;<\/p>\n","protected":false},"featured_media":4886,"comment_status":"open","ping_status":"closed","template":"","meta":[],"product_brand":[],"product_cat":[185,88],"product_tag":[],"class_list":{"0":"post-4885","1":"product","2":"type-product","3":"status-publish","4":"has-post-thumbnail","6":"product_cat-stencil","7":"product_cat-neliess-choice-stencil","9":"first","10":"instock","11":"taxable","12":"shipping-taxable","13":"purchasable","14":"product-type-simple"},"_links":{"self":[{"href":"https:\/\/tones-syslerier.no\/index.php\/wp-json\/wp\/v2\/product\/4885","targetHints":{"allow":["GET"]}}],"collection":[{"href":"https:\/\/tones-syslerier.no\/index.php\/wp-json\/wp\/v2\/product"}],"about":[{"href":"https:\/\/tones-syslerier.no\/index.php\/wp-json\/wp\/v2\/types\/product"}],"replies":[{"embeddable":true,"href":"https:\/\/tones-syslerier.no\/index.php\/wp-json\/wp\/v2\/comments?post=4885"}],"wp:featuredmedia":[{"embeddable":true,"href":"https:\/\/tones-syslerier.no\/index.php\/wp-json\/wp\/v2\/media\/4886"}],"wp:attachment":[{"href":"https:\/\/tones-syslerier.no\/index.php\/wp-json\/wp\/v2\/media?parent=4885"}],"wp:term":[{"taxonomy":"product_brand","embeddable":true,"href":"https:\/\/tones-syslerier.no\/index.php\/wp-json\/wp\/v2\/product_brand?post=4885"},{"taxonomy":"product_cat","embeddable":true,"href":"https:\/\/tones-syslerier.no\/index.php\/wp-json\/wp\/v2\/product_cat?post=4885"},{"taxonomy":"product_tag","embeddable":true,"href":"https:\/\/tones-syslerier.no\/index.php\/wp-json\/wp\/v2\/product_tag?post=4885"}],"curies":[{"name":"wp","href":"https:\/\/api.w.org\/{rel}","templated":true}]}}