{"id":4880,"date":"2025-04-24T20:32:31","date_gmt":"2025-04-24T18:32:31","guid":{"rendered":"https:\/\/tones-syslerier.no\/?post_type=product&#038;p=4880"},"modified":"2026-01-22T11:53:09","modified_gmt":"2026-01-22T10:53:09","slug":"nellies-choice-3d-embossing-folder-roses-5-9x5-9","status":"publish","type":"product","link":"https:\/\/tones-syslerier.no\/index.php\/produkt\/nellies-choice-3d-embossing-folder-roses-5-9x5-9\/","title":{"rendered":"Nellie&#8217;s Choice \u2022 3D Embossing Folder Roses 5.9&#215;5.9&#8243;"},"content":{"rendered":"<p>3D-effekt i form av roser<br \/>\nSt\u00f8rrelse 15 x 15 cm (5,9 x 5,9&#8243;)<br \/>\nEgnet for papir, kartong og papp<\/p>\n<p>Produktkode EF3D011<br \/>\nStrekkode 8719743096721<br \/>\nEmballasjem\u00e5l 21,10 x 17,90 x 0,90 cm<br \/>\nProduktm\u00e5l 150x150mm<br \/>\nMerkevare Nellie&#8217;s Choice<br \/>\nMateriale Plast<br \/>\nM\u00f8nster blomster<br \/>\nBruksomr\u00e5der blekk, papir, perfekt for stempling, scrapbooking, kortlaging, blandede medier<br \/>\nDesigner Nellie Snellen<\/p>\n<p>&nbsp;<\/p>\n<p><img loading=\"lazy\" decoding=\"async\" class=\"alignnone size-medium wp-image-4881\" src=\"https:\/\/tones-syslerier.no\/wp-content\/uploads\/2025\/04\/ef3d011_01_9108-300x300.webp\" alt=\"\" width=\"300\" height=\"300\" srcset=\"https:\/\/tones-syslerier.no\/wp-content\/uploads\/2025\/04\/ef3d011_01_9108-300x300.webp 300w, https:\/\/tones-syslerier.no\/wp-content\/uploads\/2025\/04\/ef3d011_01_9108-1024x1024.webp 1024w, https:\/\/tones-syslerier.no\/wp-content\/uploads\/2025\/04\/ef3d011_01_9108-150x150.webp 150w, https:\/\/tones-syslerier.no\/wp-content\/uploads\/2025\/04\/ef3d011_01_9108-768x768.webp 768w, https:\/\/tones-syslerier.no\/wp-content\/uploads\/2025\/04\/ef3d011_01_9108-1536x1536.webp 1536w, https:\/\/tones-syslerier.no\/wp-content\/uploads\/2025\/04\/ef3d011_01_9108-324x324.webp 324w, https:\/\/tones-syslerier.no\/wp-content\/uploads\/2025\/04\/ef3d011_01_9108-416x416.webp 416w, https:\/\/tones-syslerier.no\/wp-content\/uploads\/2025\/04\/ef3d011_01_9108-100x100.webp 100w, https:\/\/tones-syslerier.no\/wp-content\/uploads\/2025\/04\/ef3d011_01_9108.webp 1600w\" sizes=\"auto, (max-width: 300px) 100vw, 300px\" \/><\/p>\n<p>&nbsp;<\/p>\n<p><img loading=\"lazy\" decoding=\"async\" class=\"alignnone size-medium wp-image-4882\" src=\"https:\/\/tones-syslerier.no\/wp-content\/uploads\/2025\/04\/ef3d011_02_390e-300x300.webp\" alt=\"\" width=\"300\" height=\"300\" srcset=\"https:\/\/tones-syslerier.no\/wp-content\/uploads\/2025\/04\/ef3d011_02_390e-300x300.webp 300w, https:\/\/tones-syslerier.no\/wp-content\/uploads\/2025\/04\/ef3d011_02_390e-1024x1024.webp 1024w, https:\/\/tones-syslerier.no\/wp-content\/uploads\/2025\/04\/ef3d011_02_390e-150x150.webp 150w, https:\/\/tones-syslerier.no\/wp-content\/uploads\/2025\/04\/ef3d011_02_390e-768x768.webp 768w, https:\/\/tones-syslerier.no\/wp-content\/uploads\/2025\/04\/ef3d011_02_390e-1536x1536.webp 1536w, https:\/\/tones-syslerier.no\/wp-content\/uploads\/2025\/04\/ef3d011_02_390e-324x324.webp 324w, https:\/\/tones-syslerier.no\/wp-content\/uploads\/2025\/04\/ef3d011_02_390e-416x416.webp 416w, https:\/\/tones-syslerier.no\/wp-content\/uploads\/2025\/04\/ef3d011_02_390e-100x100.webp 100w, https:\/\/tones-syslerier.no\/wp-content\/uploads\/2025\/04\/ef3d011_02_390e.webp 1600w\" sizes=\"auto, (max-width: 300px) 100vw, 300px\" \/><\/p>\n<p>&nbsp;<\/p>\n<p><img loading=\"lazy\" decoding=\"async\" class=\"alignnone size-medium wp-image-4883\" src=\"https:\/\/tones-syslerier.no\/wp-content\/uploads\/2025\/04\/ef3d011_03_94cd-300x300.webp\" alt=\"\" width=\"300\" height=\"300\" srcset=\"https:\/\/tones-syslerier.no\/wp-content\/uploads\/2025\/04\/ef3d011_03_94cd-300x300.webp 300w, https:\/\/tones-syslerier.no\/wp-content\/uploads\/2025\/04\/ef3d011_03_94cd-1024x1024.webp 1024w, https:\/\/tones-syslerier.no\/wp-content\/uploads\/2025\/04\/ef3d011_03_94cd-150x150.webp 150w, https:\/\/tones-syslerier.no\/wp-content\/uploads\/2025\/04\/ef3d011_03_94cd-768x768.webp 768w, https:\/\/tones-syslerier.no\/wp-content\/uploads\/2025\/04\/ef3d011_03_94cd-1536x1536.webp 1536w, https:\/\/tones-syslerier.no\/wp-content\/uploads\/2025\/04\/ef3d011_03_94cd-324x324.webp 324w, https:\/\/tones-syslerier.no\/wp-content\/uploads\/2025\/04\/ef3d011_03_94cd-416x416.webp 416w, https:\/\/tones-syslerier.no\/wp-content\/uploads\/2025\/04\/ef3d011_03_94cd-100x100.webp 100w, https:\/\/tones-syslerier.no\/wp-content\/uploads\/2025\/04\/ef3d011_03_94cd.webp 1600w\" sizes=\"auto, (max-width: 300px) 100vw, 300px\" \/><\/p>\n<p>&nbsp;<\/p>\n<p><img loading=\"lazy\" decoding=\"async\" class=\"alignnone size-medium wp-image-4884\" src=\"https:\/\/tones-syslerier.no\/wp-content\/uploads\/2025\/04\/ef3d011_04_7483-300x300.webp\" alt=\"\" width=\"300\" height=\"300\" srcset=\"https:\/\/tones-syslerier.no\/wp-content\/uploads\/2025\/04\/ef3d011_04_7483-300x300.webp 300w, https:\/\/tones-syslerier.no\/wp-content\/uploads\/2025\/04\/ef3d011_04_7483-1024x1024.webp 1024w, https:\/\/tones-syslerier.no\/wp-content\/uploads\/2025\/04\/ef3d011_04_7483-150x150.webp 150w, https:\/\/tones-syslerier.no\/wp-content\/uploads\/2025\/04\/ef3d011_04_7483-768x768.webp 768w, https:\/\/tones-syslerier.no\/wp-content\/uploads\/2025\/04\/ef3d011_04_7483-1536x1536.webp 1536w, https:\/\/tones-syslerier.no\/wp-content\/uploads\/2025\/04\/ef3d011_04_7483-324x324.webp 324w, https:\/\/tones-syslerier.no\/wp-content\/uploads\/2025\/04\/ef3d011_04_7483-416x416.webp 416w, https:\/\/tones-syslerier.no\/wp-content\/uploads\/2025\/04\/ef3d011_04_7483-100x100.webp 100w, https:\/\/tones-syslerier.no\/wp-content\/uploads\/2025\/04\/ef3d011_04_7483.webp 1600w\" sizes=\"auto, (max-width: 300px) 100vw, 300px\" \/><\/p>\n","protected":false},"excerpt":{"rendered":"<p>3D-effekt i form av roser St\u00f8rrelse 15 x 15 cm (5,9 x 5,9&#8243;) Egnet for papir, kartong og papp Produktkode EF3D011 Strekkode 8719743096721 Emballasjem\u00e5l 21,10 x 17,90 x 0,90 cm Produktm\u00e5l 150x150mm Merkevare Nellie&#8217;s Choice Materiale Plast M\u00f8nster blomster Bruksomr\u00e5der blekk, papir, perfekt for stempling, scrapbooking, kortlaging, blandede medier Designer Nellie Snellen &nbsp; &nbsp; &nbsp; [&hellip;]<\/p>\n","protected":false},"featured_media":4881,"comment_status":"open","ping_status":"closed","template":"","meta":[],"product_brand":[],"product_cat":[182,86],"product_tag":[],"class_list":{"0":"post-4880","1":"product","2":"type-product","3":"status-publish","4":"has-post-thumbnail","6":"product_cat-embossing","7":"product_cat-nellies-choice-embossing","9":"first","10":"instock","11":"taxable","12":"shipping-taxable","13":"purchasable","14":"product-type-simple"},"_links":{"self":[{"href":"https:\/\/tones-syslerier.no\/index.php\/wp-json\/wp\/v2\/product\/4880","targetHints":{"allow":["GET"]}}],"collection":[{"href":"https:\/\/tones-syslerier.no\/index.php\/wp-json\/wp\/v2\/product"}],"about":[{"href":"https:\/\/tones-syslerier.no\/index.php\/wp-json\/wp\/v2\/types\/product"}],"replies":[{"embeddable":true,"href":"https:\/\/tones-syslerier.no\/index.php\/wp-json\/wp\/v2\/comments?post=4880"}],"wp:featuredmedia":[{"embeddable":true,"href":"https:\/\/tones-syslerier.no\/index.php\/wp-json\/wp\/v2\/media\/4881"}],"wp:attachment":[{"href":"https:\/\/tones-syslerier.no\/index.php\/wp-json\/wp\/v2\/media?parent=4880"}],"wp:term":[{"taxonomy":"product_brand","embeddable":true,"href":"https:\/\/tones-syslerier.no\/index.php\/wp-json\/wp\/v2\/product_brand?post=4880"},{"taxonomy":"product_cat","embeddable":true,"href":"https:\/\/tones-syslerier.no\/index.php\/wp-json\/wp\/v2\/product_cat?post=4880"},{"taxonomy":"product_tag","embeddable":true,"href":"https:\/\/tones-syslerier.no\/index.php\/wp-json\/wp\/v2\/product_tag?post=4880"}],"curies":[{"name":"wp","href":"https:\/\/api.w.org\/{rel}","templated":true}]}}