{"id":4800,"date":"2025-04-10T20:09:12","date_gmt":"2025-04-10T18:09:12","guid":{"rendered":"https:\/\/tones-syslerier.no\/?post_type=product&#038;p=4800"},"modified":"2026-02-04T12:04:23","modified_gmt":"2026-02-04T11:04:23","slug":"tonic-studios-mirror-card-gloss-a4-x5-glossy-black-forhandsbestilling","status":"publish","type":"product","link":"https:\/\/tones-syslerier.no\/index.php\/produkt\/tonic-studios-mirror-card-gloss-a4-x5-glossy-black-forhandsbestilling\/","title":{"rendered":"Tonic Studios \u2022 Mirror card gloss A4 x5 Glossy black"},"content":{"rendered":"<p>KOMMER TIL LAGER ETTER P\u00c5SKE<\/p>\n<p>Speilkortet v\u00e5rt er laget med en h\u00f8ykvalitetsfilm i en rekke livlige og unike farger. Tilgjengelig i en h\u00f8yglans glans og en myk satengeffekt, vil du bli bortskjemt med s\u00e5 mange nyanser.<\/p>\n<p>Produktkode 9444E<br \/>\nStrekkode 5060517144449<br \/>\nFargedetalj tonic_glossy_black<br \/>\nProduktm\u00e5l 27,90 x 21,60 x 0,50 cm<br \/>\nVolumstykker 5<br \/>\nMerkevare Tonic Studios<br \/>\nProdukttype Papir<br \/>\nSort speilpapir<br \/>\nMaterial Papir<br \/>\nFormat A4<br \/>\nBruksomr\u00e5der, papp, journalf\u00f8ring, scrapbooking, kortlaging<br \/>\nFarge Svart<\/p>\n<p>&nbsp;<\/p>\n<p><img loading=\"lazy\" decoding=\"async\" class=\"alignnone size-medium wp-image-4801\" src=\"https:\/\/tones-syslerier.no\/wp-content\/uploads\/2025\/04\/9444e_01_9955-300x300.webp\" alt=\"\" width=\"300\" height=\"300\" srcset=\"https:\/\/tones-syslerier.no\/wp-content\/uploads\/2025\/04\/9444e_01_9955-300x300.webp 300w, https:\/\/tones-syslerier.no\/wp-content\/uploads\/2025\/04\/9444e_01_9955-1024x1024.webp 1024w, https:\/\/tones-syslerier.no\/wp-content\/uploads\/2025\/04\/9444e_01_9955-150x150.webp 150w, https:\/\/tones-syslerier.no\/wp-content\/uploads\/2025\/04\/9444e_01_9955-768x768.webp 768w, https:\/\/tones-syslerier.no\/wp-content\/uploads\/2025\/04\/9444e_01_9955-1536x1536.webp 1536w, https:\/\/tones-syslerier.no\/wp-content\/uploads\/2025\/04\/9444e_01_9955-324x324.webp 324w, https:\/\/tones-syslerier.no\/wp-content\/uploads\/2025\/04\/9444e_01_9955-416x416.webp 416w, https:\/\/tones-syslerier.no\/wp-content\/uploads\/2025\/04\/9444e_01_9955-100x100.webp 100w, https:\/\/tones-syslerier.no\/wp-content\/uploads\/2025\/04\/9444e_01_9955.webp 1600w\" sizes=\"auto, (max-width: 300px) 100vw, 300px\" \/><\/p>\n","protected":false},"excerpt":{"rendered":"<p>KOMMER TIL LAGER ETTER P\u00c5SKE Speilkortet v\u00e5rt er laget med en h\u00f8ykvalitetsfilm i en rekke livlige og unike farger. Tilgjengelig i en h\u00f8yglans glans og en myk satengeffekt, vil du bli bortskjemt med s\u00e5 mange nyanser. Produktkode 9444E Strekkode 5060517144449 Fargedetalj tonic_glossy_black Produktm\u00e5l 27,90 x 21,60 x 0,50 cm Volumstykker 5 Merkevare Tonic Studios Produkttype [&hellip;]<\/p>\n","protected":false},"featured_media":4801,"comment_status":"open","ping_status":"closed","template":"","meta":[],"product_brand":[],"product_cat":[181,27],"product_tag":[],"class_list":{"0":"post-4800","1":"product","2":"type-product","3":"status-publish","4":"has-post-thumbnail","6":"product_cat-papirprodukter","7":"product_cat-papir-produkter","9":"first","10":"instock","11":"taxable","12":"shipping-taxable","13":"purchasable","14":"product-type-simple"},"_links":{"self":[{"href":"https:\/\/tones-syslerier.no\/index.php\/wp-json\/wp\/v2\/product\/4800","targetHints":{"allow":["GET"]}}],"collection":[{"href":"https:\/\/tones-syslerier.no\/index.php\/wp-json\/wp\/v2\/product"}],"about":[{"href":"https:\/\/tones-syslerier.no\/index.php\/wp-json\/wp\/v2\/types\/product"}],"replies":[{"embeddable":true,"href":"https:\/\/tones-syslerier.no\/index.php\/wp-json\/wp\/v2\/comments?post=4800"}],"wp:featuredmedia":[{"embeddable":true,"href":"https:\/\/tones-syslerier.no\/index.php\/wp-json\/wp\/v2\/media\/4801"}],"wp:attachment":[{"href":"https:\/\/tones-syslerier.no\/index.php\/wp-json\/wp\/v2\/media?parent=4800"}],"wp:term":[{"taxonomy":"product_brand","embeddable":true,"href":"https:\/\/tones-syslerier.no\/index.php\/wp-json\/wp\/v2\/product_brand?post=4800"},{"taxonomy":"product_cat","embeddable":true,"href":"https:\/\/tones-syslerier.no\/index.php\/wp-json\/wp\/v2\/product_cat?post=4800"},{"taxonomy":"product_tag","embeddable":true,"href":"https:\/\/tones-syslerier.no\/index.php\/wp-json\/wp\/v2\/product_tag?post=4800"}],"curies":[{"name":"wp","href":"https:\/\/api.w.org\/{rel}","templated":true}]}}