{"id":4775,"date":"2025-04-02T10:18:30","date_gmt":"2025-04-02T08:18:30","guid":{"rendered":"https:\/\/tones-syslerier.no\/?post_type=product&#038;p=4775"},"modified":"2026-01-09T13:19:15","modified_gmt":"2026-01-09T12:19:15","slug":"vaessen-creative-embossing-folder-layered-hearts-forhandsbestilling","status":"publish","type":"product","link":"https:\/\/tones-syslerier.no\/index.php\/produkt\/vaessen-creative-embossing-folder-layered-hearts-forhandsbestilling\/","title":{"rendered":"Vaessen Creative \u2022 Embossing Folder Layered Hearts"},"content":{"rendered":"<p>KOMMER TIL LAGER ETTER P\u00c5SKE<\/p>\n<p>Denne Vaessen Creative-pregemappen har et lagdelt hjertedesign. Preging er en enkel og rask m\u00e5te \u00e5 legge til fantastiske utskrifter og andre visuelle elementer p\u00e5 kartong, papir og mer ved \u00e5 heve et tredimensjonalt bilde p\u00e5 overflaten. Et praktisk tillegg til scrapbooking-rekvisita. Lag unike papirkunstdesign ved \u00e5 legge til interessant tekstur med dette pregeverkt\u00f8yet.<\/p>\n<p>Det er enkelt \u00e5 forvandle et papirh\u00e5ndverksprosjekt til et profesjonelt kunstverk ved \u00e5 prege for \u00e5 lage 3D-elementer. Passer for nybegynnere s\u00e5 vel som erfarne embossere. Lag vakre hjemmelagde kort, julekort, originale bryllupsinvitasjoner og pyntegjenstander med Vaessen Creative pregemapper. Lag vakre bakgrunner for h\u00e5ndverket ditt og lag de mest fantastiske kreasjonene du kan dele med dine kj\u00e6re.<\/p>\n<p>Produktkode 100605-010<br \/>\nStrekkode 8716052233960<br \/>\nEmballasjem\u00e5l 17 x 8,40 x 0,50 cm<br \/>\nProduktm\u00e5l 14,61 x 10,80 cm<br \/>\nMerke Vaessen Creative<br \/>\nProdukttype Pregemappe<br \/>\nTema Bryllup, Kj\u00e6rlighet, Morsdag, Valentinsdag<br \/>\nMateriale Plast<br \/>\nM\u00f8nsterbakgrunn, hjerter<\/p>\n<p>&nbsp;<\/p>\n<p>&nbsp;<\/p>\n<p><img loading=\"lazy\" decoding=\"async\" class=\"alignnone size-medium wp-image-4774\" src=\"https:\/\/tones-syslerier.no\/wp-content\/uploads\/2025\/04\/100605_010_01_a88d-300x300.webp\" alt=\"\" width=\"300\" height=\"300\" srcset=\"https:\/\/tones-syslerier.no\/wp-content\/uploads\/2025\/04\/100605_010_01_a88d-300x300.webp 300w, https:\/\/tones-syslerier.no\/wp-content\/uploads\/2025\/04\/100605_010_01_a88d-1024x1024.webp 1024w, https:\/\/tones-syslerier.no\/wp-content\/uploads\/2025\/04\/100605_010_01_a88d-150x150.webp 150w, https:\/\/tones-syslerier.no\/wp-content\/uploads\/2025\/04\/100605_010_01_a88d-768x768.webp 768w, https:\/\/tones-syslerier.no\/wp-content\/uploads\/2025\/04\/100605_010_01_a88d-1536x1536.webp 1536w, https:\/\/tones-syslerier.no\/wp-content\/uploads\/2025\/04\/100605_010_01_a88d-324x324.webp 324w, https:\/\/tones-syslerier.no\/wp-content\/uploads\/2025\/04\/100605_010_01_a88d-416x416.webp 416w, https:\/\/tones-syslerier.no\/wp-content\/uploads\/2025\/04\/100605_010_01_a88d-100x100.webp 100w, https:\/\/tones-syslerier.no\/wp-content\/uploads\/2025\/04\/100605_010_01_a88d.webp 1600w\" sizes=\"auto, (max-width: 300px) 100vw, 300px\" \/><\/p>\n<p>&nbsp;<\/p>\n<p><img loading=\"lazy\" decoding=\"async\" class=\"alignnone size-medium wp-image-4776\" src=\"https:\/\/tones-syslerier.no\/wp-content\/uploads\/2025\/04\/100605_010_02_4638-300x300.webp\" alt=\"\" width=\"300\" height=\"300\" srcset=\"https:\/\/tones-syslerier.no\/wp-content\/uploads\/2025\/04\/100605_010_02_4638-300x300.webp 300w, https:\/\/tones-syslerier.no\/wp-content\/uploads\/2025\/04\/100605_010_02_4638-1024x1024.webp 1024w, https:\/\/tones-syslerier.no\/wp-content\/uploads\/2025\/04\/100605_010_02_4638-150x150.webp 150w, https:\/\/tones-syslerier.no\/wp-content\/uploads\/2025\/04\/100605_010_02_4638-768x768.webp 768w, https:\/\/tones-syslerier.no\/wp-content\/uploads\/2025\/04\/100605_010_02_4638-1536x1536.webp 1536w, https:\/\/tones-syslerier.no\/wp-content\/uploads\/2025\/04\/100605_010_02_4638-324x324.webp 324w, https:\/\/tones-syslerier.no\/wp-content\/uploads\/2025\/04\/100605_010_02_4638-416x416.webp 416w, https:\/\/tones-syslerier.no\/wp-content\/uploads\/2025\/04\/100605_010_02_4638-100x100.webp 100w, https:\/\/tones-syslerier.no\/wp-content\/uploads\/2025\/04\/100605_010_02_4638.webp 1600w\" sizes=\"auto, (max-width: 300px) 100vw, 300px\" \/><\/p>\n<p>&nbsp;<\/p>\n<p><img loading=\"lazy\" decoding=\"async\" class=\"alignnone size-medium wp-image-4777\" src=\"https:\/\/tones-syslerier.no\/wp-content\/uploads\/2025\/04\/100605_010_04_9f0b-300x300.webp\" alt=\"\" width=\"300\" height=\"300\" srcset=\"https:\/\/tones-syslerier.no\/wp-content\/uploads\/2025\/04\/100605_010_04_9f0b-300x300.webp 300w, https:\/\/tones-syslerier.no\/wp-content\/uploads\/2025\/04\/100605_010_04_9f0b-1024x1024.webp 1024w, https:\/\/tones-syslerier.no\/wp-content\/uploads\/2025\/04\/100605_010_04_9f0b-150x150.webp 150w, https:\/\/tones-syslerier.no\/wp-content\/uploads\/2025\/04\/100605_010_04_9f0b-768x768.webp 768w, https:\/\/tones-syslerier.no\/wp-content\/uploads\/2025\/04\/100605_010_04_9f0b-1536x1536.webp 1536w, https:\/\/tones-syslerier.no\/wp-content\/uploads\/2025\/04\/100605_010_04_9f0b-324x324.webp 324w, https:\/\/tones-syslerier.no\/wp-content\/uploads\/2025\/04\/100605_010_04_9f0b-416x416.webp 416w, https:\/\/tones-syslerier.no\/wp-content\/uploads\/2025\/04\/100605_010_04_9f0b-100x100.webp 100w, https:\/\/tones-syslerier.no\/wp-content\/uploads\/2025\/04\/100605_010_04_9f0b.webp 1600w\" sizes=\"auto, (max-width: 300px) 100vw, 300px\" \/><\/p>\n<p>&nbsp;<\/p>\n<p>&nbsp;<\/p>\n","protected":false},"excerpt":{"rendered":"<p>KOMMER TIL LAGER ETTER P\u00c5SKE Denne Vaessen Creative-pregemappen har et lagdelt hjertedesign. Preging er en enkel og rask m\u00e5te \u00e5 legge til fantastiske utskrifter og andre visuelle elementer p\u00e5 kartong, papir og mer ved \u00e5 heve et tredimensjonalt bilde p\u00e5 overflaten. Et praktisk tillegg til scrapbooking-rekvisita. Lag unike papirkunstdesign ved \u00e5 legge til interessant tekstur [&hellip;]<\/p>\n","protected":false},"featured_media":4774,"comment_status":"open","ping_status":"closed","template":"","meta":[],"product_brand":[],"product_cat":[182,198],"product_tag":[],"class_list":{"0":"post-4775","1":"product","2":"type-product","3":"status-publish","4":"has-post-thumbnail","6":"product_cat-embossing","7":"product_cat-vaessen-embossing","9":"first","10":"instock","11":"taxable","12":"shipping-taxable","13":"purchasable","14":"product-type-simple"},"_links":{"self":[{"href":"https:\/\/tones-syslerier.no\/index.php\/wp-json\/wp\/v2\/product\/4775","targetHints":{"allow":["GET"]}}],"collection":[{"href":"https:\/\/tones-syslerier.no\/index.php\/wp-json\/wp\/v2\/product"}],"about":[{"href":"https:\/\/tones-syslerier.no\/index.php\/wp-json\/wp\/v2\/types\/product"}],"replies":[{"embeddable":true,"href":"https:\/\/tones-syslerier.no\/index.php\/wp-json\/wp\/v2\/comments?post=4775"}],"wp:featuredmedia":[{"embeddable":true,"href":"https:\/\/tones-syslerier.no\/index.php\/wp-json\/wp\/v2\/media\/4774"}],"wp:attachment":[{"href":"https:\/\/tones-syslerier.no\/index.php\/wp-json\/wp\/v2\/media?parent=4775"}],"wp:term":[{"taxonomy":"product_brand","embeddable":true,"href":"https:\/\/tones-syslerier.no\/index.php\/wp-json\/wp\/v2\/product_brand?post=4775"},{"taxonomy":"product_cat","embeddable":true,"href":"https:\/\/tones-syslerier.no\/index.php\/wp-json\/wp\/v2\/product_cat?post=4775"},{"taxonomy":"product_tag","embeddable":true,"href":"https:\/\/tones-syslerier.no\/index.php\/wp-json\/wp\/v2\/product_tag?post=4775"}],"curies":[{"name":"wp","href":"https:\/\/api.w.org\/{rel}","templated":true}]}}