{"id":4688,"date":"2025-03-24T12:12:54","date_gmt":"2025-03-24T11:12:54","guid":{"rendered":"https:\/\/tones-syslerier.no\/?post_type=product&#038;p=4688"},"modified":"2025-09-12T10:53:47","modified_gmt":"2025-09-12T08:53:47","slug":"florence-cardstock-paper-216g-texture-12x12in-beach-20x-forhandsbestilling","status":"publish","type":"product","link":"https:\/\/tones-syslerier.no\/index.php\/produkt\/florence-cardstock-paper-216g-texture-12x12in-beach-20x-forhandsbestilling\/","title":{"rendered":"Florence \u2022 Cardstock Paper 216g Texture 12x12in Beach 20x"},"content":{"rendered":"<p>Teksturert kartongpapir i utklippsbokst\u00f8rrelse<br \/>\n20 ark p\u00e5 216 gsm<br \/>\nLage med papir: fra kortlaging til scrapbooking<\/p>\n<p>Dette kartongpapiret er et syrefritt kartong av h\u00f8y kvalitet med en strukturert finish. Den slitesterke 216 gsm kartongen er perfekt for papirh\u00e5ndverk som kortlaging, scrapbooking, kunstjournal og blandede medier. Dette kartongpapiret, i 12 x 12 tommer, kommer i en pakke med 20 ark. Florence kartongpapir er tilgjengelig i over 70 forskjellige farger, i pakker p\u00e5 10, 20 og 100 ark, og i A4- eller utklippsbokst\u00f8rrelse p\u00e5 12 x 12 tommer.<\/p>\n<p>Produktkode 2928-103<br \/>\nStrekkode 8716052248339<br \/>\nFargedetalj florence_beach<br \/>\nEmballasjem\u00e5l 30,5&#215;30,5cm<br \/>\nPapirvekt 216<br \/>\nProduktm\u00e5l 30,5&#215;30,5cm<br \/>\nMerke Firenze<br \/>\nProdukttype Kartongpapir<br \/>\nMaterial Papir<br \/>\nFormat 30,5 x 30,5 cm<br \/>\nFarge Beige<\/p>\n<p>&nbsp;<\/p>\n<p><img loading=\"lazy\" decoding=\"async\" class=\"alignnone size-medium wp-image-4689\" src=\"https:\/\/tones-syslerier.no\/wp-content\/uploads\/2025\/03\/2928_103_01_68b1-300x300.webp\" alt=\"\" width=\"300\" height=\"300\" srcset=\"https:\/\/tones-syslerier.no\/wp-content\/uploads\/2025\/03\/2928_103_01_68b1-300x300.webp 300w, https:\/\/tones-syslerier.no\/wp-content\/uploads\/2025\/03\/2928_103_01_68b1-1024x1024.webp 1024w, https:\/\/tones-syslerier.no\/wp-content\/uploads\/2025\/03\/2928_103_01_68b1-150x150.webp 150w, https:\/\/tones-syslerier.no\/wp-content\/uploads\/2025\/03\/2928_103_01_68b1-768x768.webp 768w, https:\/\/tones-syslerier.no\/wp-content\/uploads\/2025\/03\/2928_103_01_68b1-1536x1536.webp 1536w, https:\/\/tones-syslerier.no\/wp-content\/uploads\/2025\/03\/2928_103_01_68b1-324x324.webp 324w, https:\/\/tones-syslerier.no\/wp-content\/uploads\/2025\/03\/2928_103_01_68b1-416x416.webp 416w, https:\/\/tones-syslerier.no\/wp-content\/uploads\/2025\/03\/2928_103_01_68b1-100x100.webp 100w, https:\/\/tones-syslerier.no\/wp-content\/uploads\/2025\/03\/2928_103_01_68b1.webp 1600w\" sizes=\"auto, (max-width: 300px) 100vw, 300px\" \/><\/p>\n<p>&nbsp;<\/p>\n<p><img loading=\"lazy\" decoding=\"async\" class=\"alignnone size-medium wp-image-4690\" src=\"https:\/\/tones-syslerier.no\/wp-content\/uploads\/2025\/03\/2928_103_02_a4ea-300x300.webp\" alt=\"\" width=\"300\" height=\"300\" srcset=\"https:\/\/tones-syslerier.no\/wp-content\/uploads\/2025\/03\/2928_103_02_a4ea-300x300.webp 300w, https:\/\/tones-syslerier.no\/wp-content\/uploads\/2025\/03\/2928_103_02_a4ea-1024x1024.webp 1024w, https:\/\/tones-syslerier.no\/wp-content\/uploads\/2025\/03\/2928_103_02_a4ea-150x150.webp 150w, https:\/\/tones-syslerier.no\/wp-content\/uploads\/2025\/03\/2928_103_02_a4ea-768x768.webp 768w, https:\/\/tones-syslerier.no\/wp-content\/uploads\/2025\/03\/2928_103_02_a4ea-1536x1536.webp 1536w, https:\/\/tones-syslerier.no\/wp-content\/uploads\/2025\/03\/2928_103_02_a4ea-324x324.webp 324w, https:\/\/tones-syslerier.no\/wp-content\/uploads\/2025\/03\/2928_103_02_a4ea-416x416.webp 416w, https:\/\/tones-syslerier.no\/wp-content\/uploads\/2025\/03\/2928_103_02_a4ea-100x100.webp 100w, https:\/\/tones-syslerier.no\/wp-content\/uploads\/2025\/03\/2928_103_02_a4ea.webp 1600w\" sizes=\"auto, (max-width: 300px) 100vw, 300px\" \/><\/p>\n<p>&nbsp;<\/p>\n<p><img loading=\"lazy\" decoding=\"async\" class=\"alignnone size-medium wp-image-4691\" src=\"https:\/\/tones-syslerier.no\/wp-content\/uploads\/2025\/03\/2928_103_03_5400-300x300.webp\" alt=\"\" width=\"300\" height=\"300\" srcset=\"https:\/\/tones-syslerier.no\/wp-content\/uploads\/2025\/03\/2928_103_03_5400-300x300.webp 300w, https:\/\/tones-syslerier.no\/wp-content\/uploads\/2025\/03\/2928_103_03_5400-1024x1024.webp 1024w, https:\/\/tones-syslerier.no\/wp-content\/uploads\/2025\/03\/2928_103_03_5400-150x150.webp 150w, https:\/\/tones-syslerier.no\/wp-content\/uploads\/2025\/03\/2928_103_03_5400-768x768.webp 768w, https:\/\/tones-syslerier.no\/wp-content\/uploads\/2025\/03\/2928_103_03_5400-1536x1536.webp 1536w, https:\/\/tones-syslerier.no\/wp-content\/uploads\/2025\/03\/2928_103_03_5400-324x324.webp 324w, https:\/\/tones-syslerier.no\/wp-content\/uploads\/2025\/03\/2928_103_03_5400-416x416.webp 416w, https:\/\/tones-syslerier.no\/wp-content\/uploads\/2025\/03\/2928_103_03_5400-100x100.webp 100w, https:\/\/tones-syslerier.no\/wp-content\/uploads\/2025\/03\/2928_103_03_5400.webp 1600w\" sizes=\"auto, (max-width: 300px) 100vw, 300px\" \/><\/p>\n<p>&nbsp;<\/p>\n<p><img loading=\"lazy\" decoding=\"async\" class=\"alignnone size-medium wp-image-4692\" src=\"https:\/\/tones-syslerier.no\/wp-content\/uploads\/2025\/03\/2928_103_05_b2d4-300x300.webp\" alt=\"\" width=\"300\" height=\"300\" srcset=\"https:\/\/tones-syslerier.no\/wp-content\/uploads\/2025\/03\/2928_103_05_b2d4-300x300.webp 300w, https:\/\/tones-syslerier.no\/wp-content\/uploads\/2025\/03\/2928_103_05_b2d4-1024x1024.webp 1024w, https:\/\/tones-syslerier.no\/wp-content\/uploads\/2025\/03\/2928_103_05_b2d4-150x150.webp 150w, https:\/\/tones-syslerier.no\/wp-content\/uploads\/2025\/03\/2928_103_05_b2d4-768x768.webp 768w, https:\/\/tones-syslerier.no\/wp-content\/uploads\/2025\/03\/2928_103_05_b2d4-1536x1536.webp 1536w, https:\/\/tones-syslerier.no\/wp-content\/uploads\/2025\/03\/2928_103_05_b2d4-324x324.webp 324w, https:\/\/tones-syslerier.no\/wp-content\/uploads\/2025\/03\/2928_103_05_b2d4-416x416.webp 416w, https:\/\/tones-syslerier.no\/wp-content\/uploads\/2025\/03\/2928_103_05_b2d4-100x100.webp 100w, https:\/\/tones-syslerier.no\/wp-content\/uploads\/2025\/03\/2928_103_05_b2d4.webp 1600w\" sizes=\"auto, (max-width: 300px) 100vw, 300px\" \/><\/p>\n<p>&nbsp;<\/p>\n<p>&nbsp;<\/p>\n<p>&nbsp;<\/p>\n<p>&nbsp;<\/p>\n<p>&nbsp;<\/p>\n<p>&nbsp;<\/p>\n<p>&nbsp;<\/p>\n","protected":false},"excerpt":{"rendered":"<p>Teksturert kartongpapir i utklippsbokst\u00f8rrelse 20 ark p\u00e5 216 gsm Lage med papir: fra kortlaging til scrapbooking Dette kartongpapiret er et syrefritt kartong av h\u00f8y kvalitet med en strukturert finish. Den slitesterke 216 gsm kartongen er perfekt for papirh\u00e5ndverk som kortlaging, scrapbooking, kunstjournal og blandede medier. Dette kartongpapiret, i 12 x 12 tommer, kommer i en [&hellip;]<\/p>\n","protected":false},"featured_media":4692,"comment_status":"open","ping_status":"closed","template":"","meta":[],"product_brand":[],"product_cat":[181,27],"product_tag":[],"class_list":{"0":"post-4688","1":"product","2":"type-product","3":"status-publish","4":"has-post-thumbnail","6":"product_cat-papirprodukter","7":"product_cat-papir-produkter","9":"first","10":"instock","11":"taxable","12":"shipping-taxable","13":"purchasable","14":"product-type-simple"},"_links":{"self":[{"href":"https:\/\/tones-syslerier.no\/index.php\/wp-json\/wp\/v2\/product\/4688","targetHints":{"allow":["GET"]}}],"collection":[{"href":"https:\/\/tones-syslerier.no\/index.php\/wp-json\/wp\/v2\/product"}],"about":[{"href":"https:\/\/tones-syslerier.no\/index.php\/wp-json\/wp\/v2\/types\/product"}],"replies":[{"embeddable":true,"href":"https:\/\/tones-syslerier.no\/index.php\/wp-json\/wp\/v2\/comments?post=4688"}],"wp:featuredmedia":[{"embeddable":true,"href":"https:\/\/tones-syslerier.no\/index.php\/wp-json\/wp\/v2\/media\/4692"}],"wp:attachment":[{"href":"https:\/\/tones-syslerier.no\/index.php\/wp-json\/wp\/v2\/media?parent=4688"}],"wp:term":[{"taxonomy":"product_brand","embeddable":true,"href":"https:\/\/tones-syslerier.no\/index.php\/wp-json\/wp\/v2\/product_brand?post=4688"},{"taxonomy":"product_cat","embeddable":true,"href":"https:\/\/tones-syslerier.no\/index.php\/wp-json\/wp\/v2\/product_cat?post=4688"},{"taxonomy":"product_tag","embeddable":true,"href":"https:\/\/tones-syslerier.no\/index.php\/wp-json\/wp\/v2\/product_tag?post=4688"}],"curies":[{"name":"wp","href":"https:\/\/api.w.org\/{rel}","templated":true}]}}