{"id":4678,"date":"2025-03-18T13:17:10","date_gmt":"2025-03-18T12:17:10","guid":{"rendered":"https:\/\/tones-syslerier.no\/?post_type=product&#038;p=4678"},"modified":"2026-01-07T21:32:27","modified_gmt":"2026-01-07T20:32:27","slug":"nellies-choice-shape-die-christmas-bauble-hanging","status":"publish","type":"product","link":"https:\/\/tones-syslerier.no\/index.php\/produkt\/nellies-choice-shape-die-christmas-bauble-hanging\/","title":{"rendered":"Nellie&#8217;s Choice \u2022 Shape Die Christmas Bauble Hanging"},"content":{"rendered":"<p>Cutting die i form av julekuler<br \/>\nEgnet for papir, kartong, tynt skum og mer<br \/>\nM\u00e5l p\u00e5 6 x 6 cm<\/p>\n<p>Produktkode SDB069<br \/>\nStrekkode 8719743091542<br \/>\nProduktm\u00e5l 60x60mm<br \/>\nMerkevare Nellie&#8217;s Choice<br \/>\nTema jul<br \/>\nMateriale Metall<br \/>\nM\u00f8nster juledekorasjon<br \/>\nBruksomr\u00e5der, scrapbooking, kortlaging, kunstjournalf\u00f8ring<br \/>\nFarge bl\u00e5<\/p>\n<p><img loading=\"lazy\" decoding=\"async\" class=\"alignnone size-medium wp-image-4679\" src=\"https:\/\/tones-syslerier.no\/wp-content\/uploads\/2025\/03\/sdb069_01_6180_1-300x300.webp\" alt=\"\" width=\"300\" height=\"300\" srcset=\"https:\/\/tones-syslerier.no\/wp-content\/uploads\/2025\/03\/sdb069_01_6180_1-300x300.webp 300w, https:\/\/tones-syslerier.no\/wp-content\/uploads\/2025\/03\/sdb069_01_6180_1-1024x1024.webp 1024w, https:\/\/tones-syslerier.no\/wp-content\/uploads\/2025\/03\/sdb069_01_6180_1-150x150.webp 150w, https:\/\/tones-syslerier.no\/wp-content\/uploads\/2025\/03\/sdb069_01_6180_1-768x768.webp 768w, https:\/\/tones-syslerier.no\/wp-content\/uploads\/2025\/03\/sdb069_01_6180_1-1536x1536.webp 1536w, https:\/\/tones-syslerier.no\/wp-content\/uploads\/2025\/03\/sdb069_01_6180_1-324x324.webp 324w, https:\/\/tones-syslerier.no\/wp-content\/uploads\/2025\/03\/sdb069_01_6180_1-416x416.webp 416w, https:\/\/tones-syslerier.no\/wp-content\/uploads\/2025\/03\/sdb069_01_6180_1-100x100.webp 100w, https:\/\/tones-syslerier.no\/wp-content\/uploads\/2025\/03\/sdb069_01_6180_1.webp 1600w\" sizes=\"auto, (max-width: 300px) 100vw, 300px\" \/><\/p>\n","protected":false},"excerpt":{"rendered":"<p>Cutting die i form av julekuler Egnet for papir, kartong, tynt skum og mer M\u00e5l p\u00e5 6 x 6 cm Produktkode SDB069 Strekkode 8719743091542 Produktm\u00e5l 60x60mm Merkevare Nellie&#8217;s Choice Tema jul Materiale Metall M\u00f8nster juledekorasjon Bruksomr\u00e5der, scrapbooking, kortlaging, kunstjournalf\u00f8ring Farge bl\u00e5<\/p>\n","protected":false},"featured_media":4679,"comment_status":"open","ping_status":"closed","template":"","meta":[],"product_brand":[],"product_cat":[175,84],"product_tag":[],"class_list":{"0":"post-4678","1":"product","2":"type-product","3":"status-publish","4":"has-post-thumbnail","6":"product_cat-dies","7":"product_cat-nellies-choice-dies","9":"first","10":"instock","11":"taxable","12":"shipping-taxable","13":"purchasable","14":"product-type-simple"},"_links":{"self":[{"href":"https:\/\/tones-syslerier.no\/index.php\/wp-json\/wp\/v2\/product\/4678","targetHints":{"allow":["GET"]}}],"collection":[{"href":"https:\/\/tones-syslerier.no\/index.php\/wp-json\/wp\/v2\/product"}],"about":[{"href":"https:\/\/tones-syslerier.no\/index.php\/wp-json\/wp\/v2\/types\/product"}],"replies":[{"embeddable":true,"href":"https:\/\/tones-syslerier.no\/index.php\/wp-json\/wp\/v2\/comments?post=4678"}],"wp:featuredmedia":[{"embeddable":true,"href":"https:\/\/tones-syslerier.no\/index.php\/wp-json\/wp\/v2\/media\/4679"}],"wp:attachment":[{"href":"https:\/\/tones-syslerier.no\/index.php\/wp-json\/wp\/v2\/media?parent=4678"}],"wp:term":[{"taxonomy":"product_brand","embeddable":true,"href":"https:\/\/tones-syslerier.no\/index.php\/wp-json\/wp\/v2\/product_brand?post=4678"},{"taxonomy":"product_cat","embeddable":true,"href":"https:\/\/tones-syslerier.no\/index.php\/wp-json\/wp\/v2\/product_cat?post=4678"},{"taxonomy":"product_tag","embeddable":true,"href":"https:\/\/tones-syslerier.no\/index.php\/wp-json\/wp\/v2\/product_tag?post=4678"}],"curies":[{"name":"wp","href":"https:\/\/api.w.org\/{rel}","templated":true}]}}