{"id":4670,"date":"2025-03-18T12:49:12","date_gmt":"2025-03-18T11:49:12","guid":{"rendered":"https:\/\/tones-syslerier.no\/?post_type=product&#038;p=4670"},"modified":"2026-01-22T11:56:03","modified_gmt":"2026-01-22T10:56:03","slug":"nellies-choice-stamping-dies-round-flowers","status":"publish","type":"product","link":"https:\/\/tones-syslerier.no\/index.php\/produkt\/nellies-choice-stamping-dies-round-flowers\/","title":{"rendered":"Nellie&#8217;s Choice \u2022 Stamping Dies Round Flowers"},"content":{"rendered":"<p>Blomster form<br \/>\nInneholder 1 ramme og 1 stempelmatris<br \/>\nM\u00e5l p\u00e5 11,1 x 11,1 cm<\/p>\n<p>Lag unike kort med stemplet fra Nellie&#8217;s Choice. Stemplingsformer er et allsidig tillegg til papirh\u00e5ndverket ditt. De er kutteformer som ikke bare skj\u00e6rer ut den ytre formen, men som ogs\u00e5 legger til en subtil pregeeffekt til papiret ditt. Stemplingsformen kutter en sirkelfigur ut av papiret samtidig som den gir den en lyseffekt med blomsterdesign. Stemplingsformene er egnet for kartong og andre typer papir.<\/p>\n<p>Dette settet inkluderer 1 ramme og 1 m\u00f8nstret matris. Ved \u00e5 tilsette blekk til formen f\u00f8r du skj\u00e6rer, kan du lage en leken fargeaksent. Stemplingsformene fra Nellie&#8217;s Choice er kompatible med de fleste skj\u00e6re- og pregemaskiner. Bruk disse formene til \u00e5 lage atmosf\u00e6riske bakgrunner for kortene dine, utklippsbokprosjekter eller kunstverk med blandede medier. Rammen rundt formen s\u00f8rger for et pent, ferdig utseende.<\/p>\n<p>Produktkode STAD009<br \/>\nStrekkode 8720512092219<br \/>\nProduktm\u00e5l 111x111mm<br \/>\nMerkevare Nellie&#8217;s Choice<br \/>\nMateriale Metall<br \/>\nM\u00f8nster blomster<br \/>\nBruksomr\u00e5der , scrapbooking, kortlaging, kunstjournalf\u00f8ring<br \/>\nDesigner Nellie Snellen<\/p>\n<p>&nbsp;<\/p>\n<p><img loading=\"lazy\" decoding=\"async\" class=\"alignnone size-medium wp-image-4671\" src=\"https:\/\/tones-syslerier.no\/wp-content\/uploads\/2025\/03\/stad009_01_3d5a_1-300x300.webp\" alt=\"\" width=\"300\" height=\"300\" srcset=\"https:\/\/tones-syslerier.no\/wp-content\/uploads\/2025\/03\/stad009_01_3d5a_1-300x300.webp 300w, https:\/\/tones-syslerier.no\/wp-content\/uploads\/2025\/03\/stad009_01_3d5a_1-1024x1024.webp 1024w, https:\/\/tones-syslerier.no\/wp-content\/uploads\/2025\/03\/stad009_01_3d5a_1-150x150.webp 150w, https:\/\/tones-syslerier.no\/wp-content\/uploads\/2025\/03\/stad009_01_3d5a_1-768x768.webp 768w, https:\/\/tones-syslerier.no\/wp-content\/uploads\/2025\/03\/stad009_01_3d5a_1-1536x1536.webp 1536w, https:\/\/tones-syslerier.no\/wp-content\/uploads\/2025\/03\/stad009_01_3d5a_1-324x324.webp 324w, https:\/\/tones-syslerier.no\/wp-content\/uploads\/2025\/03\/stad009_01_3d5a_1-416x416.webp 416w, https:\/\/tones-syslerier.no\/wp-content\/uploads\/2025\/03\/stad009_01_3d5a_1-100x100.webp 100w, https:\/\/tones-syslerier.no\/wp-content\/uploads\/2025\/03\/stad009_01_3d5a_1.webp 1600w\" sizes=\"auto, (max-width: 300px) 100vw, 300px\" \/><\/p>\n","protected":false},"excerpt":{"rendered":"<p>Blomster form Inneholder 1 ramme og 1 stempelmatris M\u00e5l p\u00e5 11,1 x 11,1 cm Lag unike kort med stemplet fra Nellie&#8217;s Choice. Stemplingsformer er et allsidig tillegg til papirh\u00e5ndverket ditt. De er kutteformer som ikke bare skj\u00e6rer ut den ytre formen, men som ogs\u00e5 legger til en subtil pregeeffekt til papiret ditt. Stemplingsformen kutter en [&hellip;]<\/p>\n","protected":false},"featured_media":4671,"comment_status":"open","ping_status":"closed","template":"","meta":[],"product_brand":[],"product_cat":[175,84],"product_tag":[],"class_list":{"0":"post-4670","1":"product","2":"type-product","3":"status-publish","4":"has-post-thumbnail","6":"product_cat-dies","7":"product_cat-nellies-choice-dies","9":"first","10":"instock","11":"taxable","12":"shipping-taxable","13":"purchasable","14":"product-type-simple"},"_links":{"self":[{"href":"https:\/\/tones-syslerier.no\/index.php\/wp-json\/wp\/v2\/product\/4670","targetHints":{"allow":["GET"]}}],"collection":[{"href":"https:\/\/tones-syslerier.no\/index.php\/wp-json\/wp\/v2\/product"}],"about":[{"href":"https:\/\/tones-syslerier.no\/index.php\/wp-json\/wp\/v2\/types\/product"}],"replies":[{"embeddable":true,"href":"https:\/\/tones-syslerier.no\/index.php\/wp-json\/wp\/v2\/comments?post=4670"}],"wp:featuredmedia":[{"embeddable":true,"href":"https:\/\/tones-syslerier.no\/index.php\/wp-json\/wp\/v2\/media\/4671"}],"wp:attachment":[{"href":"https:\/\/tones-syslerier.no\/index.php\/wp-json\/wp\/v2\/media?parent=4670"}],"wp:term":[{"taxonomy":"product_brand","embeddable":true,"href":"https:\/\/tones-syslerier.no\/index.php\/wp-json\/wp\/v2\/product_brand?post=4670"},{"taxonomy":"product_cat","embeddable":true,"href":"https:\/\/tones-syslerier.no\/index.php\/wp-json\/wp\/v2\/product_cat?post=4670"},{"taxonomy":"product_tag","embeddable":true,"href":"https:\/\/tones-syslerier.no\/index.php\/wp-json\/wp\/v2\/product_tag?post=4670"}],"curies":[{"name":"wp","href":"https:\/\/api.w.org\/{rel}","templated":true}]}}