{"id":4640,"date":"2025-03-11T18:25:15","date_gmt":"2025-03-11T17:25:15","guid":{"rendered":"https:\/\/tones-syslerier.no\/?post_type=product&#038;p=4640"},"modified":"2026-03-01T12:49:49","modified_gmt":"2026-03-01T11:49:49","slug":"florence-cardstock-paper-216g-texture-12x12in-sky-blue-20x","status":"publish","type":"product","link":"https:\/\/tones-syslerier.no\/index.php\/produkt\/florence-cardstock-paper-216g-texture-12x12in-sky-blue-20x\/","title":{"rendered":"Florence \u2022 Cardstock Paper 216g Texture 12x12in Sky Blue 20x"},"content":{"rendered":"<p>Teksturert kartongpapir i utklippsbokst\u00f8rrelse<br \/>\n20 ark p\u00e5 216 gsm<br \/>\nLage med papir: fra kortlaging til scrapbooking<\/p>\n<p>Utvid kartongpapirsamlingen din med fargen Himmelbl\u00e5 fra Florence. Dette solide kartongpapiret gir en vakker base for ethvert papirh\u00e5ndverksprosjekt. Kombiner dette solide papiret med designerpapir, skj\u00e6re- eller pregematriser, sjablonger, stempler, blekk og\/eller maling \u2013 uendelige muligheter! Eller lag kombinasjoner med Florences marmorpapir (3333-5010) for en overraskende effekt.<\/p>\n<p>Dette kartongpapiret er et syrefritt kartong av h\u00f8y kvalitet med en strukturert finish. Den slitesterke 216 gsm kartongen er perfekt for papirh\u00e5ndverk som kortlaging, scrapbooking, kunstjournal og blandede medier. Dette kartongpapiret, i 12 x 12 tommer, kommer i en pakke med 20 ark. Florence kartongpapir er tilgjengelig i over 70 forskjellige farger, i pakker p\u00e5 10, 20 og 100 ark, og i A4- eller utklippsbokst\u00f8rrelse p\u00e5 12 x 12 tommer. Velg mellom en jevn finish eller teksturert finish.<\/p>\n<div class=\"n4sEPd\">\n<div class=\"QFw9Te BLojaf\">\n<div id=\"ow10\"><\/div>\n<\/div>\n<\/div>\n<div class=\"QcsUad BDJ8fb BLojaf sMVRZe hCXDsb wneUed\">\n<div class=\"usGWQd\">\n<div class=\"KkbLmb\">\n<div class=\"lRu31\" dir=\"ltr\">Produktkode 2928-105<br \/>\nStrekkode 8716052248353<br \/>\nFargedetalj florence_sky_blue<br \/>\nEmballasjem\u00e5l 30,5&#215;30,5cm<br \/>\nPapirvekt 216<br \/>\nProduktm\u00e5l 30,5&#215;30,5cm<br \/>\nMerke Firenze<br \/>\nProdukttype Kartongpapir<br \/>\nMaterial Papir<br \/>\nFormat 30,5 x 30,5 cm<br \/>\nFarge bl\u00e5<\/div>\n<\/div>\n<\/div>\n<\/div>\n<div dir=\"ltr\"><\/div>\n<div dir=\"ltr\"><img loading=\"lazy\" decoding=\"async\" class=\"alignnone size-medium wp-image-4641\" src=\"https:\/\/tones-syslerier.no\/wp-content\/uploads\/2025\/03\/2928_105_01_32ba-300x300.webp\" alt=\"\" width=\"300\" height=\"300\" srcset=\"https:\/\/tones-syslerier.no\/wp-content\/uploads\/2025\/03\/2928_105_01_32ba-300x300.webp 300w, https:\/\/tones-syslerier.no\/wp-content\/uploads\/2025\/03\/2928_105_01_32ba-1024x1024.webp 1024w, https:\/\/tones-syslerier.no\/wp-content\/uploads\/2025\/03\/2928_105_01_32ba-150x150.webp 150w, https:\/\/tones-syslerier.no\/wp-content\/uploads\/2025\/03\/2928_105_01_32ba-768x768.webp 768w, https:\/\/tones-syslerier.no\/wp-content\/uploads\/2025\/03\/2928_105_01_32ba-1536x1536.webp 1536w, https:\/\/tones-syslerier.no\/wp-content\/uploads\/2025\/03\/2928_105_01_32ba-324x324.webp 324w, https:\/\/tones-syslerier.no\/wp-content\/uploads\/2025\/03\/2928_105_01_32ba-416x416.webp 416w, https:\/\/tones-syslerier.no\/wp-content\/uploads\/2025\/03\/2928_105_01_32ba-100x100.webp 100w, https:\/\/tones-syslerier.no\/wp-content\/uploads\/2025\/03\/2928_105_01_32ba.webp 1600w\" sizes=\"auto, (max-width: 300px) 100vw, 300px\" \/><\/div>\n<div dir=\"ltr\"><\/div>\n<div dir=\"ltr\"><img loading=\"lazy\" decoding=\"async\" class=\"alignnone size-medium wp-image-4642\" src=\"https:\/\/tones-syslerier.no\/wp-content\/uploads\/2025\/03\/2928_105_02_9aa4-300x300.webp\" alt=\"\" width=\"300\" height=\"300\" srcset=\"https:\/\/tones-syslerier.no\/wp-content\/uploads\/2025\/03\/2928_105_02_9aa4-300x300.webp 300w, https:\/\/tones-syslerier.no\/wp-content\/uploads\/2025\/03\/2928_105_02_9aa4-1024x1024.webp 1024w, https:\/\/tones-syslerier.no\/wp-content\/uploads\/2025\/03\/2928_105_02_9aa4-150x150.webp 150w, https:\/\/tones-syslerier.no\/wp-content\/uploads\/2025\/03\/2928_105_02_9aa4-768x768.webp 768w, https:\/\/tones-syslerier.no\/wp-content\/uploads\/2025\/03\/2928_105_02_9aa4-1536x1536.webp 1536w, https:\/\/tones-syslerier.no\/wp-content\/uploads\/2025\/03\/2928_105_02_9aa4-324x324.webp 324w, https:\/\/tones-syslerier.no\/wp-content\/uploads\/2025\/03\/2928_105_02_9aa4-416x416.webp 416w, https:\/\/tones-syslerier.no\/wp-content\/uploads\/2025\/03\/2928_105_02_9aa4-100x100.webp 100w, https:\/\/tones-syslerier.no\/wp-content\/uploads\/2025\/03\/2928_105_02_9aa4.webp 1600w\" sizes=\"auto, (max-width: 300px) 100vw, 300px\" \/><\/div>\n<div dir=\"ltr\"><\/div>\n<div dir=\"ltr\"><img loading=\"lazy\" decoding=\"async\" class=\"alignnone size-medium wp-image-4643\" src=\"https:\/\/tones-syslerier.no\/wp-content\/uploads\/2025\/03\/2928_105_03_6b36-300x300.webp\" alt=\"\" width=\"300\" height=\"300\" srcset=\"https:\/\/tones-syslerier.no\/wp-content\/uploads\/2025\/03\/2928_105_03_6b36-300x300.webp 300w, https:\/\/tones-syslerier.no\/wp-content\/uploads\/2025\/03\/2928_105_03_6b36-1024x1024.webp 1024w, https:\/\/tones-syslerier.no\/wp-content\/uploads\/2025\/03\/2928_105_03_6b36-150x150.webp 150w, https:\/\/tones-syslerier.no\/wp-content\/uploads\/2025\/03\/2928_105_03_6b36-768x768.webp 768w, https:\/\/tones-syslerier.no\/wp-content\/uploads\/2025\/03\/2928_105_03_6b36-1536x1536.webp 1536w, https:\/\/tones-syslerier.no\/wp-content\/uploads\/2025\/03\/2928_105_03_6b36-324x324.webp 324w, https:\/\/tones-syslerier.no\/wp-content\/uploads\/2025\/03\/2928_105_03_6b36-416x416.webp 416w, https:\/\/tones-syslerier.no\/wp-content\/uploads\/2025\/03\/2928_105_03_6b36-100x100.webp 100w, https:\/\/tones-syslerier.no\/wp-content\/uploads\/2025\/03\/2928_105_03_6b36.webp 1600w\" sizes=\"auto, (max-width: 300px) 100vw, 300px\" \/><\/div>\n<div dir=\"ltr\"><\/div>\n<div dir=\"ltr\"><img loading=\"lazy\" decoding=\"async\" class=\"alignnone size-medium wp-image-4644\" src=\"https:\/\/tones-syslerier.no\/wp-content\/uploads\/2025\/03\/2928_105_05_e67e-300x300.webp\" alt=\"\" width=\"300\" height=\"300\" srcset=\"https:\/\/tones-syslerier.no\/wp-content\/uploads\/2025\/03\/2928_105_05_e67e-300x300.webp 300w, https:\/\/tones-syslerier.no\/wp-content\/uploads\/2025\/03\/2928_105_05_e67e-1024x1024.webp 1024w, https:\/\/tones-syslerier.no\/wp-content\/uploads\/2025\/03\/2928_105_05_e67e-150x150.webp 150w, https:\/\/tones-syslerier.no\/wp-content\/uploads\/2025\/03\/2928_105_05_e67e-768x768.webp 768w, https:\/\/tones-syslerier.no\/wp-content\/uploads\/2025\/03\/2928_105_05_e67e-1536x1536.webp 1536w, https:\/\/tones-syslerier.no\/wp-content\/uploads\/2025\/03\/2928_105_05_e67e-324x324.webp 324w, https:\/\/tones-syslerier.no\/wp-content\/uploads\/2025\/03\/2928_105_05_e67e-416x416.webp 416w, https:\/\/tones-syslerier.no\/wp-content\/uploads\/2025\/03\/2928_105_05_e67e-100x100.webp 100w, https:\/\/tones-syslerier.no\/wp-content\/uploads\/2025\/03\/2928_105_05_e67e.webp 1600w\" sizes=\"auto, (max-width: 300px) 100vw, 300px\" \/><\/div>\n<div class=\"QcsUad BDJ8fb BLojaf sMVRZe hCXDsb wneUed\">\n<div class=\"usGWQd\">\n<div class=\"KkbLmb\">\n<div dir=\"ltr\"><\/div>\n<\/div>\n<\/div>\n<\/div>\n<div dir=\"ltr\"><\/div>\n<div dir=\"ltr\"><\/div>\n<div dir=\"ltr\"><\/div>\n<div dir=\"ltr\"><\/div>\n<div dir=\"ltr\"><\/div>\n<div dir=\"ltr\"><\/div>\n","protected":false},"excerpt":{"rendered":"<p>Teksturert kartongpapir i utklippsbokst\u00f8rrelse 20 ark p\u00e5 216 gsm Lage med papir: fra kortlaging til scrapbooking Utvid kartongpapirsamlingen din med fargen Himmelbl\u00e5 fra Florence. Dette solide kartongpapiret gir en vakker base for ethvert papirh\u00e5ndverksprosjekt. Kombiner dette solide papiret med designerpapir, skj\u00e6re- eller pregematriser, sjablonger, stempler, blekk og\/eller maling \u2013 uendelige muligheter! Eller lag kombinasjoner med [&hellip;]<\/p>\n","protected":false},"featured_media":4644,"comment_status":"open","ping_status":"closed","template":"","meta":[],"product_brand":[],"product_cat":[27],"product_tag":[],"class_list":{"0":"post-4640","1":"product","2":"type-product","3":"status-publish","4":"has-post-thumbnail","6":"product_cat-papir-produkter","8":"first","9":"instock","10":"taxable","11":"shipping-taxable","12":"purchasable","13":"product-type-simple"},"_links":{"self":[{"href":"https:\/\/tones-syslerier.no\/index.php\/wp-json\/wp\/v2\/product\/4640","targetHints":{"allow":["GET"]}}],"collection":[{"href":"https:\/\/tones-syslerier.no\/index.php\/wp-json\/wp\/v2\/product"}],"about":[{"href":"https:\/\/tones-syslerier.no\/index.php\/wp-json\/wp\/v2\/types\/product"}],"replies":[{"embeddable":true,"href":"https:\/\/tones-syslerier.no\/index.php\/wp-json\/wp\/v2\/comments?post=4640"}],"wp:featuredmedia":[{"embeddable":true,"href":"https:\/\/tones-syslerier.no\/index.php\/wp-json\/wp\/v2\/media\/4644"}],"wp:attachment":[{"href":"https:\/\/tones-syslerier.no\/index.php\/wp-json\/wp\/v2\/media?parent=4640"}],"wp:term":[{"taxonomy":"product_brand","embeddable":true,"href":"https:\/\/tones-syslerier.no\/index.php\/wp-json\/wp\/v2\/product_brand?post=4640"},{"taxonomy":"product_cat","embeddable":true,"href":"https:\/\/tones-syslerier.no\/index.php\/wp-json\/wp\/v2\/product_cat?post=4640"},{"taxonomy":"product_tag","embeddable":true,"href":"https:\/\/tones-syslerier.no\/index.php\/wp-json\/wp\/v2\/product_tag?post=4640"}],"curies":[{"name":"wp","href":"https:\/\/api.w.org\/{rel}","templated":true}]}}