{"id":4630,"date":"2025-03-11T14:04:34","date_gmt":"2025-03-11T13:04:34","guid":{"rendered":"https:\/\/tones-syslerier.no\/?post_type=product&#038;p=4630"},"modified":"2026-03-10T09:47:40","modified_gmt":"2026-03-10T08:47:40","slug":"florence-cardstock-paper-216g-texture-12x12in-light-rose-20x","status":"publish","type":"product","link":"https:\/\/tones-syslerier.no\/index.php\/produkt\/florence-cardstock-paper-216g-texture-12x12in-light-rose-20x\/","title":{"rendered":"Florence \u2022 Cardstock Paper 216g Texture 12x12in Light Rose 20x"},"content":{"rendered":"<p>Teksturert kartongpapir i utklippsbokst\u00f8rrelse<br \/>\n20 ark p\u00e5 216 gsm<br \/>\nLage med papir: fra kortlaging til scrapbooking<\/p>\n<p>Utvid kartongpapirsamlingen din med fargen Light Rose fra Florence. Dette solide kartongpapiret gir en vakker base for ethvert papirh\u00e5ndverksprosjekt. Kombiner dette solide papiret med designerpapir, skj\u00e6re- eller pregematriser, sjablonger, stempler, blekk og\/eller maling \u2013 uendelige muligheter! Eller lag kombinasjoner med Florences marmorpapir (3333-5010) for en overraskende effekt.<\/p>\n<p>Dette kartongpapiret er et syrefritt kartong av h\u00f8y kvalitet med en strukturert finish. Den slitesterke 216 gsm kartongen er perfekt for papirh\u00e5ndverk som kortlaging, scrapbooking, kunstjournal og blandede medier. Dette kartongpapiret, i 12 x 12 tommer, kommer i en pakke med 20 ark. Florence kartongpapir er tilgjengelig i over 70 forskjellige farger, i pakker p\u00e5 10, 20 og 100 ark, og i A4- eller utklippsbokst\u00f8rrelse p\u00e5 12 x 12 tommer. Velg mellom en jevn finish eller teksturert finish.<\/p>\n<p>Produktkode 2928-104<br \/>\nStrekkode 8716052248346<br \/>\nFargedetalj florence_light_rose<br \/>\nEmballasjem\u00e5l 30,5&#215;30,5cm<br \/>\nPapirvekt 216<br \/>\nProduktm\u00e5l 30,5&#215;30,5cm<br \/>\nMerke Firenze<br \/>\nProdukttype Kartongpapir<br \/>\nMaterial Papir<\/p>\n<p><img loading=\"lazy\" decoding=\"async\" class=\"alignnone size-medium wp-image-4631\" src=\"https:\/\/tones-syslerier.no\/wp-content\/uploads\/2025\/03\/2928_104_01_bbff-300x300.webp\" alt=\"\" width=\"300\" height=\"300\" srcset=\"https:\/\/tones-syslerier.no\/wp-content\/uploads\/2025\/03\/2928_104_01_bbff-300x300.webp 300w, https:\/\/tones-syslerier.no\/wp-content\/uploads\/2025\/03\/2928_104_01_bbff-1024x1024.webp 1024w, https:\/\/tones-syslerier.no\/wp-content\/uploads\/2025\/03\/2928_104_01_bbff-150x150.webp 150w, https:\/\/tones-syslerier.no\/wp-content\/uploads\/2025\/03\/2928_104_01_bbff-768x768.webp 768w, https:\/\/tones-syslerier.no\/wp-content\/uploads\/2025\/03\/2928_104_01_bbff-1536x1536.webp 1536w, https:\/\/tones-syslerier.no\/wp-content\/uploads\/2025\/03\/2928_104_01_bbff-324x324.webp 324w, https:\/\/tones-syslerier.no\/wp-content\/uploads\/2025\/03\/2928_104_01_bbff-416x416.webp 416w, https:\/\/tones-syslerier.no\/wp-content\/uploads\/2025\/03\/2928_104_01_bbff-100x100.webp 100w, https:\/\/tones-syslerier.no\/wp-content\/uploads\/2025\/03\/2928_104_01_bbff.webp 1600w\" sizes=\"auto, (max-width: 300px) 100vw, 300px\" \/><\/p>\n<p>&nbsp;<\/p>\n<p><img loading=\"lazy\" decoding=\"async\" class=\"alignnone size-medium wp-image-4632\" src=\"https:\/\/tones-syslerier.no\/wp-content\/uploads\/2025\/03\/2928_104_02_2e56-300x300.webp\" alt=\"\" width=\"300\" height=\"300\" srcset=\"https:\/\/tones-syslerier.no\/wp-content\/uploads\/2025\/03\/2928_104_02_2e56-300x300.webp 300w, https:\/\/tones-syslerier.no\/wp-content\/uploads\/2025\/03\/2928_104_02_2e56-1024x1024.webp 1024w, https:\/\/tones-syslerier.no\/wp-content\/uploads\/2025\/03\/2928_104_02_2e56-150x150.webp 150w, https:\/\/tones-syslerier.no\/wp-content\/uploads\/2025\/03\/2928_104_02_2e56-768x768.webp 768w, https:\/\/tones-syslerier.no\/wp-content\/uploads\/2025\/03\/2928_104_02_2e56-1536x1536.webp 1536w, https:\/\/tones-syslerier.no\/wp-content\/uploads\/2025\/03\/2928_104_02_2e56-324x324.webp 324w, https:\/\/tones-syslerier.no\/wp-content\/uploads\/2025\/03\/2928_104_02_2e56-416x416.webp 416w, https:\/\/tones-syslerier.no\/wp-content\/uploads\/2025\/03\/2928_104_02_2e56-100x100.webp 100w, https:\/\/tones-syslerier.no\/wp-content\/uploads\/2025\/03\/2928_104_02_2e56.webp 1600w\" sizes=\"auto, (max-width: 300px) 100vw, 300px\" \/><\/p>\n<p>&nbsp;<\/p>\n<p><img loading=\"lazy\" decoding=\"async\" class=\"alignnone size-medium wp-image-4633\" src=\"https:\/\/tones-syslerier.no\/wp-content\/uploads\/2025\/03\/2928_104_03_e72f-300x300.webp\" alt=\"\" width=\"300\" height=\"300\" srcset=\"https:\/\/tones-syslerier.no\/wp-content\/uploads\/2025\/03\/2928_104_03_e72f-300x300.webp 300w, https:\/\/tones-syslerier.no\/wp-content\/uploads\/2025\/03\/2928_104_03_e72f-1024x1024.webp 1024w, https:\/\/tones-syslerier.no\/wp-content\/uploads\/2025\/03\/2928_104_03_e72f-150x150.webp 150w, https:\/\/tones-syslerier.no\/wp-content\/uploads\/2025\/03\/2928_104_03_e72f-768x768.webp 768w, https:\/\/tones-syslerier.no\/wp-content\/uploads\/2025\/03\/2928_104_03_e72f-1536x1536.webp 1536w, https:\/\/tones-syslerier.no\/wp-content\/uploads\/2025\/03\/2928_104_03_e72f-324x324.webp 324w, https:\/\/tones-syslerier.no\/wp-content\/uploads\/2025\/03\/2928_104_03_e72f-416x416.webp 416w, https:\/\/tones-syslerier.no\/wp-content\/uploads\/2025\/03\/2928_104_03_e72f-100x100.webp 100w, https:\/\/tones-syslerier.no\/wp-content\/uploads\/2025\/03\/2928_104_03_e72f.webp 1600w\" sizes=\"auto, (max-width: 300px) 100vw, 300px\" \/><\/p>\n<p>&nbsp;<\/p>\n<p><img loading=\"lazy\" decoding=\"async\" class=\"alignnone size-medium wp-image-4634\" src=\"https:\/\/tones-syslerier.no\/wp-content\/uploads\/2025\/03\/2928_104_05_a0e0-300x300.webp\" alt=\"\" width=\"300\" height=\"300\" srcset=\"https:\/\/tones-syslerier.no\/wp-content\/uploads\/2025\/03\/2928_104_05_a0e0-300x300.webp 300w, https:\/\/tones-syslerier.no\/wp-content\/uploads\/2025\/03\/2928_104_05_a0e0-1024x1024.webp 1024w, https:\/\/tones-syslerier.no\/wp-content\/uploads\/2025\/03\/2928_104_05_a0e0-150x150.webp 150w, https:\/\/tones-syslerier.no\/wp-content\/uploads\/2025\/03\/2928_104_05_a0e0-768x768.webp 768w, https:\/\/tones-syslerier.no\/wp-content\/uploads\/2025\/03\/2928_104_05_a0e0-1536x1536.webp 1536w, https:\/\/tones-syslerier.no\/wp-content\/uploads\/2025\/03\/2928_104_05_a0e0-324x324.webp 324w, https:\/\/tones-syslerier.no\/wp-content\/uploads\/2025\/03\/2928_104_05_a0e0-416x416.webp 416w, https:\/\/tones-syslerier.no\/wp-content\/uploads\/2025\/03\/2928_104_05_a0e0-100x100.webp 100w, https:\/\/tones-syslerier.no\/wp-content\/uploads\/2025\/03\/2928_104_05_a0e0.webp 1600w\" sizes=\"auto, (max-width: 300px) 100vw, 300px\" \/><\/p>\n","protected":false},"excerpt":{"rendered":"<p>Teksturert kartongpapir i utklippsbokst\u00f8rrelse 20 ark p\u00e5 216 gsm Lage med papir: fra kortlaging til scrapbooking Utvid kartongpapirsamlingen din med fargen Light Rose fra Florence. Dette solide kartongpapiret gir en vakker base for ethvert papirh\u00e5ndverksprosjekt. Kombiner dette solide papiret med designerpapir, skj\u00e6re- eller pregematriser, sjablonger, stempler, blekk og\/eller maling \u2013 uendelige muligheter! Eller lag kombinasjoner [&hellip;]<\/p>\n","protected":false},"featured_media":4634,"comment_status":"open","ping_status":"closed","template":"","meta":[],"product_brand":[],"product_cat":[181,27],"product_tag":[],"class_list":{"0":"post-4630","1":"product","2":"type-product","3":"status-publish","4":"has-post-thumbnail","6":"product_cat-papirprodukter","7":"product_cat-papir-produkter","9":"first","10":"instock","11":"taxable","12":"shipping-taxable","13":"purchasable","14":"product-type-simple"},"_links":{"self":[{"href":"https:\/\/tones-syslerier.no\/index.php\/wp-json\/wp\/v2\/product\/4630","targetHints":{"allow":["GET"]}}],"collection":[{"href":"https:\/\/tones-syslerier.no\/index.php\/wp-json\/wp\/v2\/product"}],"about":[{"href":"https:\/\/tones-syslerier.no\/index.php\/wp-json\/wp\/v2\/types\/product"}],"replies":[{"embeddable":true,"href":"https:\/\/tones-syslerier.no\/index.php\/wp-json\/wp\/v2\/comments?post=4630"}],"wp:featuredmedia":[{"embeddable":true,"href":"https:\/\/tones-syslerier.no\/index.php\/wp-json\/wp\/v2\/media\/4634"}],"wp:attachment":[{"href":"https:\/\/tones-syslerier.no\/index.php\/wp-json\/wp\/v2\/media?parent=4630"}],"wp:term":[{"taxonomy":"product_brand","embeddable":true,"href":"https:\/\/tones-syslerier.no\/index.php\/wp-json\/wp\/v2\/product_brand?post=4630"},{"taxonomy":"product_cat","embeddable":true,"href":"https:\/\/tones-syslerier.no\/index.php\/wp-json\/wp\/v2\/product_cat?post=4630"},{"taxonomy":"product_tag","embeddable":true,"href":"https:\/\/tones-syslerier.no\/index.php\/wp-json\/wp\/v2\/product_tag?post=4630"}],"curies":[{"name":"wp","href":"https:\/\/api.w.org\/{rel}","templated":true}]}}