{"id":4510,"date":"2025-02-10T10:29:57","date_gmt":"2025-02-10T09:29:57","guid":{"rendered":"https:\/\/tones-syslerier.no\/?post_type=product&#038;p=4510"},"modified":"2025-12-17T10:25:12","modified_gmt":"2025-12-17T09:25:12","slug":"florence-cardstock-paper-216g-texture-12x12in-clay-20x","status":"publish","type":"product","link":"https:\/\/tones-syslerier.no\/index.php\/produkt\/florence-cardstock-paper-216g-texture-12x12in-clay-20x\/","title":{"rendered":"Florence \u2022 Cardstock Paper 216g Texture 12x12in Clay 20x"},"content":{"rendered":"<p>Teksturert kartongpapir i utklippsbokst\u00f8rrelse<br \/>\n20 ark p\u00e5 216 gsm<br \/>\nLage med papir: fra kortlaging til scrapbooking<\/p>\n<p>Utvid kartongpapirsamlingen din med fargen Clay fra Florence. Dette solide kartongpapiret gir en vakker base for ethvert papirh\u00e5ndverksprosjekt. Kombiner dette solide papiret med designerpapir, skj\u00e6re- eller pregematriser, sjablonger, stempler, blekk og\/eller maling \u2013 uendelige muligheter! Eller lag kombinasjoner med Florences marmorpapir (3333-5010) for en overraskende effekt.<\/p>\n<p>Dette kartongpapiret er et syrefritt kartong av h\u00f8y kvalitet med en strukturert finish. Den slitesterke 216 gsm kartongen er perfekt for papirh\u00e5ndverk som kortlaging, scrapbooking, kunstjournal og blandede medier. Dette kartongpapiret, i 12 x 12 tommer, kommer i en pakke med 20 ark<\/p>\n<p>Produktkode 2928-065<br \/>\nStrekkode 8716052200658<br \/>\nFargedetalj florence_clay<br \/>\nEmballasjedimensjoner (LxBxH) 30,5 x 30,5 x 0,6 cm<br \/>\nPapirvekt 216<br \/>\nProduktm\u00e5l (LxBxH) 30,5 x 30,5 x 0,6 cm<br \/>\nMerke Firenze<br \/>\nProdukttype Kartongpapir<br \/>\nMaterial Papir<br \/>\nFormat 30,5 x 30,5 cm<br \/>\nProduktlinje<br \/>\nBruksomr\u00e5der, papp, perfekt for stempling, journalf\u00f8ring, scrapbooking, kortlaging, perfekt for stensilering, kunstjournalf\u00f8ring<br \/>\nKarakteristisk tekstur<\/p>\n<p>&nbsp;<\/p>\n<p><img loading=\"lazy\" decoding=\"async\" class=\"alignnone size-medium wp-image-4511\" src=\"https:\/\/tones-syslerier.no\/wp-content\/uploads\/2025\/02\/2928_065_01_342a-300x300.webp\" alt=\"\" width=\"300\" height=\"300\" srcset=\"https:\/\/tones-syslerier.no\/wp-content\/uploads\/2025\/02\/2928_065_01_342a-300x300.webp 300w, https:\/\/tones-syslerier.no\/wp-content\/uploads\/2025\/02\/2928_065_01_342a-1024x1024.webp 1024w, https:\/\/tones-syslerier.no\/wp-content\/uploads\/2025\/02\/2928_065_01_342a-150x150.webp 150w, https:\/\/tones-syslerier.no\/wp-content\/uploads\/2025\/02\/2928_065_01_342a-768x768.webp 768w, https:\/\/tones-syslerier.no\/wp-content\/uploads\/2025\/02\/2928_065_01_342a-1536x1536.webp 1536w, https:\/\/tones-syslerier.no\/wp-content\/uploads\/2025\/02\/2928_065_01_342a-324x324.webp 324w, https:\/\/tones-syslerier.no\/wp-content\/uploads\/2025\/02\/2928_065_01_342a-416x416.webp 416w, https:\/\/tones-syslerier.no\/wp-content\/uploads\/2025\/02\/2928_065_01_342a-100x100.webp 100w, https:\/\/tones-syslerier.no\/wp-content\/uploads\/2025\/02\/2928_065_01_342a.webp 1600w\" sizes=\"auto, (max-width: 300px) 100vw, 300px\" \/><\/p>\n<p>&nbsp;<\/p>\n<p><img loading=\"lazy\" decoding=\"async\" class=\"alignnone size-medium wp-image-4512\" src=\"https:\/\/tones-syslerier.no\/wp-content\/uploads\/2025\/02\/2928_065_02_4cc7-300x300.webp\" alt=\"\" width=\"300\" height=\"300\" srcset=\"https:\/\/tones-syslerier.no\/wp-content\/uploads\/2025\/02\/2928_065_02_4cc7-300x300.webp 300w, https:\/\/tones-syslerier.no\/wp-content\/uploads\/2025\/02\/2928_065_02_4cc7-1024x1024.webp 1024w, https:\/\/tones-syslerier.no\/wp-content\/uploads\/2025\/02\/2928_065_02_4cc7-150x150.webp 150w, https:\/\/tones-syslerier.no\/wp-content\/uploads\/2025\/02\/2928_065_02_4cc7-768x768.webp 768w, https:\/\/tones-syslerier.no\/wp-content\/uploads\/2025\/02\/2928_065_02_4cc7-1536x1536.webp 1536w, https:\/\/tones-syslerier.no\/wp-content\/uploads\/2025\/02\/2928_065_02_4cc7-324x324.webp 324w, https:\/\/tones-syslerier.no\/wp-content\/uploads\/2025\/02\/2928_065_02_4cc7-416x416.webp 416w, https:\/\/tones-syslerier.no\/wp-content\/uploads\/2025\/02\/2928_065_02_4cc7-100x100.webp 100w, https:\/\/tones-syslerier.no\/wp-content\/uploads\/2025\/02\/2928_065_02_4cc7.webp 1600w\" sizes=\"auto, (max-width: 300px) 100vw, 300px\" \/><\/p>\n<p>&nbsp;<\/p>\n<p><img loading=\"lazy\" decoding=\"async\" class=\"alignnone size-medium wp-image-4513\" src=\"https:\/\/tones-syslerier.no\/wp-content\/uploads\/2025\/02\/2928_065_03_f5b9-300x300.webp\" alt=\"\" width=\"300\" height=\"300\" srcset=\"https:\/\/tones-syslerier.no\/wp-content\/uploads\/2025\/02\/2928_065_03_f5b9-300x300.webp 300w, https:\/\/tones-syslerier.no\/wp-content\/uploads\/2025\/02\/2928_065_03_f5b9-1024x1024.webp 1024w, https:\/\/tones-syslerier.no\/wp-content\/uploads\/2025\/02\/2928_065_03_f5b9-150x150.webp 150w, https:\/\/tones-syslerier.no\/wp-content\/uploads\/2025\/02\/2928_065_03_f5b9-768x768.webp 768w, https:\/\/tones-syslerier.no\/wp-content\/uploads\/2025\/02\/2928_065_03_f5b9-1536x1536.webp 1536w, https:\/\/tones-syslerier.no\/wp-content\/uploads\/2025\/02\/2928_065_03_f5b9-324x324.webp 324w, https:\/\/tones-syslerier.no\/wp-content\/uploads\/2025\/02\/2928_065_03_f5b9-416x416.webp 416w, https:\/\/tones-syslerier.no\/wp-content\/uploads\/2025\/02\/2928_065_03_f5b9-100x100.webp 100w, https:\/\/tones-syslerier.no\/wp-content\/uploads\/2025\/02\/2928_065_03_f5b9.webp 1600w\" sizes=\"auto, (max-width: 300px) 100vw, 300px\" \/><\/p>\n<p>&nbsp;<\/p>\n<p><img loading=\"lazy\" decoding=\"async\" class=\"alignnone size-medium wp-image-4514\" src=\"https:\/\/tones-syslerier.no\/wp-content\/uploads\/2025\/02\/2928_065_06_1149-300x300.webp\" alt=\"\" width=\"300\" height=\"300\" srcset=\"https:\/\/tones-syslerier.no\/wp-content\/uploads\/2025\/02\/2928_065_06_1149-300x300.webp 300w, https:\/\/tones-syslerier.no\/wp-content\/uploads\/2025\/02\/2928_065_06_1149-1024x1024.webp 1024w, https:\/\/tones-syslerier.no\/wp-content\/uploads\/2025\/02\/2928_065_06_1149-150x150.webp 150w, https:\/\/tones-syslerier.no\/wp-content\/uploads\/2025\/02\/2928_065_06_1149-768x768.webp 768w, https:\/\/tones-syslerier.no\/wp-content\/uploads\/2025\/02\/2928_065_06_1149-1536x1536.webp 1536w, https:\/\/tones-syslerier.no\/wp-content\/uploads\/2025\/02\/2928_065_06_1149-324x324.webp 324w, https:\/\/tones-syslerier.no\/wp-content\/uploads\/2025\/02\/2928_065_06_1149-416x416.webp 416w, https:\/\/tones-syslerier.no\/wp-content\/uploads\/2025\/02\/2928_065_06_1149-100x100.webp 100w, https:\/\/tones-syslerier.no\/wp-content\/uploads\/2025\/02\/2928_065_06_1149.webp 1600w\" sizes=\"auto, (max-width: 300px) 100vw, 300px\" \/><\/p>\n","protected":false},"excerpt":{"rendered":"<p>Teksturert kartongpapir i utklippsbokst\u00f8rrelse 20 ark p\u00e5 216 gsm Lage med papir: fra kortlaging til scrapbooking Utvid kartongpapirsamlingen din med fargen Clay fra Florence. Dette solide kartongpapiret gir en vakker base for ethvert papirh\u00e5ndverksprosjekt. Kombiner dette solide papiret med designerpapir, skj\u00e6re- eller pregematriser, sjablonger, stempler, blekk og\/eller maling \u2013 uendelige muligheter! Eller lag kombinasjoner med [&hellip;]<\/p>\n","protected":false},"featured_media":4514,"comment_status":"open","ping_status":"closed","template":"","meta":[],"product_brand":[],"product_cat":[27],"product_tag":[],"class_list":{"0":"post-4510","1":"product","2":"type-product","3":"status-publish","4":"has-post-thumbnail","6":"product_cat-papir-produkter","8":"first","9":"instock","10":"taxable","11":"shipping-taxable","12":"purchasable","13":"product-type-simple"},"_links":{"self":[{"href":"https:\/\/tones-syslerier.no\/index.php\/wp-json\/wp\/v2\/product\/4510","targetHints":{"allow":["GET"]}}],"collection":[{"href":"https:\/\/tones-syslerier.no\/index.php\/wp-json\/wp\/v2\/product"}],"about":[{"href":"https:\/\/tones-syslerier.no\/index.php\/wp-json\/wp\/v2\/types\/product"}],"replies":[{"embeddable":true,"href":"https:\/\/tones-syslerier.no\/index.php\/wp-json\/wp\/v2\/comments?post=4510"}],"wp:featuredmedia":[{"embeddable":true,"href":"https:\/\/tones-syslerier.no\/index.php\/wp-json\/wp\/v2\/media\/4514"}],"wp:attachment":[{"href":"https:\/\/tones-syslerier.no\/index.php\/wp-json\/wp\/v2\/media?parent=4510"}],"wp:term":[{"taxonomy":"product_brand","embeddable":true,"href":"https:\/\/tones-syslerier.no\/index.php\/wp-json\/wp\/v2\/product_brand?post=4510"},{"taxonomy":"product_cat","embeddable":true,"href":"https:\/\/tones-syslerier.no\/index.php\/wp-json\/wp\/v2\/product_cat?post=4510"},{"taxonomy":"product_tag","embeddable":true,"href":"https:\/\/tones-syslerier.no\/index.php\/wp-json\/wp\/v2\/product_tag?post=4510"}],"curies":[{"name":"wp","href":"https:\/\/api.w.org\/{rel}","templated":true}]}}