{"id":4490,"date":"2025-02-08T15:24:56","date_gmt":"2025-02-08T14:24:56","guid":{"rendered":"https:\/\/tones-syslerier.no\/?post_type=product&#038;p=4490"},"modified":"2025-12-21T11:42:51","modified_gmt":"2025-12-21T10:42:51","slug":"nellies-choice-stencil-presents-6x6","status":"publish","type":"product","link":"https:\/\/tones-syslerier.no\/index.php\/produkt\/nellies-choice-stencil-presents-6x6\/","title":{"rendered":"Nellie&#8217;s Choice \u2022 Stencil Presents 6&#215;6&#8243;"},"content":{"rendered":"<p>Sjablong i form av gaver<br \/>\nM\u00e5l: 6 x 6 tommer<br \/>\nEnkel \u00e5 rengj\u00f8re for gjenbruk<\/p>\n<p>Med sjablongen fra Nellie&#8217;s Choice kan du lage et bredt utvalg av design. Enten du lager kort, scrapbooking eller journalf\u00f8ring, kan denne sjablongen brukes til ethvert prosjekt. Sjablongen er egnet for bruk p\u00e5 papir, kartong og papp, noe som gj\u00f8r den perfekt for alle dine papirprosjekter. Kombiner sjablonger med blekk, fargeblyanter og blandingsb\u00f8rster for unike resultater. Denne sjablongen har form som gaver og m\u00e5ler 6 x 6 tommer. Du kan enkelt rengj\u00f8re plastsjablonger for \u00e5 gjenbruke dem.<\/p>\n<p>Julestensilene er enkle \u00e5 bruke til sjablongkunst, enten du er nybegynner eller erfaren h\u00e5ndverker, og de gir presise, skarpe resultater. For \u00e5 overf\u00f8re motivet eller m\u00f8nsteret fra sjablongen til \u00f8nsket overflate, plasser sjablongen p\u00e5 materialet, tegn langs kantene p\u00e5 motivet, eller farge inn hele designet fra sjablongen. Fjern deretter sjablongen fra papiret ditt, og du har laget et unikt design.<\/p>\n<p>Produktkode MMS4K-074<br \/>\nStrekkode 8716052248735<br \/>\nMerkevare Nellie&#8217;s Choice<br \/>\nProdukttype Stencil<br \/>\nSorter sjablonger<br \/>\nTema jul<br \/>\nSamling skandinavisk jul<br \/>\nBruksomr\u00e5der, papir, scrapbooking, kortlaging, perfekt for stensilering, blandede medier, kunstjournalf\u00f8ring<\/p>\n<p>&nbsp;<\/p>\n<p><img loading=\"lazy\" decoding=\"async\" class=\"alignnone size-medium wp-image-4491\" src=\"https:\/\/tones-syslerier.no\/wp-content\/uploads\/2025\/02\/mms4k_074_01_c750-300x300.webp\" alt=\"\" width=\"300\" height=\"300\" srcset=\"https:\/\/tones-syslerier.no\/wp-content\/uploads\/2025\/02\/mms4k_074_01_c750-300x300.webp 300w, https:\/\/tones-syslerier.no\/wp-content\/uploads\/2025\/02\/mms4k_074_01_c750-1024x1024.webp 1024w, https:\/\/tones-syslerier.no\/wp-content\/uploads\/2025\/02\/mms4k_074_01_c750-150x150.webp 150w, https:\/\/tones-syslerier.no\/wp-content\/uploads\/2025\/02\/mms4k_074_01_c750-768x768.webp 768w, https:\/\/tones-syslerier.no\/wp-content\/uploads\/2025\/02\/mms4k_074_01_c750-1536x1536.webp 1536w, https:\/\/tones-syslerier.no\/wp-content\/uploads\/2025\/02\/mms4k_074_01_c750-324x324.webp 324w, https:\/\/tones-syslerier.no\/wp-content\/uploads\/2025\/02\/mms4k_074_01_c750-416x416.webp 416w, https:\/\/tones-syslerier.no\/wp-content\/uploads\/2025\/02\/mms4k_074_01_c750-100x100.webp 100w, https:\/\/tones-syslerier.no\/wp-content\/uploads\/2025\/02\/mms4k_074_01_c750.webp 1600w\" sizes=\"auto, (max-width: 300px) 100vw, 300px\" \/><\/p>\n<p>&nbsp;<\/p>\n<p><img loading=\"lazy\" decoding=\"async\" class=\"alignnone size-medium wp-image-4492\" src=\"https:\/\/tones-syslerier.no\/wp-content\/uploads\/2025\/02\/mms4k_074_02_b5c5-300x300.webp\" alt=\"\" width=\"300\" height=\"300\" srcset=\"https:\/\/tones-syslerier.no\/wp-content\/uploads\/2025\/02\/mms4k_074_02_b5c5-300x300.webp 300w, https:\/\/tones-syslerier.no\/wp-content\/uploads\/2025\/02\/mms4k_074_02_b5c5-1024x1024.webp 1024w, https:\/\/tones-syslerier.no\/wp-content\/uploads\/2025\/02\/mms4k_074_02_b5c5-150x150.webp 150w, https:\/\/tones-syslerier.no\/wp-content\/uploads\/2025\/02\/mms4k_074_02_b5c5-768x768.webp 768w, https:\/\/tones-syslerier.no\/wp-content\/uploads\/2025\/02\/mms4k_074_02_b5c5-1536x1536.webp 1536w, https:\/\/tones-syslerier.no\/wp-content\/uploads\/2025\/02\/mms4k_074_02_b5c5-324x324.webp 324w, https:\/\/tones-syslerier.no\/wp-content\/uploads\/2025\/02\/mms4k_074_02_b5c5-416x416.webp 416w, https:\/\/tones-syslerier.no\/wp-content\/uploads\/2025\/02\/mms4k_074_02_b5c5-100x100.webp 100w, https:\/\/tones-syslerier.no\/wp-content\/uploads\/2025\/02\/mms4k_074_02_b5c5.webp 1600w\" sizes=\"auto, (max-width: 300px) 100vw, 300px\" \/><\/p>\n<p>&nbsp;<\/p>\n<p><img loading=\"lazy\" decoding=\"async\" class=\"alignnone size-medium wp-image-4493\" src=\"https:\/\/tones-syslerier.no\/wp-content\/uploads\/2025\/02\/mms4k_074_03_8932-300x300.webp\" alt=\"\" width=\"300\" height=\"300\" srcset=\"https:\/\/tones-syslerier.no\/wp-content\/uploads\/2025\/02\/mms4k_074_03_8932-300x300.webp 300w, https:\/\/tones-syslerier.no\/wp-content\/uploads\/2025\/02\/mms4k_074_03_8932-1024x1024.webp 1024w, https:\/\/tones-syslerier.no\/wp-content\/uploads\/2025\/02\/mms4k_074_03_8932-150x150.webp 150w, https:\/\/tones-syslerier.no\/wp-content\/uploads\/2025\/02\/mms4k_074_03_8932-768x768.webp 768w, https:\/\/tones-syslerier.no\/wp-content\/uploads\/2025\/02\/mms4k_074_03_8932-1536x1536.webp 1536w, https:\/\/tones-syslerier.no\/wp-content\/uploads\/2025\/02\/mms4k_074_03_8932-324x324.webp 324w, https:\/\/tones-syslerier.no\/wp-content\/uploads\/2025\/02\/mms4k_074_03_8932-416x416.webp 416w, https:\/\/tones-syslerier.no\/wp-content\/uploads\/2025\/02\/mms4k_074_03_8932-100x100.webp 100w, https:\/\/tones-syslerier.no\/wp-content\/uploads\/2025\/02\/mms4k_074_03_8932.webp 1600w\" sizes=\"auto, (max-width: 300px) 100vw, 300px\" \/><\/p>\n","protected":false},"excerpt":{"rendered":"<p>Sjablong i form av gaver M\u00e5l: 6 x 6 tommer Enkel \u00e5 rengj\u00f8re for gjenbruk Med sjablongen fra Nellie&#8217;s Choice kan du lage et bredt utvalg av design. Enten du lager kort, scrapbooking eller journalf\u00f8ring, kan denne sjablongen brukes til ethvert prosjekt. Sjablongen er egnet for bruk p\u00e5 papir, kartong og papp, noe som gj\u00f8r [&hellip;]<\/p>\n","protected":false},"featured_media":4491,"comment_status":"open","ping_status":"closed","template":"","meta":[],"product_brand":[],"product_cat":[185,88],"product_tag":[],"class_list":{"0":"post-4490","1":"product","2":"type-product","3":"status-publish","4":"has-post-thumbnail","6":"product_cat-stencil","7":"product_cat-neliess-choice-stencil","9":"first","10":"instock","11":"taxable","12":"shipping-taxable","13":"purchasable","14":"product-type-simple"},"_links":{"self":[{"href":"https:\/\/tones-syslerier.no\/index.php\/wp-json\/wp\/v2\/product\/4490","targetHints":{"allow":["GET"]}}],"collection":[{"href":"https:\/\/tones-syslerier.no\/index.php\/wp-json\/wp\/v2\/product"}],"about":[{"href":"https:\/\/tones-syslerier.no\/index.php\/wp-json\/wp\/v2\/types\/product"}],"replies":[{"embeddable":true,"href":"https:\/\/tones-syslerier.no\/index.php\/wp-json\/wp\/v2\/comments?post=4490"}],"wp:featuredmedia":[{"embeddable":true,"href":"https:\/\/tones-syslerier.no\/index.php\/wp-json\/wp\/v2\/media\/4491"}],"wp:attachment":[{"href":"https:\/\/tones-syslerier.no\/index.php\/wp-json\/wp\/v2\/media?parent=4490"}],"wp:term":[{"taxonomy":"product_brand","embeddable":true,"href":"https:\/\/tones-syslerier.no\/index.php\/wp-json\/wp\/v2\/product_brand?post=4490"},{"taxonomy":"product_cat","embeddable":true,"href":"https:\/\/tones-syslerier.no\/index.php\/wp-json\/wp\/v2\/product_cat?post=4490"},{"taxonomy":"product_tag","embeddable":true,"href":"https:\/\/tones-syslerier.no\/index.php\/wp-json\/wp\/v2\/product_tag?post=4490"}],"curies":[{"name":"wp","href":"https:\/\/api.w.org\/{rel}","templated":true}]}}