{"id":4487,"date":"2025-02-08T15:11:47","date_gmt":"2025-02-08T14:11:47","guid":{"rendered":"https:\/\/tones-syslerier.no\/?post_type=product&#038;p=4487"},"modified":"2026-04-10T13:10:16","modified_gmt":"2026-04-10T11:10:16","slug":"nellies-choice-3d-embossing-folder-spring-flowers","status":"publish","type":"product","link":"https:\/\/tones-syslerier.no\/index.php\/produkt\/nellies-choice-3d-embossing-folder-spring-flowers\/","title":{"rendered":"Nellie&#8217;s Choice \u2022 3D Embossing Folder Spring Flowers"},"content":{"rendered":"<p>Produktkode EF3D114<br \/>\nStrekkode 8716052250295<br \/>\nEmballasjem\u00e5l (LxBxH) 165 x 210 mm<br \/>\nProduktm\u00e5l (LxBxH) 15 x 15 cm<br \/>\nMerkevare Nellie&#8217;s Choice<br \/>\nProdukttype Pregemappe<br \/>\nTema p\u00e5ske<br \/>\nSamling v\u00e5r hilsener<br \/>\nM\u00f8nsterbakgrunn, blomster<br \/>\nBruksomr\u00e5e, Scrapbooking<br \/>\nFarge Gr\u00e5<\/p>\n<p><img loading=\"lazy\" decoding=\"async\" class=\"alignnone size-medium wp-image-4488\" src=\"https:\/\/tones-syslerier.no\/wp-content\/uploads\/2025\/02\/ef3d114_01_1e62_1-300x300.webp\" alt=\"\" width=\"300\" height=\"300\" srcset=\"https:\/\/tones-syslerier.no\/wp-content\/uploads\/2025\/02\/ef3d114_01_1e62_1-300x300.webp 300w, https:\/\/tones-syslerier.no\/wp-content\/uploads\/2025\/02\/ef3d114_01_1e62_1-1024x1024.webp 1024w, https:\/\/tones-syslerier.no\/wp-content\/uploads\/2025\/02\/ef3d114_01_1e62_1-150x150.webp 150w, https:\/\/tones-syslerier.no\/wp-content\/uploads\/2025\/02\/ef3d114_01_1e62_1-768x768.webp 768w, https:\/\/tones-syslerier.no\/wp-content\/uploads\/2025\/02\/ef3d114_01_1e62_1-1536x1536.webp 1536w, https:\/\/tones-syslerier.no\/wp-content\/uploads\/2025\/02\/ef3d114_01_1e62_1-324x324.webp 324w, https:\/\/tones-syslerier.no\/wp-content\/uploads\/2025\/02\/ef3d114_01_1e62_1-416x416.webp 416w, https:\/\/tones-syslerier.no\/wp-content\/uploads\/2025\/02\/ef3d114_01_1e62_1-100x100.webp 100w, https:\/\/tones-syslerier.no\/wp-content\/uploads\/2025\/02\/ef3d114_01_1e62_1.webp 1600w\" sizes=\"auto, (max-width: 300px) 100vw, 300px\" \/><\/p>\n<p>&nbsp;<\/p>\n<p><img loading=\"lazy\" decoding=\"async\" class=\"alignnone size-medium wp-image-4489\" src=\"https:\/\/tones-syslerier.no\/wp-content\/uploads\/2025\/02\/ef3d114_02_b9b2_1-300x300.webp\" alt=\"\" width=\"300\" height=\"300\" srcset=\"https:\/\/tones-syslerier.no\/wp-content\/uploads\/2025\/02\/ef3d114_02_b9b2_1-300x300.webp 300w, https:\/\/tones-syslerier.no\/wp-content\/uploads\/2025\/02\/ef3d114_02_b9b2_1-1024x1024.webp 1024w, https:\/\/tones-syslerier.no\/wp-content\/uploads\/2025\/02\/ef3d114_02_b9b2_1-150x150.webp 150w, https:\/\/tones-syslerier.no\/wp-content\/uploads\/2025\/02\/ef3d114_02_b9b2_1-768x768.webp 768w, https:\/\/tones-syslerier.no\/wp-content\/uploads\/2025\/02\/ef3d114_02_b9b2_1-1536x1536.webp 1536w, https:\/\/tones-syslerier.no\/wp-content\/uploads\/2025\/02\/ef3d114_02_b9b2_1-324x324.webp 324w, https:\/\/tones-syslerier.no\/wp-content\/uploads\/2025\/02\/ef3d114_02_b9b2_1-416x416.webp 416w, https:\/\/tones-syslerier.no\/wp-content\/uploads\/2025\/02\/ef3d114_02_b9b2_1-100x100.webp 100w, https:\/\/tones-syslerier.no\/wp-content\/uploads\/2025\/02\/ef3d114_02_b9b2_1.webp 1600w\" sizes=\"auto, (max-width: 300px) 100vw, 300px\" \/><\/p>\n<p>&nbsp;<\/p>\n<p>&nbsp;<\/p>\n","protected":false},"excerpt":{"rendered":"<p>Produktkode EF3D114 Strekkode 8716052250295 Emballasjem\u00e5l (LxBxH) 165 x 210 mm Produktm\u00e5l (LxBxH) 15 x 15 cm Merkevare Nellie&#8217;s Choice Produkttype Pregemappe Tema p\u00e5ske Samling v\u00e5r hilsener M\u00f8nsterbakgrunn, blomster Bruksomr\u00e5e, Scrapbooking Farge Gr\u00e5 &nbsp; &nbsp; &nbsp;<\/p>\n","protected":false},"featured_media":4488,"comment_status":"open","ping_status":"closed","template":"","meta":[],"product_brand":[],"product_cat":[182,86],"product_tag":[],"class_list":{"0":"post-4487","1":"product","2":"type-product","3":"status-publish","4":"has-post-thumbnail","6":"product_cat-embossing","7":"product_cat-nellies-choice-embossing","9":"first","10":"instock","11":"taxable","12":"shipping-taxable","13":"purchasable","14":"product-type-simple"},"_links":{"self":[{"href":"https:\/\/tones-syslerier.no\/index.php\/wp-json\/wp\/v2\/product\/4487","targetHints":{"allow":["GET"]}}],"collection":[{"href":"https:\/\/tones-syslerier.no\/index.php\/wp-json\/wp\/v2\/product"}],"about":[{"href":"https:\/\/tones-syslerier.no\/index.php\/wp-json\/wp\/v2\/types\/product"}],"replies":[{"embeddable":true,"href":"https:\/\/tones-syslerier.no\/index.php\/wp-json\/wp\/v2\/comments?post=4487"}],"wp:featuredmedia":[{"embeddable":true,"href":"https:\/\/tones-syslerier.no\/index.php\/wp-json\/wp\/v2\/media\/4488"}],"wp:attachment":[{"href":"https:\/\/tones-syslerier.no\/index.php\/wp-json\/wp\/v2\/media?parent=4487"}],"wp:term":[{"taxonomy":"product_brand","embeddable":true,"href":"https:\/\/tones-syslerier.no\/index.php\/wp-json\/wp\/v2\/product_brand?post=4487"},{"taxonomy":"product_cat","embeddable":true,"href":"https:\/\/tones-syslerier.no\/index.php\/wp-json\/wp\/v2\/product_cat?post=4487"},{"taxonomy":"product_tag","embeddable":true,"href":"https:\/\/tones-syslerier.no\/index.php\/wp-json\/wp\/v2\/product_tag?post=4487"}],"curies":[{"name":"wp","href":"https:\/\/api.w.org\/{rel}","templated":true}]}}