{"id":4477,"date":"2025-02-07T11:57:11","date_gmt":"2025-02-07T10:57:11","guid":{"rendered":"https:\/\/tones-syslerier.no\/?post_type=product&#038;p=4477"},"modified":"2025-02-22T17:34:14","modified_gmt":"2025-02-22T16:34:14","slug":"vaessen-creative-double-sided-tape-65mmx15m","status":"publish","type":"product","link":"https:\/\/tones-syslerier.no\/index.php\/produkt\/vaessen-creative-double-sided-tape-65mmx15m\/","title":{"rendered":"Vaessen Creative \u2022 Double-sided Tape 65mmx15m"},"content":{"rendered":"<p>Den dobbeltsidige tapen kan brukes til mange form\u00e5l<br \/>\nTapen er 65 mm bred.<\/p>\n<p>Produktkode 3112-021<br \/>\nStrekkode 8716052220038<br \/>\nM\u00e5l 65mmx15m<br \/>\nEmballasjem\u00e5l (LxBxH) 10 x 9,9 x 6,7 cm<br \/>\nProduktm\u00e5l (LxBxH) 10 x 9,9 x 6,7 cm<br \/>\nMerke Vaessen Creative<br \/>\nProdukttype Tape<br \/>\nType Dobbeltsidig tape<br \/>\nMaterial Papir<\/p>\n<p><img loading=\"lazy\" decoding=\"async\" class=\"alignnone size-medium wp-image-4476\" src=\"https:\/\/tones-syslerier.no\/wp-content\/uploads\/2025\/02\/3112_021_01_f7e9-300x300.webp\" alt=\"\" width=\"300\" height=\"300\" srcset=\"https:\/\/tones-syslerier.no\/wp-content\/uploads\/2025\/02\/3112_021_01_f7e9-300x300.webp 300w, https:\/\/tones-syslerier.no\/wp-content\/uploads\/2025\/02\/3112_021_01_f7e9-1024x1024.webp 1024w, https:\/\/tones-syslerier.no\/wp-content\/uploads\/2025\/02\/3112_021_01_f7e9-150x150.webp 150w, https:\/\/tones-syslerier.no\/wp-content\/uploads\/2025\/02\/3112_021_01_f7e9-768x768.webp 768w, https:\/\/tones-syslerier.no\/wp-content\/uploads\/2025\/02\/3112_021_01_f7e9-1536x1536.webp 1536w, https:\/\/tones-syslerier.no\/wp-content\/uploads\/2025\/02\/3112_021_01_f7e9-324x324.webp 324w, https:\/\/tones-syslerier.no\/wp-content\/uploads\/2025\/02\/3112_021_01_f7e9-416x416.webp 416w, https:\/\/tones-syslerier.no\/wp-content\/uploads\/2025\/02\/3112_021_01_f7e9-100x100.webp 100w, https:\/\/tones-syslerier.no\/wp-content\/uploads\/2025\/02\/3112_021_01_f7e9.webp 1600w\" sizes=\"auto, (max-width: 300px) 100vw, 300px\" \/><\/p>\n","protected":false},"excerpt":{"rendered":"<p>Den dobbeltsidige tapen kan brukes til mange form\u00e5l Tapen er 65 mm bred. Produktkode 3112-021 Strekkode 8716052220038 M\u00e5l 65mmx15m Emballasjem\u00e5l (LxBxH) 10 x 9,9 x 6,7 cm Produktm\u00e5l (LxBxH) 10 x 9,9 x 6,7 cm Merke Vaessen Creative Produkttype Tape Type Dobbeltsidig tape Material Papir<\/p>\n","protected":false},"featured_media":4476,"comment_status":"open","ping_status":"closed","template":"","meta":[],"product_brand":[],"product_cat":[192,167],"product_tag":[],"class_list":{"0":"post-4477","1":"product","2":"type-product","3":"status-publish","4":"has-post-thumbnail","6":"product_cat-lim-tape","7":"product_cat-tape-vaessen-creative","9":"first","10":"instock","11":"taxable","12":"shipping-taxable","13":"purchasable","14":"product-type-simple"},"_links":{"self":[{"href":"https:\/\/tones-syslerier.no\/index.php\/wp-json\/wp\/v2\/product\/4477","targetHints":{"allow":["GET"]}}],"collection":[{"href":"https:\/\/tones-syslerier.no\/index.php\/wp-json\/wp\/v2\/product"}],"about":[{"href":"https:\/\/tones-syslerier.no\/index.php\/wp-json\/wp\/v2\/types\/product"}],"replies":[{"embeddable":true,"href":"https:\/\/tones-syslerier.no\/index.php\/wp-json\/wp\/v2\/comments?post=4477"}],"wp:featuredmedia":[{"embeddable":true,"href":"https:\/\/tones-syslerier.no\/index.php\/wp-json\/wp\/v2\/media\/4476"}],"wp:attachment":[{"href":"https:\/\/tones-syslerier.no\/index.php\/wp-json\/wp\/v2\/media?parent=4477"}],"wp:term":[{"taxonomy":"product_brand","embeddable":true,"href":"https:\/\/tones-syslerier.no\/index.php\/wp-json\/wp\/v2\/product_brand?post=4477"},{"taxonomy":"product_cat","embeddable":true,"href":"https:\/\/tones-syslerier.no\/index.php\/wp-json\/wp\/v2\/product_cat?post=4477"},{"taxonomy":"product_tag","embeddable":true,"href":"https:\/\/tones-syslerier.no\/index.php\/wp-json\/wp\/v2\/product_tag?post=4477"}],"curies":[{"name":"wp","href":"https:\/\/api.w.org\/{rel}","templated":true}]}}